{"id":39804,"date":"2023-02-23T10:29:19","date_gmt":"2023-02-23T10:29:19","guid":{"rendered":"https:\/\/genesalenergy.com\/fr\/?page_id=39804"},"modified":"2023-03-29T09:51:16","modified_gmt":"2023-03-29T09:51:16","slug":"greenesal","status":"publish","type":"page","link":"https:\/\/genesalenergy.com\/fr\/greenesal\/","title":{"rendered":"Greenesal"},"content":{"rendered":"\n<style type=\"text\/css\" data-created_by=\"avia_inline_auto\" id=\"style-css-av-1o68dcn-29f19aedb432db0236cd0ac988ff5513\">\n.avia-section.av-1o68dcn-29f19aedb432db0236cd0ac988ff5513{\nbackground-color:#dee1d8;\nbackground-image:url(https:\/\/genesalenergy.com\/fr\/wp-content\/uploads\/sites\/4\/2023\/02\/Genesal-Energy-Greenesal-1030x300.jpg);\nbackground-repeat:no-repeat;\nbackground-position:100% 50%;\nbackground-attachment:scroll;\n}\n<\/style>\n<div id='av_section_1'  class='avia-section av-1o68dcn-29f19aedb432db0236cd0ac988ff5513 main_color avia-section-no-padding avia-no-border-styling  avia-builder-el-0  el_before_av_section  avia-builder-el-first  header-align-top-margin-50 avia-full-stretch avia-bg-style-scroll av-minimum-height av-minimum-height-custom av-height-custom  container_wrap sidebar_right'  data-section-bg-repeat='stretch' data-av_minimum_height_px='560'><div class='container av-section-cont-open' style='height:560px'><main  role=\"main\" itemprop=\"mainContentOfPage\"  class='template-page content  av-content-small alpha units'><div class='post-entry post-entry-type-page post-entry-39804'><div class='entry-content-wrapper clearfix'>\n<div class='flex_column_table av-142wuif-1555532642c4a0d55cebbc5400f21f63 sc-av_one_full av-equal-height-column-flextable'><div  class='flex_column av-142wuif-1555532642c4a0d55cebbc5400f21f63 av_one_full  avia-builder-el-1  avia-builder-el-no-sibling  first no_margin flex_column_table_cell av-equal-height-column av-align-top  '     ><section  class='av_textblock_section av-l8spjvml-f930c4733ede71336018afbd0a21ce7b '   itemscope=\"itemscope\" itemtype=\"https:\/\/schema.org\/CreativeWork\" ><div class='avia_textblock'  itemprop=\"text\" ><p class=\"ge-antetitulo\">LA TRANSITION \u00c9NERG\u00c9TIQUE ET \u00c9COLOGIQUE<\/p>\n<h1 class=\"ge-encabezado-principal\">NOUS VOULONS LAISSER<br \/>\nNOTRE MEILLEURE EMPREINTE<br \/>\nDANS L&#8217;AVENIR<br \/>\nDE L&#8217;\u00c9NERGIE<\/h1>\n<\/div><\/section><\/div><\/div><!--close column table wrapper. Autoclose: 1 -->\n\n<\/div><\/div><\/main><!-- close content main element --><\/div><\/div>\n<style type=\"text\/css\" data-created_by=\"avia_inline_auto\" id=\"style-css-av-l8txhlo9-11eb83192e44f2092fea40cc9bc5fb0b\">\n.avia-section.av-l8txhlo9-11eb83192e44f2092fea40cc9bc5fb0b{\nbackground-color:#55914d;\nbackground:linear-gradient( to right, #55914d, #54b2c9 );\n}\n<\/style>\n<div id='av_section_2'  class='avia-section av-l8txhlo9-11eb83192e44f2092fea40cc9bc5fb0b main_color avia-section-default avia-no-border-styling  avia-builder-el-3  el_after_av_section  el_before_av_section  avia-bg-style-scroll container_wrap sidebar_right'  ><div class='container av-section-cont-open' ><div class='template-page content  av-content-small alpha units'><div class='post-entry post-entry-type-page post-entry-39804'><div class='entry-content-wrapper clearfix'>\n<div  class='flex_column av-15a726v-9ab17c09d7464f7c9316631192e17cd1 av_one_full  avia-builder-el-4  avia-builder-el-no-sibling  first flex_column_div  '     ><section  class='av_textblock_section av-2kylh3-c5f1dedd04c2a98992e5499c19354273 '   itemscope=\"itemscope\" itemtype=\"https:\/\/schema.org\/CreativeWork\" ><div class='avia_textblock'  itemprop=\"text\" ><p class=\"ge-texto-grande-bloque-rojo\">Nous sommes engag\u00e9s en faveur du d\u00e9veloppement durable et de la r\u00e9duction de l&#8217;empreinte carbone de tous nos \u00e9quipements et processus. C&#8217;est pourquoi nous avons cr\u00e9\u00e9 Greenesal, l&#8217;\u00e2me de tout ce que nous faisons pour cr\u00e9er un avenir meilleur.<\/p>\n<\/div><\/section><\/div>\n\n<\/div><\/div><\/div><!-- close content main div --><\/div><\/div><div id='av_section_3'  class='avia-section av-4vv1ua5-0d6fe8d4302628e983138750503bb3d5 main_color avia-section-large avia-no-border-styling  avia-builder-el-6  el_after_av_section  el_before_av_section  avia-bg-style-scroll container_wrap sidebar_right'  ><div class='container av-section-cont-open' ><div class='template-page content  av-content-small alpha units'><div class='post-entry post-entry-type-page post-entry-39804'><div class='entry-content-wrapper clearfix'>\n<div  class='flex_column av-oio3et-b3f63e90cd129a93c377e6b1c33ad86b av_three_fifth  avia-builder-el-7  el_before_av_two_fifth  avia-builder-el-first  first flex_column_div  '     ><section  class='av_textblock_section av-l9mmb6qc-2eacfb12075723d666c56d896d0cbf30 '   itemscope=\"itemscope\" itemtype=\"https:\/\/schema.org\/CreativeWork\" ><div class='avia_textblock'  itemprop=\"text\" ><h3 class=\"ge-subtitulo-grande\">Nous regardons l&#8217;avenir en pensant \u00e0 la plan\u00e8te et \u00e0 toute la soci\u00e9t\u00e9<\/h3>\n<p class=\"ge-subtitulo-pequeno\">Pour atteindre cet objectif, nous avons adopt\u00e9 des plans strat\u00e9giques et des actions concr\u00e8tes qui nous permettront de r\u00e9aliser les lendemains que nous voulons : une \u00e9nergie propre pour un monde plus juste.<\/p>\n<\/div><\/section><\/div><div  class='flex_column av-khimdj-12aeac0db6e3dbc18b8d72b0dc0c5ca1 av_two_fifth  avia-builder-el-9  el_after_av_three_fifth  el_before_av_one_fourth  flex_column_div  '     ><section  class='av_textblock_section av-l9shc9jp-ea4c2a591a0d57093313f7efb15d3d5c '   itemscope=\"itemscope\" itemtype=\"https:\/\/schema.org\/CreativeWork\" ><div class='avia_textblock'  itemprop=\"text\" ><p><img loading=\"lazy\" decoding=\"async\" class=\"size-full wp-image-46021 alignright\" src=\"https:\/\/genesalenergy.com\/wp-content\/uploads\/2022\/10\/logo-greenesal.png\" alt=\"\" width=\"300\" height=\"89\" \/><\/p>\n<\/div><\/section><\/div><div class='flex_column_table av-1ioc6l-08677a1ee052e0ec3e859e32b922f1a8 sc-av_one_fourth av-equal-height-column-flextable'><div  class='flex_column av-1ioc6l-08677a1ee052e0ec3e859e32b922f1a8 av_one_fourth  avia-builder-el-11  el_after_av_two_fifth  el_before_av_one_fourth  first no_margin flex_column_table_cell av-equal-height-column av-align-top  '     ><p>\n<style type=\"text\/css\" data-created_by=\"avia_inline_auto\" id=\"style-css-av-3doq2tp-0c7ae7b94934599cf558f40f3749b323\">\n.avia-image-container.av-3doq2tp-0c7ae7b94934599cf558f40f3749b323 img.avia_image{\nbox-shadow:none;\n}\n.avia-image-container.av-3doq2tp-0c7ae7b94934599cf558f40f3749b323 .av-image-caption-overlay-center{\ncolor:#ffffff;\n}\n<\/style>\n<div  class='avia-image-container av-3doq2tp-0c7ae7b94934599cf558f40f3749b323 av-styling-no-styling avia-align-center  avia-builder-el-12  el_before_av_textblock  avia-builder-el-first '   itemprop=\"image\" itemscope=\"itemscope\" itemtype=\"https:\/\/schema.org\/ImageObject\" ><div class=\"avia-image-container-inner\"><div class=\"avia-image-overlay-wrap\"><img decoding=\"async\" fetchpriority=\"high\" class='wp-image-39807 avia-img-lazy-loading-not-39807 avia_image ' src=\"https:\/\/genesalenergy.com\/fr\/wp-content\/uploads\/sites\/4\/2023\/02\/Genesal-Energy-Greenesal-apoyamos-agenda-2030.jpg\" alt='' title='Genesal-Energy-Greenesal-apoyamos-agenda-2030'  height=\"300\" width=\"327\"  itemprop=\"thumbnailUrl\" srcset=\"https:\/\/genesalenergy.com\/fr\/wp-content\/uploads\/sites\/4\/2023\/02\/Genesal-Energy-Greenesal-apoyamos-agenda-2030.jpg 327w, https:\/\/genesalenergy.com\/fr\/wp-content\/uploads\/sites\/4\/2023\/02\/Genesal-Energy-Greenesal-apoyamos-agenda-2030-300x275.jpg 300w\" sizes=\"(max-width: 327px) 100vw, 327px\" \/><\/div><\/div><\/div><br \/>\n<section  class='av_textblock_section av-s2z0iv-ad88deb9d25fdb42b8352b1f5ac38913 '   itemscope=\"itemscope\" itemtype=\"https:\/\/schema.org\/CreativeWork\" ><div class='avia_textblock'  itemprop=\"text\" ><p class=\"ge-subtitulo-greenesal ancho250\">Nous soutenons l&#8217;Agenda 2030 et les Objectifs de d\u00e9veloppement durable<\/p>\n<\/div><\/section><\/p><\/div><div  class='flex_column av-2upngh9-4ecd7399d1fabb649951d743d05b72e4 av_one_fourth  avia-builder-el-14  el_after_av_one_fourth  el_before_av_one_fourth  no_margin flex_column_table_cell av-equal-height-column av-align-top  '     ><p>\n<style type=\"text\/css\" data-created_by=\"avia_inline_auto\" id=\"style-css-av-2hm6aj1-5cf857d5f5317853d2c3c5ffb2cdd50b\">\n.avia-image-container.av-2hm6aj1-5cf857d5f5317853d2c3c5ffb2cdd50b img.avia_image{\nbox-shadow:none;\n}\n.avia-image-container.av-2hm6aj1-5cf857d5f5317853d2c3c5ffb2cdd50b .av-image-caption-overlay-center{\ncolor:#ffffff;\n}\n<\/style>\n<div  class='avia-image-container av-2hm6aj1-5cf857d5f5317853d2c3c5ffb2cdd50b av-styling-no-styling avia-align-center  avia-builder-el-15  el_before_av_textblock  avia-builder-el-first '   itemprop=\"image\" itemscope=\"itemscope\" itemtype=\"https:\/\/schema.org\/ImageObject\" ><div class=\"avia-image-container-inner\"><div class=\"avia-image-overlay-wrap\"><img decoding=\"async\" fetchpriority=\"high\" class='wp-image-39808 avia-img-lazy-loading-not-39808 avia_image ' src=\"https:\/\/genesalenergy.com\/fr\/wp-content\/uploads\/sites\/4\/2023\/02\/Genesal-Energy-Greenesal-plan-transicion-energetica.jpg\" alt='' title='Genesal-Energy-Greenesal-plan-transicion-energetica'  height=\"300\" width=\"327\"  itemprop=\"thumbnailUrl\" srcset=\"https:\/\/genesalenergy.com\/fr\/wp-content\/uploads\/sites\/4\/2023\/02\/Genesal-Energy-Greenesal-plan-transicion-energetica.jpg 327w, https:\/\/genesalenergy.com\/fr\/wp-content\/uploads\/sites\/4\/2023\/02\/Genesal-Energy-Greenesal-plan-transicion-energetica-300x275.jpg 300w\" sizes=\"(max-width: 327px) 100vw, 327px\" \/><\/div><\/div><\/div><br \/>\n<section  class='av_textblock_section av-l9pom7qe-3d5e62ea2bb06895240a77b833274298 '   itemscope=\"itemscope\" itemtype=\"https:\/\/schema.org\/CreativeWork\" ><div class='avia_textblock'  itemprop=\"text\" ><p class=\"ge-subtitulo-greenesal ancho250\">Nous avons d\u00e9velopp\u00e9 le Plan de transition \u00e9nerg\u00e9tique qui trace la voie vers un impact environnemental nul.<\/p>\n<\/div><\/section><\/p><\/div><div  class='flex_column av-1luzvvx-a45b4bb28d7ec6d08e740380a0bbead2 av_one_fourth  avia-builder-el-17  el_after_av_one_fourth  el_before_av_one_fourth  no_margin flex_column_table_cell av-equal-height-column av-align-top  '     ><p>\n<style type=\"text\/css\" data-created_by=\"avia_inline_auto\" id=\"style-css-av-1879zd9-52577ddb3de1bc017b77d916841f8310\">\n.avia-image-container.av-1879zd9-52577ddb3de1bc017b77d916841f8310 img.avia_image{\nbox-shadow:none;\n}\n.avia-image-container.av-1879zd9-52577ddb3de1bc017b77d916841f8310 .av-image-caption-overlay-center{\ncolor:#ffffff;\n}\n<\/style>\n<div  class='avia-image-container av-1879zd9-52577ddb3de1bc017b77d916841f8310 av-styling-no-styling avia-align-center  avia-builder-el-18  el_before_av_textblock  avia-builder-el-first '   itemprop=\"image\" itemscope=\"itemscope\" itemtype=\"https:\/\/schema.org\/ImageObject\" ><div class=\"avia-image-container-inner\"><div class=\"avia-image-overlay-wrap\"><img decoding=\"async\" fetchpriority=\"high\" class='wp-image-39809 avia-img-lazy-loading-not-39809 avia_image ' src=\"https:\/\/genesalenergy.com\/fr\/wp-content\/uploads\/sites\/4\/2023\/02\/Genesal-Energy-Greenesal-catedra-transicion-energetica.jpg\" alt='' title='Genesal-Energy-Greenesal-catedra-transicion-energetica'  height=\"300\" width=\"327\"  itemprop=\"thumbnailUrl\" srcset=\"https:\/\/genesalenergy.com\/fr\/wp-content\/uploads\/sites\/4\/2023\/02\/Genesal-Energy-Greenesal-catedra-transicion-energetica.jpg 327w, https:\/\/genesalenergy.com\/fr\/wp-content\/uploads\/sites\/4\/2023\/02\/Genesal-Energy-Greenesal-catedra-transicion-energetica-300x275.jpg 300w\" sizes=\"(max-width: 327px) 100vw, 327px\" \/><\/div><\/div><\/div><br \/>\n<section  class='av_textblock_section av-l9poml43-b8f6671d7d1751b10df67f0d9467f594 '   itemscope=\"itemscope\" itemtype=\"https:\/\/schema.org\/CreativeWork\" ><div class='avia_textblock'  itemprop=\"text\" ><p class=\"ge-subtitulo-greenesal ancho250\">Nous promouvons la Chaine de transition \u00e9nerg\u00e9tique pour innover \u00e0 travers la connaissance et la recherche.<\/p>\n<\/div><\/section><\/p><\/div><div  class='flex_column av-1h5i0g7-347201a444532d5650271b19741ad90c av_one_fourth  avia-builder-el-20  el_after_av_one_fourth  avia-builder-el-last  no_margin flex_column_table_cell av-equal-height-column av-align-top  '     ><p>\n<style type=\"text\/css\" data-created_by=\"avia_inline_auto\" id=\"style-css-av-18lih7r-282888a31f115381096b67f0916d213d\">\n.avia-image-container.av-18lih7r-282888a31f115381096b67f0916d213d img.avia_image{\nbox-shadow:none;\n}\n.avia-image-container.av-18lih7r-282888a31f115381096b67f0916d213d .av-image-caption-overlay-center{\ncolor:#ffffff;\n}\n<\/style>\n<div  class='avia-image-container av-18lih7r-282888a31f115381096b67f0916d213d av-styling-no-styling avia-align-center  avia-builder-el-21  el_before_av_textblock  avia-builder-el-first '   itemprop=\"image\" itemscope=\"itemscope\" itemtype=\"https:\/\/schema.org\/ImageObject\" ><div class=\"avia-image-container-inner\"><div class=\"avia-image-overlay-wrap\"><img decoding=\"async\" fetchpriority=\"high\" class='wp-image-39810 avia-img-lazy-loading-not-39810 avia_image ' src=\"https:\/\/genesalenergy.com\/fr\/wp-content\/uploads\/sites\/4\/2023\/02\/Genesal-Energy-Greenesal-transformar-sector-energetico.jpg\" alt='' title='Genesal-Energy-Greenesal-transformar-sector-energetico'  height=\"300\" width=\"327\"  itemprop=\"thumbnailUrl\" srcset=\"https:\/\/genesalenergy.com\/fr\/wp-content\/uploads\/sites\/4\/2023\/02\/Genesal-Energy-Greenesal-transformar-sector-energetico.jpg 327w, https:\/\/genesalenergy.com\/fr\/wp-content\/uploads\/sites\/4\/2023\/02\/Genesal-Energy-Greenesal-transformar-sector-energetico-300x275.jpg 300w\" sizes=\"(max-width: 327px) 100vw, 327px\" \/><\/div><\/div><\/div><br \/>\n<section  class='av_textblock_section av-416mr4d-7ac6045e93fbc0e767cc73177850387f '   itemscope=\"itemscope\" itemtype=\"https:\/\/schema.org\/CreativeWork\" ><div class='avia_textblock'  itemprop=\"text\" ><p class=\"ge-subtitulo-greenesal ancho250\">Nous contribuons \u00e0 la transformation du secteur de l&#8217;\u00e9nergie en participant activement aux entit\u00e9s qui le font \u00e9voluer.<\/p>\n<\/div><\/section><\/p><\/div><\/div><!--close column table wrapper. Autoclose: 1 --><\/div><\/div><\/div><!-- close content main div --><\/div><\/div><div id='av_section_4'  class='avia-section av-17q72jp-c4b261b33db1dda032de416df871e72a main_color avia-section-large avia-no-border-styling  avia-builder-el-23  el_after_av_section  avia-builder-el-last  avia-bg-style-scroll container_wrap sidebar_right'  ><div class='container av-section-cont-open' ><div class='template-page content  av-content-small alpha units'><div class='post-entry post-entry-type-page post-entry-39804'><div class='entry-content-wrapper clearfix'>\n<div class='flex_column_table av-1jgdbd9-dfd96d37fae14a5bf43ad0346a12dbc8 sc-av_two_fifth av-equal-height-column-flextable'><div  class='flex_column av-1jgdbd9-dfd96d37fae14a5bf43ad0346a12dbc8 av_two_fifth  avia-builder-el-24  el_before_av_three_fifth  avia-builder-el-first  nmtop first flex_column_table_cell av-equal-height-column av-align-top  '     ><section  class='av_textblock_section av-23wsdil-cb2b202524c2b37b0612caf9ad77d680 '   itemscope=\"itemscope\" itemtype=\"https:\/\/schema.org\/CreativeWork\" ><div class='avia_textblock'  itemprop=\"text\" ><h3 class=\"ge-subtitulo-grande ancho320\">D\u00e9couvrez tout ce que nous faisons pour l\u00b4avenir<\/h3>\n<\/div><\/section><br \/>\n<div  class='avia-button-wrap av-l9pp92ql-51eaa02d655889bb64e307bbb4830ffb-wrap avia-button-left  avia-builder-el-26  el_after_av_textblock  avia-builder-el-last '><a href=\"https:\/\/greenesal.com\" class=\"avia-button av-l9pp92ql-51eaa02d655889bb64e307bbb4830ffb av-link-btn avia-icon_select-no avia-size-large avia-position-left avia-color-theme-color\" target=\"_blank\" rel=\"noopener noreferrer\" aria-label=\"D\u00e9couvrez le site Web de Greenesal\"><span class='avia_iconbox_title' >D\u00e9couvrez le site Web de Greenesal<\/span><\/a><\/div><\/p><\/div><div class='av-flex-placeholder'><\/div><div  class='flex_column av-6v8b1-9b03d40463f9d74001aadd5b5b55ad29 av_three_fifth  avia-builder-el-27  el_after_av_two_fifth  avia-builder-el-last  flex_column_table_cell av-equal-height-column av-align-top  '     ><style type=\"text\/css\" data-created_by=\"avia_inline_auto\" id=\"style-css-av-l9pp1qlp-351d82426ed0bea5ac687dd96de5c098\">\n.avia-image-container.av-l9pp1qlp-351d82426ed0bea5ac687dd96de5c098 img.avia_image{\nbox-shadow:none;\n}\n.avia-image-container.av-l9pp1qlp-351d82426ed0bea5ac687dd96de5c098 .av-image-caption-overlay-center{\ncolor:#ffffff;\n}\n<\/style>\n<div  class='avia-image-container av-l9pp1qlp-351d82426ed0bea5ac687dd96de5c098 av-styling-no-styling avia-align-right  avia-builder-el-28  avia-builder-el-no-sibling '   itemprop=\"image\" itemscope=\"itemscope\" itemtype=\"https:\/\/schema.org\/ImageObject\" ><div class=\"avia-image-container-inner\"><div class=\"avia-image-overlay-wrap\"><img decoding=\"async\" fetchpriority=\"high\" class='wp-image-39811 avia-img-lazy-loading-not-39811 avia_image ' src=\"https:\/\/genesalenergy.com\/fr\/wp-content\/uploads\/sites\/4\/2023\/02\/Genesal-Energy-Greenesal-descubre.jpg\" alt='' title='Genesal-Energy-Greenesal-descubre'  height=\"450\" width=\"748\"  itemprop=\"thumbnailUrl\" srcset=\"https:\/\/genesalenergy.com\/fr\/wp-content\/uploads\/sites\/4\/2023\/02\/Genesal-Energy-Greenesal-descubre.jpg 748w, https:\/\/genesalenergy.com\/fr\/wp-content\/uploads\/sites\/4\/2023\/02\/Genesal-Energy-Greenesal-descubre-300x180.jpg 300w, https:\/\/genesalenergy.com\/fr\/wp-content\/uploads\/sites\/4\/2023\/02\/Genesal-Energy-Greenesal-descubre-705x424.jpg 705w, https:\/\/genesalenergy.com\/fr\/wp-content\/uploads\/sites\/4\/2023\/02\/Genesal-Energy-Greenesal-descubre-165x100.jpg 165w\" sizes=\"(max-width: 748px) 100vw, 748px\" \/><\/div><\/div><\/div><\/div><\/div><!--close column table wrapper. Autoclose: 1 --><\/div><\/div><\/div><!-- close content main div --><\/div><\/div><div id='after_section_4'  class='main_color av_default_container_wrap container_wrap sidebar_right'  ><div class='container av-section-cont-open' ><div class='template-page content  av-content-small alpha units'><div class='post-entry post-entry-type-page post-entry-39804'><div class='entry-content-wrapper clearfix'>\n","protected":false},"excerpt":{"rendered":"","protected":false},"author":1,"featured_media":0,"parent":0,"menu_order":0,"comment_status":"closed","ping_status":"closed","template":"","meta":{"_acf_changed":false,"footnotes":""},"class_list":["post-39804","page","type-page","status-publish","hentry"],"acf":[],"_links":{"self":[{"href":"https:\/\/genesalenergy.com\/fr\/wp-json\/wp\/v2\/pages\/39804","targetHints":{"allow":["GET"]}}],"collection":[{"href":"https:\/\/genesalenergy.com\/fr\/wp-json\/wp\/v2\/pages"}],"about":[{"href":"https:\/\/genesalenergy.com\/fr\/wp-json\/wp\/v2\/types\/page"}],"author":[{"embeddable":true,"href":"https:\/\/genesalenergy.com\/fr\/wp-json\/wp\/v2\/users\/1"}],"replies":[{"embeddable":true,"href":"https:\/\/genesalenergy.com\/fr\/wp-json\/wp\/v2\/comments?post=39804"}],"version-history":[{"count":0,"href":"https:\/\/genesalenergy.com\/fr\/wp-json\/wp\/v2\/pages\/39804\/revisions"}],"wp:attachment":[{"href":"https:\/\/genesalenergy.com\/fr\/wp-json\/wp\/v2\/media?parent=39804"}],"curies":[{"name":"wp","href":"https:\/\/api.w.org\/{rel}","templated":true}]}}