{"id":39542,"date":"2023-02-10T11:54:14","date_gmt":"2023-02-10T11:54:14","guid":{"rendered":"https:\/\/genesalenergy.com\/fr\/?page_id=39542"},"modified":"2023-03-01T10:43:07","modified_gmt":"2023-03-01T10:43:07","slug":"les-actionnaires","status":"publish","type":"page","link":"https:\/\/genesalenergy.com\/fr\/lenterprise\/les-actionnaires\/","title":{"rendered":"Les actionnaires"},"content":{"rendered":"\n<style type=\"text\/css\" data-created_by=\"avia_inline_auto\" id=\"style-css-av-1hnf2bq-43f3e8220e5857d69f8d96d7a10326e1\">\n.avia-section.av-1hnf2bq-43f3e8220e5857d69f8d96d7a10326e1{\nmargin-top:0px;\nmargin-bottom:100px;\n}\n<\/style>\n<div id='av_section_1'  class='avia-section av-1hnf2bq-43f3e8220e5857d69f8d96d7a10326e1 main_color avia-section-large avia-no-border-styling  avia-builder-el-0  avia-builder-el-no-sibling  avia-bg-style-scroll container_wrap sidebar_right'  ><div class='container av-section-cont-open' ><main  role=\"main\" itemprop=\"mainContentOfPage\"  class='template-page content  av-content-small alpha units'><div class='post-entry post-entry-type-page post-entry-39542'><div class='entry-content-wrapper clearfix'>\n\n<style type=\"text\/css\" data-created_by=\"avia_inline_auto\" id=\"style-css-av-12iakue-0aaa2a1c0bfdda920610e47643f94521\">\n.flex_column.av-12iakue-0aaa2a1c0bfdda920610e47643f94521{\nborder-radius:0px 0px 0px 0px;\npadding:0px 0px 0px 0px;\n}\n<\/style>\n<div  class='flex_column av-12iakue-0aaa2a1c0bfdda920610e47643f94521 av_two_third  avia-builder-el-1  el_before_av_one_third  avia-builder-el-first  first flex_column_div av-zero-column-padding  '     ><section  class='av_textblock_section av-koqygyo0-257682820f1be60ff8738791832281e0 '   itemscope=\"itemscope\" itemtype=\"https:\/\/schema.org\/CreativeWork\" ><div class='avia_textblock'  itemprop=\"text\" ><h1 class=\"ge-encabezado-principal-acc\">Les actionnaires<\/h1>\n<p class=\"ge-subtitulo-pequeno ancho736\">Conform\u00e9ment \u00e0 la r\u00e9glementation en vigueur et aux statuts, cette rubrique du site Web de l&#8217;entreprise publie les avis de convocation aux assembl\u00e9es g\u00e9n\u00e9rales des actionnaires et les informations que le conseil d&#8217;administration juge n\u00e9cessaires ou appropri\u00e9es sont mises \u00e0 la disposition des actionnaires.<\/p>\n<p class=\"ancho736\">Pour acc\u00e9der aux informations et \u00e0 la documentation exclusivement destin\u00e9es aux actionnaires, ceux-ci doivent s&#8217;identifier sur le site Web avec l&#8217;adresse \u00e9lectronique et le mot de passe fournis \u00e0 cet effet par la soci\u00e9t\u00e9, en cliquant sur le bouton \u00ab Acc\u00e8s actionnaires \u00bb.<\/p>\n<\/div><\/section><br \/>\n\n<style type=\"text\/css\" data-created_by=\"avia_inline_auto\" id=\"style-css-av-koqymty7-1-c94bb3762b5fc965be337963e32a5920\">\n#top .hr.hr-invisible.av-koqymty7-1-c94bb3762b5fc965be337963e32a5920{\nheight:20px;\n}\n<\/style>\n<div  class='hr av-koqymty7-1-c94bb3762b5fc965be337963e32a5920 hr-invisible  avia-builder-el-3  el_after_av_textblock  el_before_av_buttonrow '><span class='hr-inner '><span class=\"hr-inner-style\"><\/span><\/span><\/div><br \/>\n<div  class='avia-buttonrow-wrap av-kp6z0gjk-e4e69df6c0c3554fdaae84804c134d43 avia-buttonrow-left  avia-builder-el-4  el_after_av_hr  avia-builder-el-last '>\n\n<style type=\"text\/css\" data-created_by=\"avia_inline_auto\" id=\"style-css-av-1chayme-d930f2154f95d683774a1338a23b2a04\">\n#top #wrap_all .avia-button.av-1chayme-d930f2154f95d683774a1338a23b2a04{\nmargin-bottom:5px;\nmargin-right:5px;\n}\n<\/style>\n<a href='https:\/\/areaprivada.genesalenergy.com\/area-de-accionistas\/'  class='avia-button av-1chayme-d930f2154f95d683774a1338a23b2a04 avia-icon_select-no avia-size-large avia-color-theme-color'  target=\"_blank\"  rel=\"noopener noreferrer\"  aria-label=\"Acc\u00e8s actionnaires\"><span class='avia_iconbox_title' >Acc\u00e8s actionnaires<\/span><\/a>\n\n<style type=\"text\/css\" data-created_by=\"avia_inline_auto\" id=\"style-css-av-n6i1dy-c6c12ac5058bcefa75b25ac65dfaf769\">\n#top #wrap_all .avia-button.av-n6i1dy-c6c12ac5058bcefa75b25ac65dfaf769{\nmargin-bottom:5px;\nmargin-right:5px;\n}\n<\/style>\n<a href='https:\/\/genesalenergy.com\/wp-content\/uploads\/2021\/05\/Anuncio-convocatoria-de-la-JGO-GENESAL-junio-2021.pdf'  class='avia-button av-n6i1dy-c6c12ac5058bcefa75b25ac65dfaf769 avia-icon_select-no avia-size-large avia-color-dark'  target=\"_blank\"  rel=\"noopener noreferrer\"  aria-label=\"T\u00e9l\u00e9charger convocation JGA 28\/05\/2021\"><span class='avia_iconbox_title' >T\u00e9l\u00e9charger convocation JGA 28\/05\/2021<\/span><\/a>\n<\/div><\/p><\/div>\n<style type=\"text\/css\" data-created_by=\"avia_inline_auto\" id=\"style-css-av-j3meg6-4c2c4ed0422e87495f2a28842d285471\">\n.flex_column.av-j3meg6-4c2c4ed0422e87495f2a28842d285471{\nborder-radius:0px 0px 0px 0px;\npadding:0px 0px 0px 0px;\n}\n<\/style>\n<div  class='flex_column av-j3meg6-4c2c4ed0422e87495f2a28842d285471 av_one_third  avia-builder-el-5  el_after_av_two_third  avia-builder-el-last  flex_column_div av-zero-column-padding  '     ><\/div><\/div><\/div><\/main><!-- close content main element --><\/div><\/div><div id='after_section_1'  class='main_color av_default_container_wrap container_wrap sidebar_right'  ><div class='container av-section-cont-open' ><div class='template-page content  av-content-small alpha units'><div class='post-entry post-entry-type-page post-entry-39542'><div class='entry-content-wrapper clearfix'>\n","protected":false},"excerpt":{"rendered":"","protected":false},"author":1,"featured_media":0,"parent":35304,"menu_order":0,"comment_status":"closed","ping_status":"closed","template":"","meta":{"_acf_changed":false,"footnotes":""},"class_list":["post-39542","page","type-page","status-publish","hentry"],"acf":[],"_links":{"self":[{"href":"https:\/\/genesalenergy.com\/fr\/wp-json\/wp\/v2\/pages\/39542","targetHints":{"allow":["GET"]}}],"collection":[{"href":"https:\/\/genesalenergy.com\/fr\/wp-json\/wp\/v2\/pages"}],"about":[{"href":"https:\/\/genesalenergy.com\/fr\/wp-json\/wp\/v2\/types\/page"}],"author":[{"embeddable":true,"href":"https:\/\/genesalenergy.com\/fr\/wp-json\/wp\/v2\/users\/1"}],"replies":[{"embeddable":true,"href":"https:\/\/genesalenergy.com\/fr\/wp-json\/wp\/v2\/comments?post=39542"}],"version-history":[{"count":0,"href":"https:\/\/genesalenergy.com\/fr\/wp-json\/wp\/v2\/pages\/39542\/revisions"}],"up":[{"embeddable":true,"href":"https:\/\/genesalenergy.com\/fr\/wp-json\/wp\/v2\/pages\/35304"}],"wp:attachment":[{"href":"https:\/\/genesalenergy.com\/fr\/wp-json\/wp\/v2\/media?parent=39542"}],"curies":[{"name":"wp","href":"https:\/\/api.w.org\/{rel}","templated":true}]}}