{"id":39203,"date":"2021-10-11T11:26:10","date_gmt":"2021-10-11T11:26:10","guid":{"rendered":"https:\/\/nueva.genesalenergy.com\/fr\/?page_id=39203"},"modified":"2024-11-26T11:22:15","modified_gmt":"2024-11-26T11:22:15","slug":"contact-formation","status":"publish","type":"page","link":"https:\/\/genesalenergy.com\/fr\/contact-formation\/","title":{"rendered":"Contact Formation"},"content":{"rendered":"<div id='contacto'  class='avia-section av-6rr4h43-03e2a72c1cbebc21dcddce5d08e7f0a6 main_color avia-section-large avia-no-border-styling  avia-builder-el-0  avia-builder-el-no-sibling  avia-bg-style-scroll container_wrap sidebar_right'  ><div class='container av-section-cont-open' ><main  role=\"main\" itemprop=\"mainContentOfPage\"  class='template-page content  av-content-small alpha units'><div class='post-entry post-entry-type-page post-entry-39203'><div class='entry-content-wrapper clearfix'>\n<div class='flex_column_table av-6de5sjn-b5560762a2e38ad05481eb2d4b61de0e sc-av_one_half av-equal-height-column-flextable'>\n<style type=\"text\/css\" data-created_by=\"avia_inline_auto\" id=\"style-css-av-6de5sjn-b5560762a2e38ad05481eb2d4b61de0e\">\n.flex_column.av-6de5sjn-b5560762a2e38ad05481eb2d4b61de0e{\nborder-radius:0px 0px 0px 0px;\npadding:0px 0px 0px 0px;\n}\n<\/style>\n<div  class='flex_column av-6de5sjn-b5560762a2e38ad05481eb2d4b61de0e av_one_half  avia-builder-el-1  el_before_av_one_half  avia-builder-el-first  first flex_column_table_cell av-equal-height-column av-align-top av-zero-column-padding  '     ><section  class='av_textblock_section av-5qrzisj-a3c5721a939ce8ab496b5a67bf26b6b3 '   itemscope=\"itemscope\" itemtype=\"https:\/\/schema.org\/CreativeWork\" ><div class='avia_textblock'  itemprop=\"text\" ><h2 class=\"titular-general\">Nous contacter<\/h2>\n<\/div><\/section><br \/>\n\n<style type=\"text\/css\" data-created_by=\"avia_inline_auto\" id=\"style-css-av-55qo5b7-cc1d646804b9845dbbf6de5b06a9d53a\">\n#top .hr.hr-invisible.av-55qo5b7-cc1d646804b9845dbbf6de5b06a9d53a{\nheight:30px;\n}\n<\/style>\n<div  class='hr av-55qo5b7-cc1d646804b9845dbbf6de5b06a9d53a hr-invisible  avia-builder-el-3  el_after_av_textblock  el_before_av_textblock '><span class='hr-inner '><span class=\"hr-inner-style\"><\/span><\/span><\/div><br \/>\n\n<style type=\"text\/css\" data-created_by=\"avia_inline_auto\" id=\"style-css-av-4nc74hv-5b9df7c88bb359ad514904c37ea9aa2a\">\n#top .av_textblock_section.av-4nc74hv-5b9df7c88bb359ad514904c37ea9aa2a .avia_textblock{\nfont-size:15px;\n}\n<\/style>\n<section  class='av_textblock_section av-4nc74hv-5b9df7c88bb359ad514904c37ea9aa2a '   itemscope=\"itemscope\" itemtype=\"https:\/\/schema.org\/CreativeWork\" ><div class='avia_textblock'  itemprop=\"text\" ><h4>T\u00e9l\u00e9phone service \u00e0 la client\u00e8le:<\/h4>\n<h3 class=\"telefono\">+34 900 730 124<\/h3>\n<h4 style=\"margin-top: 20px;\">Email service client:<\/h4>\n<h3 class=\"mail-contacto\"><a href=\"mailto:consultas@genesal.com\">consultas@genesal.com<\/a><\/h3>\n<\/div><\/section><br \/>\n\n<style type=\"text\/css\" data-created_by=\"avia_inline_auto\" id=\"style-css-av-4ikqa9v-347217879d6c8a2697ac6028c1534303\">\n#top .hr.av-4ikqa9v-347217879d6c8a2697ac6028c1534303{\nmargin-top:20px;\nmargin-bottom:20px;\n}\n.hr.av-4ikqa9v-347217879d6c8a2697ac6028c1534303 .hr-inner{\nwidth:100%;\nborder-color:#ededed;\n}\n<\/style>\n<div  class='hr av-4ikqa9v-347217879d6c8a2697ac6028c1534303 hr-custom  avia-builder-el-5  el_after_av_textblock  el_before_av_textblock  hr-left hr-icon-no'><span class='hr-inner inner-border-av-border-thin'><span class=\"hr-inner-style\"><\/span><\/span><\/div><br \/>\n<section  class='av_textblock_section av-3y3h7vn-a0846bec1fb6299f95934e17526edb8c '   itemscope=\"itemscope\" itemtype=\"https:\/\/schema.org\/CreativeWork\" ><div class='avia_textblock'  itemprop=\"text\" ><h4>ESPAGNE | Si\u00e8ge social<\/h4>\n<p>Parroquia de Rois, B28<br \/>\nPol\u00edgono Industrial de Bergondo<br \/>\n15165 Bergondo, A Coru\u00f1a<\/p>\n<p>Tel. <strong>+34 900 730 124<\/strong><br \/>\n<strong><a style=\"text-decoration: underline !important;\" href=\"mailto:consultas@genesal.com\">consultas@genesal.com<\/a><\/strong><\/p>\n<p>\n<style type=\"text\/css\" data-created_by=\"avia_inline_auto\" id=\"style-css-av-3knhy83-5efcde61d5fb3a945ba7f279cea5aca9\">\n#top .hr.hr-invisible.av-3knhy83-5efcde61d5fb3a945ba7f279cea5aca9{\nheight:30px;\n}\n<\/style>\n<div  class='hr av-3knhy83-5efcde61d5fb3a945ba7f279cea5aca9 hr-invisible  avia-builder-el-7  avia-builder-el-no-sibling '><span class='hr-inner '><span class=\"hr-inner-style\"><\/span><\/span><\/div><br \/>\n[wc_row]<br \/>\n[wc_column size=&#8221;one-half&#8221; position=&#8221;first&#8221;]<\/p>\n<h4>Filiale MEXIQUE<\/h4>\n<p>Calle Jaime Balmes 11,<br \/>\nTorre B, Piso 4, Oficina 403,<br \/>\nColonia Los Morales<\/p>\n<p>Cel. <strong>+52 (55) 41 65 59 51<\/strong><br \/>\n<strong><a style=\"text-decoration: underline !important;\" href=\"mailto:genesalmexico@genesal.com\">genesalmexico@genesal.com<\/a><\/strong><br \/>\n<strong><a href=\"http:\/\/www.genesalenergy.mx\" target=\"_blank\" rel=\"noopener noreferrer\">www.genesalenergy.mx<\/a><\/strong><\/p>\n<p>[\/wc_column]<br \/>\n[wc_column size=&#8221;one-half&#8221; position=&#8221;last&#8221;]<\/p>\n<h4>Filiale PEROU<\/h4>\n<p>Av\/ Los Faisanes 170, Int. C<br \/>\nUrb. La Campi\u00f1a, Chorrillos<br \/>\nLima<\/p>\n<p>Cel. <strong>+51 1 4003991<\/strong><br \/>\n<strong><a style=\"text-decoration: underline !important;\" href=\"mailto:genesalperu@genesal.com\">genesalperu@genesal.com<\/a><\/strong><br \/>\n<strong><a href=\"http:\/\/www.genesalenergy.pe\" target=\"_blank\" rel=\"noopener noreferrer\">www.genesalenergy.pe<\/a><\/strong><\/p>\n<p>[\/wc_column]<br \/>\n[\/wc_row]<\/p>\n<\/div><\/section><br \/>\n\n<style type=\"text\/css\" data-created_by=\"avia_inline_auto\" id=\"style-css-av-2y56zwj-fb7c73b27281f8fdb196eb97a91e9f87\">\n#top .hr.av-2y56zwj-fb7c73b27281f8fdb196eb97a91e9f87{\nmargin-top:20px;\nmargin-bottom:20px;\n}\n.hr.av-2y56zwj-fb7c73b27281f8fdb196eb97a91e9f87 .hr-inner{\nwidth:100%;\nborder-color:#ededed;\n}\n<\/style>\n<div  class='hr av-2y56zwj-fb7c73b27281f8fdb196eb97a91e9f87 hr-custom  avia-builder-el-8  el_after_av_textblock  el_before_av_textblock  hr-left hr-icon-no'><span class='hr-inner inner-border-av-border-thin'><span class=\"hr-inner-style\"><\/span><\/span><\/div><br \/>\n<section  class='av_textblock_section av-2hd6qoz-006f05e2007463ecc8a25a90d27e5875 '   itemscope=\"itemscope\" itemtype=\"https:\/\/schema.org\/CreativeWork\" ><div class='avia_textblock'  itemprop=\"text\" ><p>Num\u00e9ro d&#8217;identification du producteur <strong>AEE 7087<\/strong>.<\/p>\n<\/div><\/section><\/p><\/div><div class='av-flex-placeholder'><\/div>\n<style type=\"text\/css\" data-created_by=\"avia_inline_auto\" id=\"style-css-av-2adzykj-d477a5e7fc021d8233025eecbf4ba153\">\n.flex_column.av-2adzykj-d477a5e7fc021d8233025eecbf4ba153{\nborder-radius:0px 0px 0px 0px;\npadding:0px 0px 0px 0px;\n}\n<\/style>\n<div  class='flex_column av-2adzykj-d477a5e7fc021d8233025eecbf4ba153 av_one_half  avia-builder-el-10  el_after_av_one_half  avia-builder-el-last  flex_column_table_cell av-equal-height-column av-align-top av-zero-column-padding  '     ><section  class='av_textblock_section av-1k3ngir-0cda4f1b0e82c15481b2f17dc299c15f '   itemscope=\"itemscope\" itemtype=\"https:\/\/schema.org\/CreativeWork\" ><div class='avia_textblock'  itemprop=\"text\" ><h2 class=\"titular-general\" style=\"line-height: 18px;\"><span style=\"font-size: 16px; text-transform: none;\">Obtenez plus d\u2019informations ou bien demandez une offerte \u00e0 travers de ce formulaire et nous vous vous r\u00e9pondrons le plus t\u00f4t possible. <span style=\"color: #000000; font-weight: 400;\">Mentionnez vos questions dans le champ de texte \u00ab autre d\u00e9tails \u00bb, le cas \u00e9ch\u00e9ant. <\/span><\/span><\/h2>\n<\/div><\/section><br \/>\n\n<style type=\"text\/css\" data-created_by=\"avia_inline_auto\" id=\"style-css-av-19vh00z-4be7234b7cf4561d8de195337736b35b\">\n#top .hr.hr-invisible.av-19vh00z-4be7234b7cf4561d8de195337736b35b{\nheight:20px;\n}\n<\/style>\n<div  class='hr av-19vh00z-4be7234b7cf4561d8de195337736b35b hr-invisible  avia-builder-el-12  el_after_av_textblock  el_before_av_codeblock '><span class='hr-inner '><span class=\"hr-inner-style\"><\/span><\/span><\/div><br \/>\n<\/p><\/div><\/div><!--close column table wrapper. Autoclose: 1 --><\/div><\/div><\/main><!-- close content main element --><\/div><\/div><div id='after_section_1'  class='main_color av_default_container_wrap container_wrap sidebar_right'  ><div class='container av-section-cont-open' ><div class='template-page content  av-content-small alpha units'><div class='post-entry post-entry-type-page post-entry-39203'><div class='entry-content-wrapper clearfix'><\/div>\n","protected":false},"excerpt":{"rendered":"","protected":false},"author":1,"featured_media":0,"parent":0,"menu_order":0,"comment_status":"closed","ping_status":"closed","template":"","meta":{"_acf_changed":false,"footnotes":""},"class_list":["post-39203","page","type-page","status-publish","hentry"],"acf":[],"_links":{"self":[{"href":"https:\/\/genesalenergy.com\/fr\/wp-json\/wp\/v2\/pages\/39203","targetHints":{"allow":["GET"]}}],"collection":[{"href":"https:\/\/genesalenergy.com\/fr\/wp-json\/wp\/v2\/pages"}],"about":[{"href":"https:\/\/genesalenergy.com\/fr\/wp-json\/wp\/v2\/types\/page"}],"author":[{"embeddable":true,"href":"https:\/\/genesalenergy.com\/fr\/wp-json\/wp\/v2\/users\/1"}],"replies":[{"embeddable":true,"href":"https:\/\/genesalenergy.com\/fr\/wp-json\/wp\/v2\/comments?post=39203"}],"version-history":[{"count":0,"href":"https:\/\/genesalenergy.com\/fr\/wp-json\/wp\/v2\/pages\/39203\/revisions"}],"wp:attachment":[{"href":"https:\/\/genesalenergy.com\/fr\/wp-json\/wp\/v2\/media?parent=39203"}],"curies":[{"name":"wp","href":"https:\/\/api.w.org\/{rel}","templated":true}]}}