{"id":38603,"date":"2021-04-21T15:37:04","date_gmt":"2021-04-21T15:37:04","guid":{"rendered":"https:\/\/nueva.genesalenergy.com\/fr\/?page_id=38603"},"modified":"2021-04-21T16:18:26","modified_gmt":"2021-04-21T16:18:26","slug":"bloque-gamas-2021","status":"publish","type":"page","link":"https:\/\/genesalenergy.com\/fr\/bloque-gamas-2021\/","title":{"rendered":"Bloque Gamas 2021"},"content":{"rendered":"<div id='av_section_1'  class='avia-section av-kne9kz0v-6ec598c8552bcfa298129801a0f06598 main_color avia-section-large avia-no-border-styling  avia-builder-el-0  el_before_av_section  avia-builder-el-first  cols-gamas avia-bg-style-scroll container_wrap sidebar_right'  ><div class='container av-section-cont-open' ><main  role=\"main\" itemprop=\"mainContentOfPage\"  class='template-page content  av-content-small alpha units'><div class='post-entry post-entry-type-page post-entry-38603'><div class='entry-content-wrapper clearfix'>\n<section  class='av_textblock_section av-kne9m4gn-12079ed29293ebd51f965da4cfda8e9f '   itemscope=\"itemscope\" itemtype=\"https:\/\/schema.org\/CreativeWork\" ><div class='avia_textblock'  itemprop=\"text\" ><h2 class=\"gama\">GAMME DE GROUPES \u00c9LECTROG\u00c8NES<\/h2>\n<h3 class=\"titular-negro\">UNE LARGE VARI\u00c9T\u00c9 DE SOLUTIONS<br \/>\nENTI\u00c8REMENT GARANTIES<\/h3>\n<\/div><\/section>\n\n<style type=\"text\/css\" data-created_by=\"avia_inline_auto\" id=\"style-css-av-kne9po5w-55006381fce72bd47d91a5e8fbb96800\">\n#top .hr.hr-invisible.av-kne9po5w-55006381fce72bd47d91a5e8fbb96800{\nheight:30px;\n}\n<\/style>\n<div  class='hr av-kne9po5w-55006381fce72bd47d91a5e8fbb96800 hr-invisible  avia-builder-el-2  el_after_av_textblock  el_before_av_one_third '><span class='hr-inner '><span class=\"hr-inner-style\"><\/span><\/span><\/div>\n<div class='flex_column_table av-1swotc1-bd8d4b4ed40b8ca1388e80a6bbaa57bf sc-av_one_third av-equal-height-column-flextable'>\n<style type=\"text\/css\" data-created_by=\"avia_inline_auto\" id=\"style-css-av-1swotc1-bd8d4b4ed40b8ca1388e80a6bbaa57bf\">\n.flex_column.av-1swotc1-bd8d4b4ed40b8ca1388e80a6bbaa57bf{\nborder-radius:0px 0px 0px 0px;\npadding:-5px 15px 15px 15px;\nbackground-color:#f2f2f2;\n}\n<\/style>\n<div  class='flex_column av-1swotc1-bd8d4b4ed40b8ca1388e80a6bbaa57bf av_one_third  avia-builder-el-3  el_after_av_hr  el_before_av_one_third  cols-gama first flex_column_table_cell av-equal-height-column av-align-top avia-link-column av-column-link  '    data-link-column-url=\"https:\/\/genesalenergy.com\/fr\/groupes-electrogenes-diesel\/\"   ><a class=\"av-screen-reader-only\" href=https:\/\/genesalenergy.com\/fr\/groupes-electrogenes-diesel\/ >Lier vers : Groupes \u00e9lectrog\u00e8nes diesel<\/a><section  class='av_textblock_section av-kne9kayq-886fff658611d6e8b15145da3d236a9d '   itemscope=\"itemscope\" itemtype=\"https:\/\/schema.org\/CreativeWork\" ><div class='avia_textblock'  itemprop=\"text\" ><p><img loading=\"lazy\" decoding=\"async\" class=\"aligncenter size-full wp-image-37009\" src=\"https:\/\/genesalenergy.com\/wp-content\/uploads\/2020\/04\/Grupo-electrogeno-diesel.jpg\" alt=\"Groupes \u00c9lectrog\u00e8nes di\u00e8sel\" width=\"800\" height=\"400\" srcset=\"https:\/\/genesalenergy.com\/fr\/wp-content\/uploads\/sites\/4\/2020\/04\/Grupo-electrogeno-diesel.jpg 800w, https:\/\/genesalenergy.com\/fr\/wp-content\/uploads\/sites\/4\/2020\/04\/Grupo-electrogeno-diesel-300x150.jpg 300w, https:\/\/genesalenergy.com\/fr\/wp-content\/uploads\/sites\/4\/2020\/04\/Grupo-electrogeno-diesel-768x384.jpg 768w, https:\/\/genesalenergy.com\/fr\/wp-content\/uploads\/sites\/4\/2020\/04\/Grupo-electrogeno-diesel-705x353.jpg 705w\" sizes=\"auto, (max-width: 800px) 100vw, 800px\" \/><\/p>\n<h5 class=\"seoge\">Groupes \u00c9lectrog\u00e8nes<\/h5>\n<h3 class=\"text-flow\">Di\u00e8sel<\/h3>\n<h4 class=\"frase-gama\">Fiabilit\u00e9 et faible consommation<br \/>\npour toutes les puissances.<\/h4>\n<p class=\"text-flow-red diesel\"><a href=\"https:\/\/genesalenergy.com\/fr\/groupes-electrogenes-diesel\/\">+Information<\/a><\/p>\n<\/div><\/section><\/div><div class='av-flex-placeholder'><\/div>\n<style type=\"text\/css\" data-created_by=\"avia_inline_auto\" id=\"style-css-av-1swotc1-f40dafcec825dbe11047b338f765be20\">\n.flex_column.av-1swotc1-f40dafcec825dbe11047b338f765be20{\nborder-radius:0px 0px 0px 0px;\npadding:-5px 15px 15px 15px;\nbackground-color:#f2f2f2;\n}\n<\/style>\n<div  class='flex_column av-1swotc1-f40dafcec825dbe11047b338f765be20 av_one_third  avia-builder-el-5  el_after_av_one_third  el_before_av_one_third  cols-gama flex_column_table_cell av-equal-height-column av-align-top avia-link-column av-column-link  '    data-link-column-url=\"https:\/\/genesalenergy.com\/fr\/groupes-electrogenes-a-gaz\/\"   ><a class=\"av-screen-reader-only\" href=https:\/\/genesalenergy.com\/fr\/groupes-electrogenes-a-gaz\/ >Lier vers : Groupes \u00e9lectrog\u00e8nes \u00e0 gaz<\/a><section  class='av_textblock_section av-kne9kayq-886fff658611d6e8b15145da3d236a9d '   itemscope=\"itemscope\" itemtype=\"https:\/\/schema.org\/CreativeWork\" ><div class='avia_textblock'  itemprop=\"text\" ><p><img loading=\"lazy\" decoding=\"async\" class=\"aligncenter wp-image-37011 size-full\" src=\"https:\/\/genesalenergy.com\/wp-content\/uploads\/2020\/04\/Grupo-electrogeno-a-gas.jpg\" alt=\"Grupos electr\u00f3genos a gas\" width=\"800\" height=\"400\" srcset=\"https:\/\/genesalenergy.com\/fr\/wp-content\/uploads\/sites\/4\/2020\/04\/Grupo-electrogeno-a-gas.jpg 800w, https:\/\/genesalenergy.com\/fr\/wp-content\/uploads\/sites\/4\/2020\/04\/Grupo-electrogeno-a-gas-300x150.jpg 300w, https:\/\/genesalenergy.com\/fr\/wp-content\/uploads\/sites\/4\/2020\/04\/Grupo-electrogeno-a-gas-768x384.jpg 768w, https:\/\/genesalenergy.com\/fr\/wp-content\/uploads\/sites\/4\/2020\/04\/Grupo-electrogeno-a-gas-705x353.jpg 705w\" sizes=\"auto, (max-width: 800px) 100vw, 800px\" \/><\/p>\n<h5 class=\"seoge\">Groupes \u00c9lectrog\u00e8nes<\/h5>\n<h3 class=\"text-flow\">\u00c0 Gaz<\/h3>\n<h4 class=\"frase-gama\">Compatibilit\u00e9 et efficacit\u00e9 \u00e9lev\u00e9es<br \/>\navec de faibles \u00e9missions.<\/h4>\n<p class=\"text-flow-red gas\"><a href=\"https:\/\/genesalenergy.com\/fr\/groupes-electrogenes-a-gaz\/\">+Information<\/a><\/p>\n<\/div><\/section><\/div><div class='av-flex-placeholder'><\/div>\n<style type=\"text\/css\" data-created_by=\"avia_inline_auto\" id=\"style-css-av-1swotc1-de4cbc2799c43c9aa6f607bdb1b41db4\">\n.flex_column.av-1swotc1-de4cbc2799c43c9aa6f607bdb1b41db4{\nborder-radius:0px 0px 0px 0px;\npadding:-5px 15px 15px 15px;\nbackground-color:#f2f2f2;\n}\n<\/style>\n<div  class='flex_column av-1swotc1-de4cbc2799c43c9aa6f607bdb1b41db4 av_one_third  avia-builder-el-7  el_after_av_one_third  el_before_av_hr  cols-gama flex_column_table_cell av-equal-height-column av-align-top avia-link-column av-column-link  '    data-link-column-url=\"https:\/\/genesalenergy.com\/fr\/groupes-electrogenes-hybrides\/\"   ><a class=\"av-screen-reader-only\" href=https:\/\/genesalenergy.com\/fr\/groupes-electrogenes-hybrides\/ >Lier vers : Groupes \u00c9lectrog\u00e8nes Hybrides<\/a><section  class='av_textblock_section av-kne9kayq-886fff658611d6e8b15145da3d236a9d '   itemscope=\"itemscope\" itemtype=\"https:\/\/schema.org\/CreativeWork\" ><div class='avia_textblock'  itemprop=\"text\" ><p><img loading=\"lazy\" decoding=\"async\" class=\"aligncenter wp-image-37014 size-full\" src=\"https:\/\/genesalenergy.com\/wp-content\/uploads\/2020\/04\/Grupo-electrogeno-hibrido.jpg\" alt=\"Grupos electr\u00f3genos h\u00edbridos\" width=\"800\" height=\"400\" srcset=\"https:\/\/genesalenergy.com\/fr\/wp-content\/uploads\/sites\/4\/2020\/04\/Grupo-electrogeno-hibrido.jpg 800w, https:\/\/genesalenergy.com\/fr\/wp-content\/uploads\/sites\/4\/2020\/04\/Grupo-electrogeno-hibrido-300x150.jpg 300w, https:\/\/genesalenergy.com\/fr\/wp-content\/uploads\/sites\/4\/2020\/04\/Grupo-electrogeno-hibrido-768x384.jpg 768w, https:\/\/genesalenergy.com\/fr\/wp-content\/uploads\/sites\/4\/2020\/04\/Grupo-electrogeno-hibrido-705x353.jpg 705w\" sizes=\"auto, (max-width: 800px) 100vw, 800px\" \/><\/p>\n<h5 class=\"seoge\">Groupes \u00c9lectrog\u00e8nes<\/h5>\n<h3 class=\"text-flow\">Hybrides<\/h3>\n<h4 class=\"frase-gama\">\u00c9nergie optimale<br \/>\nen fonction de la demande.<\/h4>\n<p class=\"text-flow-red hibridos\"><a href=\"https:\/\/genesalenergy.com\/fr\/groupes-electrogenes-hybrides\/\">+Information<\/a><\/p>\n<\/div><\/section><\/div><\/div><!--close column table wrapper. Autoclose: 1 -->\n<style type=\"text\/css\" data-created_by=\"avia_inline_auto\" id=\"style-css-av-kne9po5w-55006381fce72bd47d91a5e8fbb96800\">\n#top .hr.hr-invisible.av-kne9po5w-55006381fce72bd47d91a5e8fbb96800{\nheight:30px;\n}\n<\/style>\n<div  class='hr av-kne9po5w-55006381fce72bd47d91a5e8fbb96800 hr-invisible  avia-builder-el-9  el_after_av_one_third  el_before_av_buttonrow '><span class='hr-inner '><span class=\"hr-inner-style\"><\/span><\/span><\/div>\n<div  id=\"botones-gama\"  class='avia-buttonrow-wrap av-knejyvlk-ded10442d085dadcbae0e73c58384d9d avia-buttonrow-left  avia-builder-el-10  el_after_av_hr  avia-builder-el-last '>\n\n<style type=\"text\/css\" data-created_by=\"avia_inline_auto\" id=\"style-css-av-12c5r6z-5e74ae9d9cc392317124c427b7113b92\">\n#top #wrap_all .avia-button.av-12c5r6z-5e74ae9d9cc392317124c427b7113b92{\nmargin-bottom:5px;\nmargin-right:5px;\n}\n<\/style>\n<a href='#contact'  class='avia-button av-12c5r6z-5e74ae9d9cc392317124c427b7113b92 avia-icon_select-no avia-size-large avia-color-black'   aria-label=\"Tu as besoin d\u2019aide?\"><span class='avia_iconbox_title' >Tu as besoin d\u2019aide?<\/span><\/a>\n\n<style type=\"text\/css\" data-created_by=\"avia_inline_auto\" id=\"style-css-av-q6dq2z-e72a600bd1830d994c95ac45da97677d\">\n#top #wrap_all .avia-button.av-q6dq2z-e72a600bd1830d994c95ac45da97677d{\nbackground-color:#b8002e;\nborder-color:#b8002e;\ncolor:#ffffff;\ntransition:all 0.4s ease-in-out;\nmargin-bottom:5px;\nmargin-right:5px;\n}\n#top #wrap_all .avia-button.av-q6dq2z-e72a600bd1830d994c95ac45da97677d .avia-svg-icon svg:first-child{\nfill:#ffffff;\nstroke:#ffffff;\n}\n<\/style>\n<a href='https:\/\/genesalenergy.com\/fr\/devis\/'  class='avia-button av-q6dq2z-e72a600bd1830d994c95ac45da97677d avia-icon_select-no avia-size-large'   aria-label=\"Demander un budget\"><span class='avia_iconbox_title' >Demander un budget<\/span><\/a>\n<\/div>\n\n<\/div><\/div><\/main><!-- close content main element --><\/div><\/div>\n<style type=\"text\/css\" data-created_by=\"avia_inline_auto\" id=\"style-css-av-kne9gjkk-853d25de6f79afd0df7dc8c8807d15a1\">\n.avia-section.av-kne9gjkk-853d25de6f79afd0df7dc8c8807d15a1{\nbackground-color:#e6e6e6;\nbackground-image:unset;\n}\n<\/style>\n<div id='av_section_2'  class='avia-section av-kne9gjkk-853d25de6f79afd0df7dc8c8807d15a1 main_color avia-section-default avia-no-border-styling  avia-builder-el-11  el_after_av_section  avia-builder-el-last  avia-bg-style-scroll container_wrap sidebar_right'  ><div class='container av-section-cont-open' ><div class='template-page content  av-content-small alpha units'><div class='post-entry post-entry-type-page post-entry-38603'><div class='entry-content-wrapper clearfix'>\n<div class='flex_column_table av-1sdgiht-e2356cfe955faa2b2cb4b32c5809b0b0 sc-av_one_third av-equal-height-column-flextable'>\n<style type=\"text\/css\" data-created_by=\"avia_inline_auto\" id=\"style-css-av-1sdgiht-e2356cfe955faa2b2cb4b32c5809b0b0\">\n.flex_column.av-1sdgiht-e2356cfe955faa2b2cb4b32c5809b0b0{\nborder-radius:0px 0px 0px 0px;\npadding:0px 0px 0px 0px;\n}\n<\/style>\n<div  class='flex_column av-1sdgiht-e2356cfe955faa2b2cb4b32c5809b0b0 av_one_third  avia-builder-el-12  el_before_av_one_third  avia-builder-el-first  first flex_column_table_cell av-equal-height-column av-align-middle av-zero-column-padding  '     ><section  class='av_textblock_section av-kneak0kd-03df22a0647a6a0d6b6ef1c97f23c04f '   itemscope=\"itemscope\" itemtype=\"https:\/\/schema.org\/CreativeWork\" ><div class='avia_textblock'  itemprop=\"text\" ><p><img decoding=\"async\" class=\"alignleft wp-image-40796 size-full grupo-personalizado-home\" src=\"https:\/\/genesalenergy.com\/wp-content\/uploads\/2021\/04\/Soluciones-personalizadas-grupos-electrogenos-Genesal-Energy.png\" alt=\"\" \/><\/p>\n<\/div><\/section><\/div><div class='av-flex-placeholder'><\/div>\n<style type=\"text\/css\" data-created_by=\"avia_inline_auto\" id=\"style-css-av-3kmi3l-320c14be5ad253e1dc28fd2ac8f48890\">\n.flex_column.av-3kmi3l-320c14be5ad253e1dc28fd2ac8f48890{\nborder-radius:0px 0px 0px 0px;\npadding:0px 0px 0px 0px;\n}\n<\/style>\n<div  class='flex_column av-3kmi3l-320c14be5ad253e1dc28fd2ac8f48890 av_one_third  avia-builder-el-14  el_after_av_one_third  el_before_av_one_third  col-lat-border flex_column_table_cell av-equal-height-column av-align-middle av-zero-column-padding avia-link-column av-column-link  '    data-link-column-url=\"https:\/\/genesalenergy.com\/fr\/groupes-electrogenes-speciaux\/\"   ><a class=\"av-screen-reader-only\" href=https:\/\/genesalenergy.com\/fr\/groupes-electrogenes-speciaux\/ >Lier vers : Groupes \u00e9lectrog\u00e8nes personnalis\u00e9s<\/a><section  class='av_textblock_section av-kne9kayq-886fff658611d6e8b15145da3d236a9d '   itemscope=\"itemscope\" itemtype=\"https:\/\/schema.org\/CreativeWork\" ><div class='avia_textblock'  itemprop=\"text\" ><h5 class=\"seoge\">Groupes \u00e9lectrog\u00e8nes<\/h5>\n<h3 class=\"text-flow\">Solutions<br \/>\npersonnalis\u00e9es<\/h3>\n<h4 class=\"frase-gama\">Des solutions 100% adapt\u00e9es<br \/>\n\u00e0 votre projet.<\/h4>\n<p class=\"text-flow-red personalizadas\"><a href=\"https:\/\/genesalenergy.com\/fr\/groupes-electrogenes-speciaux\/\">+Information<\/a><\/p>\n<\/div><\/section><\/div><div class='av-flex-placeholder'><\/div>\n<style type=\"text\/css\" data-created_by=\"avia_inline_auto\" id=\"style-css-av-s2bbup-61bb7d8f49af6fbe3d044480c5700534\">\n.flex_column.av-s2bbup-61bb7d8f49af6fbe3d044480c5700534{\nborder-radius:0px 0px 0px 0px;\npadding:0px 0px 0px 0px;\n}\n<\/style>\n<div  class='flex_column av-s2bbup-61bb7d8f49af6fbe3d044480c5700534 av_one_third  avia-builder-el-16  el_after_av_one_third  avia-builder-el-last  col-lat-border flex_column_table_cell av-equal-height-column av-align-middle av-zero-column-padding  '     ><p>\n<style type=\"text\/css\" data-created_by=\"avia_inline_auto\" id=\"style-css-av-kne9po5w-2b6f2a282598f08ca993daa4b1b0c54f\">\n#top .hr.av-kne9po5w-2b6f2a282598f08ca993daa4b1b0c54f{\nmargin-top:-30px;\nmargin-bottom:40px;\n}\n.hr.av-kne9po5w-2b6f2a282598f08ca993daa4b1b0c54f .hr-inner{\nwidth:300px;\nborder-color:#b5b5b5;\n}\n<\/style>\n<div  class='hr av-kne9po5w-2b6f2a282598f08ca993daa4b1b0c54f hr-custom  avia-builder-el-17  el_before_av_textblock  avia-builder-el-first  av-desktop-hide av-medium-hide hr-center hr-icon-no'><span class='hr-inner inner-border-av-border-thin'><span class=\"hr-inner-style\"><\/span><\/span><\/div><br \/>\n<section  class='av_textblock_section av-ihrs2p-b600d5924eb991e95171c3e05e10dd80 '   itemscope=\"itemscope\" itemtype=\"https:\/\/schema.org\/CreativeWork\" ><div class='avia_textblock'  itemprop=\"text\" ><h4 class=\"titular-tipologias\">Tipolog\u00edas m\u00e1s frecuentes<\/h4>\n<div class=\"row-centradas\">\n[wc_row]<br \/>\n[wc_column size=&#8221;one-half&#8221; position=&#8221;first&#8221;]<a class=\"tipologia\" href=\"https:\/\/genesalenergy.com\/fr\/groupes-electrogenes-speciaux\/\"><img decoding=\"async\" class=\"aplicaciones-menu-img\" src=\"\/wp-content\/uploads\/2021\/02\/mute.png\" alt=\"Insonorisation\" \/> Insonorisation <\/a><\/p>\n<p><a class=\"tipologia\" href=\"https:\/\/genesalenergy.com\/fr\/groupes-electrogenes-speciaux\/\"><img decoding=\"async\" class=\"aplicaciones-menu-img\" src=\"\/wp-content\/uploads\/2021\/02\/antisismico.png\" alt=\"Antisismique\" \/> Antisismique <\/a><\/p>\n<p><a class=\"tipologia\" href=\"https:\/\/genesalenergy.com\/fr\/groupes-electrogenes-pour-baisses-temperatures\/\"><img decoding=\"async\" class=\"aplicaciones-menu-img\" src=\"\/wp-content\/uploads\/2020\/03\/snow.png\" alt=\"Basses temp\u00e9ratures \" \/> Basses temp\u00e9ratures <\/a><\/p>\n<p><a class=\"tipologia\" href=\"https:\/\/genesalenergy.com\/fr\/groupes-electrogenes-pour-bi-frecuence\/\"><img decoding=\"async\" class=\"aplicaciones-menu-img\" src=\"\/wp-content\/uploads\/2020\/03\/sound-waves.png\" alt=\"Bi-fr\u00e9quence\" \/> Bi-fr\u00e9quence <\/a><\/p>\n<p>[\/wc_column]<br \/>\n[wc_column size=&#8221;one-half&#8221; position=&#8221;last&#8221;]<\/p>\n<p><a class=\"tipologia\" href=\"https:\/\/genesalenergy.com\/fr\/groupes-electrogenes-moyenne-tension\/\"><img decoding=\"async\" class=\"aplicaciones-menu-img\" src=\"\/wp-content\/uploads\/2020\/03\/transformer.png\" alt=\"Moyenne tension\" \/> Moyenne tension <\/a><\/p>\n<p><a class=\"tipologia\" href=\"https:\/\/genesalenergy.com\/fr\/cogeneration\/\"><img decoding=\"async\" class=\"aplicaciones-menu-img\" src=\"\/wp-content\/uploads\/2020\/03\/transmission-tower.png\" alt=\"Cog\u00e9n\u00e9ration\" \/> Cog\u00e9n\u00e9ration <\/a><\/p>\n<p><a class=\"tipologia\" href=\"https:\/\/genesalenergy.com\/fr\/groupes-electrogenes-marins\/\"><img decoding=\"async\" class=\"aplicaciones-menu-img\" src=\"\/wp-content\/uploads\/2021\/02\/marinos.png\" alt=\"Marine\" \/> Marine <\/a><\/p>\n<p>[\/wc_column]<br \/>\n[\/wc_row]\n<\/p>\n<\/div>\n<\/div><\/section><br \/>\n\n<style type=\"text\/css\" data-created_by=\"avia_inline_auto\" id=\"style-css-av-kne9po5w-4d1472fbb266d996cfbf43f99ddf296e\">\n#top .hr.av-kne9po5w-4d1472fbb266d996cfbf43f99ddf296e{\nmargin-top:20px;\nmargin-bottom:40px;\n}\n.hr.av-kne9po5w-4d1472fbb266d996cfbf43f99ddf296e .hr-inner{\nwidth:300px;\nborder-color:#b5b5b5;\n}\n<\/style>\n<div  class='hr av-kne9po5w-4d1472fbb266d996cfbf43f99ddf296e hr-custom  avia-builder-el-19  el_after_av_textblock  el_before_av_textblock  av-desktop-hide av-medium-hide hr-center hr-icon-no'><span class='hr-inner inner-border-av-border-thin'><span class=\"hr-inner-style\"><\/span><\/span><\/div><br \/>\n<section  class='av_textblock_section av-knenbk04-ae1d17c8562b375f6560a8ea8304fe5b '   itemscope=\"itemscope\" itemtype=\"https:\/\/schema.org\/CreativeWork\" ><div class='avia_textblock'  itemprop=\"text\" ><p class=\"centrado\">Avez-vous besoin d&#8217;aide pour configurer<br \/>\nvotre groupe \u00e9lectrog\u00e8ne? <a href=\"https:\/\/genesalenergy.com\/fr\/articles-fr\/etapes-pour-choisir-un-groupe-electrogene\" target=\"_blank\" rel=\"noopener\">D\u00e9couvrez les cl\u00e9s <\/a><\/p>\n<\/div><\/section><\/p><\/div><\/div><!--close column table wrapper. Autoclose: 1 -->\n<\/div><\/div><\/div><!-- close content main div --><\/div><\/div><div id='after_section_2'  class='main_color av_default_container_wrap container_wrap sidebar_right'  ><div class='container av-section-cont-open' ><div class='template-page content  av-content-small alpha units'><div class='post-entry post-entry-type-page post-entry-38603'><div class='entry-content-wrapper clearfix'>\n","protected":false},"excerpt":{"rendered":"","protected":false},"author":1,"featured_media":0,"parent":0,"menu_order":0,"comment_status":"closed","ping_status":"closed","template":"","meta":{"_acf_changed":false,"footnotes":""},"class_list":["post-38603","page","type-page","status-publish","hentry"],"acf":[],"_links":{"self":[{"href":"https:\/\/genesalenergy.com\/fr\/wp-json\/wp\/v2\/pages\/38603","targetHints":{"allow":["GET"]}}],"collection":[{"href":"https:\/\/genesalenergy.com\/fr\/wp-json\/wp\/v2\/pages"}],"about":[{"href":"https:\/\/genesalenergy.com\/fr\/wp-json\/wp\/v2\/types\/page"}],"author":[{"embeddable":true,"href":"https:\/\/genesalenergy.com\/fr\/wp-json\/wp\/v2\/users\/1"}],"replies":[{"embeddable":true,"href":"https:\/\/genesalenergy.com\/fr\/wp-json\/wp\/v2\/comments?post=38603"}],"version-history":[{"count":0,"href":"https:\/\/genesalenergy.com\/fr\/wp-json\/wp\/v2\/pages\/38603\/revisions"}],"wp:attachment":[{"href":"https:\/\/genesalenergy.com\/fr\/wp-json\/wp\/v2\/media?parent=38603"}],"curies":[{"name":"wp","href":"https:\/\/api.w.org\/{rel}","templated":true}]}}