{"id":37251,"date":"2020-04-21T11:46:07","date_gmt":"2020-04-21T11:46:07","guid":{"rendered":"http:\/\/master.genesalenergy.com\/fr\/?page_id=37251"},"modified":"2023-02-21T08:57:04","modified_gmt":"2023-02-21T08:57:04","slug":"catalogue-des-groupes-electrogenes-diesel","status":"publish","type":"page","link":"https:\/\/genesalenergy.com\/fr\/catalogue-des-groupes-electrogenes-diesel\/","title":{"rendered":"Catalogue des groupes \u00e9lectrog\u00e8nes diesel"},"content":{"rendered":"<div id='av_section_1'  class='avia-section av-l9fis9ua-fcfb406d17def40179f62c034c06be60 main_color avia-section-default avia-no-border-styling  avia-builder-el-0  avia-builder-el-no-sibling  avia-bg-style-scroll container_wrap sidebar_right'  ><div class='container av-section-cont-open' ><main  role=\"main\" itemprop=\"mainContentOfPage\"  class='template-page content  av-content-small alpha units'><div class='post-entry post-entry-type-page post-entry-37251'><div class='entry-content-wrapper clearfix'>\n<div class='flex_column_table av-185flab-7a64626b1c6b5dfb0ec7fe44b4f4f901 sc-av_three_fifth av-equal-height-column-flextable'><div  class='flex_column av-185flab-7a64626b1c6b5dfb0ec7fe44b4f4f901 av_three_fifth  avia-builder-el-1  el_before_av_two_fifth  avia-builder-el-first  first no_margin flex_column_table_cell av-equal-height-column av-align-top  '     ><section  class='av_textblock_section av-l9fit7o6-2f4873a614c7339c788738dd8c59d340 '   itemscope=\"itemscope\" itemtype=\"https:\/\/schema.org\/CreativeWork\" ><div class='avia_textblock'  itemprop=\"text\" ><h1 class=\"ge-antetitulo\">Catalogue<\/h1>\n<h2 class=\"ge-encabezado-principal\" style=\"text-transform: none;\">Catalogue des groupes<br \/>\n\u00e9lectrog\u00e8nes diesel<\/h2>\n<p class=\"ge-subtitulo-pequeno\" style=\"text-align: left;\">Consultez plus de 200 r\u00e9f\u00e9rences dans notre catalogue de <a href=\"https:\/\/genesalenergy.com\/fr\/groupes-electrogenes-diesel\/\">groupes \u00e9lectrog\u00e8nes<\/a> diesel de 5,5 kVA \u00e0 2 650 kVA, en triphas\u00e9 ou en monophas\u00e9, et de style ouvert ou insonoris\u00e9.<\/p>\n<\/div><\/section><\/div><div  class='flex_column av-npjtkz-ee01803aac79a78f00ed4cb91e3526d6 av_two_fifth  avia-builder-el-3  el_after_av_three_fifth  el_before_av_hr  no_margin flex_column_table_cell av-equal-height-column av-align-top  '     ><\/div><\/div><!--close column table wrapper. Autoclose: 1 -->\n<style type=\"text\/css\" data-created_by=\"avia_inline_auto\" id=\"style-css-av-l9sfgpaz-19bcbb2ed70a7a17075377e4e5ff70a0\">\n#top .hr.hr-invisible.av-l9sfgpaz-19bcbb2ed70a7a17075377e4e5ff70a0{\nheight:50px;\n}\n<\/style>\n<div  class='hr av-l9sfgpaz-19bcbb2ed70a7a17075377e4e5ff70a0 hr-invisible  avia-builder-el-4  el_after_av_two_fifth  el_before_av_one_full '><span class='hr-inner '><span class=\"hr-inner-style\"><\/span><\/span><\/div>\n<div  class='flex_column av-tw1icj-9898be0ba349f7c54128636d36559e45 av_one_full  avia-builder-el-5  el_after_av_hr  avia-builder-el-last  first flex_column_div  '     ><\/div><\/div><\/div><\/main><!-- close content main element --><\/div><\/div><div id='after_section_1'  class='main_color av_default_container_wrap container_wrap sidebar_right'  ><div class='container av-section-cont-open' ><div class='template-page content  av-content-small alpha units'><div class='post-entry post-entry-type-page post-entry-37251'><div class='entry-content-wrapper clearfix'>\n","protected":false},"excerpt":{"rendered":"","protected":false},"author":1,"featured_media":0,"parent":0,"menu_order":0,"comment_status":"closed","ping_status":"closed","template":"","meta":{"_acf_changed":false,"footnotes":""},"class_list":["post-37251","page","type-page","status-publish","hentry"],"acf":[],"_links":{"self":[{"href":"https:\/\/genesalenergy.com\/fr\/wp-json\/wp\/v2\/pages\/37251","targetHints":{"allow":["GET"]}}],"collection":[{"href":"https:\/\/genesalenergy.com\/fr\/wp-json\/wp\/v2\/pages"}],"about":[{"href":"https:\/\/genesalenergy.com\/fr\/wp-json\/wp\/v2\/types\/page"}],"author":[{"embeddable":true,"href":"https:\/\/genesalenergy.com\/fr\/wp-json\/wp\/v2\/users\/1"}],"replies":[{"embeddable":true,"href":"https:\/\/genesalenergy.com\/fr\/wp-json\/wp\/v2\/comments?post=37251"}],"version-history":[{"count":0,"href":"https:\/\/genesalenergy.com\/fr\/wp-json\/wp\/v2\/pages\/37251\/revisions"}],"wp:attachment":[{"href":"https:\/\/genesalenergy.com\/fr\/wp-json\/wp\/v2\/media?parent=37251"}],"curies":[{"name":"wp","href":"https:\/\/api.w.org\/{rel}","templated":true}]}}