{"id":37127,"date":"2020-04-21T08:56:31","date_gmt":"2020-04-21T08:56:31","guid":{"rendered":"http:\/\/master.genesalenergy.com\/fr\/?page_id=37127"},"modified":"2025-09-26T09:27:55","modified_gmt":"2025-09-26T09:27:55","slug":"groupes-electrogenes-diesel","status":"publish","type":"page","link":"https:\/\/genesalenergy.com\/fr\/groupes-electrogenes-diesel\/","title":{"rendered":"Groupes \u00e9lectrog\u00e8nes diesel"},"content":{"rendered":"\n<style type=\"text\/css\" data-created_by=\"avia_inline_auto\" id=\"style-css-av-1o68dcn-83b77dbe0f2411270a20164a32d52f85\">\n.avia-section.av-1o68dcn-83b77dbe0f2411270a20164a32d52f85{\nbackground-color:#e3e5d5;\nbackground-image:unset;\n}\n<\/style>\n<div id='grupos-electrogenos-diesel'  class='avia-section av-1o68dcn-83b77dbe0f2411270a20164a32d52f85 main_color avia-section-no-padding avia-no-border-styling  avia-builder-el-0  el_before_av_section  avia-builder-el-first  header-align-top-margin-50 cabecera-con-animacion-video avia-bg-style-scroll av-minimum-height av-minimum-height-custom av-height-custom  container_wrap sidebar_right'   data-av_minimum_height_px='644'><div class='container av-section-cont-open' style='height:644px'><main  role=\"main\" itemprop=\"mainContentOfPage\"  class='template-page content  av-content-small alpha units'><div class='post-entry post-entry-type-page post-entry-37127'><div class='entry-content-wrapper clearfix'>\n<div class='flex_column_table av-142wuif-1555532642c4a0d55cebbc5400f21f63 sc-av_one_full av-equal-height-column-flextable'><div  class='flex_column av-142wuif-1555532642c4a0d55cebbc5400f21f63 av_one_full  avia-builder-el-1  el_before_av_codeblock  avia-builder-el-first  first no_margin flex_column_table_cell av-equal-height-column av-align-top  '     ><section  class='av_textblock_section av-l8spjvml-f930c4733ede71336018afbd0a21ce7b '   itemscope=\"itemscope\" itemtype=\"https:\/\/schema.org\/CreativeWork\" ><div class='avia_textblock'  itemprop=\"text\" ><p class=\"ge-antetitulo\">De l&#8217;\u00e9nergie \u00e0 l&#8217;\u00e9tat pur et fiable<\/p>\n<h1 class=\"ge-encabezado-principal\">Des groupes<br \/>\n\u00e9lectrog\u00e8nes<br \/>\n<span style=\"color: #b8012d;\">diesel<\/span><br \/>\n<span style=\"color: #b8012d;\"> standard<\/span><\/h1>\n<\/div><\/section><\/div><\/div><!--close column table wrapper. Autoclose: 1 -->\n<\/div><\/div><\/main><!-- close content main element --><\/div><\/div>\n<style type=\"text\/css\" data-created_by=\"avia_inline_auto\" id=\"style-css-av-l8txhlo9-556090df1a01f8242cca19c4841f6df5\">\n.avia-section.av-l8txhlo9-556090df1a01f8242cca19c4841f6df5{\nbackground-color:#b8012d;\nbackground-image:unset;\n}\n<\/style>\n<div id='av_section_2'  class='avia-section av-l8txhlo9-556090df1a01f8242cca19c4841f6df5 main_color avia-section-default avia-no-border-styling  avia-builder-el-4  el_after_av_section  el_before_av_section  avia-bg-style-scroll container_wrap sidebar_right'  ><div class='container av-section-cont-open' ><div class='template-page content  av-content-small alpha units'><div class='post-entry post-entry-type-page post-entry-37127'><div class='entry-content-wrapper clearfix'>\n\n<style type=\"text\/css\" data-created_by=\"avia_inline_auto\" id=\"style-css-av-15a726v-5281e5112049a873528b33a933053c36\">\n.flex_column.av-15a726v-5281e5112049a873528b33a933053c36{\nbackground-color:#b8012d;\n}\n<\/style>\n<div  class='flex_column av-15a726v-5281e5112049a873528b33a933053c36 av_one_full  avia-builder-el-5  avia-builder-el-no-sibling  first flex_column_div  '     ><section  class='av_textblock_section av-2kylh3-c5f1dedd04c2a98992e5499c19354273 '   itemscope=\"itemscope\" itemtype=\"https:\/\/schema.org\/CreativeWork\" ><div class='avia_textblock'  itemprop=\"text\" ><p class=\"ge-texto-grande-bloque-rojo\">Nos <a style=\"color: #fff;\" href=\"https:\/\/genesalenergy.com\/grupos-electrogenos-genesal\">groupes \u00e9lectrog\u00e8nes<\/a> diesel sont fabriqu\u00e9s dans le respect des r\u00e9glementations les plus exigeantes. Ils sont assembl\u00e9s \u00e0 l&#8217;aide de moteurs et d&#8217;alternateurs issus des marques les plus reconnues sur le march\u00e9, afin de cr\u00e9er des g\u00e9n\u00e9rateurs silencieux, \u00e0 faible consommation et totalement fiables.<\/p>\n<\/div><\/section><\/div>\n\n<\/div><\/div><\/div><!-- close content main div --><\/div><\/div>\n<style type=\"text\/css\" data-created_by=\"avia_inline_auto\" id=\"style-css-av-l9gwsv9b-0dba220cdeec24e7afb7ded37f0178ee\">\n.avia-section.av-l9gwsv9b-0dba220cdeec24e7afb7ded37f0178ee{\nbackground-color:#FAFCF8;\nbackground-image:unset;\n}\n<\/style>\n<div id='av_section_3'  class='avia-section av-l9gwsv9b-0dba220cdeec24e7afb7ded37f0178ee main_color avia-section-large avia-no-border-styling  avia-builder-el-7  el_after_av_section  el_before_av_section  avia-bg-style-scroll container_wrap sidebar_right'  ><div class='container av-section-cont-open' ><div class='template-page content  av-content-small alpha units'><div class='post-entry post-entry-type-page post-entry-37127'><div class='entry-content-wrapper clearfix'>\n<div  class='flex_column av-3akqhqf-5c61a407125c874087f624b4b7119958 av_one_third  avia-builder-el-8  el_before_av_two_third  avia-builder-el-first  first flex_column_div  '     ><section  class='av_textblock_section av-31k991j-e847adcd1e6c75b48aa0cbed52ca1189 '   itemscope=\"itemscope\" itemtype=\"https:\/\/schema.org\/CreativeWork\" ><div class='avia_textblock'  itemprop=\"text\" ><h2 class=\"ge-titulo-pequeno\">Groupes \u00e9lectrog\u00e8nes diesel<\/h2>\n<p class=\"ge-subtitulo-grande\">Silencieux, \u00e0 faible<br \/>\nconsommation et totalement fiables<\/p>\n<p class=\"ge-subtitulo-pequeno\">Toute l&#8217;innovation appliqu\u00e9e \u00e0 la mise au point de votre groupe \u00e9lectrog\u00e8ne diesel<\/p>\n<\/div><\/section><\/div><div  class='flex_column av-2hyog13-104a423b059e6ae076396eaace7197b0 av_two_third  avia-builder-el-10  el_after_av_one_third  avia-builder-el-last  flex_column_div  '     ><p><section  class='av_textblock_section av-1xs31d3-aa202d0c91a1e180b6872b50a3f18299 '   itemscope=\"itemscope\" itemtype=\"https:\/\/schema.org\/CreativeWork\" ><div class='avia_textblock'  itemprop=\"text\" ><p>Notre parti pris en faveur de l&#8217;innovation dans le d\u00e9veloppement nous a permis de concevoir des gammes compl\u00e8tes de groupes \u00e9lectrog\u00e8nes diesel standard, triphas\u00e9s et monophas\u00e9s. Ils offrent diverses options de configuration qui autorisent la souplesse n\u00e9cessaire pour r\u00e9pondre aux besoins de puissance du client.<\/p>\n<p>5-3 900 kVA | 50\/60 Hz | 1 500\/1 800 tr\/min | Monophas\u00e9s\/triphas\u00e9s<\/p>\n<\/div><\/section><br \/>\n<div  class='avia-buttonrow-wrap av-1jlju4n-006d57f05c0923d8cebbc0e22f506650 avia-buttonrow-left  avia-builder-el-12  el_after_av_textblock  avia-builder-el-last '>\n\n<style type=\"text\/css\" data-created_by=\"avia_inline_auto\" id=\"style-css-av-17bymqv-c08b66448f2042fd7a3eca5b8b665000\">\n#top #wrap_all .avia-button.av-17bymqv-c08b66448f2042fd7a3eca5b8b665000{\nmargin-bottom:24px;\nmargin-right:24px;\n}\n<\/style>\n<a href='https:\/\/genesalenergy.com\/fr\/catalogue-des-groupes-electrogenes-diesel\/'  class='avia-button av-17bymqv-c08b66448f2042fd7a3eca5b8b665000 avia-icon_select-no avia-size-large avia-color-theme-color'   aria-label=\"Catalogue en ligne\"><span class='avia_iconbox_title' >Catalogue en ligne<\/span><\/a>\n\n<style type=\"text\/css\" data-created_by=\"avia_inline_auto\" id=\"style-css-av-ir22br-05e8966cc3b1acf09fd96d2115d6ae07\">\n#top #wrap_all .avia-button.av-ir22br-05e8966cc3b1acf09fd96d2115d6ae07{\nmargin-bottom:24px;\nmargin-right:24px;\n}\n<\/style>\n<a href='https:\/\/genesalenergy.com\/wp-content\/uploads\/2020\/05\/Genesal-Energy-ES-Catalogo-producto-2020.pdf'  class='avia-button av-ir22br-05e8966cc3b1acf09fd96d2115d6ae07 avia-icon_select-no avia-size-large avia-color-dark'   aria-label=\"T\u00e9l\u00e9charger le catalogue PDF\"><span class='avia_iconbox_title' >T\u00e9l\u00e9charger le catalogue PDF<\/span><\/a>\n<\/div><\/p><\/div>\n\n<\/div><\/div><\/div><!-- close content main div --><\/div><\/div><div id='gamas'  class='avia-section av-ihiy-c2cd36757ef63f9e68c07b5fda01ddaf main_color avia-section-large avia-no-border-styling  avia-builder-el-13  el_after_av_section  el_before_av_section  avia-bg-style-scroll container_wrap sidebar_right'  ><div class='container av-section-cont-open' ><div class='template-page content  av-content-small alpha units'><div class='post-entry post-entry-type-page post-entry-37127'><div class='entry-content-wrapper clearfix'>\n\n<style type=\"text\/css\" data-created_by=\"avia_inline_auto\" id=\"style-css-av-47em-0a15f6e55a361de7de10283cf0350536\">\n.flex_column.av-47em-0a15f6e55a361de7de10283cf0350536{\nborder-radius:0px 0px 0px 0px;\npadding:0px 0px 0px 0px;\n}\n<\/style>\n<div  class='flex_column av-47em-0a15f6e55a361de7de10283cf0350536 av_two_fifth  avia-builder-el-14  el_before_av_three_fifth  avia-builder-el-first  first flex_column_div av-zero-column-padding  '     ><section  class='av_textblock_section av-jozj1uad-12791a66f955d01b852b330e58d7aff2 '   itemscope=\"itemscope\" itemtype=\"https:\/\/schema.org\/CreativeWork\" ><div class='avia_textblock'  itemprop=\"text\" ><h2 class=\"ge-titulo-pequeno\">Groupes \u00e9lectrog\u00e8nes diesel<\/h2>\n<h3 class=\"ge-subtitulo-grande\">Gammes<\/h3>\n<p class=\"ge-subtitulo-pequeno\">Nous classons nos groupes \u00e9lectrog\u00e8nes diesel par famille en fonction de leur puissance.<\/p>\n<\/div><\/section><\/div>\n<style type=\"text\/css\" data-created_by=\"avia_inline_auto\" id=\"style-css-av-oqn4h3-c5b391a075b23096c5a728ec3033487f\">\n.flex_column.av-oqn4h3-c5b391a075b23096c5a728ec3033487f{\nborder-radius:0px 0px 0px 0px;\npadding:0px 0px 0px 0px;\n}\n<\/style>\n<div  class='flex_column av-oqn4h3-c5b391a075b23096c5a728ec3033487f av_three_fifth  avia-builder-el-16  el_after_av_two_fifth  el_before_av_one_full  flex_column_div av-zero-column-padding  '     ><\/div>\n<style type=\"text\/css\" data-created_by=\"avia_inline_auto\" id=\"style-css-av-jozj8rzp-9b0a2593978afc3b685c1a1229d3ec8a\">\n.flex_column.av-jozj8rzp-9b0a2593978afc3b685c1a1229d3ec8a{\nborder-radius:0px 0px 0px 0px;\npadding:0px 0px 0px 0px;\n}\n<\/style>\n<div  id=\"xs-power\"  class='flex_column av-jozj8rzp-9b0a2593978afc3b685c1a1229d3ec8a av_one_full  avia-builder-el-17  el_after_av_three_fifth  el_before_av_one_full  bloque-gama-full first flex_column_div av-zero-column-padding avia-link-column av-column-link avia-link-column-hover  '    data-link-column-url=\"https:\/\/genesalenergy.com\/fr\/groupes-electrogenes-diesel\/gamme-xs-power\/\"   ><a class=\"av-screen-reader-only\" href=https:\/\/genesalenergy.com\/fr\/groupes-electrogenes-diesel\/gamme-xs-power\/ >Lier vers : Catalogue des groupes \u00e9lectrog\u00e8nes diesel &#8211; GAMME XS POWER<\/a><\/div>\n<style type=\"text\/css\" data-created_by=\"avia_inline_auto\" id=\"style-css-av-8y3w-9a4f117ebc4e11f4c0432b9ab3ef6e4b\">\n.flex_column.av-8y3w-9a4f117ebc4e11f4c0432b9ab3ef6e4b{\nborder-radius:0px 0px 0px 0px;\npadding:0px 0px 0px 0px;\n}\n<\/style>\n<div  id=\"s-power\"  class='flex_column av-8y3w-9a4f117ebc4e11f4c0432b9ab3ef6e4b av_one_full  avia-builder-el-19  el_after_av_one_full  el_before_av_one_full  bloque-gama-full first flex_column_div av-zero-column-padding avia-link-column av-column-link avia-link-column-hover  column-top-margin'    data-link-column-url=\"https:\/\/genesalenergy.com\/fr\/groupes-electrogenes-diesel\/gamme-s-power\/\"   ><a class=\"av-screen-reader-only\" href=https:\/\/genesalenergy.com\/fr\/groupes-electrogenes-diesel\/gamme-s-power\/ >Lier vers : Catalogue des groupes \u00e9lectrog\u00e8nes diesel &#8211; GAMME S POWER<\/a><\/div>\n<style type=\"text\/css\" data-created_by=\"avia_inline_auto\" id=\"style-css-av-6ohk-692d2cb57fe21b4e53e6921115fe5c5f\">\n.flex_column.av-6ohk-692d2cb57fe21b4e53e6921115fe5c5f{\nborder-radius:0px 0px 0px 0px;\npadding:0px 0px 0px 0px;\n}\n<\/style>\n<div  class='flex_column av-6ohk-692d2cb57fe21b4e53e6921115fe5c5f av_one_full  avia-builder-el-21  el_after_av_one_full  el_before_av_one_full  bloque-gama-full first flex_column_div av-zero-column-padding avia-link-column av-column-link avia-link-column-hover  column-top-margin'    data-link-column-url=\"https:\/\/genesalenergy.com\/fr\/groupes-electrogenes-diesel\/gamme-m-power\/\"   ><a class=\"av-screen-reader-only\" href=https:\/\/genesalenergy.com\/fr\/groupes-electrogenes-diesel\/gamme-m-power\/ >Lier vers : Catalogue des groupes \u00e9lectrog\u00e8nes diesel &#8211; GAMME M POWER<\/a><\/div>\n<style type=\"text\/css\" data-created_by=\"avia_inline_auto\" id=\"style-css-av-jozj8xit-0602be59b1a508334de630303a2157a1\">\n.flex_column.av-jozj8xit-0602be59b1a508334de630303a2157a1{\nborder-radius:0px 0px 0px 0px;\npadding:0px 0px 0px 0px;\n}\n<\/style>\n<div  class='flex_column av-jozj8xit-0602be59b1a508334de630303a2157a1 av_one_full  avia-builder-el-23  el_after_av_one_full  el_before_av_one_full  bloque-gama-full first flex_column_div av-zero-column-padding avia-link-column av-column-link avia-link-column-hover  column-top-margin'    data-link-column-url=\"https:\/\/genesalenergy.com\/fr\/groupes-electrogenes-diesel\/gamme-l-power\/\"   ><a class=\"av-screen-reader-only\" href=https:\/\/genesalenergy.com\/fr\/groupes-electrogenes-diesel\/gamme-l-power\/ >Lier vers : Catalogue des groupes \u00e9lectrog\u00e8nes diesel &#8211; GAMME L POWER<\/a><\/div>\n<style type=\"text\/css\" data-created_by=\"avia_inline_auto\" id=\"style-css-av-6af6-e3310a87fab71c51f52e3eda5d0d0d80\">\n.flex_column.av-6af6-e3310a87fab71c51f52e3eda5d0d0d80{\nborder-radius:0px 0px 0px 0px;\npadding:0px 0px 0px 0px;\n}\n<\/style>\n<div  class='flex_column av-6af6-e3310a87fab71c51f52e3eda5d0d0d80 av_one_full  avia-builder-el-25  el_after_av_one_full  el_before_av_one_full  bloque-gama-full first flex_column_div av-zero-column-padding avia-link-column av-column-link avia-link-column-hover  column-top-margin'    data-link-column-url=\"https:\/\/genesalenergy.com\/fr\/groupes-electrogenes-diesel\/gamme-xl-power\/\"   ><a class=\"av-screen-reader-only\" href=https:\/\/genesalenergy.com\/fr\/groupes-electrogenes-diesel\/gamme-xl-power\/ >Lier vers : Catalogue des groupes \u00e9lectrog\u00e8nes diesel &#8211; GAMME XL POWER<\/a><\/div>\n<style type=\"text\/css\" data-created_by=\"avia_inline_auto\" id=\"style-css-av-14jky5j-1d5210267c21517dc269bfed318dc8d6\">\n.flex_column.av-14jky5j-1d5210267c21517dc269bfed318dc8d6{\nbackground-color:#b8012d;\n}\n<\/style>\n<div  class='flex_column av-14jky5j-1d5210267c21517dc269bfed318dc8d6 av_one_full  avia-builder-el-27  el_after_av_one_full  avia-builder-el-last  first flex_column_div  column-top-margin'     ><section  class='av_textblock_section av-qufls7-f89254fad90469dc4a6d12b41529d843 '   itemscope=\"itemscope\" itemtype=\"https:\/\/schema.org\/CreativeWork\" ><div class='avia_textblock'  itemprop=\"text\" ><p class=\"ge-texto-grande-bloque-rojo\">Consultez notre catalogue de groupes \u00e9lectrog\u00e8nes diesel triphas\u00e9s et monophas\u00e9s<\/p>\n<p class=\"ge-link-bloque-rojo\"><a class=\"ge-link-flecha\" href=\"https:\/\/genesalenergy.com\/fr\/catalogue-des-groupes-electrogenes-diesel\/\">Catalogue en ligne<\/a><\/p>\n<\/div><\/section><\/div>\n\n<\/div><\/div><\/div><!-- close content main div --><\/div><\/div>\n<style type=\"text\/css\" data-created_by=\"avia_inline_auto\" id=\"style-css-av-1qxlkx3-77c26e0f14a5da98b14d0f6600f5399d\">\n.avia-section.av-1qxlkx3-77c26e0f14a5da98b14d0f6600f5399d{\nbackground-color:#fafcf8;\nbackground-image:unset;\n}\n<\/style>\n<div id='av_section_5'  class='avia-section av-1qxlkx3-77c26e0f14a5da98b14d0f6600f5399d main_color avia-section-default avia-no-border-styling  avia-builder-el-29  el_after_av_section  el_before_av_section  avia-bg-style-scroll container_wrap sidebar_right'  ><div class='container av-section-cont-open' ><div class='template-page content  av-content-small alpha units'><div class='post-entry post-entry-type-page post-entry-37127'><div class='entry-content-wrapper clearfix'>\n<div  class='flex_column av-13odu1z-daec508e933e15f8ddee0462db5f798c av_one_full  avia-builder-el-30  avia-builder-el-no-sibling  first flex_column_div  '     ><section  class='av_textblock_section av-l9gxs8ux-2cf5f8fd7a370e7cd63128c34b7195b2 '   itemscope=\"itemscope\" itemtype=\"https:\/\/schema.org\/CreativeWork\" ><div class='avia_textblock'  itemprop=\"text\" ><p class=\"ge-antetitulo ge-centrado\" style=\"text-align: center;\">Configuration<\/p>\n<h2 class=\"ge-texto-grande-centrado\" style=\"text-align: center;\">Les configurations standard pour votre groupe \u00e9lectrog\u00e8ne diesel<\/h2>\n<p style=\"text-align: center; margin-left: auto; margin-right: auto;\">Nos groupes \u00e9lectrog\u00e8nes diesel g\u00e9n\u00e8rent du courant triphas\u00e9 ou monophas\u00e9. Ils sont \u00e9quip\u00e9s d&#8217;alternateurs issus des marques les plus reconnues sur le march\u00e9.<\/p>\n<\/div><\/section><br \/>\n<\/p><\/div>\n\n<\/div><\/div><\/div><!-- close content main div --><\/div><\/div><div id='av_section_6'  class='avia-section av-l9gy99i5-b323af78d9e1957a065af744452f018b main_color avia-section-default avia-no-border-styling  avia-builder-el-33  el_after_av_section  avia-builder-el-last  avia-bg-style-scroll container_wrap sidebar_right'  ><div class='container av-section-cont-open' ><div class='template-page content  av-content-small alpha units'><div class='post-entry post-entry-type-page post-entry-37127'><div class='entry-content-wrapper clearfix'>\n<div  class='flex_column av-n75iw7-7622e061c45766a692a8b6774502649e av_one_full  avia-builder-el-34  avia-builder-el-no-sibling  first flex_column_div  '     ><section  class='av_textblock_section av-l9gyam5h-da652d8edd49b69a9a980ef7ab3f9f88 '   itemscope=\"itemscope\" itemtype=\"https:\/\/schema.org\/CreativeWork\" ><div class='avia_textblock'  itemprop=\"text\" ><p class=\"ge-antetitulo ge-centrado\" style=\"text-align: center;\">Configuration<\/p>\n<h2 class=\"ge-texto-grande-centrado\" style=\"text-align: center;\">Caract\u00e9ristiques optionnelles pour les groupes \u00e9lectrog\u00e8nes diesel<\/h2>\n<p style=\"text-align: center; margin-left: auto; margin-right: auto;\">Nos groupes \u00e9lectrog\u00e8nes diesel g\u00e9n\u00e8rent du courant triphas\u00e9 ou monophas\u00e9 et sont \u00e9quip\u00e9s d&#8217;alternateurs issus des marques les plus reconnues du march\u00e9.<\/p>\n<\/div><\/section><br \/>\n<\/p><\/div>\n<\/div><\/div><\/div><!-- close content main div --><\/div><\/div><div id='after_section_6'  class='main_color av_default_container_wrap container_wrap sidebar_right'  ><div class='container av-section-cont-open' ><div class='template-page content  av-content-small alpha units'><div class='post-entry post-entry-type-page post-entry-37127'><div class='entry-content-wrapper clearfix'>\n","protected":false},"excerpt":{"rendered":"","protected":false},"author":1,"featured_media":39637,"parent":0,"menu_order":0,"comment_status":"closed","ping_status":"closed","template":"","meta":{"_acf_changed":false,"footnotes":""},"class_list":["post-37127","page","type-page","status-publish","has-post-thumbnail","hentry"],"acf":[],"_links":{"self":[{"href":"https:\/\/genesalenergy.com\/fr\/wp-json\/wp\/v2\/pages\/37127","targetHints":{"allow":["GET"]}}],"collection":[{"href":"https:\/\/genesalenergy.com\/fr\/wp-json\/wp\/v2\/pages"}],"about":[{"href":"https:\/\/genesalenergy.com\/fr\/wp-json\/wp\/v2\/types\/page"}],"author":[{"embeddable":true,"href":"https:\/\/genesalenergy.com\/fr\/wp-json\/wp\/v2\/users\/1"}],"replies":[{"embeddable":true,"href":"https:\/\/genesalenergy.com\/fr\/wp-json\/wp\/v2\/comments?post=37127"}],"version-history":[{"count":1,"href":"https:\/\/genesalenergy.com\/fr\/wp-json\/wp\/v2\/pages\/37127\/revisions"}],"predecessor-version":[{"id":49851,"href":"https:\/\/genesalenergy.com\/fr\/wp-json\/wp\/v2\/pages\/37127\/revisions\/49851"}],"wp:featuredmedia":[{"embeddable":true,"href":"https:\/\/genesalenergy.com\/fr\/wp-json\/wp\/v2\/media\/39637"}],"wp:attachment":[{"href":"https:\/\/genesalenergy.com\/fr\/wp-json\/wp\/v2\/media?parent=37127"}],"curies":[{"name":"wp","href":"https:\/\/api.w.org\/{rel}","templated":true}]}}