{"id":36601,"date":"2020-04-17T06:56:57","date_gmt":"2020-04-17T06:56:57","guid":{"rendered":"http:\/\/master.genesalenergy.com\/fr\/?page_id=36601"},"modified":"2020-04-21T08:00:48","modified_gmt":"2020-04-21T08:00:48","slug":"presupuesto-grupos-electrogenos-genesal-energy-top","status":"publish","type":"page","link":"https:\/\/genesalenergy.com\/fr\/presupuesto-grupos-electrogenos-genesal-energy-top\/","title":{"rendered":"Presupuesto Grupos Electr\u00f3genos Genesal Energy &#8211; TOP"},"content":{"rendered":"<div id='presupuesto'  class='avia-section av-aacoj9-a37683e576dff442fbb432b4de6a9793 main_color avia-section-default avia-no-border-styling  avia-builder-el-0  el_before_av_section  avia-builder-el-first  av-mini-hide avia-bg-style-scroll container_wrap sidebar_right'  ><div class='container av-section-cont-open' ><main  role=\"main\" itemprop=\"mainContentOfPage\"  class='template-page content  av-content-small alpha units'><div class='post-entry post-entry-type-page post-entry-36601'><div class='entry-content-wrapper clearfix'>\n<div class='flex_column_table av-9mazet-e44eab691abb806f4b8b8e1155af9524 sc-av_three_fifth av-equal-height-column-flextable'>\n<style type=\"text\/css\" data-created_by=\"avia_inline_auto\" id=\"style-css-av-9mazet-e44eab691abb806f4b8b8e1155af9524\">\n.flex_column.av-9mazet-e44eab691abb806f4b8b8e1155af9524{\nborder-radius:0px 0px 0px 0px;\npadding:0 0 0 0;\n}\n<\/style>\n<div  class='flex_column av-9mazet-e44eab691abb806f4b8b8e1155af9524 av_three_fifth  avia-builder-el-1  el_before_av_two_fifth  avia-builder-el-first  first flex_column_table_cell av-equal-height-column av-align-top av-animated-generic fade-in av-zero-column-padding  '     ><style type=\"text\/css\" data-created_by=\"avia_inline_auto\" id=\"style-css-av-7af7zp-0d7e2b3a3022a4b050a254d1b2a57bf6\">\n#top .av_textblock_section.av-7af7zp-0d7e2b3a3022a4b050a254d1b2a57bf6 .avia_textblock{\ncolor:#000000;\n}\n<\/style>\n<section  class='av_textblock_section av-7af7zp-0d7e2b3a3022a4b050a254d1b2a57bf6 '   itemscope=\"itemscope\" itemtype=\"https:\/\/schema.org\/CreativeWork\" ><div class='avia_textblock av_inherit_color'  itemprop=\"text\" ><h2>\u00a1Nos alegra que te hayas decidido!<\/h2>\n<h3 class=\"general\"><span style=\"color: #b8002e;\">Rellena este formulario con el tipo de proyecto que llevar\u00e1s a cabo, el grupo electr\u00f3geno que necesitas o cualquier comentario que tengas.<\/span><\/h3>\n<p><strong>Te enviaremos un presupuesto detallado a partir de toda la informaci\u00f3n que nos facilites.<\/strong><\/p>\n<\/div><\/section><br \/>\n<\/p><\/div><div class='av-flex-placeholder'><\/div>\n<style type=\"text\/css\" data-created_by=\"avia_inline_auto\" id=\"style-css-av-3o7xph-a6e4481717ecae25129347bd34a2fac4\">\n.flex_column.av-3o7xph-a6e4481717ecae25129347bd34a2fac4{\nborder-radius:0px 0px 0px 0px;\npadding:0 0 0 0;\n}\n<\/style>\n<div  class='flex_column av-3o7xph-a6e4481717ecae25129347bd34a2fac4 av_two_fifth  avia-builder-el-4  el_after_av_three_fifth  avia-builder-el-last  flex_column_table_cell av-equal-height-column av-align-top av-animated-generic fade-in av-zero-column-padding  '     ><\/div><\/div><!--close column table wrapper. Autoclose: 1 -->\n\n<\/div><\/div><\/main><!-- close content main element --><\/div><\/div>\n<style type=\"text\/css\" data-created_by=\"avia_inline_auto\" id=\"style-css-av-k99lsujp-1db400b8497baf22ff296e697ec130d1\">\n.avia-section.av-k99lsujp-1db400b8497baf22ff296e697ec130d1{\nbackground-color:#f7f7f7;\nbackground-image:unset;\n}\n<\/style>\n<div id='av_section_2'  class='avia-section av-k99lsujp-1db400b8497baf22ff296e697ec130d1 main_color avia-section-large avia-no-border-styling  avia-builder-el-5  el_after_av_section  avia-builder-el-last  avia-bg-style-scroll container_wrap sidebar_right'  ><div class='container av-section-cont-open' ><div class='template-page content  av-content-small alpha units'><div class='post-entry post-entry-type-page post-entry-36601'><div class='entry-content-wrapper clearfix'>\n<div class='flex_column_table av-3o7xph-23507f2a9cab8c34bcc9ac27896481b9 sc-av_one_half av-equal-height-column-flextable'>\n<style type=\"text\/css\" data-created_by=\"avia_inline_auto\" id=\"style-css-av-3o7xph-23507f2a9cab8c34bcc9ac27896481b9\">\n.flex_column.av-3o7xph-23507f2a9cab8c34bcc9ac27896481b9{\nborder-radius:20px 20px 20px 20px;\npadding:0 0 0 0;\n}\n<\/style>\n<div  class='flex_column av-3o7xph-23507f2a9cab8c34bcc9ac27896481b9 av_one_half  avia-builder-el-6  el_before_av_one_half  avia-builder-el-first  first flex_column_table_cell av-equal-height-column av-align-top av-animated-generic fade-in av-zero-column-padding  '     ><style type=\"text\/css\" data-created_by=\"avia_inline_auto\" id=\"style-css-av-7af7zp-0d7e2b3a3022a4b050a254d1b2a57bf6\">\n#top .av_textblock_section.av-7af7zp-0d7e2b3a3022a4b050a254d1b2a57bf6 .avia_textblock{\ncolor:#000000;\n}\n<\/style>\n<section  class='av_textblock_section av-7af7zp-0d7e2b3a3022a4b050a254d1b2a57bf6 '   itemscope=\"itemscope\" itemtype=\"https:\/\/schema.org\/CreativeWork\" ><div class='avia_textblock av_inherit_color'  itemprop=\"text\" ><h3 class=\"general\"><span style=\"color: #b8002e;\">Por si te queda alguna duda, aqu\u00ed te dejamos un enlace para que puedas ver todos nuestros casos de \u00e9xito ordenados por aplicaci\u00f3n y por pa\u00eds.<\/span><\/h3>\n<p><strong>Seguro que alguno te sirve como referencia<br \/>\npara saber qu\u00e9 grupo encaja mejor contigo.<\/strong><\/p>\n<\/div><\/section><br \/>\n\n<style type=\"text\/css\" data-created_by=\"avia_inline_auto\" id=\"style-css-av-k99m9kvu-e1bf5287311114deadf0d88d7aae7190\">\n#top .hr.hr-invisible.av-k99m9kvu-e1bf5287311114deadf0d88d7aae7190{\nheight:20px;\n}\n<\/style>\n<div  class='hr av-k99m9kvu-e1bf5287311114deadf0d88d7aae7190 hr-invisible  avia-builder-el-8  el_after_av_textblock  el_before_av_button '><span class='hr-inner '><span class=\"hr-inner-style\"><\/span><\/span><\/div><br \/>\n<div  class='avia-button-wrap av-k98qqnl9-2e8faa8f6b5a29b48db6aaaecf90d851-wrap avia-button-left  avia-builder-el-9  el_after_av_hr  avia-builder-el-last '>\n<style type=\"text\/css\" data-created_by=\"avia_inline_auto\" id=\"style-css-av-k98qqnl9-2e8faa8f6b5a29b48db6aaaecf90d851\">\n#top #wrap_all .avia-button.av-k98qqnl9-2e8faa8f6b5a29b48db6aaaecf90d851{\nbackground-color:#b8002e;\nborder-color:#b8002e;\ncolor:#ffffff;\ntransition:all 0.4s ease-in-out;\n}\n#top #wrap_all .avia-button.av-k98qqnl9-2e8faa8f6b5a29b48db6aaaecf90d851 .avia-svg-icon svg:first-child{\nfill:#ffffff;\nstroke:#ffffff;\n}\n<\/style>\n<a href='https:\/\/genesalenergy.com\/fr\/proyectos\/'  class='avia-button av-k98qqnl9-2e8faa8f6b5a29b48db6aaaecf90d851 av-link-btn avia-icon_select-no avia-size-medium avia-position-left'   aria-label=\"Ver proyectos\"><span class='avia_iconbox_title' >Ver proyectos<\/span><\/a><\/div><\/p><\/div><div class='av-flex-placeholder'><\/div>\n<style type=\"text\/css\" data-created_by=\"avia_inline_auto\" id=\"style-css-av-3o7xph-6744a6fab6003918d0fc434b091ab7cb\">\n.flex_column.av-3o7xph-6744a6fab6003918d0fc434b091ab7cb{\nborder-radius:20px 20px 20px 20px;\npadding:0 0 0 0;\n}\n<\/style>\n<div  class='flex_column av-3o7xph-6744a6fab6003918d0fc434b091ab7cb av_one_half  avia-builder-el-10  el_after_av_one_half  avia-builder-el-last  flex_column_table_cell av-equal-height-column av-align-top av-animated-generic fade-in av-zero-column-padding  '     ><style type=\"text\/css\" data-created_by=\"avia_inline_auto\" id=\"style-css-av-7af7zp-0d7e2b3a3022a4b050a254d1b2a57bf6\">\n#top .av_textblock_section.av-7af7zp-0d7e2b3a3022a4b050a254d1b2a57bf6 .avia_textblock{\ncolor:#000000;\n}\n<\/style>\n<section  class='av_textblock_section av-7af7zp-0d7e2b3a3022a4b050a254d1b2a57bf6 '   itemscope=\"itemscope\" itemtype=\"https:\/\/schema.org\/CreativeWork\" ><div class='avia_textblock av_inherit_color'  itemprop=\"text\" ><h3 class=\"general\"><span style=\"color: #b8002e;\">Tambi\u00e9n puedes revisar otra vez nuestro cat\u00e1logo de productos para encontrar el grupo que se adapta mejor a tus necesidades.<\/span><\/h3>\n<p><strong>Seguro que encuentras uno que te sirva pero, si no, <\/strong><br \/>\n<strong>\u00a1te lo hacemos personalizado!<\/strong><\/p>\n<\/div><\/section><br \/>\n\n<style type=\"text\/css\" data-created_by=\"avia_inline_auto\" id=\"style-css-av-k99m9kvu-e1bf5287311114deadf0d88d7aae7190\">\n#top .hr.hr-invisible.av-k99m9kvu-e1bf5287311114deadf0d88d7aae7190{\nheight:20px;\n}\n<\/style>\n<div  class='hr av-k99m9kvu-e1bf5287311114deadf0d88d7aae7190 hr-invisible  avia-builder-el-12  el_after_av_textblock  el_before_av_button '><span class='hr-inner '><span class=\"hr-inner-style\"><\/span><\/span><\/div><br \/>\n<div  class='avia-button-wrap av-k98qqnl9-bb976a44aaade766e95d9153908702d1-wrap avia-button-left  avia-builder-el-13  el_after_av_hr  avia-builder-el-last '>\n<style type=\"text\/css\" data-created_by=\"avia_inline_auto\" id=\"style-css-av-k98qqnl9-bb976a44aaade766e95d9153908702d1\">\n#top #wrap_all .avia-button.av-k98qqnl9-bb976a44aaade766e95d9153908702d1{\nbackground-color:#b8002e;\nborder-color:#b8002e;\ncolor:#ffffff;\ntransition:all 0.4s ease-in-out;\n}\n#top #wrap_all .avia-button.av-k98qqnl9-bb976a44aaade766e95d9153908702d1 .avia-svg-icon svg:first-child{\nfill:#ffffff;\nstroke:#ffffff;\n}\n<\/style>\n<a href='https:\/\/genesalenergy.com\/fr\/grupos-electrogenos\/'  class='avia-button av-k98qqnl9-bb976a44aaade766e95d9153908702d1 av-link-btn avia-icon_select-no avia-size-medium avia-position-left'   aria-label=\"Accede al cat\u00e1logo\"><span class='avia_iconbox_title' >Accede al cat\u00e1logo<\/span><\/a><\/div><\/p><\/div><\/div><!--close column table wrapper. Autoclose: 1 --><\/div><\/div><\/div><!-- close content main div --><\/div><\/div><div id='after_section_2'  class='main_color av_default_container_wrap container_wrap sidebar_right'  ><div class='container av-section-cont-open' ><div class='template-page content  av-content-small alpha units'><div class='post-entry post-entry-type-page post-entry-36601'><div class='entry-content-wrapper clearfix'>\n","protected":false},"excerpt":{"rendered":"","protected":false},"author":1,"featured_media":0,"parent":0,"menu_order":0,"comment_status":"open","ping_status":"closed","template":"","meta":{"_acf_changed":false,"footnotes":""},"class_list":["post-36601","page","type-page","status-publish","hentry"],"acf":[],"_links":{"self":[{"href":"https:\/\/genesalenergy.com\/fr\/wp-json\/wp\/v2\/pages\/36601","targetHints":{"allow":["GET"]}}],"collection":[{"href":"https:\/\/genesalenergy.com\/fr\/wp-json\/wp\/v2\/pages"}],"about":[{"href":"https:\/\/genesalenergy.com\/fr\/wp-json\/wp\/v2\/types\/page"}],"author":[{"embeddable":true,"href":"https:\/\/genesalenergy.com\/fr\/wp-json\/wp\/v2\/users\/1"}],"replies":[{"embeddable":true,"href":"https:\/\/genesalenergy.com\/fr\/wp-json\/wp\/v2\/comments?post=36601"}],"version-history":[{"count":0,"href":"https:\/\/genesalenergy.com\/fr\/wp-json\/wp\/v2\/pages\/36601\/revisions"}],"wp:attachment":[{"href":"https:\/\/genesalenergy.com\/fr\/wp-json\/wp\/v2\/media?parent=36601"}],"curies":[{"name":"wp","href":"https:\/\/api.w.org\/{rel}","templated":true}]}}