{"id":35316,"date":"2020-03-25T11:25:28","date_gmt":"2020-03-25T11:25:28","guid":{"rendered":"http:\/\/master.genesalenergy.com\/fr\/?page_id=35316"},"modified":"2020-03-27T15:15:47","modified_gmt":"2020-03-27T15:15:47","slug":"configurador","status":"publish","type":"page","link":"https:\/\/genesalenergy.com\/fr\/grupos-electrogenos\/configurador\/","title":{"rendered":"Configurador"},"content":{"rendered":"\n<style type=\"text\/css\" data-created_by=\"avia_inline_auto\" id=\"style-css-av-joya3ze9-af47ae61bbbecd82ea8e2316673179f9\">\n.avia-section.av-joya3ze9-af47ae61bbbecd82ea8e2316673179f9{\nbackground-repeat:no-repeat;\nbackground-image:url(https:\/\/genesalenergy.com\/fr\/wp-content\/uploads\/sites\/4\/2020\/03\/genesal-solicitar-presupuesto-scaled.jpg);\nbackground-position:50% 50%;\nbackground-attachment:scroll;\n}\n.avia-section.av-joya3ze9-af47ae61bbbecd82ea8e2316673179f9 .av-section-color-overlay{\nopacity:0.1;\nbackground-color:#000000;\n}\n<\/style>\n<div id='av_section_1'  class='avia-section av-joya3ze9-af47ae61bbbecd82ea8e2316673179f9 main_color avia-section-default avia-no-border-styling  avia-builder-el-0  el_before_av_section  avia-builder-el-first  avia-full-stretch avia-bg-style-scroll av-section-color-overlay-active av-minimum-height av-minimum-height-custom av-height-custom  container_wrap sidebar_right'  data-section-bg-repeat='stretch' data-av_minimum_height_px='460'><div class=\"av-section-color-overlay-wrap\"><div class=\"av-section-color-overlay\"><\/div><div class='container av-section-cont-open' style='height:460px'><main  role=\"main\" itemprop=\"mainContentOfPage\"  class='template-page content  av-content-small alpha units'><div class='post-entry post-entry-type-page post-entry-35316'><div class='entry-content-wrapper clearfix'>\n\n<style type=\"text\/css\" data-created_by=\"avia_inline_auto\" id=\"style-css-av-2qsi7-a0cea029d9727a37605b19ba76629e44\">\n.flex_column.av-2qsi7-a0cea029d9727a37605b19ba76629e44{\nborder-radius:0px 0px 0px 0px;\npadding:0px 0px 0px 0px;\n}\n<\/style>\n<div  class='flex_column av-2qsi7-a0cea029d9727a37605b19ba76629e44 av_one_half  avia-builder-el-1  el_before_av_one_half  avia-builder-el-first  first flex_column_div av-zero-column-padding  '     ><style type=\"text\/css\" data-created_by=\"avia_inline_auto\" id=\"style-css-av-joya5e99-34b427e6b6d89d47ebacc6f83084b770\">\n#top .av_textblock_section.av-joya5e99-34b427e6b6d89d47ebacc6f83084b770 .avia_textblock{\nfont-size:18px;\ncolor:#ffffff;\n}\n<\/style>\n<section  class='av_textblock_section av-joya5e99-34b427e6b6d89d47ebacc6f83084b770 '   itemscope=\"itemscope\" itemtype=\"https:\/\/schema.org\/CreativeWork\" ><div class='avia_textblock shadow av_inherit_color'  itemprop=\"text\" ><p>&lt;h2 class=&#8221;avia-caption-title &#8221; style=&#8221;font-size: 2.4em; text-transform: none;&#8221;&gt;Configura tu soluci\u00f3n&lt;\/h2&gt;<\/p>\n<\/div><\/section><\/div>\n<style type=\"text\/css\" data-created_by=\"avia_inline_auto\" id=\"style-css-av-cw61z-87f402ee686aa1c6a35ab3f0604b7506\">\n.flex_column.av-cw61z-87f402ee686aa1c6a35ab3f0604b7506{\nborder-radius:0px 0px 0px 0px;\npadding:0px 0px 0px 0px;\n}\n<\/style>\n<div  class='flex_column av-cw61z-87f402ee686aa1c6a35ab3f0604b7506 av_one_half  avia-builder-el-3  el_after_av_one_half  avia-builder-el-last  flex_column_div av-zero-column-padding  '     ><\/div>\n\n<\/div><\/div><\/main><!-- close content main element --><\/div><\/div><\/div><div id='av_section_2'  class='avia-section av-b8vsn-8531a917f62fac191a9264692ded14bf main_color avia-section-default avia-no-border-styling  avia-builder-el-4  el_after_av_section  el_before_av_layout_row  avia-bg-style-scroll container_wrap sidebar_right'  ><div class='container av-section-cont-open' ><div class='template-page content  av-content-small alpha units'><div class='post-entry post-entry-type-page post-entry-35316'><div class='entry-content-wrapper clearfix'>\n\n<style type=\"text\/css\" data-created_by=\"avia_inline_auto\" id=\"style-css-av-jlwzj-de3bfa4ed4f81b918faa3c0d0d9db39d\">\n.flex_column.av-jlwzj-de3bfa4ed4f81b918faa3c0d0d9db39d{\nborder-radius:0px 0px 0px 0px;\npadding:0px 0px 0px 0px;\n}\n<\/style>\n<div  class='flex_column av-jlwzj-de3bfa4ed4f81b918faa3c0d0d9db39d av_two_third  avia-builder-el-5  el_before_av_one_third  avia-builder-el-first  first flex_column_div av-zero-column-padding  '     ><section  class='av_textblock_section av-joya4wv2-1d031273a926ad4bfe38dbb80cc57c14 '   itemscope=\"itemscope\" itemtype=\"https:\/\/schema.org\/CreativeWork\" ><div class='avia_textblock'  itemprop=\"text\" ><p>&lt;h1&gt;Configurador<br \/>\nde grupos electr\u00f3genos&lt;\/h1&gt;<br \/>\n&lt;h3 style=&#8221;font-size: 20px !important; color: #b8002e; line-height: 1.3 !important; text-transform: initial !important; font-weight: 500 !important; margin-bottom: 5px !important;&#8221;&gt;Encuentra el grupo electr\u00f3geno que mejor se adapta a tu proyecto.&lt;\/h3&gt;<br \/>\n\u00bfNo tienes claro c\u00f3mo hacerlo? Lee nuestro art\u00edculo sobre los pasos para seleccionar un grupo electr\u00f3geno: &lt;a href=&#8221;https:\/\/genesalenergy.com\/fr\/pasos-para-seleccionar-un-grupo-electrogeno\/&#8221;&gt;&lt;strong&gt; &lt;u&gt;aqu\u00ed&lt;\/u&gt;.&lt;\/strong&gt;&lt;\/a&gt;<\/p>\n<p>[prdctfltr_sc_products preset=\u201cconfigurador\u201d action=&#8221;https:\/\/genesalenergy.com\/fr\/grupos-electrogenos\/productos-genesal-energy\/&#8221; show_products=&#8221;no&#8221; ajax=&#8221;yes&#8221;]<\/p>\n<\/div><\/section><\/div>\n<style type=\"text\/css\" data-created_by=\"avia_inline_auto\" id=\"style-css-av-ds9x3-a9c3d8acbff4288eb03cb17a016d331b\">\n.flex_column.av-ds9x3-a9c3d8acbff4288eb03cb17a016d331b{\nborder-radius:0px 0px 0px 0px;\npadding:0px 0px 0px 0px;\n}\n<\/style>\n<div  class='flex_column av-ds9x3-a9c3d8acbff4288eb03cb17a016d331b av_one_third  avia-builder-el-7  el_after_av_two_third  avia-builder-el-last  flex_column_div av-zero-column-padding  '     ><div  class='avia-builder-widget-area clearfix  avia-builder-el-8  avia-builder-el-no-sibling '><section id=\"text-4\" class=\"widget-odd widget-first widget-1 widget clearfix widget_text\"><h3 class=\"widgettitle\">DISE\u00d1AMOS A MEDIDA<\/h3>\t\t\t<div class=\"textwidget\"><p><strong>Dise\u00f1amos<\/strong>\u00a0grupos electr\u00f3genos de forma totalmente especializada, cuidando hasta el m\u00e1s m\u00ednimo detalle. Tras haber estudiado todas las caracter\u00edsticas y necesidades del proyecto,\u00a0<strong>dise\u00f1aremos una soluci\u00f3n innovadora y eficiente para proporcionar energ\u00eda a la medida de cada cliente<\/strong>.<\/p>\n<\/div>\n\t\t<span class=\"seperator extralight-border\"><\/span><\/section><section id=\"text-5\" class=\"widget-even widget-2 widget clearfix widget_text\"><h3 class=\"widgettitle\">PRESUPUESTO A TU MEDIDA<\/h3>\t\t\t<div class=\"textwidget\"><p>Si el modelo de equipo que necesita no se encuentra entre nuestros productos, po\u0301ngase en contacto con nuestro departamento comercial, le daremos una solucio\u0301n personalizada a su proyecto.<\/p>\n<p><a class=\"avia-button avia-color-dark avia-size-large avia-position-left\" href=\"https:\/\/master.genesalenergy.com\/fr\/presupuesto\/\"><span class=\"avia_iconbox_title\">Solicitar presupuesto<\/span><\/a><\/p>\n<\/div>\n\t\t<span class=\"seperator extralight-border\"><\/span><\/section><section id=\"text-6\" class=\"widget-odd widget-last widget-3 widget clearfix widget_text\"><h3 class=\"widgettitle\">GAMAS DE POTENCIA<\/h3>\t\t\t<div class=\"textwidget\"><p><strong>GAMA XS POWER<\/strong>: La gama XS POWER est\u00e1 concebida para el suministro de energ\u00eda el\u00e9ctrica en aplicaciones con requerimientos de baja potencia. Los equipos de esta gama cuentan con altas prestaciones, reducidas emisiones, f\u00e1cil mantenimiento y gran autonom\u00eda debido al bajo consumo y gran capacidad de tanque de combustible integrado. Son grupos compactos y ligeros que suponen un producto perfecto para entornos dom\u00e9sticos.<\/p>\n<p><strong>GAMA S POWER<\/strong>: La gama S POWER constituye la gama m\u00e1s vers\u00e1til de la carta de productos de GENESAL ENERGY. Esta gama a\u00fana equipos de alta fiabilidad y versatilidad para adaptarse a diferentes aplicaciones. Generadores de altas prestaciones con un gran rango de potencias preparadospara uso tanto profesional como particular.<\/p>\n<p><strong>GAMA M POWER<\/strong>: La gama M POWER da respuesta a necesidades industriales con requerimientos de potencia media. Encontramos en esta gama equipos de alta fiabilidad con multitud de opcionales para adaptabilidad a los requerimientos del cliente; desde equipos especializados a trabajar en \u00e1mbito de emergencia, hasta suministros continuos donde no existe la red o \u00e9sta es poco fiable.<\/p>\n<p><strong>GAMA L POWER<\/strong>:<strong>\u00a0<\/strong>La gama L POWER se corresponde a grandes demandas de energ\u00eda fuera de lo que se considera industria pesada. Caben destacar las aplicaciones de combinaci\u00f3n en paralelo entre grupos de esta gama, as\u00ed como la relaci\u00f3n de potencia\/m2 que suministran estos equipos compactos, perfectos para proporcionar grandes cantidades de energ\u00eda en espacios reducidos.<\/p>\n<p><strong>GAMA XL POWER<\/strong>:<strong>\u00a0<\/strong>La gama XL POWER da respuesta a las necesidades de la industria pesada con altos requerimientos energ\u00e9ticos. Esta familia de generadores se define por su sencilla instalaci\u00f3n, su dise\u00f1o completamente adaptado a las necesidades del cliente y su versatilidad a la hora de ser transportada.<\/p>\n<\/div>\n\t\t<span class=\"seperator extralight-border\"><\/span><\/section><\/div><\/div><\/div><\/div><\/div><!-- close content main div --><\/div><\/div><div id='av-layout-grid-1'  class='av-layout-grid-container av-jqhwxhyx-c0952ceec9c50e46048c44dc0aa19646 entry-content-wrapper main_color av-flex-cells  avia-builder-el-9  el_after_av_section  avia-builder-el-last  new-sticky-bottom-block grid-row-not-first  container_wrap sidebar_right'  >\n\n<style type=\"text\/css\" data-created_by=\"avia_inline_auto\" id=\"style-css-av-jqhwxwnc-e88d8ee4d97b34e9dcd99be46ece9392\">\n.flex_cell.av-jqhwxwnc-e88d8ee4d97b34e9dcd99be46ece9392{\nvertical-align:top;\nheight:20px;\nmin-height:20px;\n}\n.responsive #top #wrap_all .flex_cell.av-jqhwxwnc-e88d8ee4d97b34e9dcd99be46ece9392{\npadding:10px 30px 10px 30px !important;\n}\n<\/style>\n<div class='flex_cell av-jqhwxwnc-e88d8ee4d97b34e9dcd99be46ece9392 av-gridrow-cell av_one_full no_margin  avia-builder-el-10  avia-builder-el-no-sibling  content-align-top'  ><div class='flex_cell_inner'>\n<style type=\"text\/css\" data-created_by=\"avia_inline_auto\" id=\"style-css-av-jozj1uad-7bbfa9a8a91ee7989bbbcbd6149323d8\">\n#top .av_textblock_section.av-jozj1uad-7bbfa9a8a91ee7989bbbcbd6149323d8 .avia_textblock{\nfont-size:14px;\n}\n<\/style>\n<section  class='av_textblock_section av-jozj1uad-7bbfa9a8a91ee7989bbbcbd6149323d8 '   itemscope=\"itemscope\" itemtype=\"https:\/\/schema.org\/CreativeWork\" ><div class='avia_textblock'  itemprop=\"text\" ><p>&lt;div class=&#8221;new-sticky-bottom-block-content&#8221; style=&#8221;text-align: center;&#8221;&gt;&lt;a href=&#8221;https:\/\/genesalenergy.com\/fr\/presupuesto\/&#8221;&gt;Solicita un presupuesto&lt;\/a&gt; &lt;a href=&#8221;https:\/\/genesalenergy.com\/fr\/configurador-de-productos\/&#8221;&gt;Configura tu equipo&lt;\/a&gt; &lt;a href=&#8221;https:\/\/genesalenergy.com\/fr\/contacto\/&#8221;&gt;Contacta con nosotros&lt;\/a&gt;&lt;\/div&gt;<\/p>\n<\/div><\/section>\n<\/div><\/div>\n<\/div>\n","protected":false},"excerpt":{"rendered":"","protected":false},"author":1,"featured_media":0,"parent":35283,"menu_order":0,"comment_status":"closed","ping_status":"closed","template":"","meta":{"_acf_changed":false,"footnotes":""},"class_list":["post-35316","page","type-page","status-publish","hentry"],"acf":[],"_links":{"self":[{"href":"https:\/\/genesalenergy.com\/fr\/wp-json\/wp\/v2\/pages\/35316","targetHints":{"allow":["GET"]}}],"collection":[{"href":"https:\/\/genesalenergy.com\/fr\/wp-json\/wp\/v2\/pages"}],"about":[{"href":"https:\/\/genesalenergy.com\/fr\/wp-json\/wp\/v2\/types\/page"}],"author":[{"embeddable":true,"href":"https:\/\/genesalenergy.com\/fr\/wp-json\/wp\/v2\/users\/1"}],"replies":[{"embeddable":true,"href":"https:\/\/genesalenergy.com\/fr\/wp-json\/wp\/v2\/comments?post=35316"}],"version-history":[{"count":0,"href":"https:\/\/genesalenergy.com\/fr\/wp-json\/wp\/v2\/pages\/35316\/revisions"}],"up":[{"embeddable":true,"href":"https:\/\/genesalenergy.com\/fr\/wp-json\/wp\/v2\/pages\/35283"}],"wp:attachment":[{"href":"https:\/\/genesalenergy.com\/fr\/wp-json\/wp\/v2\/media?parent=35316"}],"curies":[{"name":"wp","href":"https:\/\/api.w.org\/{rel}","templated":true}]}}