{"id":34909,"date":"2017-10-25T14:44:59","date_gmt":"2017-10-25T14:44:59","guid":{"rendered":"http:\/\/master.genesalenergy.com\/fr\/posventa-servicio-de-atencion-tecnica-para-grupos-electrogenos\/"},"modified":"2025-10-20T08:35:38","modified_gmt":"2025-10-20T08:35:38","slug":"service-apres-vente","status":"publish","type":"page","link":"https:\/\/genesalenergy.com\/fr\/service-apres-vente\/","title":{"rendered":"Service Apr\u00e8s-Vente: ASSISTANCE TECHNIQUE ET ENTRETIEN 24H"},"content":{"rendered":"\n<style type=\"text\/css\" data-created_by=\"avia_inline_auto\" id=\"style-css-av-l9idm169-23b1d29cbd42afaa5faeb1fd19dada1f\">\n.avia-section.av-l9idm169-23b1d29cbd42afaa5faeb1fd19dada1f{\nbackground-repeat:no-repeat;\nbackground-image:url(https:\/\/genesalenergy.com\/fr\/wp-content\/uploads\/sites\/4\/2023\/02\/genesal_talento_02-scaled-1-1030x301.jpg);\nbackground-position:100% 50%;\nbackground-attachment:scroll;\n}\n<\/style>\n<div id='av_section_1'  class='avia-section av-l9idm169-23b1d29cbd42afaa5faeb1fd19dada1f main_color avia-section-no-padding avia-no-border-styling  avia-builder-el-0  el_before_av_section  avia-builder-el-first  header-align-top-margin-50 avia-full-stretch avia-bg-style-scroll av-minimum-height av-minimum-height-custom av-height-custom  container_wrap sidebar_right'  data-section-bg-repeat='stretch' data-av_minimum_height_px='560'><div class='container av-section-cont-open' style='height:560px'><main  role=\"main\" itemprop=\"mainContentOfPage\"  class='template-page content  av-content-small alpha units'><div class='post-entry post-entry-type-page post-entry-34909'><div class='entry-content-wrapper clearfix'>\n<div class='flex_column_table av-r9qebh-5b8c82cf5d785271378c8887e26f52df sc-av_one_full av-equal-height-column-flextable'><div  class='flex_column av-r9qebh-5b8c82cf5d785271378c8887e26f52df av_one_full  avia-builder-el-1  avia-builder-el-no-sibling  first no_margin flex_column_table_cell av-equal-height-column av-align-top  '     ><section  class='av_textblock_section av-l9ido5a4-de1fe34e40d8e47c42f06dc008e4fbe1 '   itemscope=\"itemscope\" itemtype=\"https:\/\/schema.org\/CreativeWork\" ><div class='avia_textblock'  itemprop=\"text\" ><h1 class=\"ge-antetitulo\">Service apr\u00e8s-vente \u2013 Maintenance des groupes \u00e9lectrog\u00e8nes<\/h1>\n<h2 class=\"ge-encabezado-principal\">La vente n&#8217;est<br \/>\nque le d\u00e9but<\/h2>\n<\/div><\/section><\/div><\/div><!--close column table wrapper. Autoclose: 1 -->\n\n<\/div><\/div><\/main><!-- close content main element --><\/div><\/div>\n<style type=\"text\/css\" data-created_by=\"avia_inline_auto\" id=\"style-css-av-1av6x0d-2cb7f7cbed77cb1b741c6fac98cd1dd5\">\n.avia-section.av-1av6x0d-2cb7f7cbed77cb1b741c6fac98cd1dd5{\nbackground-color:#b8012d;\nbackground-image:unset;\n}\n<\/style>\n<div id='av_section_2'  class='avia-section av-1av6x0d-2cb7f7cbed77cb1b741c6fac98cd1dd5 main_color avia-section-default avia-no-border-styling  avia-builder-el-3  el_after_av_section  el_before_av_section  avia-bg-style-scroll container_wrap sidebar_right'  ><div class='container av-section-cont-open' ><div class='template-page content  av-content-small alpha units'><div class='post-entry post-entry-type-page post-entry-34909'><div class='entry-content-wrapper clearfix'>\n\n<style type=\"text\/css\" data-created_by=\"avia_inline_auto\" id=\"style-css-av-or22vx-099620e7b09cc319508e492674704255\">\n.flex_column.av-or22vx-099620e7b09cc319508e492674704255{\nbackground-color:#b8012d;\n}\n<\/style>\n<div  class='flex_column av-or22vx-099620e7b09cc319508e492674704255 av_one_full  avia-builder-el-4  avia-builder-el-no-sibling  first flex_column_div  '     ><section  class='av_textblock_section av-l9idqnb9-0e0b2b90834cf65abc17d88b8d0cdbf5 '   itemscope=\"itemscope\" itemtype=\"https:\/\/schema.org\/CreativeWork\" ><div class='avia_textblock'  itemprop=\"text\" ><p class=\"ge-texto-grande-bloque-rojo\">Nos groupes \u00e9lectrog\u00e8nes diesel sont fabriqu\u00e9s conform\u00e9ment aux normes les plus exigeantes. Ils sont assembl\u00e9s \u00e0 l&#8217;aide de moteurs et d&#8217;alternateurs issus des marques les plus renomm\u00e9es du march\u00e9, afin de cr\u00e9er des g\u00e9n\u00e9rateurs silencieux, \u00e0 faible consommation et totalement fiables.<\/p>\n<p class=\"ge-link-bloque-rojo\"><a class=\"ge-link-descarga\" href=\"https:\/\/genesalenergy.com\/wp-content\/uploads\/2020\/05\/Genesal-Energy-ES-Cata\u0301logo-SAT-2020.pdf\" target=\"_blank\" rel=\"noopener\">T\u00e9l\u00e9charger le dossier du SAT<\/a><\/p>\n<\/div><\/section><\/div>\n\n<\/div><\/div><\/div><!-- close content main div --><\/div><\/div><div id='av_section_3'  class='avia-section av-8k8d74t-82e36564edbdb0808b2de5e92ba4ef36 main_color avia-section-large avia-no-border-styling  avia-builder-el-6  el_after_av_section  el_before_av_section  posventa-iconos avia-bg-style-scroll container_wrap sidebar_right'  ><div class='container av-section-cont-open' ><div class='template-page content  av-content-small alpha units'><div class='post-entry post-entry-type-page post-entry-34909'><div class='entry-content-wrapper clearfix'>\n<div  class='flex_column av-z50fy5-424eae82922f31cb09aa9f87e69f3bba av_one_half  avia-builder-el-7  el_before_av_one_half  avia-builder-el-first  first flex_column_div  '     ><section  class='av_textblock_section av-l9idux25-557651aeaed918e4151c0016bb898b32 '   itemscope=\"itemscope\" itemtype=\"https:\/\/schema.org\/CreativeWork\" ><div class='avia_textblock'  itemprop=\"text\" ><h3 class=\"ge-subtitulo-grande\">Le service apr\u00e8s-vente<\/h3>\n<p class=\"ge-subtitulo-pequeno\">Nos techniciens sp\u00e9cialis\u00e9s sont agr\u00e9\u00e9s et form\u00e9s dans notre \u00ab centre de formation \u00bb afin de pouvoir r\u00e9pondre \u00e0 n&#8217;importe quel impr\u00e9vu 24 heures sur 24, 365 jours par an, conform\u00e9ment \u00e0 la norme technique que nous avons \u00e9tablie en tant que fabricant de groupes \u00e9lectrog\u00e8nes sp\u00e9cialis\u00e9s.<\/p>\n<\/div><\/section><\/div><div  class='flex_column av-ofkewt-81c97eac38d6e246d2a12c1ff2b81c19 av_one_half  avia-builder-el-9  el_after_av_one_half  el_before_av_one_third  flex_column_div  '     ><\/div>\n<style type=\"text\/css\" data-created_by=\"avia_inline_auto\" id=\"style-css-av-88ranml-ed5cf719ca7d8d56f5f12432fc0e7aff\">\n.flex_column.av-88ranml-ed5cf719ca7d8d56f5f12432fc0e7aff{\nborder-radius:0px 0px 0px 0px;\npadding:0px 0px 0px 0px;\n}\n<\/style>\n<div  class='flex_column av-88ranml-ed5cf719ca7d8d56f5f12432fc0e7aff av_one_third  avia-builder-el-10  el_after_av_one_half  el_before_av_one_third  first flex_column_div av-zero-column-padding  column-top-margin'     ><style type=\"text\/css\" data-created_by=\"avia_inline_auto\" id=\"style-css-av-l9ie7ahr-12b3ff2cda1b61964953810b58bd8f0c\">\n#top .av_textblock_section.av-l9ie7ahr-12b3ff2cda1b61964953810b58bd8f0c .avia_textblock{\nfont-size:14px;\n}\n<\/style>\n<section  class='av_textblock_section av-l9ie7ahr-12b3ff2cda1b61964953810b58bd8f0c '   itemscope=\"itemscope\" itemtype=\"https:\/\/schema.org\/CreativeWork\" ><div class='avia_textblock genesal-list'  itemprop=\"text\" ><p><img loading=\"lazy\" decoding=\"async\" class=\"alignnone wp-image-44988\" src=\"https:\/\/genesalenergy.com\/wp-content\/uploads\/2022\/10\/icon-calidad2x.png\" alt=\"\" width=\"94\" height=\"96\" \/><\/p>\n<h5 class=\"ge-subtitulo-mediano-inline\">Installations<\/h5>\n<p>Notre service apr\u00e8s-vente <strong>effectue l&#8217;installation et la mise en service de nos <span style=\"color: #b8012d;\">groupes \u00e9lectrog\u00e8nes<\/span><\/strong>. Suivant une prise de sp\u00e9cifications sur site, notre service d&#8217;ing\u00e9nierie analyse les conditions techniques de mise en \u0153uvre afin de garantir une installation conforme \u00e0 la r\u00e9glementation en vigueur, avec une garantie totale d&#8217;op\u00e9rabilit\u00e9.<\/p>\n<\/div><\/section><\/div>\n<style type=\"text\/css\" data-created_by=\"avia_inline_auto\" id=\"style-css-av-7sr177h-e639a658436ff622aeba692d73b16dc9\">\n.flex_column.av-7sr177h-e639a658436ff622aeba692d73b16dc9{\nborder-radius:0px 0px 0px 0px;\npadding:0px 0px 0px 0px;\n}\n<\/style>\n<div  class='flex_column av-7sr177h-e639a658436ff622aeba692d73b16dc9 av_one_third  avia-builder-el-12  el_after_av_one_third  el_before_av_one_third  flex_column_div av-zero-column-padding  column-top-margin'     ><style type=\"text\/css\" data-created_by=\"avia_inline_auto\" id=\"style-css-av-71jkzx9-283416ae127763218575aa8ef276e8df\">\n#top .av_textblock_section.av-71jkzx9-283416ae127763218575aa8ef276e8df .avia_textblock{\nfont-size:14px;\n}\n<\/style>\n<section  class='av_textblock_section av-71jkzx9-283416ae127763218575aa8ef276e8df '   itemscope=\"itemscope\" itemtype=\"https:\/\/schema.org\/CreativeWork\" ><div class='avia_textblock genesal-list'  itemprop=\"text\" ><p><img loading=\"lazy\" decoding=\"async\" class=\"alignnone wp-image-45448\" src=\"https:\/\/genesalenergy.com\/wp-content\/uploads\/2022\/10\/icon-repuestos-2x.png\" alt=\"\" width=\"86\" height=\"96\" \/><\/p>\n<h5 class=\"ge-subtitulo-mediano-inline\">Pi\u00e8ces de rechange<\/h5>\n<p>Nous disposons d&#8217;un stock de pi\u00e8ces d\u00e9tach\u00e9es pour toutes les marques avec lesquelles nous travaillons et pour toute notre gamme de produits. De cette fa\u00e7on, <strong>nous traitons les incidents dans les plus brefs d\u00e9lais et toujours avec des produits de qualit\u00e9 europ\u00e9enne.<\/strong><\/p>\n<\/div><\/section><\/div>\n<style type=\"text\/css\" data-created_by=\"avia_inline_auto\" id=\"style-css-av-6nc9xlp-e220b218cef6b4c9d2d19801262a2588\">\n.flex_column.av-6nc9xlp-e220b218cef6b4c9d2d19801262a2588{\nborder-radius:0px 0px 0px 0px;\npadding:0px 0px 0px 0px;\n}\n<\/style>\n<div  class='flex_column av-6nc9xlp-e220b218cef6b4c9d2d19801262a2588 av_one_third  avia-builder-el-14  el_after_av_one_third  el_before_av_one_third  flex_column_div av-zero-column-padding  column-top-margin'     ><style type=\"text\/css\" data-created_by=\"avia_inline_auto\" id=\"style-css-av-61o9xz1-204cbdb54bb6849a211259eaf4b08c09\">\n#top .av_textblock_section.av-61o9xz1-204cbdb54bb6849a211259eaf4b08c09 .avia_textblock{\nfont-size:14px;\n}\n<\/style>\n<section  class='av_textblock_section av-61o9xz1-204cbdb54bb6849a211259eaf4b08c09 '   itemscope=\"itemscope\" itemtype=\"https:\/\/schema.org\/CreativeWork\" ><div class='avia_textblock genesal-list'  itemprop=\"text\" ><p><img loading=\"lazy\" decoding=\"async\" class=\"alignnone wp-image-45449\" src=\"https:\/\/genesalenergy.com\/wp-content\/uploads\/2022\/10\/icon-asistencia-2x.png\" alt=\"\" width=\"71\" height=\"96\" \/><\/p>\n<h5 class=\"ge-subtitulo-mediano-inline\">Assistance technique<\/h5>\n<p>Nos techniciens sp\u00e9cialis\u00e9s <strong>r\u00e9tablissent le fonctionnement de votre \u00e9quipement, en r\u00e9solvant la panne dans les plus brefs d\u00e9lais<\/strong>. Nous disposons d&#8217;une ligne directe avec les pi\u00e8ces de rechange du fabricant, ce qui garantit un d\u00e9lai de remplacement minimal.<\/p>\n<\/div><\/section><\/div>\n<style type=\"text\/css\" data-created_by=\"avia_inline_auto\" id=\"style-css-av-5nopiil-f88c0bf51c6fb9431533f68d8274fc32\">\n.flex_column.av-5nopiil-f88c0bf51c6fb9431533f68d8274fc32{\nborder-radius:0px 0px 0px 0px;\npadding:0px 0px 0px 0px;\n}\n<\/style>\n<div  class='flex_column av-5nopiil-f88c0bf51c6fb9431533f68d8274fc32 av_one_third  avia-builder-el-16  el_after_av_one_third  el_before_av_one_third  first flex_column_div av-zero-column-padding  column-top-margin'     ><style type=\"text\/css\" data-created_by=\"avia_inline_auto\" id=\"style-css-av-551lpfh-934ac63e76956538be0d40b95f643ec6\">\n#top .av_textblock_section.av-551lpfh-934ac63e76956538be0d40b95f643ec6 .avia_textblock{\nfont-size:14px;\n}\n<\/style>\n<section  class='av_textblock_section av-551lpfh-934ac63e76956538be0d40b95f643ec6 '   itemscope=\"itemscope\" itemtype=\"https:\/\/schema.org\/CreativeWork\" ><div class='avia_textblock genesal-list'  itemprop=\"text\" ><p><img loading=\"lazy\" decoding=\"async\" class=\"alignnone wp-image-45453\" src=\"https:\/\/genesalenergy.com\/wp-content\/uploads\/2022\/10\/icon-puestaenmarcha2x.png\" alt=\"\" width=\"66\" height=\"96\" \/><\/p>\n<h5 class=\"ge-subtitulo-mediano-inline\">Mise en service<\/h5>\n<p>Nous effectuons la mise en service de nos \u00e9quipements avec des techniciens sp\u00e9cialis\u00e9s qui garantissent la mise en \u0153uvre correcte du produit dans les conditions techniques requises.<\/p>\n<\/div><\/section><\/div>\n<style type=\"text\/css\" data-created_by=\"avia_inline_auto\" id=\"style-css-av-4zit2jh-7bf4b1c5230328a32049d9e4c61dc2c0\">\n.flex_column.av-4zit2jh-7bf4b1c5230328a32049d9e4c61dc2c0{\nborder-radius:0px 0px 0px 0px;\npadding:0px 0px 0px 0px;\n}\n<\/style>\n<div  class='flex_column av-4zit2jh-7bf4b1c5230328a32049d9e4c61dc2c0 av_one_third  avia-builder-el-18  el_after_av_one_third  el_before_av_one_third  flex_column_div av-zero-column-padding  column-top-margin'     ><style type=\"text\/css\" data-created_by=\"avia_inline_auto\" id=\"style-css-av-j5ekal-5bcf71dc2a410a0569da8e289d1775e0\">\n#top .av_textblock_section.av-j5ekal-5bcf71dc2a410a0569da8e289d1775e0 .avia_textblock{\nfont-size:14px;\n}\n<\/style>\n<section  class='av_textblock_section av-j5ekal-5bcf71dc2a410a0569da8e289d1775e0 '   itemscope=\"itemscope\" itemtype=\"https:\/\/schema.org\/CreativeWork\" ><div class='avia_textblock genesal-list'  itemprop=\"text\" ><p><img loading=\"lazy\" decoding=\"async\" class=\"alignnone wp-image-45455\" src=\"https:\/\/genesalenergy.com\/wp-content\/uploads\/2022\/10\/icon-telegestion2x-300x297.png\" alt=\"\" width=\"97\" height=\"96\" \/><\/p>\n<h5 class=\"ge-subtitulo-mediano-inline\">T\u00e9l\u00e9gestion<\/h5>\n<p>Afin de pouvoir r\u00e9pondre \u00e0 vos besoins en mati\u00e8re de t\u00e9l\u00e9gestion de vos \u00e9quipements, nous proposons le syst\u00e8me de t\u00e9l\u00e9gestion et de t\u00e9l\u00e9surveillance pour contr\u00f4ler vos groupes \u00e9lectrog\u00e8nes \u00e0 travers des syst\u00e8mes de communication via Ethernet.<\/p>\n<\/div><\/section><\/div>\n<style type=\"text\/css\" data-created_by=\"avia_inline_auto\" id=\"style-css-av-3w2pyfx-f03d41d1fcca9407d41a2092737fda22\">\n.flex_column.av-3w2pyfx-f03d41d1fcca9407d41a2092737fda22{\nborder-radius:0px 0px 0px 0px;\npadding:0px 0px 0px 0px;\n}\n<\/style>\n<div  class='flex_column av-3w2pyfx-f03d41d1fcca9407d41a2092737fda22 av_one_third  avia-builder-el-20  el_after_av_one_third  avia-builder-el-last  flex_column_div av-zero-column-padding  column-top-margin'     ><style type=\"text\/css\" data-created_by=\"avia_inline_auto\" id=\"style-css-av-49uugu5-33ccb9053e379353d5c3e1ba91bae2d7\">\n#top .av_textblock_section.av-49uugu5-33ccb9053e379353d5c3e1ba91bae2d7 .avia_textblock{\nfont-size:14px;\n}\n<\/style>\n<section  class='av_textblock_section av-49uugu5-33ccb9053e379353d5c3e1ba91bae2d7 '   itemscope=\"itemscope\" itemtype=\"https:\/\/schema.org\/CreativeWork\" ><div class='avia_textblock genesal-list'  itemprop=\"text\" ><p><img loading=\"lazy\" decoding=\"async\" class=\"alignnone wp-image-45454\" src=\"https:\/\/genesalenergy.com\/wp-content\/uploads\/2022\/10\/icon-adaptaciones2x.png\" alt=\"\" width=\"96\" height=\"96\" \/><\/p>\n<h5 class=\"ge-subtitulo-mediano-inline\">Adaptations<\/h5>\n<p>Nous adaptons l&#8217;\u00e9quipement \u00e0 vos nouveaux besoins afin de vous offrir une am\u00e9lioration continue : configuration des alarmes, r\u00e9novations des panneaux de contr\u00f4le, installation de r\u00e9servoirs de carburant, etc.<\/p>\n<\/div><\/section><\/div>\n\n<\/div><\/div><\/div><!-- close content main div --><\/div><\/div>\n<style type=\"text\/css\" data-created_by=\"avia_inline_auto\" id=\"style-css-av-22f0xod-605acb68c1a1d24a8dc518b9178a793e\">\n.avia-section.av-22f0xod-605acb68c1a1d24a8dc518b9178a793e{\nmargin-top:0px;\nmargin-bottom:80px;\n}\n<\/style>\n<div id='av_section_4'  class='avia-section av-22f0xod-605acb68c1a1d24a8dc518b9178a793e main_color avia-section-default avia-no-border-styling  avia-builder-el-22  el_after_av_section  avia-builder-el-last  avia-bg-style-scroll container_wrap sidebar_right'  ><div class='container av-section-cont-open' ><div class='template-page content  av-content-small alpha units'><div class='post-entry post-entry-type-page post-entry-34909'><div class='entry-content-wrapper clearfix'>\n<div  class='flex_column av-1nwrhtp-b7115c7b3e20ee4883e0564e5af96478 av_three_fifth  avia-builder-el-23  el_before_av_two_fifth  avia-builder-el-first  first flex_column_div  '     ><section  class='av_textblock_section av-18ncosd-d2432450e522c74a4b1eabe27b35408f '   itemscope=\"itemscope\" itemtype=\"https:\/\/schema.org\/CreativeWork\" ><div class='avia_textblock'  itemprop=\"text\" ><h2 class=\"ge-titulo-pequeno\">T\u00e9l\u00e9gestion et t\u00e9l\u00e9surveillance des groupes \u00e9lectrog\u00e8nes<\/h2>\n<h2 class=\"ge-encabezado-principal\">La distance n&#8217;a<br \/>\naucune importance<\/h2>\n<p class=\"ge-subtitulo-pequeno\">Nous r\u00e9pondons aux besoins en mati\u00e8re de t\u00e9l\u00e9gestion de vos centres gr\u00e2ce \u00e0 notre syst\u00e8me de t\u00e9l\u00e9gestion et de t\u00e9l\u00e9surveillance, afin de contr\u00f4ler les groupes \u00e9lectrog\u00e8nes \u00e0 travers des syst\u00e8mes Ethernet.<\/p>\n<p>T\u00e9l\u00e9chargez notre dossier de t\u00e9l\u00e9gestion (t\u00e9l\u00e9surveillance et contr\u00f4le \u00e0 distance)<\/p>\n<\/div><\/section><br \/>\n<div  class='avia-button-wrap av-jhddjx-a6fdf13a138081e0e31f4d8219c91454-wrap avia-button-left  avia-builder-el-25  el_after_av_textblock  avia-builder-el-last  boton-descarga'><a href='https:\/\/genesalenergy.com\/fr\/wp-content\/uploads\/sites\/4\/2020\/03\/Telegesti\u00f3n-2018-1.pdf'  class='avia-button av-jhddjx-a6fdf13a138081e0e31f4d8219c91454 av-link-btn avia-icon_select-yes-left-icon avia-size-large avia-position-left avia-color-dark'  target=\"_blank\"  rel=\"noopener noreferrer\"  aria-label=\"T\u00e9l\u00e9charger PDF\"><span class='avia_button_icon avia_button_icon_left avia-iconfont avia-font-entypo-fontello' data-av_icon='\ue82d' data-av_iconfont='entypo-fontello' ><\/span><span class='avia_iconbox_title' >T\u00e9l\u00e9charger PDF<\/span><\/a><\/div><\/p><\/div><div  class='flex_column av-2wmlx9-d359f93223a45747e71c241bc2913265 av_two_fifth  avia-builder-el-26  el_after_av_three_fifth  el_before_av_image  flex_column_div  '     ><\/div>\n<style type=\"text\/css\" data-created_by=\"avia_inline_auto\" id=\"style-css-av-l9igrcz4-9ac31d8fa6ccae6c33f145e5609b642a\">\n.avia-image-container.av-l9igrcz4-9ac31d8fa6ccae6c33f145e5609b642a img.avia_image{\nbox-shadow:none;\n}\n.avia-image-container.av-l9igrcz4-9ac31d8fa6ccae6c33f145e5609b642a .av-image-caption-overlay-center{\ncolor:#ffffff;\n}\n<\/style>\n<div  class='avia-image-container av-l9igrcz4-9ac31d8fa6ccae6c33f145e5609b642a av-styling-no-styling avia-align-center  avia-builder-el-27  el_after_av_two_fifth  el_before_av_one_half '   itemprop=\"image\" itemscope=\"itemscope\" itemtype=\"https:\/\/schema.org\/ImageObject\" ><div class=\"avia-image-container-inner\"><div class=\"avia-image-overlay-wrap\"><img decoding=\"async\" fetchpriority=\"high\" class='wp-image- avia-img-lazy-loading-not- avia_image ' src=\"https:\/\/genesalenergy.com\/wp-content\/uploads\/2022\/11\/Genesal-Energy-SAT-Distancia-sin-problema.jpg\" alt='' title=''   itemprop=\"thumbnailUrl\"  \/><\/div><\/div><\/div>\n<div  class='flex_column av-1tu5919-ada1d036879e596b2be292493ee138ac av_one_half  avia-builder-el-28  el_after_av_image  el_before_av_one_half  first flex_column_div  '     ><section  class='av_textblock_section av-14zjbgd-bf5107db77dc16bb1520ae6e293202a4 '   itemscope=\"itemscope\" itemtype=\"https:\/\/schema.org\/CreativeWork\" ><div class='avia_textblock'  itemprop=\"text\" ><h3 class=\"ge-subtitulo-grande\">Notre syst\u00e8me exclusif<\/h3>\n<p class=\"ge-subtitulo-pequeno\">Nos techniciens sp\u00e9cialis\u00e9s ont re\u00e7u une homologation et ils ont \u00e9t\u00e9 form\u00e9s dans notre propre centre de formation afin de pouvoir r\u00e9pondre \u00e0 n&#8217;importe quel impr\u00e9vu 24 heures sur 24, 365 jours par an, selon la norme technique que nous avons \u00e9tablie en tant que fabricant sp\u00e9cialiste en groupes \u00e9lectrog\u00e8nes.<\/p>\n<p>Aussi bien dans le temps de d\u00e9tection d&#8217;\u00e9ventuelles pannes, que dans l&#8217;\u00e9tat de n&#8217;importe quel groupe \u00e9lectrog\u00e8ne au niveau mondial, avec pour seul outil une connexion Internet, fixe ou mobile. En outre, les visualisations de pannes et les r\u00e9glages peuvent \u00eatre effectu\u00e9s \u00e0 distance et en temps r\u00e9el, ce qui a une r\u00e9percussion directe sur la dur\u00e9e de l&#8217;action.<\/p>\n<\/div><\/section><\/div><div  class='flex_column av-r3lmsd-771433aa6fc5cb50a7b923fbee3b1737 av_one_half  avia-builder-el-30  el_after_av_one_half  avia-builder-el-last  flex_column_div  '     ><section  class='av_textblock_section av-l9ign9t3-46be02daa74ffc8b2db2c19d3a8b396f '   itemscope=\"itemscope\" itemtype=\"https:\/\/schema.org\/CreativeWork\" ><div class='avia_textblock'  itemprop=\"text\" ><h3 class=\"ge-subtitulo-grande\">Surveillance et contr\u00f4le<\/h3>\n<ul class=\"ge-listado-caracteristicas\">\n<li>Une r\u00e9vision par les techniciens sp\u00e9cialis\u00e9s sur place, pendant l&#8217;installation de l&#8217;automatisation.<\/li>\n<li>Possibilit\u00e9 de surveiller et de contr\u00f4ler depuis un environnement Apple ou Android avec des avertissements d&#8217;alarme programm\u00e9s.<\/li>\n<li>Possibilit\u00e9 d&#8217;\u00e9valuer l&#8217;\u00e9tat \u00e0 partir de l&#8217;historique du groupe \u00e9lectrog\u00e8ne.<\/li>\n<li>R\u00e9duction des co\u00fbts de service gr\u00e2ce \u00e0 la diminution des interventions et des rondes de surveillance qu&#8217;exige le contr\u00f4le des \u00e9quipements.<\/li>\n<li>R\u00e9duction des avertissements inattendus et suppression de l&#8217;\u00e9tat r\u00e9actif de maintenance.<\/li>\n<li>Possibilit\u00e9 d&#8217;effectuer de tests \u00e0 distance sur le groupe \u00e9lectrog\u00e8ne en v\u00e9rifiant toutes ses mesures et la r\u00e9initialisation des alarmes \u00e0 distance.<\/li>\n<\/ul>\n<\/div><\/section><\/div><\/div><\/div><\/div><!-- close content main div --><\/div><\/div><div id='after_section_4'  class='main_color av_default_container_wrap container_wrap sidebar_right'  ><div class='container av-section-cont-open' ><div class='template-page content  av-content-small alpha units'><div class='post-entry post-entry-type-page post-entry-34909'><div class='entry-content-wrapper clearfix'>\n","protected":false},"excerpt":{"rendered":"","protected":false},"author":1,"featured_media":38263,"parent":0,"menu_order":0,"comment_status":"open","ping_status":"open","template":"","meta":{"_acf_changed":false,"footnotes":""},"class_list":["post-34909","page","type-page","status-publish","has-post-thumbnail","hentry"],"acf":[],"_links":{"self":[{"href":"https:\/\/genesalenergy.com\/fr\/wp-json\/wp\/v2\/pages\/34909","targetHints":{"allow":["GET"]}}],"collection":[{"href":"https:\/\/genesalenergy.com\/fr\/wp-json\/wp\/v2\/pages"}],"about":[{"href":"https:\/\/genesalenergy.com\/fr\/wp-json\/wp\/v2\/types\/page"}],"author":[{"embeddable":true,"href":"https:\/\/genesalenergy.com\/fr\/wp-json\/wp\/v2\/users\/1"}],"replies":[{"embeddable":true,"href":"https:\/\/genesalenergy.com\/fr\/wp-json\/wp\/v2\/comments?post=34909"}],"version-history":[{"count":1,"href":"https:\/\/genesalenergy.com\/fr\/wp-json\/wp\/v2\/pages\/34909\/revisions"}],"predecessor-version":[{"id":49895,"href":"https:\/\/genesalenergy.com\/fr\/wp-json\/wp\/v2\/pages\/34909\/revisions\/49895"}],"wp:featuredmedia":[{"embeddable":true,"href":"https:\/\/genesalenergy.com\/fr\/wp-json\/wp\/v2\/media\/38263"}],"wp:attachment":[{"href":"https:\/\/genesalenergy.com\/fr\/wp-json\/wp\/v2\/media?parent=34909"}],"curies":[{"name":"wp","href":"https:\/\/api.w.org\/{rel}","templated":true}]}}