{"id":34907,"date":"2017-10-25T14:45:53","date_gmt":"2017-10-25T14:45:53","guid":{"rendered":"http:\/\/master.genesalenergy.com\/fr\/contacto\/"},"modified":"2025-09-22T07:50:20","modified_gmt":"2025-09-22T07:50:20","slug":"contact","status":"publish","type":"page","link":"https:\/\/genesalenergy.com\/fr\/contact\/","title":{"rendered":"Contact"},"content":{"rendered":"\n<style type=\"text\/css\" data-created_by=\"avia_inline_auto\" id=\"style-css-av-jukyp10t-7fdf3151c190454ff51db4871b5735a1\">\n.avia-section.av-jukyp10t-7fdf3151c190454ff51db4871b5735a1{\nbackground-color:#ffffff;\nbackground-image:unset;\n}\n<\/style>\n<div id='contacto'  class='avia-section av-jukyp10t-7fdf3151c190454ff51db4871b5735a1 main_color avia-section-large avia-no-border-styling  avia-builder-el-0  el_before_av_google_map  avia-builder-el-first  avia-bg-style-scroll container_wrap sidebar_right'  ><div class='container av-section-cont-open' ><main  role=\"main\" itemprop=\"mainContentOfPage\"  class='template-page content  av-content-small alpha units'><div class='post-entry post-entry-type-page post-entry-34907'><div class='entry-content-wrapper clearfix'>\n<div class='flex_column_table av-yvpyqj-8c328c6ccab03df85ded6877c0a2e35c sc-av_two_fifth av-equal-height-column-flextable'>\n<style type=\"text\/css\" data-created_by=\"avia_inline_auto\" id=\"style-css-av-yvpyqj-8c328c6ccab03df85ded6877c0a2e35c\">\n.flex_column.av-yvpyqj-8c328c6ccab03df85ded6877c0a2e35c{\nborder-radius:0px 0px 0px 0px;\npadding:0px 0px 0px 0px;\n}\n<\/style>\n<div  class='flex_column av-yvpyqj-8c328c6ccab03df85ded6877c0a2e35c av_two_fifth  avia-builder-el-1  el_before_av_three_fifth  avia-builder-el-first  first flex_column_table_cell av-equal-height-column av-align-top av-zero-column-padding  '     ><section  class='av_textblock_section av-k8r88zn2-d8a4f7bdc41576cc5b0aa4965ac01518 '   itemscope=\"itemscope\" itemtype=\"https:\/\/schema.org\/CreativeWork\" ><div class='avia_textblock'  itemprop=\"text\" ><h1 class=\"ge-encabezado-principal\" style=\"text-transform: none !important;\">Contact<\/h1>\n<p style=\"text-align: left;\">Obtenez plus d&#8217;informations ou demandez une offre via ce formulaire et nous vous enverrons une r\u00e9ponse dans les plus brefs d\u00e9lais. Sp\u00e9cifiez toutes les questions que vous avez dans le champ de texte &#8220;autres d\u00e9tails&#8221;, si n\u00e9cessaire.<\/p>\n<p class=\"footer-contact-label\">T\u00e9l\u00e9phone du service client sans frais:<br \/>\n<a class=\"footer-contact-link-tel\" href=\"tel:0034900730124\" target=\"_blank\" rel=\"noopener\">+34 900 730 124<\/a><\/p>\n<p class=\"footer-contact-label\">E-mail du service client<br \/>\n<a class=\"footer-contact-link-mail\" href=\"mailto:consultas@genesal.com\" target=\"_blank\" rel=\"noopener\">consultas@genesal.com<\/a><\/p>\n<\/div><\/section><br \/>\n\n<style type=\"text\/css\" data-created_by=\"avia_inline_auto\" id=\"style-css-av-juky5gjb-4-712534f882827525f56a4125e86bf44c\">\n#top .hr.av-juky5gjb-4-712534f882827525f56a4125e86bf44c{\nmargin-top:20px;\nmargin-bottom:20px;\n}\n.hr.av-juky5gjb-4-712534f882827525f56a4125e86bf44c .hr-inner{\nwidth:100%;\nborder-color:#ededed;\n}\n<\/style>\n<div  class='hr av-juky5gjb-4-712534f882827525f56a4125e86bf44c hr-custom  avia-builder-el-3  el_after_av_textblock  el_before_av_textblock  hr-left hr-icon-no'><span class='hr-inner inner-border-av-border-thin'><span class=\"hr-inner-style\"><\/span><\/span><\/div><br \/>\n<section  class='av_textblock_section av-jzh4hy2w-72541a99bacdfe40c1feaf75b206ee4a '   itemscope=\"itemscope\" itemtype=\"https:\/\/schema.org\/CreativeWork\" ><div class='avia_textblock'  itemprop=\"text\" ><p class=\"ge-subtitulo-pequeno\">ESPAGNE | Si\u00e8ge social<\/p>\n<p>Parroquia de Rois, B28<br \/>\nPol\u00edgono Industrial de Bergondo<br \/>\n15165 Bergondo, A Coru\u00f1a<br \/>\nTel. <span style=\"color: #b8012b;\">+34 900 730 124<\/span><br \/>\n<span style=\"color: #b8012b;\"><a style=\"color: #b8012b;\" href=\"mailto:consultas@genesal.com\">consultas@genesal.com<\/a><\/span><\/p>\n<p class=\"ge-subtitulo-pequeno\">Filiale MEXIQUE<\/p>\n<p>Calle Darwin, 74, Int. 301.<br \/>\nCol. Anzures C.P. 11590.<br \/>\nMiguel Hidalgo.<br \/>\nCiudad de M\u00e9xico<br \/>\nOficina:\u00a0<span style=\"color: #b8012b;\">+52 55 8975 6922<\/span><br \/>\nCel:\u00a0<span style=\"color: #b8012b;\">+52 55 8975 6921<\/span><br \/>\nWhatsApp:\u00a0<span style=\"color: #b8012b;\">+52 55 2516 4497<\/span><br \/>\n<span style=\"color: #b8012b;\"><a style=\"color: #b8012b;\" href=\"mailto:genesalmexico@genesal.com\">genesalmexico@genesal.com<\/a><\/span><br \/>\n<span style=\"color: #b8012b;\"><a style=\"color: #b8012b;\" title=\"Web Genesal Energy M\u00e9xico\" href=\"http:\/\/www.genesalenergy.mx\/\" target=\"_blank\" rel=\"noopener\">www.genesalenergy.mx<\/a><\/span><\/p>\n<p class=\"ge-subtitulo-pequeno\">Filiale PER\u00da<\/p>\n<p>Av\/ Los Faisanes 170, Int. 103<br \/>\nUrb. La Campi\u00f1a, Chorrillos<br \/>\nLima<br \/>\nCel. +<span style=\"color: #b8012b;\">51 1 4003991<\/span><br \/>\n<span style=\"color: #b8012b;\"><a style=\"color: #b8012b;\" href=\"mailto:genesalperu@genesal.com\">genesalperu@genesal.com<\/a><\/span><br \/>\n<span style=\"color: #b8012b;\"><a style=\"color: #b8012b;\" title=\"Web Genesal Energy Per\u00fa\" href=\"http:\/\/www.genesalenergy.pe\" target=\"_blank\" rel=\"noopener\">www.genesalenergy.pe<\/a><\/span><\/p>\n<\/div><\/section><\/p><\/div><div class='av-flex-placeholder'><\/div>\n<style type=\"text\/css\" data-created_by=\"avia_inline_auto\" id=\"style-css-av-28xfvf-75ff517ced6c9a527ca171f2f05d170f\">\n.flex_column.av-28xfvf-75ff517ced6c9a527ca171f2f05d170f{\nborder-radius:0px 0px 0px 0px;\npadding:0px 0px 0px 0px;\n}\n<\/style>\n<div  class='flex_column av-28xfvf-75ff517ced6c9a527ca171f2f05d170f av_three_fifth  avia-builder-el-5  el_after_av_two_fifth  avia-builder-el-last  flex_column_table_cell av-equal-height-column av-align-top av-zero-column-padding  '     ><\/div><\/div><!--close column table wrapper. Autoclose: 1 --><div  class='av_gmaps_sc_main_wrap av_gmaps_main_wrap '><div id='av_gmap_0' class='avia-google-map-container avia-google-map-sc av_gmaps_show_unconditionally av-no-fallback-img ' data-mapid='av_gmap_0'  style='padding-bottom: 43.75%;'><a class=\"av_gmaps_browser_disabled av_text_confirm_link av_text_confirm_link_visible\" href=\"https:\/\/www.google.com\/maps\/search\/?api=1&#038;query=Parroquia%20de%20Rois,%20B28%20Pol\u00edgono%20Industrial%20de%20Bergondo%2015165%20Bergondo,%20A%20Coru\u00f1a%20%20A%20Coru\u00f1a%20%20%20Espa\u00f1a\" target=\"_blank\" rel=\"noopener\">Les cartes ont \u00e9t\u00e9 d\u00e9sactiv\u00e9es par le visiteur sur ce site. Cliquer pour ouvrir la carte dans une nouvelle fen\u00eatre.<\/a><\/div><\/div>\n","protected":false},"excerpt":{"rendered":"","protected":false},"author":1,"featured_media":0,"parent":0,"menu_order":0,"comment_status":"open","ping_status":"open","template":"","meta":{"_acf_changed":false,"footnotes":""},"class_list":["post-34907","page","type-page","status-publish","hentry"],"acf":[],"_links":{"self":[{"href":"https:\/\/genesalenergy.com\/fr\/wp-json\/wp\/v2\/pages\/34907","targetHints":{"allow":["GET"]}}],"collection":[{"href":"https:\/\/genesalenergy.com\/fr\/wp-json\/wp\/v2\/pages"}],"about":[{"href":"https:\/\/genesalenergy.com\/fr\/wp-json\/wp\/v2\/types\/page"}],"author":[{"embeddable":true,"href":"https:\/\/genesalenergy.com\/fr\/wp-json\/wp\/v2\/users\/1"}],"replies":[{"embeddable":true,"href":"https:\/\/genesalenergy.com\/fr\/wp-json\/wp\/v2\/comments?post=34907"}],"version-history":[{"count":1,"href":"https:\/\/genesalenergy.com\/fr\/wp-json\/wp\/v2\/pages\/34907\/revisions"}],"predecessor-version":[{"id":49850,"href":"https:\/\/genesalenergy.com\/fr\/wp-json\/wp\/v2\/pages\/34907\/revisions\/49850"}],"wp:attachment":[{"href":"https:\/\/genesalenergy.com\/fr\/wp-json\/wp\/v2\/media?parent=34907"}],"curies":[{"name":"wp","href":"https:\/\/api.w.org\/{rel}","templated":true}]}}