{"id":34902,"date":"2018-01-10T09:13:40","date_gmt":"2018-01-10T09:13:40","guid":{"rendered":"http:\/\/master.genesalenergy.com\/fr\/grupos-electrogenos-para-distribucion-y-suministro-electrico\/"},"modified":"2021-04-20T07:23:09","modified_gmt":"2021-04-20T07:23:09","slug":"groupes-electrogenes-pour-distribution-et-approvisionnement","status":"publish","type":"page","link":"https:\/\/genesalenergy.com\/fr\/groupes-electrogenes-pour-distribution-et-approvisionnement\/","title":{"rendered":"Groupes \u00e9lectrog\u00e8nes pour distribution et approvisionnement"},"content":{"rendered":"\n<style type=\"text\/css\" data-created_by=\"avia_inline_auto\" id=\"style-css-av-spwz2j-743e98222fd49030b4fbafe5d48a85bf\">\n.avia-section.av-spwz2j-743e98222fd49030b4fbafe5d48a85bf{\nbackground-repeat:no-repeat;\nbackground-image:url(https:\/\/genesalenergy.com\/fr\/wp-content\/uploads\/sites\/4\/2020\/08\/Genesal-Energy-Aplicaciones-grupos-electrogenos-distribucion-energia-suministro.jpg);\nbackground-position:50% 50%;\nbackground-attachment:scroll;\n}\n.avia-section.av-spwz2j-743e98222fd49030b4fbafe5d48a85bf .av-section-color-overlay{\nopacity:0.8;\nbackground-color:#ffffff;\n}\n<\/style>\n<div id='av_section_1'  class='avia-section av-spwz2j-743e98222fd49030b4fbafe5d48a85bf main_color avia-section-default avia-no-border-styling  avia-builder-el-0  el_before_av_section  avia-builder-el-first  av-medium-hide av-small-hide av-mini-hide avia-full-stretch avia-bg-style-scroll av-section-color-overlay-active av-minimum-height av-minimum-height-custom av-height-custom  container_wrap sidebar_right'  data-section-bg-repeat='stretch' data-av_minimum_height_px='600'><div class=\"av-section-color-overlay-wrap\"><div class=\"av-section-color-overlay\"><\/div><div class='container av-section-cont-open' style='height:600px'><main  role=\"main\" itemprop=\"mainContentOfPage\"  class='template-page content  av-content-small alpha units'><div class='post-entry post-entry-type-page post-entry-34902'><div class='entry-content-wrapper clearfix'>\n\n<style type=\"text\/css\" data-created_by=\"avia_inline_auto\" id=\"style-css-av-qtquaz-5f25d4ef694a5656209630bad229096d\">\n.flex_column.av-qtquaz-5f25d4ef694a5656209630bad229096d{\nborder-radius:0px 0px 0px 0px;\npadding:0px 0px 0px 0px;\n}\n<\/style>\n<div  class='flex_column av-qtquaz-5f25d4ef694a5656209630bad229096d av_one_half  avia-builder-el-1  el_before_av_one_half  avia-builder-el-first  first flex_column_div av-zero-column-padding  '     ><section  class='av_textblock_section av-p1rtcr-b1f37cb4cc45f4d41b46767c494039a4 '   itemscope=\"itemscope\" itemtype=\"https:\/\/schema.org\/CreativeWork\" ><div class='avia_textblock'  itemprop=\"text\" ><h1 class=\"hseo2020\">distribution et approvisionnement<\/h1>\n<h4 class=\"hseo2020\">L\u00e0 o\u00f9 le r\u00e9seau n&#8217;arrive pas,<br \/>\nnous sommes pr\u00e9sents.<\/h4>\n<\/div><\/section><\/div>\n<style type=\"text\/css\" data-created_by=\"avia_inline_auto\" id=\"style-css-av-o8q2qz-b1d78863ea6a2b4cc7c82e9a6405790a\">\n.flex_column.av-o8q2qz-b1d78863ea6a2b4cc7c82e9a6405790a{\nborder-radius:0px 0px 0px 0px;\npadding:0px 0px 0px 0px;\n}\n<\/style>\n<div  class='flex_column av-o8q2qz-b1d78863ea6a2b4cc7c82e9a6405790a av_one_half  avia-builder-el-3  el_after_av_one_half  avia-builder-el-last  flex_column_div av-zero-column-padding  '     ><\/div><\/div><\/div><\/main><!-- close content main element --><\/div><\/div><\/div>\n<style type=\"text\/css\" data-created_by=\"avia_inline_auto\" id=\"style-css-av-m5a0yz-d7f280dba0bddfb7839d4f98f8bfc019\">\n.avia-section.av-m5a0yz-d7f280dba0bddfb7839d4f98f8bfc019{\nbackground-repeat:no-repeat;\nbackground-image:url(https:\/\/genesalenergy.com\/fr\/wp-content\/uploads\/sites\/4\/2020\/03\/banner-contacto-5.png);\nbackground-position:0% 0%;\nbackground-attachment:scroll;\n}\n<\/style>\n<div id='titular-principal'  class='avia-section av-m5a0yz-d7f280dba0bddfb7839d4f98f8bfc019 main_color avia-section-large avia-no-border-styling  avia-builder-el-4  el_after_av_section  el_before_av_section  avia-full-stretch avia-bg-style-scroll container_wrap sidebar_right'  data-section-bg-repeat='stretch'><div class=\"av-section-color-overlay-wrap\"><a href='#next-section' title='' class='scroll-down-link  avia-svg-icon avia-font-svg_entypo-fontello' data-av_svg_icon='down-open-mini' data-av_iconset='svg_entypo-fontello'><svg version=\"1.1\" xmlns=\"http:\/\/www.w3.org\/2000\/svg\" width=\"15\" height=\"32\" viewBox=\"0 0 15 32\" preserveAspectRatio=\"xMidYMid meet\" aria-labelledby='av-svg-title-1' aria-describedby='av-svg-desc-1' role=\"graphics-symbol\" aria-hidden=\"true\">\n<title id='av-svg-title-1'>Scroller vers la prochaine section<\/title>\n<desc id='av-svg-desc-1'>Scroller vers la prochaine section<\/desc>\n<path d=\"M12.96 12.16q0.704-0.832 1.536 0 0.832 0.704 0 1.536l-6.272 6.144q-0.704 0.704-1.536 0l-6.272-6.144q-0.832-0.832 0-1.536 0.768-0.768 1.6 0l5.44 4.992z\"><\/path>\n<\/svg><\/a><div class='container av-section-cont-open' ><div class='template-page content  av-content-small alpha units'><div class='post-entry post-entry-type-page post-entry-34902'><div class='entry-content-wrapper clearfix'>\n\n<style type=\"text\/css\" data-created_by=\"avia_inline_auto\" id=\"style-css-av-lghjcb-238f442a2a70e01ba1209f52bf473a3d\">\n.flex_column.av-lghjcb-238f442a2a70e01ba1209f52bf473a3d{\nborder-radius:0px 0px 0px 0px;\npadding:0px 0px 0px 0px;\n}\n<\/style>\n<div  class='flex_column av-lghjcb-238f442a2a70e01ba1209f52bf473a3d av_one_full  avia-builder-el-5  avia-builder-el-no-sibling  first flex_column_div av-animated-generic fade-in av-zero-column-padding  '     ><style type=\"text\/css\" data-created_by=\"avia_inline_auto\" id=\"style-css-av-p1rtcr-48291009aae57a707f058009a63950e2\">\n#top .av_textblock_section.av-p1rtcr-48291009aae57a707f058009a63950e2 .avia_textblock{\ncolor:#ffffff;\n}\n<\/style>\n<section  class='av_textblock_section av-p1rtcr-48291009aae57a707f058009a63950e2 '   itemscope=\"itemscope\" itemtype=\"https:\/\/schema.org\/CreativeWork\" ><div class='av-desktop-hide avia_textblock av_inherit_color'  itemprop=\"text\" ><h1 class=\"hseo2020\">Distribution et approvisionnement<\/h1>\n<h4 class=\"hseo2020\">L\u00e0 o\u00f9 le r\u00e9seau n&#8217;arrive pas,<br \/>\nnous sommes pr\u00e9sents.<\/h4>\n<\/div><\/section><br \/>\n\n<style type=\"text\/css\" data-created_by=\"avia_inline_auto\" id=\"style-css-av-ivfp7f-e2b10f2f6a027527c00e2bdc52697492\">\n#top .av_textblock_section.av-ivfp7f-e2b10f2f6a027527c00e2bdc52697492 .avia_textblock{\nfont-size:40px;\ncolor:#ffffff;\n}\n<\/style>\n<section  class='av_textblock_section av-ivfp7f-e2b10f2f6a027527c00e2bdc52697492 '   itemscope=\"itemscope\" itemtype=\"https:\/\/schema.org\/CreativeWork\" ><div class='avia_textblock av_inherit_color'  itemprop=\"text\" ><h2 class=\"seo2020\" style=\"margin-bottom:20px;\">GENESAL ENERGY offre des solutions de distribution adapt\u00e9es \u00e0 vos besoins pour les lieux n\u2019ayant pas d\u2019acc\u00e8s au r\u00e9seau \u00e9lectrique \u00e0 cause de leurs caract\u00e9ristiques.<\/h2>\n<\/div><\/section><\/p><\/div><\/div><\/div><\/div><!-- close content main div --><\/div><\/div><\/div><div id='av_section_3'  class='avia-section av-2ho50w7-62bf3d060cf5a6e64462ed2a859d0947 main_color avia-section-huge avia-no-border-styling  avia-builder-el-8  el_after_av_section  el_before_av_section  avia-bg-style-scroll container_wrap sidebar_right'  ><div class='container av-section-cont-open' ><div class='template-page content  av-content-small alpha units'><div class='post-entry post-entry-type-page post-entry-34902'><div class='entry-content-wrapper clearfix'>\n\n<style type=\"text\/css\" data-created_by=\"avia_inline_auto\" id=\"style-css-av-16mnnt3-5a2e3810fbff4f59e7d1e2bde1ababa4\">\n.flex_column.av-16mnnt3-5a2e3810fbff4f59e7d1e2bde1ababa4{\nborder-radius:0px 0px 0px 0px;\npadding:0px 0px 0px 0px;\n}\n<\/style>\n<div  class='flex_column av-16mnnt3-5a2e3810fbff4f59e7d1e2bde1ababa4 av_three_fifth  avia-builder-el-9  el_before_av_two_fifth  avia-builder-el-first  first flex_column_div av-zero-column-padding  '     ><section  class='av_textblock_section av-k8wrjz2f-96cc820c01f37b7c74e024fd78d983f1 '   itemscope=\"itemscope\" itemtype=\"https:\/\/schema.org\/CreativeWork\" ><div class='avia_textblock'  itemprop=\"text\" ><h2 class=\"titular-general\" style=\"font-size: 36px !important;\">\u00c9nergie o\u00f9 que ce soit!<\/h2>\n<\/div><\/section><br \/>\n<section  class='av_textblock_section av-k8wrlvui-7df99b451619598d7822afe6daa96ebc '   itemscope=\"itemscope\" itemtype=\"https:\/\/schema.org\/CreativeWork\" ><div class='avia_textblock'  itemprop=\"text\" ><h3 class=\"general\">Nos g\u00e9n\u00e9rateurs fournissent de l\u2019\u00e9nergie de fa\u00e7on directe et en continue dans le m\u00eame lieu o\u00f9 elle sera consomm\u00e9e, en \u00e9vitant des infrastructures co\u00fbteuses et des pertes pendant le transport.<\/h3>\n<\/div><\/section><\/p><\/div>\n<style type=\"text\/css\" data-created_by=\"avia_inline_auto\" id=\"style-css-av-16mnnt3-7d415c715a2d8b0a664a74ef26049750\">\n.flex_column.av-16mnnt3-7d415c715a2d8b0a664a74ef26049750{\nborder-radius:0px 0px 0px 0px;\npadding:0px 0px 0px 0px;\n}\n<\/style>\n<div  class='flex_column av-16mnnt3-7d415c715a2d8b0a664a74ef26049750 av_two_fifth  avia-builder-el-12  el_after_av_three_fifth  avia-builder-el-last  flex_column_div av-zero-column-padding  '     ><\/div><\/div><\/div><\/div><!-- close content main div --><\/div><\/div>\n<style type=\"text\/css\" data-created_by=\"avia_inline_auto\" id=\"style-css-av-o5qrev-654214ada616b3b4f441331985439070\">\n.avia-section.av-o5qrev-654214ada616b3b4f441331985439070{\nbackground-color:#ededed;\nbackground-image:unset;\n}\n<\/style>\n<div id='av_section_4'  class='avia-section av-o5qrev-654214ada616b3b4f441331985439070 main_color avia-section-huge avia-no-border-styling  avia-builder-el-13  el_after_av_section  el_before_av_section  avia-bg-style-scroll container_wrap sidebar_right'  ><div class='container av-section-cont-open' ><div class='template-page content  av-content-small alpha units'><div class='post-entry post-entry-type-page post-entry-34902'><div class='entry-content-wrapper clearfix'>\n\n<style type=\"text\/css\" data-created_by=\"avia_inline_auto\" id=\"style-css-av-16mnnt3-5a2e3810fbff4f59e7d1e2bde1ababa4\">\n.flex_column.av-16mnnt3-5a2e3810fbff4f59e7d1e2bde1ababa4{\nborder-radius:0px 0px 0px 0px;\npadding:0px 0px 0px 0px;\n}\n<\/style>\n<div  class='flex_column av-16mnnt3-5a2e3810fbff4f59e7d1e2bde1ababa4 av_one_full  avia-builder-el-14  avia-builder-el-no-sibling  first flex_column_div av-zero-column-padding  '     ><section  class='av_textblock_section av-k8wrjz2f-96cc820c01f37b7c74e024fd78d983f1 '   itemscope=\"itemscope\" itemtype=\"https:\/\/schema.org\/CreativeWork\" ><div class='avia_textblock'  itemprop=\"text\" ><h2 class=\"titular-general\" style=\"font-style: 36px !important;\">Voici certains<br \/>\nde nos derniers projets<br \/>\nde distribution et approvisionnement \u00e9nerg\u00e9tique.<\/h2>\n<\/div><\/section><br \/>\n\n<style type=\"text\/css\" data-created_by=\"avia_inline_auto\" id=\"style-css-av-k8ws2rt0-9f2404428a5754ff01444e98520b2e52\">\n#top .hr.hr-invisible.av-k8ws2rt0-9f2404428a5754ff01444e98520b2e52{\nheight:30px;\n}\n<\/style>\n<div  class='hr av-k8ws2rt0-9f2404428a5754ff01444e98520b2e52 hr-invisible  avia-builder-el-16  el_after_av_textblock  el_before_av_button_big  avia-builder-el-last '><span class='hr-inner '><span class=\"hr-inner-style\"><\/span><\/span><\/div><br \/>\n<div  class='avia-button-wrap avia-button-center  avia-builder-el-17  el_after_av_hr  avia-builder-el-last '>\n<style type=\"text\/css\" data-created_by=\"avia_inline_auto\" id=\"style-css-av-kcvsi4p7-3c65b308c0392b615c405a1554184125\">\n#top #wrap_all .avia-button.av-kcvsi4p7-3c65b308c0392b615c405a1554184125{\ncolor:#ffffff;\ntransition:all 0.4s ease-in-out;\n}\n#top #wrap_all .avia-button.av-kcvsi4p7-3c65b308c0392b615c405a1554184125:hover{\ncolor:#ffffff;\ntransition:all 0.4s ease-in-out;\n}\n#top #wrap_all .avia-button.av-kcvsi4p7-3c65b308c0392b615c405a1554184125 .avia-svg-icon svg:first-child{\nfill:#ffffff;\nstroke:#ffffff;\n}\n#top #wrap_all .avia-button.av-kcvsi4p7-3c65b308c0392b615c405a1554184125:hover .avia-svg-icon svg:first-child{\nfill:#ffffff;\nstroke:#ffffff;\n}\n<\/style>\n<a href='https:\/\/genesalenergy.com\/en\/case-studies-gensets\/' class='avia-color-theme-color avia-button avia-button-fullwidth av-kcvsi4p7-3c65b308c0392b615c405a1554184125 avia-icon_select-no avia-color-theme-color'  target=\"_blank\"  rel=\"noopener noreferrer\"  aria-label=\"CONSULTEZ ICI NOS S\u00c9LECTIONS DE PROJETS\"><span class='avia_iconbox_title' >CONSULTEZ ICI NOS S\u00c9LECTIONS DE PROJETS<\/span><span class='avia_button_background avia-button avia-button-fullwidth avia-color-theme-color-highlight'><\/span><\/a><\/div><\/p><\/div>\n\n<\/div><\/div><\/div><!-- close content main div --><\/div><\/div>\n<style type=\"text\/css\" data-created_by=\"avia_inline_auto\" id=\"style-css-av-3kivi-28156f1a08208114e44dfa92cdad25de\">\n.avia-section.av-3kivi-28156f1a08208114e44dfa92cdad25de{\nbackground-color:#f3f3f3;\nbackground-image:unset;\n}\n<\/style>\n<div id='av_section_5'  class='avia-section av-3kivi-28156f1a08208114e44dfa92cdad25de main_color avia-section-large avia-no-border-styling  avia-builder-el-18  el_after_av_section  avia-builder-el-last  avia-bg-style-scroll container_wrap sidebar_right'  ><div class='container av-section-cont-open' ><div class='template-page content  av-content-small alpha units'><div class='post-entry post-entry-type-page post-entry-34902'><div class='entry-content-wrapper clearfix'>\n<div class='flex_column_table av-1phwu-410ab40a6f4bbbb01dde68a5c906f1a3 sc-av_two_fifth av-equal-height-column-flextable'>\n<style type=\"text\/css\" data-created_by=\"avia_inline_auto\" id=\"style-css-av-1phwu-410ab40a6f4bbbb01dde68a5c906f1a3\">\n.flex_column.av-1phwu-410ab40a6f4bbbb01dde68a5c906f1a3{\nborder-radius:0px 0px 0px 0px;\npadding:0px 0px 0px 0px;\n}\n<\/style>\n<div  class='flex_column av-1phwu-410ab40a6f4bbbb01dde68a5c906f1a3 av_two_fifth  avia-builder-el-19  el_before_av_three_fifth  avia-builder-el-first  first flex_column_table_cell av-equal-height-column av-align-top av-zero-column-padding  '     ><style type=\"text\/css\" data-created_by=\"avia_inline_auto\" id=\"style-css-av-5bywi-ff2837670d1e081e095dcb00469de923\">\n#top .av_textblock_section.av-5bywi-ff2837670d1e081e095dcb00469de923 .avia_textblock{\nfont-size:15px;\n}\n<\/style>\n<section  class='av_textblock_section av-5bywi-ff2837670d1e081e095dcb00469de923 '   itemscope=\"itemscope\" itemtype=\"https:\/\/schema.org\/CreativeWork\" ><div class='avia_textblock abril-contact-info'  itemprop=\"text\" ><h5 style=\"color: #999999; font-size: 18px !important; margin-bottom: 20px !important;\">CONTACTO<\/h5>\n<h2 style=\"font-size: 40px; line-height: 1.1 !important;\">Avez-vous<br \/>\nbesoin d\u2019approvisionnement<br \/>\n\u00e9nerg\u00e9tique?<\/h2>\n<\/div><\/section><br \/>\n\n<style type=\"text\/css\" data-created_by=\"avia_inline_auto\" id=\"style-css-av-k5m8z8gh-16a7d7f118a0186a0249f9440e1157ec\">\n#top .hr.hr-invisible.av-k5m8z8gh-16a7d7f118a0186a0249f9440e1157ec{\nheight:30px;\n}\n<\/style>\n<div  class='hr av-k5m8z8gh-16a7d7f118a0186a0249f9440e1157ec hr-invisible  avia-builder-el-21  el_after_av_textblock  el_before_av_textblock '><span class='hr-inner '><span class=\"hr-inner-style\"><\/span><\/span><\/div><br \/>\n<section  class='av_textblock_section av-k5m8xfzn-e1334dc0aad19ca90ff10ed2be3547c7 '   itemscope=\"itemscope\" itemtype=\"https:\/\/schema.org\/CreativeWork\" ><div class='avia_textblock abril-contact-info'  itemprop=\"text\" ><h4>T\u00e9l\u00e9phone du service client\u00e8le:<\/h4>\n<h3 class=\"telefono\">+34 900 730 124<\/h3>\n<\/div><\/section><br \/>\n<section  class='av_textblock_section av-k5m8xfzn-e1334dc0aad19ca90ff10ed2be3547c7 '   itemscope=\"itemscope\" itemtype=\"https:\/\/schema.org\/CreativeWork\" ><div class='avia_textblock abril-contact-info'  itemprop=\"text\" ><h4>Email du service client:<\/h4>\n<h3 class=\"mail-contacto\"><a href=\"mailto:consultas@genesal.com\">consultas@genesal.com<\/a><\/h3>\n<div id=\"gtx-trans\" style=\"position: absolute; left: 158px; top: 54.9375px;\">\n<div class=\"gtx-trans-icon\"><\/div>\n<\/div>\n<\/div><\/section><\/p><\/div><div class='av-flex-placeholder'><\/div>\n<style type=\"text\/css\" data-created_by=\"avia_inline_auto\" id=\"style-css-av-1phwu-07cd392ef9192cc5c8df7e8d44012e75\">\n.flex_column.av-1phwu-07cd392ef9192cc5c8df7e8d44012e75{\nborder-radius:0px 0px 0px 0px;\npadding:0px 0px 0px 0px;\n}\n<\/style>\n<div  class='flex_column av-1phwu-07cd392ef9192cc5c8df7e8d44012e75 av_three_fifth  avia-builder-el-24  el_after_av_two_fifth  avia-builder-el-last  flex_column_table_cell av-equal-height-column av-align-top av-zero-column-padding  '     ><style type=\"text\/css\" data-created_by=\"avia_inline_auto\" id=\"style-css-av-1yp32-301310ba2b48f1b66dcb3e3ba6ea3ec3\">\n#top .av_textblock_section.av-1yp32-301310ba2b48f1b66dcb3e3ba6ea3ec3 .avia_textblock{\ncolor:#000000;\n}\n<\/style>\n<section  class='av_textblock_section av-1yp32-301310ba2b48f1b66dcb3e3ba6ea3ec3 '   itemscope=\"itemscope\" itemtype=\"https:\/\/schema.org\/CreativeWork\" ><div class='avia_textblock av_inherit_color'  itemprop=\"text\" ><h3 style=\"width: 90%;\"><span style=\"font-weight: 400;\">Compl\u00e9tez le formulaire et nous concevrons le groupe \u00e9lectrog\u00e8ne le mieux adapt\u00e9 \u00e0 la distribution et l\u2019approvisionnement \u00e9nerg\u00e9tique.<\/span><\/h3>\n<\/div><\/section><br \/>\n<\/p><\/div><\/div><!--close column table wrapper. Autoclose: 1 -->\n<\/div><\/div><\/div><!-- close content main div --><\/div><\/div><div id='after_section_5'  class='main_color av_default_container_wrap container_wrap sidebar_right'  ><div class='container av-section-cont-open' ><div class='template-page content  av-content-small alpha units'><div class='post-entry post-entry-type-page post-entry-34902'><div class='entry-content-wrapper clearfix'>\n","protected":false},"excerpt":{"rendered":"","protected":false},"author":1,"featured_media":38256,"parent":0,"menu_order":0,"comment_status":"open","ping_status":"open","template":"","meta":{"_acf_changed":false,"footnotes":""},"class_list":["post-34902","page","type-page","status-publish","has-post-thumbnail","hentry"],"acf":[],"_links":{"self":[{"href":"https:\/\/genesalenergy.com\/fr\/wp-json\/wp\/v2\/pages\/34902","targetHints":{"allow":["GET"]}}],"collection":[{"href":"https:\/\/genesalenergy.com\/fr\/wp-json\/wp\/v2\/pages"}],"about":[{"href":"https:\/\/genesalenergy.com\/fr\/wp-json\/wp\/v2\/types\/page"}],"author":[{"embeddable":true,"href":"https:\/\/genesalenergy.com\/fr\/wp-json\/wp\/v2\/users\/1"}],"replies":[{"embeddable":true,"href":"https:\/\/genesalenergy.com\/fr\/wp-json\/wp\/v2\/comments?post=34902"}],"version-history":[{"count":0,"href":"https:\/\/genesalenergy.com\/fr\/wp-json\/wp\/v2\/pages\/34902\/revisions"}],"wp:featuredmedia":[{"embeddable":true,"href":"https:\/\/genesalenergy.com\/fr\/wp-json\/wp\/v2\/media\/38256"}],"wp:attachment":[{"href":"https:\/\/genesalenergy.com\/fr\/wp-json\/wp\/v2\/media?parent=34902"}],"curies":[{"name":"wp","href":"https:\/\/api.w.org\/{rel}","templated":true}]}}