{"id":34894,"date":"2018-01-16T10:03:57","date_gmt":"2018-01-16T10:03:57","guid":{"rendered":"http:\/\/master.genesalenergy.com\/fr\/internacional\/"},"modified":"2025-10-27T08:53:50","modified_gmt":"2025-10-27T08:53:50","slug":"international","status":"publish","type":"page","link":"https:\/\/genesalenergy.com\/fr\/international\/","title":{"rendered":"International"},"content":{"rendered":"\n<style type=\"text\/css\" data-created_by=\"avia_inline_auto\" id=\"style-css-av-1o68dcn-c9b3f1eaadd40dff973e500adc1c32a1\">\n.avia-section.av-1o68dcn-c9b3f1eaadd40dff973e500adc1c32a1{\nbackground-repeat:no-repeat;\nbackground-image:url(https:\/\/genesalenergy.com\/fr\/wp-content\/uploads\/sites\/4\/2023\/02\/genesal_internacional-scaled-2-1030x301.jpg);\nbackground-position:100% 50%;\nbackground-attachment:scroll;\n}\n<\/style>\n<div id='av_section_1'  class='avia-section av-1o68dcn-c9b3f1eaadd40dff973e500adc1c32a1 main_color avia-section-no-padding avia-no-border-styling  avia-builder-el-0  el_before_av_section  avia-builder-el-first  header-align-top-margin-50 avia-full-stretch avia-bg-style-scroll av-minimum-height av-minimum-height-custom av-height-custom  container_wrap sidebar_right'  data-section-bg-repeat='stretch' data-av_minimum_height_px='560'><div class='container av-section-cont-open' style='height:560px'><main  role=\"main\" itemprop=\"mainContentOfPage\"  class='template-page content  av-content-small alpha units'><div class='post-entry post-entry-type-page post-entry-34894'><div class='entry-content-wrapper clearfix'>\n<div class='flex_column_table av-142wuif-1555532642c4a0d55cebbc5400f21f63 sc-av_one_full av-equal-height-column-flextable'><div  class='flex_column av-142wuif-1555532642c4a0d55cebbc5400f21f63 av_one_full  avia-builder-el-1  avia-builder-el-no-sibling  first no_margin flex_column_table_cell av-equal-height-column av-align-top  '     ><section  class='av_textblock_section av-l8spjvml-f930c4733ede71336018afbd0a21ce7b '   itemscope=\"itemscope\" itemtype=\"https:\/\/schema.org\/CreativeWork\" ><div class='avia_textblock'  itemprop=\"text\" ><h1 class=\"ge-antetitulo\">International<\/h1>\n<h2 class=\"ge-encabezado-principal\">Une \u00e9nergie<br \/>\nglobale<\/h2>\n<\/div><\/section><\/div><\/div><!--close column table wrapper. Autoclose: 1 -->\n\n<\/div><\/div><\/main><!-- close content main element --><\/div><\/div>\n<style type=\"text\/css\" data-created_by=\"avia_inline_auto\" id=\"style-css-av-l8txhlo9-556090df1a01f8242cca19c4841f6df5\">\n.avia-section.av-l8txhlo9-556090df1a01f8242cca19c4841f6df5{\nbackground-color:#b8012d;\nbackground-image:unset;\n}\n<\/style>\n<div id='av_section_2'  class='avia-section av-l8txhlo9-556090df1a01f8242cca19c4841f6df5 main_color avia-section-default avia-no-border-styling  avia-builder-el-3  el_after_av_section  el_before_av_section  avia-bg-style-scroll container_wrap sidebar_right'  ><div class='container av-section-cont-open' ><div class='template-page content  av-content-small alpha units'><div class='post-entry post-entry-type-page post-entry-34894'><div class='entry-content-wrapper clearfix'>\n\n<style type=\"text\/css\" data-created_by=\"avia_inline_auto\" id=\"style-css-av-15a726v-5281e5112049a873528b33a933053c36\">\n.flex_column.av-15a726v-5281e5112049a873528b33a933053c36{\nbackground-color:#b8012d;\n}\n<\/style>\n<div  class='flex_column av-15a726v-5281e5112049a873528b33a933053c36 av_one_full  avia-builder-el-4  avia-builder-el-no-sibling  first flex_column_div  '     ><section  class='av_textblock_section av-2kylh3-c5f1dedd04c2a98992e5499c19354273 '   itemscope=\"itemscope\" itemtype=\"https:\/\/schema.org\/CreativeWork\" ><div class='avia_textblock'  itemprop=\"text\" ><p class=\"ge-texto-grande-bloque-rojo\">GENESAL ENERGY fabrique des groupes \u00e9lectrog\u00e8nes et des g\u00e9n\u00e9rateurs adapt\u00e9s \u00e0 tout type d&#8217;environnement qui nous met \u00e0 l&#8217;\u00e9preuve. Notre exp\u00e9rience internationale nous permet d&#8217;affronter n&#8217;importe quel d\u00e9fi \u00e9nerg\u00e9tique.<\/p>\n<p class=\"ge-link-bloque-rojo\"><a class=\"ge-link-flecha\" href=\"https:\/\/genesalenergy.com\/wp-content\/uploads\/2020\/03\/ES-Dossier-internacional-2018.pdf\" target=\"_blank\" rel=\"noopener\">T\u00e9l\u00e9charger le dossier International<\/a><\/p>\n<\/div><\/section><\/div>\n\n<\/div><\/div><\/div><!-- close content main div --><\/div><\/div><div id='av_section_3'  class='avia-section av-221ih93-d8b259e957b23b25913d7ce0d2bbaa1d main_color avia-section-large avia-no-border-styling  avia-builder-el-6  el_after_av_section  el_before_av_section  avia-bg-style-scroll container_wrap sidebar_right'  ><div class='container av-section-cont-open' ><div class='template-page content  av-content-small alpha units'><div class='post-entry post-entry-type-page post-entry-34894'><div class='entry-content-wrapper clearfix'>\n<div  class='flex_column av-1heb2t3-1950c6c15a9aec88ad6b7081293d4a0e av_one_full  avia-builder-el-7  el_before_av_one_half  avia-builder-el-first  first flex_column_div  '     ><section  class='av_textblock_section av-l8tyhfhh-71909880d93ab15443fef78892b21fa7 '   itemscope=\"itemscope\" itemtype=\"https:\/\/schema.org\/CreativeWork\" ><div class='avia_textblock'  itemprop=\"text\" ><h3 class=\"ge-subtitulo-grande\">Nous sommes pr\u00e9sents dans plus de 30 pays du monde entier<\/h3>\n<\/div><\/section><\/div><div class='flex_column_table av-l9dwospz-25250ca8586243ba0bb7570d1babba1a sc-av_one_half av-equal-height-column-flextable'>\n<style type=\"text\/css\" data-created_by=\"avia_inline_auto\" id=\"style-css-av-l9dwospz-25250ca8586243ba0bb7570d1babba1a\">\n.flex_column.av-l9dwospz-25250ca8586243ba0bb7570d1babba1a{\nwidth:48.5%;\nmargin-left:0;\npadding:4% 8% 4% 8%;\nbackground-color:#fafcf8;\n}\n#top .flex_column_table.av-equal-height-column-flextable.av-l9dwospz-25250ca8586243ba0bb7570d1babba1a .av-flex-placeholder{\nwidth:3%;\n}\n<\/style>\n<div  class='flex_column av-l9dwospz-25250ca8586243ba0bb7570d1babba1a av_one_half  avia-builder-el-9  el_after_av_one_full  el_before_av_one_half  first flex_column_table_cell av-equal-height-column av-align-top  column-top-margin'     ><section  class='av_textblock_section av-26cq3n2-7a873bb11bafc16e0d6565ec0effb5e1 '   itemscope=\"itemscope\" itemtype=\"https:\/\/schema.org\/CreativeWork\" ><div class='avia_textblock'  itemprop=\"text\" ><h3 class=\"ge-subtitulo-grande\">Europe<\/h3>\n<p>En ce qui concerne la commercialisation en Europe, <strong>nous disposons d&#8217;un vaste r\u00e9seau de vente compos\u00e9 de personnel d&#8217;usine, de partenaires et de partenaires strat\u00e9giques<\/strong>, auxquels nous apportons notre soutien et les moyens de relever les d\u00e9fis et les sp\u00e9cificit\u00e9s des diff\u00e9rents march\u00e9s.<\/p>\n<\/div><\/section><\/div><div class='av-flex-placeholder'><\/div>\n<style type=\"text\/css\" data-created_by=\"avia_inline_auto\" id=\"style-css-av-1al4ovi-ca5f8660dbd2138f498edae582dc5599\">\n.flex_column.av-1al4ovi-ca5f8660dbd2138f498edae582dc5599{\nwidth:48.5%;\nmargin-left:0;\npadding:4% 8% 4% 8%;\nbackground-color:#fafcf8;\n}\n#top .flex_column_table.av-equal-height-column-flextable.av-1al4ovi-ca5f8660dbd2138f498edae582dc5599 .av-flex-placeholder{\nwidth:3%;\n}\n<\/style>\n<div  class='flex_column av-1al4ovi-ca5f8660dbd2138f498edae582dc5599 av_one_half  avia-builder-el-11  el_after_av_one_half  el_before_av_one_half  flex_column_table_cell av-equal-height-column av-align-top  column-top-margin'     ><section  class='av_textblock_section av-ln6qb2-bb32a753380eacd0ac805b506178e660 '   itemscope=\"itemscope\" itemtype=\"https:\/\/schema.org\/CreativeWork\" ><div class='avia_textblock'  itemprop=\"text\" ><h3 class=\"ge-subtitulo-grande\">Afrique<\/h3>\n<p>Nous disposons de partenaires et de gestionnaires locaux dans le r\u00e9seau de commercialisation en Afrique, ce qui permet de d\u00e9velopper diff\u00e9rents projets, des centrales \u00e9lectriques \u00e0 la distribution de g\u00e9n\u00e9rateurs. <strong>Nous offrons un service cl\u00e9 en main<\/strong>, et nous accompagnons le client tout au long du cycle du projet, y compris dans la gestion de son financement et la logistique du produit final.<\/p>\n<\/div><\/section><\/div><\/div><!--close column table wrapper. Autoclose: 1 --><div class='flex_column_table av-z50fxq-b349aa8646b74cbdcb6bb10faa6c3c27 sc-av_one_half av-equal-height-column-flextable'>\n<style type=\"text\/css\" data-created_by=\"avia_inline_auto\" id=\"style-css-av-z50fxq-b349aa8646b74cbdcb6bb10faa6c3c27\">\n.flex_column.av-z50fxq-b349aa8646b74cbdcb6bb10faa6c3c27{\nwidth:48.5%;\nmargin-left:0;\npadding:4% 8% 4% 8%;\nbackground-color:#fafcf8;\n}\n#top .flex_column_table.av-equal-height-column-flextable.av-z50fxq-b349aa8646b74cbdcb6bb10faa6c3c27 .av-flex-placeholder{\nwidth:3%;\n}\n<\/style>\n<div  class='flex_column av-z50fxq-b349aa8646b74cbdcb6bb10faa6c3c27 av_one_half  avia-builder-el-13  el_after_av_one_half  el_before_av_one_half  first flex_column_table_cell av-equal-height-column av-align-top  column-top-margin'     ><section  class='av_textblock_section av-l9dwuiny-1affb9e0cd6b1025527889df2d8b80dd '   itemscope=\"itemscope\" itemtype=\"https:\/\/schema.org\/CreativeWork\" ><div class='avia_textblock'  itemprop=\"text\" ><h3 class=\"ge-subtitulo-grande\">Am\u00e9rique latine<\/h3>\n<p><strong>Nous soutenons une grande partie du march\u00e9 latino-am\u00e9ricain<\/strong> par l&#8217;interm\u00e9diaire de nos filiales, en proposant un large portefeuille de produits et de services, ax\u00e9 sur la fourniture de solutions \u00e9nerg\u00e9tiques compl\u00e8tes adapt\u00e9es \u00e0 chaque client.<\/p>\n<\/div><\/section><\/div><div class='av-flex-placeholder'><\/div>\n<style type=\"text\/css\" data-created_by=\"avia_inline_auto\" id=\"style-css-av-olp6fi-7e0cca970bf5ebc0444e447b403d9182\">\n.flex_column.av-olp6fi-7e0cca970bf5ebc0444e447b403d9182{\nwidth:48.5%;\nmargin-left:0;\npadding:4% 8% 4% 8%;\nbackground-color:#fafcf8;\n}\n#top .flex_column_table.av-equal-height-column-flextable.av-olp6fi-7e0cca970bf5ebc0444e447b403d9182 .av-flex-placeholder{\nwidth:3%;\n}\n<\/style>\n<div  class='flex_column av-olp6fi-7e0cca970bf5ebc0444e447b403d9182 av_one_half  avia-builder-el-15  el_after_av_one_half  avia-builder-el-last  flex_column_table_cell av-equal-height-column av-align-top  column-top-margin'     ><section  class='av_textblock_section av-l9dwuzs3-edebbdb7f6c94a0a6e882851bca6d649 '   itemscope=\"itemscope\" itemtype=\"https:\/\/schema.org\/CreativeWork\" ><div class='avia_textblock'  itemprop=\"text\" ><h3 class=\"ge-subtitulo-grande\">Moyen-Orient<\/h3>\n<p>Afin de poursuivre notre croissance au Moyen-Orient, nous avons \u00e9tabli une alliance strat\u00e9gique sur ce march\u00e9 pour les <strong>activit\u00e9s de commercialisation au Qatar et au Bahre\u00efn<\/strong>.<\/p>\n<\/div><\/section><\/div><\/div><!--close column table wrapper. Autoclose: 1 -->\n\n<\/div><\/div><\/div><!-- close content main div --><\/div><\/div>\n<style type=\"text\/css\" data-created_by=\"avia_inline_auto\" id=\"style-css-av-1r5r97b-ed2d1a692835752513c5e66ae0e0b373\">\n.avia-section.av-1r5r97b-ed2d1a692835752513c5e66ae0e0b373{\nbackground-color:#fafcf8;\nbackground-image:unset;\n}\n<\/style>\n<div id='av_section_4'  class='avia-section av-1r5r97b-ed2d1a692835752513c5e66ae0e0b373 main_color avia-section-large avia-no-border-styling  avia-builder-el-17  el_after_av_section  el_before_av_section  avia-bg-style-scroll container_wrap sidebar_right'  ><div class='container av-section-cont-open' ><div class='template-page content  av-content-small alpha units'><div class='post-entry post-entry-type-page post-entry-34894'><div class='entry-content-wrapper clearfix'>\n<div  class='flex_column av-16njw8n-9654981dd747de224df527ee6143ee00 av_one_half  avia-builder-el-18  el_before_av_one_half  avia-builder-el-first  first flex_column_div  '     ><section  class='av_textblock_section av-l9dxijt7-77ffa7dcac5cb61133f486850ca42d83 '   itemscope=\"itemscope\" itemtype=\"https:\/\/schema.org\/CreativeWork\" ><div class='avia_textblock'  itemprop=\"text\" ><h3 class=\"ge-subtitulo-grande\">Filiales en Am\u00e9rique du Sud<\/h3>\n<p class=\"ge-subtitulo-pequeno\">Nous avons ouvert deux filiales dans le but de r\u00e9duire les co\u00fbts d&#8217;exploitation et d&#8217;optimiser la gestion des projets. L&#8217;une est situ\u00e9e au P\u00e9rou et l&#8217;autre au Mexique, chacune \u00e9tant sp\u00e9cialis\u00e9e dans les exigences de son environnement.<\/p>\n<\/div><\/section><\/div><div  class='flex_column av-w8n8lz-24fb52a299aa1db579e9011e3f0c2865 av_one_half  avia-builder-el-20  el_after_av_one_half  el_before_av_one_half  flex_column_div  '     ><\/div><div class='flex_column_table av-l9dxj21d-a2882004b7fec7355764032a17a5f407 sc-av_one_half av-equal-height-column-flextable'>\n<style type=\"text\/css\" data-created_by=\"avia_inline_auto\" id=\"style-css-av-l9dxj21d-a2882004b7fec7355764032a17a5f407\">\n.flex_column.av-l9dxj21d-a2882004b7fec7355764032a17a5f407{\nwidth:48.5%;\nmargin-left:0;\npadding:4% 8% 4% 8%;\nbackground-color:#ffffff;\n}\n#top .flex_column_table.av-equal-height-column-flextable.av-l9dxj21d-a2882004b7fec7355764032a17a5f407 .av-flex-placeholder{\nwidth:3%;\n}\n<\/style>\n<div  class='flex_column av-l9dxj21d-a2882004b7fec7355764032a17a5f407 av_one_half  avia-builder-el-21  el_after_av_one_half  el_before_av_one_half  first flex_column_table_cell av-equal-height-column av-align-top  column-top-margin'     ><section  class='av_textblock_section av-152e75a-e92b010c4fa418d4e2d61f27bee0657a '   itemscope=\"itemscope\" itemtype=\"https:\/\/schema.org\/CreativeWork\" ><div class='avia_textblock'  itemprop=\"text\" ><h3 class=\"ge-subtitulo-grande\">Filiale au P\u00e9rou<\/h3>\n<p>D&#8217;une part, la filiale p\u00e9ruvienne se concentre sur la commercialisation de groupes \u00e9lectrog\u00e8nes, et d&#8217;autre part, elle offre \u00e9galement la possibilit\u00e9 de louer ces groupes pour des projets sp\u00e9cifiques. Elle dispose \u00e9galement du service apr\u00e8s-vente et de l&#8217;assistance technique qui nous caract\u00e9risent.<\/p>\n<\/div><\/section><\/div><div class='av-flex-placeholder'><\/div>\n<style type=\"text\/css\" data-created_by=\"avia_inline_auto\" id=\"style-css-av-woausu-bb16a486cda6d91b6ca991d4024cea54\">\n.flex_column.av-woausu-bb16a486cda6d91b6ca991d4024cea54{\nwidth:48.5%;\nmargin-left:0;\npadding:4% 8% 4% 8%;\nbackground-color:#ffffff;\n}\n#top .flex_column_table.av-equal-height-column-flextable.av-woausu-bb16a486cda6d91b6ca991d4024cea54 .av-flex-placeholder{\nwidth:3%;\n}\n<\/style>\n<div  class='flex_column av-woausu-bb16a486cda6d91b6ca991d4024cea54 av_one_half  avia-builder-el-23  el_after_av_one_half  avia-builder-el-last  flex_column_table_cell av-equal-height-column av-align-top  column-top-margin'     ><section  class='av_textblock_section av-l9dxjgsd-f4f59d5d0aad465203e78deb4040ab2b '   itemscope=\"itemscope\" itemtype=\"https:\/\/schema.org\/CreativeWork\" ><div class='avia_textblock'  itemprop=\"text\" ><h3 class=\"ge-subtitulo-grande\">Filiale au Mexique<\/h3>\n<p>Situ\u00e9e au c\u0153ur de la ville de Mexico, notre filiale est charg\u00e9e du d\u00e9veloppement de projets sp\u00e9ciaux. Ces projets exigent un haut degr\u00e9 d&#8217;ing\u00e9nierie afin que le produit soit parfaitement adapt\u00e9 aux besoins sp\u00e9cifiques de chaque situation. De plus, elle r\u00e9pond \u00e0 nos normes de service apr\u00e8s-vente et propose des formations, des conseils et la location d&#8217;\u00e9nergie.<\/p>\n<\/div><\/section><\/div><\/div><!--close column table wrapper. Autoclose: 1 --><\/div><\/div><\/div><!-- close content main div --><\/div><\/div>\n<style type=\"text\/css\" data-created_by=\"avia_inline_auto\" id=\"style-css-av-il1je6-82e101c94c8e0894d68b05a4b571c24f\">\n.avia-section.av-il1je6-82e101c94c8e0894d68b05a4b571c24f{\nbackground-repeat:no-repeat;\nbackground-image:url(https:\/\/genesalenergy.com\/fr\/wp-content\/uploads\/sites\/4\/2020\/03\/Genesal-Energy-empresa-1500x630-1.jpg);\nbackground-position:50% 50%;\nbackground-attachment:scroll;\nmargin-top:0;\nmargin-bottom:0;\n}\n<\/style>\n<div id='imagen-cierre'  class='avia-section av-il1je6-82e101c94c8e0894d68b05a4b571c24f main_color avia-section-no-padding avia-no-border-styling  avia-builder-el-25  el_after_av_section  avia-builder-el-last  margin-bot12 avia-full-stretch avia-bg-style-scroll av-minimum-height av-minimum-height-custom av-height-custom  container_wrap sidebar_right'  data-section-bg-repeat='stretch' data-av_minimum_height_px='550'><div class='container av-section-cont-open' style='height:550px'><div class='template-page content  av-content-small alpha units'><div class='post-entry post-entry-type-page post-entry-34894'><div class='entry-content-wrapper clearfix'>\n\n<style type=\"text\/css\" data-created_by=\"avia_inline_auto\" id=\"style-css-av-la6qb11s-ed726ddda2afd501ec77e75384676e63\">\n#top .av_textblock_section.av-la6qb11s-ed726ddda2afd501ec77e75384676e63 .avia_textblock{\nfont-size:14px;\ncolor:#ffffff;\n}\n<\/style>\n<section  class='av_textblock_section av-la6qb11s-ed726ddda2afd501ec77e75384676e63 '   itemscope=\"itemscope\" itemtype=\"https:\/\/schema.org\/CreativeWork\" ><div class='avia_textblock genesal-list av_inherit_color'  itemprop=\"text\" ><h3 class=\"ge-encabezado-secundario\">\u00cates-vous int\u00e9ress\u00e9(e) par la distribution de nos produits ?<\/h3>\n<p>Dans le cadre de notre plan d&#8217;internationalisation, nous offrons \u00e9galement la possibilit\u00e9 d&#8217;\u00e9tablir des relations commerciales avec d&#8217;\u00e9ventuels distributeurs ou agents commerciaux dans diff\u00e9rents pays, pour lesquels notre service international sera ravi de vous aider.<\/p>\n<p><a class=\"ge-link-flecha\" href=\"https:\/\/genesalenergy.com\/fr\/contact\/\">Demander plus d&#8217;informations<\/a><\/p>\n<\/div><\/section>\n<\/div><\/div><\/div><!-- close content main div --><\/div><\/div><div id='after_section_5'  class='main_color av_default_container_wrap container_wrap sidebar_right'  ><div class='container av-section-cont-open' ><div class='template-page content  av-content-small alpha units'><div class='post-entry post-entry-type-page post-entry-34894'><div class='entry-content-wrapper clearfix'>\n","protected":false},"excerpt":{"rendered":"","protected":false},"author":1,"featured_media":39614,"parent":0,"menu_order":0,"comment_status":"open","ping_status":"open","template":"","meta":{"_acf_changed":false,"footnotes":""},"class_list":["post-34894","page","type-page","status-publish","has-post-thumbnail","hentry"],"acf":[],"_links":{"self":[{"href":"https:\/\/genesalenergy.com\/fr\/wp-json\/wp\/v2\/pages\/34894","targetHints":{"allow":["GET"]}}],"collection":[{"href":"https:\/\/genesalenergy.com\/fr\/wp-json\/wp\/v2\/pages"}],"about":[{"href":"https:\/\/genesalenergy.com\/fr\/wp-json\/wp\/v2\/types\/page"}],"author":[{"embeddable":true,"href":"https:\/\/genesalenergy.com\/fr\/wp-json\/wp\/v2\/users\/1"}],"replies":[{"embeddable":true,"href":"https:\/\/genesalenergy.com\/fr\/wp-json\/wp\/v2\/comments?post=34894"}],"version-history":[{"count":1,"href":"https:\/\/genesalenergy.com\/fr\/wp-json\/wp\/v2\/pages\/34894\/revisions"}],"predecessor-version":[{"id":49936,"href":"https:\/\/genesalenergy.com\/fr\/wp-json\/wp\/v2\/pages\/34894\/revisions\/49936"}],"wp:featuredmedia":[{"embeddable":true,"href":"https:\/\/genesalenergy.com\/fr\/wp-json\/wp\/v2\/media\/39614"}],"wp:attachment":[{"href":"https:\/\/genesalenergy.com\/fr\/wp-json\/wp\/v2\/media?parent=34894"}],"curies":[{"name":"wp","href":"https:\/\/api.w.org\/{rel}","templated":true}]}}