{"id":34890,"date":"2018-01-17T11:31:23","date_gmt":"2018-01-17T11:31:23","guid":{"rendered":"http:\/\/master.genesalenergy.com\/fr\/grupos-electrogenos-de-bajas-temperaturas-aplicaciones-genesal-energy\/"},"modified":"2025-10-20T08:25:47","modified_gmt":"2025-10-20T08:25:47","slug":"groupes-electrogenes-pour-baisses-temperatures","status":"publish","type":"page","link":"https:\/\/genesalenergy.com\/fr\/groupes-electrogenes-pour-baisses-temperatures\/","title":{"rendered":"Groupes \u00e9lectrog\u00e8nes pour Basses Temp\u00e9ratures"},"content":{"rendered":"\n<style type=\"text\/css\" data-created_by=\"avia_inline_auto\" id=\"style-css-av-1o68dcn-bc91adc389aa20496e4fa43b99bfe26e\">\n.avia-section.av-1o68dcn-bc91adc389aa20496e4fa43b99bfe26e{\nbackground-repeat:no-repeat;\nbackground-image:url(https:\/\/genesalenergy.com\/fr\/wp-content\/uploads\/sites\/4\/2023\/02\/genesal_bajastemperaturas-scaled-1-1030x301.jpg);\nbackground-position:100% 100%;\nbackground-attachment:scroll;\n}\n<\/style>\n<div id='av_section_1'  class='avia-section av-1o68dcn-bc91adc389aa20496e4fa43b99bfe26e main_color avia-section-no-padding avia-no-border-styling  avia-builder-el-0  el_before_av_section  avia-builder-el-first  header-align-top-margin-50 avia-full-stretch avia-bg-style-scroll av-minimum-height av-minimum-height-custom av-height-custom  container_wrap sidebar_right'  data-section-bg-repeat='stretch' data-av_minimum_height_px='560'><div class='container av-section-cont-open' style='height:560px'><main  role=\"main\" itemprop=\"mainContentOfPage\"  class='template-page content  av-content-small alpha units'><div class='post-entry post-entry-type-page post-entry-34890'><div class='entry-content-wrapper clearfix'>\n<div class='flex_column_table av-142wuif-1555532642c4a0d55cebbc5400f21f63 sc-av_one_full av-equal-height-column-flextable'><div  class='flex_column av-142wuif-1555532642c4a0d55cebbc5400f21f63 av_one_full  avia-builder-el-1  avia-builder-el-no-sibling  first no_margin flex_column_table_cell av-equal-height-column av-align-top  '     ><section  class='av_textblock_section av-l8spjvml-f930c4733ede71336018afbd0a21ce7b '   itemscope=\"itemscope\" itemtype=\"https:\/\/schema.org\/CreativeWork\" ><div class='avia_textblock'  itemprop=\"text\" ><h1 class=\"ge-antetitulo\">Groupes \u00e9lectrog\u00e8nes pour les basses temp\u00e9ratures<\/h1>\n<h2 class=\"ge-encabezado-principal\">Temp\u00e9ratures minimales,<br \/>\n<span style=\"color: #b8012d;\">performances maximales<\/span><\/h2>\n<\/div><\/section><\/div><\/div><!--close column table wrapper. Autoclose: 1 -->\n\n<\/div><\/div><\/main><!-- close content main element --><\/div><\/div>\n<style type=\"text\/css\" data-created_by=\"avia_inline_auto\" id=\"style-css-av-l8txhlo9-556090df1a01f8242cca19c4841f6df5\">\n.avia-section.av-l8txhlo9-556090df1a01f8242cca19c4841f6df5{\nbackground-color:#b8012d;\nbackground-image:unset;\n}\n<\/style>\n<div id='av_section_2'  class='avia-section av-l8txhlo9-556090df1a01f8242cca19c4841f6df5 main_color avia-section-default avia-no-border-styling  avia-builder-el-3  el_after_av_section  el_before_av_section  avia-bg-style-scroll container_wrap sidebar_right'  ><div class='container av-section-cont-open' ><div class='template-page content  av-content-small alpha units'><div class='post-entry post-entry-type-page post-entry-34890'><div class='entry-content-wrapper clearfix'>\n\n<style type=\"text\/css\" data-created_by=\"avia_inline_auto\" id=\"style-css-av-15a726v-5281e5112049a873528b33a933053c36\">\n.flex_column.av-15a726v-5281e5112049a873528b33a933053c36{\nbackground-color:#b8012d;\n}\n<\/style>\n<div  class='flex_column av-15a726v-5281e5112049a873528b33a933053c36 av_one_full  avia-builder-el-4  avia-builder-el-no-sibling  first flex_column_div  '     ><section  class='av_textblock_section av-2kylh3-c5f1dedd04c2a98992e5499c19354273 '   itemscope=\"itemscope\" itemtype=\"https:\/\/schema.org\/CreativeWork\" ><div class='avia_textblock'  itemprop=\"text\" ><p class=\"ge-texto-grande-bloque-rojo\">Le froid et les basses temp\u00e9ratures constituent des facteurs critiques pour de nombreuses entreprises. C&#8217;est pourquoi nous disposons d&#8217;une gamme de groupes \u00e9lectrog\u00e8nes capables de d\u00e9marrer et de fonctionner \u00e0 -30 \u00b0C.<\/p>\n<p class=\"ge-link-bloque-rojo\"><a class=\"ge-link-flecha\" href=\"#contacto\">Demander un devis<\/a><\/p>\n<\/div><\/section><\/div>\n\n<\/div><\/div><\/div><!-- close content main div --><\/div><\/div><div id='av_section_3'  class='avia-section av-zctazb-5cd9d3aad921a8432af8c176c3cbc1e1 main_color avia-section-large avia-no-border-styling  avia-builder-el-6  el_after_av_section  el_before_av_section  avia-bg-style-scroll container_wrap sidebar_right'  ><div class='container av-section-cont-open' ><div class='template-page content  av-content-small alpha units'><div class='post-entry post-entry-type-page post-entry-34890'><div class='entry-content-wrapper clearfix'>\n<div  class='flex_column av-li6ruf-a3e7c5f38ddce7a508010811b53b55e1 av_one_half  avia-builder-el-7  el_before_av_one_half  avia-builder-el-first  first flex_column_div  '     ><section  class='av_textblock_section av-l8txn3pi-1d99343805001e4738bbdd356a1f402f '   itemscope=\"itemscope\" itemtype=\"https:\/\/schema.org\/CreativeWork\" ><div class='avia_textblock'  itemprop=\"text\" ><h2 class=\"ge-subtitulo-grande\">Nous sommes la r\u00e9f\u00e9rence<\/h2>\n<p class=\"ge-subtitulo-pequeno\">Gr\u00e2ce aux diff\u00e9rents syst\u00e8mes que nous avons d\u00e9velopp\u00e9s pour lutter contre le froid extr\u00eame, nous sommes une r\u00e9f\u00e9rence en Scandinavie et en Europe du Nord.<\/p>\n<\/div><\/section><\/div><div  class='flex_column av-18fjzrr-7f6d04d7741b448ba564522b0adce5d8 av_one_half  avia-builder-el-9  el_after_av_one_half  el_before_av_image  flex_column_div  '     ><\/div>\n<style type=\"text\/css\" data-created_by=\"avia_inline_auto\" id=\"style-css-av-1y5p07-8e9b41bcdebbe9d66f8b914bc7469dfd\">\n.avia-image-container.av-1y5p07-8e9b41bcdebbe9d66f8b914bc7469dfd img.avia_image{\nbox-shadow:none;\n}\n.avia-image-container.av-1y5p07-8e9b41bcdebbe9d66f8b914bc7469dfd .av-image-caption-overlay-center{\ncolor:#ffffff;\n}\n<\/style>\n<div  class='avia-image-container av-1y5p07-8e9b41bcdebbe9d66f8b914bc7469dfd av-styling-no-styling avia-align-  avia-builder-el-10  el_after_av_one_half  avia-builder-el-last '   itemprop=\"image\" itemscope=\"itemscope\" itemtype=\"https:\/\/schema.org\/ImageObject\" ><div class=\"avia-image-container-inner\"><div class=\"avia-image-overlay-wrap\"><img decoding=\"async\" fetchpriority=\"high\" class='wp-image-39701 avia-img-lazy-loading-not-39701 avia_image ' src=\"https:\/\/genesalenergy.com\/fr\/wp-content\/uploads\/sites\/4\/2023\/02\/bajas-temperaturas-referente-2048x1018-1.jpg\" alt='' title='bajas-temperaturas-referente-2048x1018'  height=\"1018\" width=\"2048\"  itemprop=\"thumbnailUrl\" srcset=\"https:\/\/genesalenergy.com\/fr\/wp-content\/uploads\/sites\/4\/2023\/02\/bajas-temperaturas-referente-2048x1018-1.jpg 2048w, https:\/\/genesalenergy.com\/fr\/wp-content\/uploads\/sites\/4\/2023\/02\/bajas-temperaturas-referente-2048x1018-1-300x149.jpg 300w, https:\/\/genesalenergy.com\/fr\/wp-content\/uploads\/sites\/4\/2023\/02\/bajas-temperaturas-referente-2048x1018-1-1030x512.jpg 1030w, https:\/\/genesalenergy.com\/fr\/wp-content\/uploads\/sites\/4\/2023\/02\/bajas-temperaturas-referente-2048x1018-1-768x382.jpg 768w, https:\/\/genesalenergy.com\/fr\/wp-content\/uploads\/sites\/4\/2023\/02\/bajas-temperaturas-referente-2048x1018-1-1536x764.jpg 1536w, https:\/\/genesalenergy.com\/fr\/wp-content\/uploads\/sites\/4\/2023\/02\/bajas-temperaturas-referente-2048x1018-1-1500x746.jpg 1500w, https:\/\/genesalenergy.com\/fr\/wp-content\/uploads\/sites\/4\/2023\/02\/bajas-temperaturas-referente-2048x1018-1-705x350.jpg 705w\" sizes=\"(max-width: 2048px) 100vw, 2048px\" \/><\/div><\/div><\/div>\n\n<\/div><\/div><\/div><!-- close content main div --><\/div><\/div><div id='av_section_4'  class='avia-section av-221ih93-4105e3aa89df3bdb054021bc24edd7d6 main_color avia-section-default avia-no-border-styling  avia-builder-el-11  el_after_av_section  el_before_av_section  avia-bg-style-scroll container_wrap sidebar_right'  ><div class='container av-section-cont-open' ><div class='template-page content  av-content-small alpha units'><div class='post-entry post-entry-type-page post-entry-34890'><div class='entry-content-wrapper clearfix'>\n<div  class='flex_column av-1heb2t3-1950c6c15a9aec88ad6b7081293d4a0e av_one_half  avia-builder-el-12  el_before_av_one_half  avia-builder-el-first  first flex_column_div  '     ><section  class='av_textblock_section av-17gluk7-1c4fb8707601affa79fd49ada4d6e806 '   itemscope=\"itemscope\" itemtype=\"https:\/\/schema.org\/CreativeWork\" ><div class='avia_textblock'  itemprop=\"text\" ><h3 class=\"ge-subtitulo-grande\">Une ligne de produits sp\u00e9ciaux pr\u00eate \u00e0 fonctionner dans les circonstances suivantes :<\/h3>\n<\/div><\/section><\/div><div  class='flex_column av-slnviv-c434965ad560e10a9b6a243139f8604a av_one_half  avia-builder-el-14  el_after_av_one_half  el_before_av_one_fifth  flex_column_div  '     ><\/div><div class='flex_column_table av-l9ckc1w0-9aec2c8be5edd9c59db196de89b8c446 sc-av_one_fifth av-equal-height-column-flextable'>\n<style type=\"text\/css\" data-created_by=\"avia_inline_auto\" id=\"style-css-av-l9ckc1w0-9aec2c8be5edd9c59db196de89b8c446\">\n.flex_column.av-l9ckc1w0-9aec2c8be5edd9c59db196de89b8c446{\nwidth:17.6%;\nmargin-left:0;\npadding:24px 24px 24px 24px;\nbackground-color:#fafcf8;\n}\n#top .flex_column_table.av-equal-height-column-flextable.av-l9ckc1w0-9aec2c8be5edd9c59db196de89b8c446 .av-flex-placeholder{\nwidth:3%;\n}\n<\/style>\n<div  class='flex_column av-l9ckc1w0-9aec2c8be5edd9c59db196de89b8c446 av_one_fifth  avia-builder-el-15  el_after_av_one_half  el_before_av_one_fifth  first flex_column_table_cell av-equal-height-column av-align-top  column-top-margin'     ><section  class='av_textblock_section av-l9ckdngy-afd93b77f044acde39952fb60e30372d '   itemscope=\"itemscope\" itemtype=\"https:\/\/schema.org\/CreativeWork\" ><div class='avia_textblock'  itemprop=\"text\" ><p><img loading=\"lazy\" decoding=\"async\" class=\"aligncenter wp-image-44831\" src=\"https:\/\/genesalenergy.com\/wp-content\/uploads\/2022\/10\/icon-coniciones-extremas2x.png\" alt=\"\" width=\"41\" height=\"97\" \/><\/p>\n<p class=\"ge-subtitulo-pequeno\" style=\"text-align: center;\">Conditions extr\u00eames de basses temp\u00e9ratures (-36 \u2070C)<\/p>\n<\/div><\/section><\/div><div class='av-flex-placeholder'><\/div>\n<style type=\"text\/css\" data-created_by=\"avia_inline_auto\" id=\"style-css-av-3shcgoa-56a9d93a8f09ca56f305eff22d55abf1\">\n.flex_column.av-3shcgoa-56a9d93a8f09ca56f305eff22d55abf1{\nwidth:17.6%;\nmargin-left:0;\npadding:24px 24px 24px 24px;\nbackground-color:#fafcf8;\n}\n#top .flex_column_table.av-equal-height-column-flextable.av-3shcgoa-56a9d93a8f09ca56f305eff22d55abf1 .av-flex-placeholder{\nwidth:3%;\n}\n<\/style>\n<div  class='flex_column av-3shcgoa-56a9d93a8f09ca56f305eff22d55abf1 av_one_fifth  avia-builder-el-17  el_after_av_one_fifth  el_before_av_one_fifth  flex_column_table_cell av-equal-height-column av-align-top  column-top-margin'     ><section  class='av_textblock_section av-3i3otey-4b42b3741eb1c4a1a9dbabe1fb9edece '   itemscope=\"itemscope\" itemtype=\"https:\/\/schema.org\/CreativeWork\" ><div class='avia_textblock'  itemprop=\"text\" ><p><img loading=\"lazy\" decoding=\"async\" class=\"aligncenter wp-image-44830\" src=\"https:\/\/genesalenergy.com\/wp-content\/uploads\/2022\/10\/icon-intemperie2x.png\" alt=\"\" width=\"84\" height=\"96\" \/><\/p>\n<p class=\"ge-subtitulo-pequeno\" style=\"text-align: center;\">Face aux intemp\u00e9ries<\/p>\n<\/div><\/section><\/div><div class='av-flex-placeholder'><\/div>\n<style type=\"text\/css\" data-created_by=\"avia_inline_auto\" id=\"style-css-av-88c6p6-a4ae754c6311ef4d7e72a3c333a9ddb9\">\n.flex_column.av-88c6p6-a4ae754c6311ef4d7e72a3c333a9ddb9{\nwidth:17.6%;\nmargin-left:0;\npadding:24px 24px 24px 24px;\nbackground-color:#fafcf8;\n}\n#top .flex_column_table.av-equal-height-column-flextable.av-88c6p6-a4ae754c6311ef4d7e72a3c333a9ddb9 .av-flex-placeholder{\nwidth:3%;\n}\n<\/style>\n<div  class='flex_column av-88c6p6-a4ae754c6311ef4d7e72a3c333a9ddb9 av_one_fifth  avia-builder-el-19  el_after_av_one_fifth  el_before_av_one_fifth  flex_column_table_cell av-equal-height-column av-align-top  column-top-margin'     ><section  class='av_textblock_section av-1rbtsju-97965e0acfbdb5984d59233004fde6c2 '   itemscope=\"itemscope\" itemtype=\"https:\/\/schema.org\/CreativeWork\" ><div class='avia_textblock'  itemprop=\"text\" ><p><img loading=\"lazy\" decoding=\"async\" class=\"aligncenter wp-image-44827\" src=\"https:\/\/genesalenergy.com\/wp-content\/uploads\/2022\/10\/icon-landofshore2x.png\" alt=\"\" width=\"83\" height=\"96\" \/><\/p>\n<p class=\"ge-subtitulo-pequeno\" style=\"text-align: center;\">Sur terre et off-shore<\/p>\n<\/div><\/section><\/div><div class='av-flex-placeholder'><\/div>\n<style type=\"text\/css\" data-created_by=\"avia_inline_auto\" id=\"style-css-av-1b6kane-ac1f77dd2eade51cf37a566dee6d4f04\">\n.flex_column.av-1b6kane-ac1f77dd2eade51cf37a566dee6d4f04{\nwidth:17.6%;\nmargin-left:0;\npadding:24px 24px 24px 24px;\nbackground-color:#fafcf8;\n}\n#top .flex_column_table.av-equal-height-column-flextable.av-1b6kane-ac1f77dd2eade51cf37a566dee6d4f04 .av-flex-placeholder{\nwidth:3%;\n}\n<\/style>\n<div  class='flex_column av-1b6kane-ac1f77dd2eade51cf37a566dee6d4f04 av_one_fifth  avia-builder-el-21  el_after_av_one_fifth  el_before_av_one_fifth  flex_column_table_cell av-equal-height-column av-align-top  column-top-margin'     ><section  class='av_textblock_section av-jzaiui-868ac98f15e7825b484d0b302a179ab9 '   itemscope=\"itemscope\" itemtype=\"https:\/\/schema.org\/CreativeWork\" ><div class='avia_textblock'  itemprop=\"text\" ><p><img loading=\"lazy\" decoding=\"async\" class=\"aligncenter wp-image-44828\" src=\"https:\/\/genesalenergy.com\/wp-content\/uploads\/2022\/10\/icon-automatico2x.png\" alt=\"\" width=\"107\" height=\"96\" \/><\/p>\n<p class=\"ge-subtitulo-pequeno\" style=\"text-align: center;\">Fonctionnement compl\u00e8tement automatique<\/p>\n<\/div><\/section><\/div><div class='av-flex-placeholder'><\/div>\n<style type=\"text\/css\" data-created_by=\"avia_inline_auto\" id=\"style-css-av-321zx56-4953930b0cb9b7a7aea86fe7452fcfa1\">\n.flex_column.av-321zx56-4953930b0cb9b7a7aea86fe7452fcfa1{\nwidth:17.6%;\nmargin-left:0;\npadding:24px 24px 24px 24px;\nbackground-color:#fafcf8;\n}\n#top .flex_column_table.av-equal-height-column-flextable.av-321zx56-4953930b0cb9b7a7aea86fe7452fcfa1 .av-flex-placeholder{\nwidth:3%;\n}\n<\/style>\n<div  class='flex_column av-321zx56-4953930b0cb9b7a7aea86fe7452fcfa1 av_one_fifth  avia-builder-el-23  el_after_av_one_fifth  avia-builder-el-last  flex_column_table_cell av-equal-height-column av-align-top  column-top-margin'     ><section  class='av_textblock_section av-2kf9p4a-13cd14bd664eeaf71ae02480a95bf213 '   itemscope=\"itemscope\" itemtype=\"https:\/\/schema.org\/CreativeWork\" ><div class='avia_textblock'  itemprop=\"text\" ><p><img loading=\"lazy\" decoding=\"async\" class=\"aligncenter wp-image-44829\" src=\"https:\/\/genesalenergy.com\/wp-content\/uploads\/2022\/10\/icon-personalizado2x.png\" alt=\"\" width=\"84\" height=\"96\" \/><\/p>\n<p class=\"ge-subtitulo-pequeno\" style=\"text-align: center;\">Enti\u00e8rement adapt\u00e9s \u00e0 chaque projet<\/p>\n<\/div><\/section><\/div><\/div><!--close column table wrapper. Autoclose: 1 -->\n\n<\/div><\/div><\/div><!-- close content main div --><\/div><\/div><div id='av_section_5'  class='avia-section av-1jh59jr-0deb3f9b23a332e96a9b5b21de8908af main_color avia-section-default avia-no-border-styling  avia-builder-el-25  el_after_av_section  el_before_av_section  avia-bg-style-scroll container_wrap sidebar_right'  ><div class='container av-section-cont-open' ><div class='template-page content  av-content-small alpha units'><div class='post-entry post-entry-type-page post-entry-34890'><div class='entry-content-wrapper clearfix'>\n<div class='flex_column_table av-14w7dh3-5b9d43204ab451d3c92802d86ada220e sc-av_one_half av-equal-height-column-flextable'><div  class='flex_column av-14w7dh3-5b9d43204ab451d3c92802d86ada220e av_one_half  avia-builder-el-26  el_before_av_one_half  avia-builder-el-first  first flex_column_table_cell av-equal-height-column av-align-top  '     ><section  class='av_textblock_section av-l8tyhfhh-71909880d93ab15443fef78892b21fa7 '   itemscope=\"itemscope\" itemtype=\"https:\/\/schema.org\/CreativeWork\" ><div class='avia_textblock'  itemprop=\"text\" ><p class=\"ge-subtitulo-mediano\">Caract\u00e9ristiques standard des groupes \u00e9lectrog\u00e8nes pour les basses temp\u00e9ratures<\/p>\n<ul class=\"ge-listado-caracteristicas\">\n<li>Grilles motoris\u00e9es<\/li>\n<li>Grilles chauff\u00e9es<\/li>\n<li>Coupe batterie<\/li>\n<li>Chauffage \u00e0 l&#8217;int\u00e9rieur de la cabine ou du conteneur<\/li>\n<li>Recirculation de l&#8217;air chaud<\/li>\n<li>Tableau de contr\u00f4le sp\u00e9cial basses temp\u00e9ratures (sans liquide)<\/li>\n<li>Batteries surdimensionn\u00e9es<\/li>\n<li>Capteur de temp\u00e9rature<\/li>\n<li>R\u00e9sistance anti-condensation de l&#8217;alternateur<\/li>\n<\/ul>\n<\/div><\/section><\/div><div class='av-flex-placeholder'><\/div><div  class='flex_column av-139k3d6-2a5c7545257b8d1e33a64cc507a4b0d5 av_one_half  avia-builder-el-28  el_after_av_one_half  avia-builder-el-last  flex_column_table_cell av-equal-height-column av-align-top  '     ><section  class='av_textblock_section av-memtai-b699f1fc4bb9f7398f7fb1c62f103afa '   itemscope=\"itemscope\" itemtype=\"https:\/\/schema.org\/CreativeWork\" ><div class='avia_textblock'  itemprop=\"text\" ><p class=\"ge-subtitulo-mediano\">Caract\u00e9ristiques <strong>optionnelles<\/strong> des groupes \u00e9lectrog\u00e8nes pour les basses temp\u00e9ratures<\/p>\n<ul class=\"ge-listado-caracteristicas\">\n<li>Grilles en acier inoxydable<\/li>\n<li>Sortie d&#8217;\u00e9chappement en acier inoxydable<\/li>\n<li>Impr\u00e9gnation anti-corrosion sur les enroulements de l&#8217;alternateur<\/li>\n<li>Traitement C5M sur la peinture ext\u00e9rieure<\/li>\n<li>Syst\u00e8me de p\u00f4les isol\u00e9s (sp\u00e9cifique au secteur naval)<\/li>\n<li>Syst\u00e8me de chauffage du carburant<\/li>\n<li>Chauffe-batteries pour l\u00b4aide au d\u00e9marrage<\/li>\n<li>Point de remplissage externe du carburant<\/li>\n<li>Densit\u00e9 plus \u00e9lev\u00e9e de laine de roche (100 mm) sur les parois des cabines\/conteneurs.<\/li>\n<\/ul>\n<\/div><\/section><\/div><\/div><!--close column table wrapper. Autoclose: 1 --><\/div><\/div><\/div><!-- close content main div --><\/div><\/div><div id='av_section_6'  class='avia-section av-o5qrev-b6a2ca09f9e00784e28355fa754f2947 main_color avia-section-huge avia-no-border-styling  avia-builder-el-30  el_after_av_section  avia-builder-el-last  avia-bg-style-scroll container_wrap sidebar_right'  ><div class='container av-section-cont-open' ><div class='template-page content  av-content-small alpha units'><div class='post-entry post-entry-type-page post-entry-34890'><div class='entry-content-wrapper clearfix'>\n\n<style type=\"text\/css\" data-created_by=\"avia_inline_auto\" id=\"style-css-av-16mnnt3-24-6e01d693f4e0fcc86814116ec9eb8ca2\">\n.flex_column.av-16mnnt3-24-6e01d693f4e0fcc86814116ec9eb8ca2{\nborder-radius:0px 0px 0px 0px;\npadding:0px 0px 0px 0px;\n}\n<\/style>\n<div  class='flex_column av-16mnnt3-24-6e01d693f4e0fcc86814116ec9eb8ca2 av_one_full  avia-builder-el-31  el_before_av_blog  avia-builder-el-first  first flex_column_div av-zero-column-padding  '     ><section  class='av_textblock_section av-k8wrjz2f-13-a453fca229c86341e2eba5713ad1b436 '   itemscope=\"itemscope\" itemtype=\"https:\/\/schema.org\/CreativeWork\" ><div class='avia_textblock'  itemprop=\"text\" ><h2 class=\"ge-texto-grande-centrado ge-separador\" style=\"text-align: center;\">D\u00e9couvrez quelques-uns de nos projets les plus importants<\/h2>\n<\/div><\/section><br \/>\n\n<style type=\"text\/css\" data-created_by=\"avia_inline_auto\" id=\"style-css-av-k8ws2rt0-8-a08c3833628d10b75fe3887121a91221\">\n#top .hr.hr-invisible.av-k8ws2rt0-8-a08c3833628d10b75fe3887121a91221{\nheight:30px;\n}\n<\/style>\n<div  class='hr av-k8ws2rt0-8-a08c3833628d10b75fe3887121a91221 hr-invisible  avia-builder-el-33  el_after_av_textblock  avia-builder-el-last '><span class='hr-inner '><span class=\"hr-inner-style\"><\/span><\/span><\/div><\/p><\/div>\n<div  class='avia-buttonrow-wrap av-6fz87e-29ee02dc888aa490890f68e6aac99b7d avia-buttonrow-center  avia-builder-el-35  el_after_av_blog  avia-builder-el-last '>\n\n<style type=\"text\/css\" data-created_by=\"avia_inline_auto\" id=\"style-css-av-1bx6de2-99d418fdf280784d609cb799db7a83a7\">\n#top #wrap_all .avia-button.av-1bx6de2-99d418fdf280784d609cb799db7a83a7{\nmargin-bottom:24px;\nmargin-right:12px;\nmargin-left:12px;\n}\n<\/style>\n<a href='https:\/\/genesalenergy.com\/fr\/communication\/'  class='avia-button av-1bx6de2-99d418fdf280784d609cb799db7a83a7 avia-icon_select-no avia-size-large avia-color-theme-color'   aria-label=\"Voir plus d\u2019actualit\u00e9s\"><span class='avia_iconbox_title' >Voir plus d\u2019actualit\u00e9s<\/span><\/a>\n\n<style type=\"text\/css\" data-created_by=\"avia_inline_auto\" id=\"style-css-av-wr5qi2-b16f9b77086aca395db9d0e6c14523c3\">\n#top #wrap_all .avia-button.av-wr5qi2-b16f9b77086aca395db9d0e6c14523c3{\nbackground-color:#ffffff;\nborder-color:#ffffff;\ncolor:#222222;\ntransition:all 0.4s ease-in-out;\nmargin-bottom:24px;\nmargin-right:12px;\nmargin-left:12px;\n}\n#top #wrap_all .avia-button.av-wr5qi2-b16f9b77086aca395db9d0e6c14523c3 .avia-svg-icon svg:first-child{\nfill:#222222;\nstroke:#222222;\n}\n<\/style>\n<a href='https:\/\/genesalenergy.com\/fr\/etudes-de-cas\/'  class='avia-button av-wr5qi2-b16f9b77086aca395db9d0e6c14523c3 avia-icon_select-no avia-size-large'   aria-label=\"Voir plus de projets\"><span class='avia_iconbox_title' >Voir plus de projets<\/span><\/a>\n<\/div>\n<\/div><\/div><\/div><!-- close content main div --><\/div><\/div><div id='after_section_6'  class='main_color av_default_container_wrap container_wrap sidebar_right'  ><div class='container av-section-cont-open' ><div class='template-page content  av-content-small alpha units'><div class='post-entry post-entry-type-page post-entry-34890'><div class='entry-content-wrapper clearfix'>\n","protected":false},"excerpt":{"rendered":"","protected":false},"author":1,"featured_media":38257,"parent":0,"menu_order":0,"comment_status":"open","ping_status":"open","template":"","meta":{"_acf_changed":false,"footnotes":""},"class_list":["post-34890","page","type-page","status-publish","has-post-thumbnail","hentry"],"acf":[],"_links":{"self":[{"href":"https:\/\/genesalenergy.com\/fr\/wp-json\/wp\/v2\/pages\/34890","targetHints":{"allow":["GET"]}}],"collection":[{"href":"https:\/\/genesalenergy.com\/fr\/wp-json\/wp\/v2\/pages"}],"about":[{"href":"https:\/\/genesalenergy.com\/fr\/wp-json\/wp\/v2\/types\/page"}],"author":[{"embeddable":true,"href":"https:\/\/genesalenergy.com\/fr\/wp-json\/wp\/v2\/users\/1"}],"replies":[{"embeddable":true,"href":"https:\/\/genesalenergy.com\/fr\/wp-json\/wp\/v2\/comments?post=34890"}],"version-history":[{"count":1,"href":"https:\/\/genesalenergy.com\/fr\/wp-json\/wp\/v2\/pages\/34890\/revisions"}],"predecessor-version":[{"id":49883,"href":"https:\/\/genesalenergy.com\/fr\/wp-json\/wp\/v2\/pages\/34890\/revisions\/49883"}],"wp:featuredmedia":[{"embeddable":true,"href":"https:\/\/genesalenergy.com\/fr\/wp-json\/wp\/v2\/media\/38257"}],"wp:attachment":[{"href":"https:\/\/genesalenergy.com\/fr\/wp-json\/wp\/v2\/media?parent=34890"}],"curies":[{"name":"wp","href":"https:\/\/api.w.org\/{rel}","templated":true}]}}