{"id":34883,"date":"2018-01-18T14:56:24","date_gmt":"2018-01-18T14:56:24","guid":{"rendered":"http:\/\/master.genesalenergy.com\/fr\/grupos-electrogenos-hibridos-2\/"},"modified":"2025-11-04T09:26:05","modified_gmt":"2025-11-04T09:26:05","slug":"groupes-electrogenes-hybrides","status":"publish","type":"page","link":"https:\/\/genesalenergy.com\/fr\/groupes-electrogenes-hybrides\/","title":{"rendered":"Groupes \u00c9lectrog\u00e8nes Hybrides"},"content":{"rendered":"\n<style type=\"text\/css\" data-created_by=\"avia_inline_auto\" id=\"style-css-av-l9i9u399-2df73b946fb66e8723a4283eff586928\">\n.avia-section.av-l9i9u399-2df73b946fb66e8723a4283eff586928{\nbackground-color:#e3e5d5;\nbackground-image:unset;\n}\n<\/style>\n<div id='grupos-electrogenos-hibridos'  class='avia-section av-l9i9u399-2df73b946fb66e8723a4283eff586928 main_color avia-section-default avia-no-border-styling  avia-builder-el-0  el_before_av_section  avia-builder-el-first  header-align-top-margin-50 cabecera-con-animacion-video avia-bg-style-scroll av-minimum-height av-minimum-height-custom av-height-custom  container_wrap sidebar_right'   data-av_minimum_height_px='644'><div class='container av-section-cont-open' style='height:644px'><main  role=\"main\" itemprop=\"mainContentOfPage\"  class='template-page content  av-content-small alpha units'><div class='post-entry post-entry-type-page post-entry-34883'><div class='entry-content-wrapper clearfix'>\n<div class='flex_column_table av-55t62pv-2d45609db920193dcee4f5df4e61e45f sc-av_one_full av-equal-height-column-flextable'><div  class='flex_column av-55t62pv-2d45609db920193dcee4f5df4e61e45f av_one_full  avia-builder-el-1  el_before_av_codeblock  avia-builder-el-first  first no_margin flex_column_table_cell av-equal-height-column av-align-top  '     ><section  class='av_textblock_section av-l9i9sksg-2dedab23408898c9773a9bf230d02b13 '   itemscope=\"itemscope\" itemtype=\"https:\/\/schema.org\/CreativeWork\" ><div class='avia_textblock'  itemprop=\"text\" ><p class=\"ge-antetitulo\">De l&#8217;\u00e9nergie \u00e0 l&#8217;\u00e9tat pur et fiable<\/p>\n<h1 class=\"ge-encabezado-principal\">Groupes<br \/>\n\u00e9lectrog\u00e8nes<br \/>\n<span style=\"color: #b8012d;\">hybrides<\/span><\/h1>\n<\/div><\/section><\/div><\/div><!--close column table wrapper. Autoclose: 1 -->\n<\/div><\/div><\/main><!-- close content main element --><\/div><\/div>\n<style type=\"text\/css\" data-created_by=\"avia_inline_auto\" id=\"style-css-av-4o2xe83-dabf48a939a3992d48e12933dec98d7a\">\n.avia-section.av-4o2xe83-dabf48a939a3992d48e12933dec98d7a{\nbackground-color:#b8012d;\nbackground-image:unset;\n}\n<\/style>\n<div id='av_section_2'  class='avia-section av-4o2xe83-dabf48a939a3992d48e12933dec98d7a main_color avia-section-default avia-no-border-styling  avia-builder-el-4  el_after_av_section  el_before_av_section  avia-bg-style-scroll container_wrap sidebar_right'  ><div class='container av-section-cont-open' ><div class='template-page content  av-content-small alpha units'><div class='post-entry post-entry-type-page post-entry-34883'><div class='entry-content-wrapper clearfix'>\n\n<style type=\"text\/css\" data-created_by=\"avia_inline_auto\" id=\"style-css-av-4eh4u2r-29411d24b9fea68c271fac66be9af7be\">\n.flex_column.av-4eh4u2r-29411d24b9fea68c271fac66be9af7be{\nbackground-color:#b8012d;\n}\n<\/style>\n<div  class='flex_column av-4eh4u2r-29411d24b9fea68c271fac66be9af7be av_one_full  avia-builder-el-5  avia-builder-el-no-sibling  first flex_column_div  '     ><section  class='av_textblock_section av-l9i9zojn-07fb4658b6d92611dc55fb78f2460da1 '   itemscope=\"itemscope\" itemtype=\"https:\/\/schema.org\/CreativeWork\" ><div class='avia_textblock'  itemprop=\"text\" ><p class=\"ge-texto-grande-bloque-rojo\">Gr\u00e2ce \u00e0 leur haute efficacit\u00e9 \u00e9nerg\u00e9tique et \u00e0 leurs faibles \u00e9missions, nos groupes \u00e9lectrog\u00e8nes au gaz sont respectueux de l&#8217;environnement.<\/p>\n<p class=\"ge-link-bloque-rojo\"><a class=\"ge-link-flecha\" href=\"#contacto\">Demander un devis<\/a><\/p>\n<\/div><\/section><\/div>\n\n<\/div><\/div><\/div><!-- close content main div --><\/div><\/div>\n<style type=\"text\/css\" data-created_by=\"avia_inline_auto\" id=\"style-css-av-3sd2543-86c9f7a9a3ff3037450a5e17afba9b02\">\n.avia-section.av-3sd2543-86c9f7a9a3ff3037450a5e17afba9b02{\nbackground-color:#FAFCF8;\nbackground-image:unset;\n}\n<\/style>\n<div id='av_section_3'  class='avia-section av-3sd2543-86c9f7a9a3ff3037450a5e17afba9b02 main_color avia-section-large avia-no-border-styling  avia-builder-el-7  el_after_av_section  el_before_av_section  avia-bg-style-scroll container_wrap sidebar_right'  ><div class='container av-section-cont-open' ><div class='template-page content  av-content-small alpha units'><div class='post-entry post-entry-type-page post-entry-34883'><div class='entry-content-wrapper clearfix'>\n<div class='flex_column_table av-3kp80jn-2e895df3a931db1b9bc1e491d9d10f35 sc-av_one_third av-equal-height-column-flextable'><div  class='flex_column av-3kp80jn-2e895df3a931db1b9bc1e491d9d10f35 av_one_third  avia-builder-el-8  el_before_av_two_third  avia-builder-el-first  first flex_column_table_cell av-equal-height-column av-align-middle  '     ><section  class='av_textblock_section av-2yrc89v-64eebf97bac17f340a056233f30e9a1d '   itemscope=\"itemscope\" itemtype=\"https:\/\/schema.org\/CreativeWork\" ><div class='avia_textblock'  itemprop=\"text\" ><h2 class=\"ge-titulo-pequeno\">Groupes \u00e9lectrog\u00e8nes hybrides<\/h2>\n<p class=\"ge-subtitulo-grande\">Polyvalence et capacit\u00e9<\/p>\n<p class=\"ge-subtitulo-pequeno\">Toute l&#8217;innovation appliqu\u00e9e au d\u00e9veloppement de votre groupe \u00e9lectrog\u00e8ne hybride.<\/p>\n<\/div><\/section><\/div><div class='av-flex-placeholder'><\/div><div  class='flex_column av-2qj9d4z-6532f123bf96ae8cc2eb5f5d4da20e34 av_two_third  avia-builder-el-10  el_after_av_one_third  avia-builder-el-last  flex_column_table_cell av-equal-height-column av-align-middle  '     ><section  class='av_textblock_section av-261y5kz-39232d5b86b0607d3da7fb8369f873be '   itemscope=\"itemscope\" itemtype=\"https:\/\/schema.org\/CreativeWork\" ><div class='avia_textblock'  itemprop=\"text\" ><p>Outre leur \u00e9norme polyvalence et leur capacit\u00e9 \u00e0 optimiser la production d&#8217;\u00e9nergie, les groupes \u00e9lectrog\u00e8nes hybrides constituent la solution id\u00e9ale pour les b\u00e2timents isol\u00e9s sans r\u00e9seau \u00e9lectrique, tels que les fermes, les maisons ou h\u00f4tels ruraux ou les g\u00eetes de montagne.<\/p>\n<p>Ils repr\u00e9sentent \u00e9galement une solution parfaite pour compl\u00e9ter une autre unit\u00e9 existante.<\/p>\n<\/div><\/section><\/div><\/div><!--close column table wrapper. Autoclose: 1 -->\n\n<\/div><\/div><\/div><!-- close content main div --><\/div><\/div><div id='av_section_4'  class='avia-section av-5rqxko3-1ff43bc5b3909021fe1f9e91c6028c8c main_color avia-section-large avia-no-border-styling  avia-builder-el-12  el_after_av_section  el_before_av_section  avia-bg-style-scroll container_wrap sidebar_right'  ><div class='container av-section-cont-open' ><div class='template-page content  av-content-small alpha units'><div class='post-entry post-entry-type-page post-entry-34883'><div class='entry-content-wrapper clearfix'>\n\n<style type=\"text\/css\" data-created_by=\"avia_inline_auto\" id=\"style-css-av-56qkhr7-e4d6478bdc34767ccee37975e0e83ffa\">\n.flex_column.av-56qkhr7-e4d6478bdc34767ccee37975e0e83ffa{\nborder-radius:0px 0px 0px 0px;\npadding:0px 0px 0px 0px;\n}\n<\/style>\n<div  class='flex_column av-56qkhr7-e4d6478bdc34767ccee37975e0e83ffa av_one_full  avia-builder-el-13  el_before_av_image  avia-builder-el-first  first flex_column_div av-zero-column-padding  '     ><style type=\"text\/css\" data-created_by=\"avia_inline_auto\" id=\"style-css-av-l9iakzmz-5de314a3ac2144ceb356498c9f01e923\">\n#top .av_textblock_section.av-l9iakzmz-5de314a3ac2144ceb356498c9f01e923 .avia_textblock{\nfont-size:14px;\ncolor:#000000;\n}\n<\/style>\n<section  class='av_textblock_section av-l9iakzmz-5de314a3ac2144ceb356498c9f01e923 '   itemscope=\"itemscope\" itemtype=\"https:\/\/schema.org\/CreativeWork\" ><div class='avia_textblock av_inherit_color'  itemprop=\"text\" ><p class=\"ge-subtitulo-grande\" style=\"text-align: center !important; margin-left: auto !important; ;margin-right: auto !important;\">Nos groupes \u00e9lectrog\u00e8nes hybrides sont :<\/p>\n<\/div><\/section><\/div>\n<style type=\"text\/css\" data-created_by=\"avia_inline_auto\" id=\"style-css-av-4wjcbtv-93a8b3dd886974ee899327ed8506db3b\">\n.avia-image-container.av-4wjcbtv-93a8b3dd886974ee899327ed8506db3b img.avia_image{\nbox-shadow:none;\n}\n.avia-image-container.av-4wjcbtv-93a8b3dd886974ee899327ed8506db3b .av-image-caption-overlay-center{\ncolor:#ffffff;\n}\n<\/style>\n<div  class='avia-image-container av-4wjcbtv-93a8b3dd886974ee899327ed8506db3b av-styling-no-styling avia-align-center  avia-builder-el-15  el_after_av_one_full  el_before_av_one_fourth '   itemprop=\"image\" itemscope=\"itemscope\" itemtype=\"https:\/\/schema.org\/ImageObject\" ><div class=\"avia-image-container-inner\"><div class=\"avia-image-overlay-wrap\"><img decoding=\"async\" fetchpriority=\"high\" class='wp-image-39650 avia-img-lazy-loading-not-39650 avia_image ' src=\"https:\/\/genesalenergy.com\/fr\/wp-content\/uploads\/sites\/4\/2023\/02\/grupos-electrogenos-hibridos-scaled-1.jpg\" alt='' title='grupos-electrogenos-hibridos-scaled'  height=\"1272\" width=\"2560\"  itemprop=\"thumbnailUrl\" srcset=\"https:\/\/genesalenergy.com\/fr\/wp-content\/uploads\/sites\/4\/2023\/02\/grupos-electrogenos-hibridos-scaled-1.jpg 2560w, https:\/\/genesalenergy.com\/fr\/wp-content\/uploads\/sites\/4\/2023\/02\/grupos-electrogenos-hibridos-scaled-1-300x149.jpg 300w, https:\/\/genesalenergy.com\/fr\/wp-content\/uploads\/sites\/4\/2023\/02\/grupos-electrogenos-hibridos-scaled-1-1030x512.jpg 1030w, https:\/\/genesalenergy.com\/fr\/wp-content\/uploads\/sites\/4\/2023\/02\/grupos-electrogenos-hibridos-scaled-1-768x382.jpg 768w, https:\/\/genesalenergy.com\/fr\/wp-content\/uploads\/sites\/4\/2023\/02\/grupos-electrogenos-hibridos-scaled-1-1536x763.jpg 1536w, https:\/\/genesalenergy.com\/fr\/wp-content\/uploads\/sites\/4\/2023\/02\/grupos-electrogenos-hibridos-scaled-1-2048x1018.jpg 2048w, https:\/\/genesalenergy.com\/fr\/wp-content\/uploads\/sites\/4\/2023\/02\/grupos-electrogenos-hibridos-scaled-1-1500x745.jpg 1500w, https:\/\/genesalenergy.com\/fr\/wp-content\/uploads\/sites\/4\/2023\/02\/grupos-electrogenos-hibridos-scaled-1-705x350.jpg 705w\" sizes=\"(max-width: 2560px) 100vw, 2560px\" \/><\/div><\/div><\/div>\n\n<style type=\"text\/css\" data-created_by=\"avia_inline_auto\" id=\"style-css-av-47lp32b-85020b46c81288b2e5e5f44f8bb81e21\">\n.flex_column.av-47lp32b-85020b46c81288b2e5e5f44f8bb81e21{\nborder-radius:0px 0px 0px 0px;\npadding:0px 0px 0px 0px;\n}\n<\/style>\n<div  class='flex_column av-47lp32b-85020b46c81288b2e5e5f44f8bb81e21 av_one_fourth  avia-builder-el-16  el_after_av_image  el_before_av_one_fourth  first flex_column_div av-zero-column-padding  '     ><\/div>\n<style type=\"text\/css\" data-created_by=\"avia_inline_auto\" id=\"style-css-av-3spx3s3-62da02875c56964f4d8d0330e0e7df00\">\n.flex_column.av-3spx3s3-62da02875c56964f4d8d0330e0e7df00{\nborder-radius:0px 0px 0px 0px;\npadding:0px 0px 0px 0px;\n}\n<\/style>\n<div  class='flex_column av-3spx3s3-62da02875c56964f4d8d0330e0e7df00 av_one_fourth  avia-builder-el-17  el_after_av_one_fourth  el_before_av_one_fourth  flex_column_div av-zero-column-padding  '     ><style type=\"text\/css\" data-created_by=\"avia_inline_auto\" id=\"style-css-av-3n4qqgz-3722bf8e91ff11b4089b24ab822e606e\">\n#top .av_textblock_section.av-3n4qqgz-3722bf8e91ff11b4089b24ab822e606e .avia_textblock{\nfont-size:14px;\n}\n<\/style>\n<section  class='av_textblock_section av-3n4qqgz-3722bf8e91ff11b4089b24ab822e606e '   itemscope=\"itemscope\" itemtype=\"https:\/\/schema.org\/CreativeWork\" ><div class='avia_textblock genesal-list'  itemprop=\"text\" ><p><img loading=\"lazy\" decoding=\"async\" class=\"alignnone wp-image-45349\" src=\"https:\/\/genesalenergy.com\/wp-content\/uploads\/2022\/10\/icon-respetuosos-2x.png\" alt=\"\" width=\"56\" height=\"75\" \/><\/p>\n<h5 class=\"ge-subtitulo-mediano-inline\">Plus durables<\/h5>\n<p>Ils r\u00e9duisent les \u00e9missions de dioxyde de carbone (CO2)<\/p>\n<\/div><\/section><\/div>\n<style type=\"text\/css\" data-created_by=\"avia_inline_auto\" id=\"style-css-av-30avz0j-fd42aababbe39dc97e1276f6a5c7535b\">\n.flex_column.av-30avz0j-fd42aababbe39dc97e1276f6a5c7535b{\nborder-radius:0px 0px 0px 0px;\npadding:0px 0px 0px 0px;\n}\n<\/style>\n<div  class='flex_column av-30avz0j-fd42aababbe39dc97e1276f6a5c7535b av_one_fourth  avia-builder-el-19  el_after_av_one_fourth  el_before_av_one_fourth  flex_column_div av-zero-column-padding  '     ><style type=\"text\/css\" data-created_by=\"avia_inline_auto\" id=\"style-css-av-2gqblqb-9650d192553948ae7ebcc3862c1863dc\">\n#top .av_textblock_section.av-2gqblqb-9650d192553948ae7ebcc3862c1863dc .avia_textblock{\nfont-size:14px;\n}\n<\/style>\n<section  class='av_textblock_section av-2gqblqb-9650d192553948ae7ebcc3862c1863dc '   itemscope=\"itemscope\" itemtype=\"https:\/\/schema.org\/CreativeWork\" ><div class='avia_textblock genesal-list'  itemprop=\"text\" ><p><img loading=\"lazy\" decoding=\"async\" class=\"alignnone wp-image-45346\" src=\"https:\/\/genesalenergy.com\/wp-content\/uploads\/2022\/10\/icon-eficientess-2x.png\" alt=\"\" width=\"106\" height=\"75\" \/><\/p>\n<h5 class=\"ge-subtitulo-mediano-inline\">Plus efficaces<\/h5>\n<p>Ils diminuent les pertes et ajustent la consommation de carburant.<\/p>\n<\/div><\/section><\/div>\n<style type=\"text\/css\" data-created_by=\"avia_inline_auto\" id=\"style-css-av-1wmacyr-821ea81ba8fa92c71630a9112fbb0eca\">\n.flex_column.av-1wmacyr-821ea81ba8fa92c71630a9112fbb0eca{\nborder-radius:0px 0px 0px 0px;\npadding:0px 0px 0px 0px;\n}\n<\/style>\n<div  class='flex_column av-1wmacyr-821ea81ba8fa92c71630a9112fbb0eca av_one_fourth  avia-builder-el-21  el_after_av_one_fourth  avia-builder-el-last  flex_column_div av-zero-column-padding  '     ><\/div>\n\n<\/div><\/div><\/div><!-- close content main div --><\/div><\/div>\n<style type=\"text\/css\" data-created_by=\"avia_inline_auto\" id=\"style-css-av-2ho50w7-95359737327e9872e8fd5600fea4910e\">\n.avia-section.av-2ho50w7-95359737327e9872e8fd5600fea4910e{\nbackground-color:#FAFCF8;\nbackground-image:unset;\n}\n<\/style>\n<div id='av_section_5'  class='avia-section av-2ho50w7-95359737327e9872e8fd5600fea4910e main_color avia-section-large avia-no-border-styling  avia-builder-el-22  el_after_av_section  el_before_av_section  avia-bg-style-scroll container_wrap sidebar_right'  ><div class='container av-section-cont-open' ><div class='template-page content  av-content-small alpha units'><div class='post-entry post-entry-type-page post-entry-34883'><div class='entry-content-wrapper clearfix'>\n\n<style type=\"text\/css\" data-created_by=\"avia_inline_auto\" id=\"style-css-av-16mnnt3-14-cd0bcbeaf93fd44a63a969c21ab3e8a5\">\n.flex_column.av-16mnnt3-14-cd0bcbeaf93fd44a63a969c21ab3e8a5{\nborder-radius:0px 0px 0px 0px;\npadding:0px 0px 0px 0px;\n}\n<\/style>\n<div  class='flex_column av-16mnnt3-14-cd0bcbeaf93fd44a63a969c21ab3e8a5 av_two_fifth  avia-builder-el-23  el_before_av_three_fifth  avia-builder-el-first  first flex_column_div av-zero-column-padding  '     ><section  class='av_textblock_section av-nuiomj-42099988e2d18dbe0eee218ca6678a02 '   itemscope=\"itemscope\" itemtype=\"https:\/\/schema.org\/CreativeWork\" ><div class='avia_textblock'  itemprop=\"text\" ><h3 class=\"ge-subtitulo-grande\">Sch\u00e9ma de<br \/>\nfonctionnement<\/h3>\n<\/div><\/section><\/div>\n<style type=\"text\/css\" data-created_by=\"avia_inline_auto\" id=\"style-css-av-31kvmj-8bdbbbe2c2f02a3714329f950f167f31\">\n.flex_column.av-31kvmj-8bdbbbe2c2f02a3714329f950f167f31{\nborder-radius:0px 0px 0px 0px;\npadding:0px 0px 0px 0px;\n}\n<\/style>\n<div  class='flex_column av-31kvmj-8bdbbbe2c2f02a3714329f950f167f31 av_three_fifth  avia-builder-el-25  el_after_av_two_fifth  avia-builder-el-last  flex_column_div av-zero-column-padding  '     ><style type=\"text\/css\" data-created_by=\"avia_inline_auto\" id=\"style-css-av-6ya90r-72f96d4eaf19f9506d3c47a59a018c4f\">\n.avia-image-container.av-6ya90r-72f96d4eaf19f9506d3c47a59a018c4f img.avia_image{\nbox-shadow:none;\n}\n.avia-image-container.av-6ya90r-72f96d4eaf19f9506d3c47a59a018c4f .av-image-caption-overlay-center{\ncolor:#ffffff;\n}\n<\/style>\n<div  class='avia-image-container av-6ya90r-72f96d4eaf19f9506d3c47a59a018c4f av-styling-no-styling avia-align-left  avia-builder-el-26  avia-builder-el-no-sibling  grey-bg-img'   itemprop=\"image\" itemscope=\"itemscope\" itemtype=\"https:\/\/schema.org\/ImageObject\" ><div class=\"avia-image-container-inner\"><div class=\"avia-image-overlay-wrap\"><img decoding=\"async\" fetchpriority=\"high\" class='wp-image-35007 avia-img-lazy-loading-not-35007 avia_image ' src=\"https:\/\/genesalenergy.com\/fr\/wp-content\/uploads\/sites\/4\/2020\/03\/esquema.png\" alt='Esquema sistema grupo electr\u00f3geno h\u00edbrido' title='Esquema sistema grupo electr\u00f3geno h\u00edbrido'  height=\"466\" width=\"755\"  itemprop=\"thumbnailUrl\" srcset=\"https:\/\/genesalenergy.com\/fr\/wp-content\/uploads\/sites\/4\/2020\/03\/esquema.png 755w, https:\/\/genesalenergy.com\/fr\/wp-content\/uploads\/sites\/4\/2020\/03\/esquema-300x185.png 300w, https:\/\/genesalenergy.com\/fr\/wp-content\/uploads\/sites\/4\/2020\/03\/esquema-705x435.png 705w\" sizes=\"(max-width: 755px) 100vw, 755px\" \/><\/div><\/div><\/div><\/div>\n\n<\/div><\/div><\/div><!-- close content main div --><\/div><\/div><div id='av_section_6'  class='avia-section av-l9iatntz-720fdffb95af0c876fb2882eb5bcba25 main_color avia-section-large avia-no-border-styling  avia-builder-el-27  el_after_av_section  el_before_av_codeblock  avia-bg-style-scroll container_wrap sidebar_right'  ><div class='container av-section-cont-open' ><div class='template-page content  av-content-small alpha units'><div class='post-entry post-entry-type-page post-entry-34883'><div class='entry-content-wrapper clearfix'>\n\n<style type=\"text\/css\" data-created_by=\"avia_inline_auto\" id=\"style-css-av-1idjusj-d9b09d65fe9a485245b740e4ada96932\">\n.flex_column.av-1idjusj-d9b09d65fe9a485245b740e4ada96932{\nborder-radius:0px 0px 0px 0px;\npadding:0px 0px 0px 0px;\n}\n<\/style>\n<div  class='flex_column av-1idjusj-d9b09d65fe9a485245b740e4ada96932 av_one_half  avia-builder-el-28  el_before_av_one_half  avia-builder-el-first  first flex_column_div av-zero-column-padding  '     ><section  class='av_textblock_section av-zxne4j-0e8bead26f487c5976d76cb57688f57b '   itemscope=\"itemscope\" itemtype=\"https:\/\/schema.org\/CreativeWork\" ><div class='avia_textblock'  itemprop=\"text\" ><p><img loading=\"lazy\" decoding=\"async\" class=\"size-full wp-image-12324 aligncenter\" src=\"https:\/\/genesalenergy.com\/wp-content\/uploads\/2020\/03\/sistema-hibrido.png\" alt=\"Grupos electr\u00f3genos h\u00edbridos - Sistema h\u00edbrido\" width=\"353\" height=\"344\" \/><\/p>\n<\/div><\/section><\/div>\n<style type=\"text\/css\" data-created_by=\"avia_inline_auto\" id=\"style-css-av-k8a62r-92e9751f14f0d32a82c0583b07c05dad\">\n.flex_column.av-k8a62r-92e9751f14f0d32a82c0583b07c05dad{\nborder-radius:0px 0px 0px 0px;\npadding:0px 0px 0px 0px;\n}\n<\/style>\n<div  class='flex_column av-k8a62r-92e9751f14f0d32a82c0583b07c05dad av_one_half  avia-builder-el-30  el_after_av_one_half  avia-builder-el-last  flex_column_div av-zero-column-padding  '     ><section  class='av_textblock_section av-l9iatry3-bc237d2e0167cc7334b6db92ad7a9dc6 '   itemscope=\"itemscope\" itemtype=\"https:\/\/schema.org\/CreativeWork\" ><div class='avia_textblock'  itemprop=\"text\" ><h3 class=\"ge-subtitulo-grande\">Syst\u00e8me hybride<\/h3>\n<p class=\"ge-subtitulo-pequeno\">48 V \/ 230 V \/ 400 V<\/p>\n<ul class=\"ge-hibridos-list\">\n<li>Syst\u00e8me int\u00e9gr\u00e9<\/li>\n<li>Conception modulaire<\/li>\n<li>Optimis\u00e9 pour conteneur<\/li>\n<li>Plus \u00e9cologique<\/li>\n<\/ul>\n<\/div><\/section><\/div>\n<\/div><\/div><\/div><!-- close content main div --><\/div><\/div><div id='after_section_6'  class='main_color av_default_container_wrap container_wrap sidebar_right'  ><div class='container av-section-cont-open' ><div class='template-page content  av-content-small alpha units'><div class='post-entry post-entry-type-page post-entry-34883'><div class='entry-content-wrapper clearfix'>\n\n","protected":false},"excerpt":{"rendered":"","protected":false},"author":1,"featured_media":39651,"parent":0,"menu_order":0,"comment_status":"open","ping_status":"closed","template":"","meta":{"_acf_changed":false,"footnotes":""},"class_list":["post-34883","page","type-page","status-publish","has-post-thumbnail","hentry"],"acf":[],"_links":{"self":[{"href":"https:\/\/genesalenergy.com\/fr\/wp-json\/wp\/v2\/pages\/34883","targetHints":{"allow":["GET"]}}],"collection":[{"href":"https:\/\/genesalenergy.com\/fr\/wp-json\/wp\/v2\/pages"}],"about":[{"href":"https:\/\/genesalenergy.com\/fr\/wp-json\/wp\/v2\/types\/page"}],"author":[{"embeddable":true,"href":"https:\/\/genesalenergy.com\/fr\/wp-json\/wp\/v2\/users\/1"}],"replies":[{"embeddable":true,"href":"https:\/\/genesalenergy.com\/fr\/wp-json\/wp\/v2\/comments?post=34883"}],"version-history":[{"count":1,"href":"https:\/\/genesalenergy.com\/fr\/wp-json\/wp\/v2\/pages\/34883\/revisions"}],"predecessor-version":[{"id":49939,"href":"https:\/\/genesalenergy.com\/fr\/wp-json\/wp\/v2\/pages\/34883\/revisions\/49939"}],"wp:featuredmedia":[{"embeddable":true,"href":"https:\/\/genesalenergy.com\/fr\/wp-json\/wp\/v2\/media\/39651"}],"wp:attachment":[{"href":"https:\/\/genesalenergy.com\/fr\/wp-json\/wp\/v2\/media?parent=34883"}],"curies":[{"name":"wp","href":"https:\/\/api.w.org\/{rel}","templated":true}]}}