{"id":34882,"date":"2018-01-18T15:19:23","date_gmt":"2018-01-18T15:19:23","guid":{"rendered":"http:\/\/master.genesalenergy.com\/fr\/torres-de-iluminacion\/"},"modified":"2021-04-19T11:23:07","modified_gmt":"2021-04-19T11:23:07","slug":"pylones-declairage","status":"publish","type":"page","link":"https:\/\/genesalenergy.com\/fr\/pylones-declairage\/","title":{"rendered":"Pyl\u00f4nes d\u2019\u00e9clairage"},"content":{"rendered":"\n<style type=\"text\/css\" data-created_by=\"avia_inline_auto\" id=\"style-css-av-k92im2hh-1246d0ec3d831037a25db573c782940e\">\n.avia-section.av-k92im2hh-1246d0ec3d831037a25db573c782940e{\nbackground-repeat:no-repeat;\nbackground-image:url(https:\/\/genesalenergy.com\/fr\/wp-content\/uploads\/sites\/4\/2020\/04\/GE-tratamiento-fotogra\u0301fico-base-torre-v2.jpg);\nbackground-position:50% 50%;\nbackground-attachment:scroll;\n}\n<\/style>\n<div id='av_section_1'  class='avia-section av-k92im2hh-1246d0ec3d831037a25db573c782940e main_color avia-section-large avia-no-border-styling  avia-builder-el-0  el_before_av_section  avia-builder-el-first  av-medium-hide av-small-hide av-mini-hide avia-full-stretch avia-bg-style-scroll av-minimum-height av-minimum-height-custom av-height-custom  container_wrap sidebar_right'  data-section-bg-repeat='stretch' data-av_minimum_height_px='600'><div class='container av-section-cont-open' style='height:600px'><main  role=\"main\" itemprop=\"mainContentOfPage\"  class='template-page content  av-content-small alpha units'><div class='post-entry post-entry-type-page post-entry-34882'><div class='entry-content-wrapper clearfix'>\n\n<style type=\"text\/css\" data-created_by=\"avia_inline_auto\" id=\"style-css-av-18ipik3-b825b41a484b1ca41c03b66b938e061d\">\n.flex_column.av-18ipik3-b825b41a484b1ca41c03b66b938e061d{\nborder-radius:0px 0px 0px 0px;\npadding:0px 0px 0px 0px;\n}\n<\/style>\n<div  class='flex_column av-18ipik3-b825b41a484b1ca41c03b66b938e061d av_one_full  avia-builder-el-1  avia-builder-el-no-sibling  first flex_column_div av-zero-column-padding  '     ><section  class='av_textblock_section av-muaisz-d32a2a8c886741f834aeaa2a6ad9ede2 '   itemscope=\"itemscope\" itemtype=\"https:\/\/schema.org\/CreativeWork\" ><div class='avia_textblock'  itemprop=\"text\" ><h1 class=\"seo2020b\">PYL\u00d4NES<br \/>\nD\u2019\u00c9CLAIRAGE<\/h1>\n<\/div><\/section><\/div>\n\n<\/div><\/div><\/main><!-- close content main element --><\/div><\/div>\n<style type=\"text\/css\" data-created_by=\"avia_inline_auto\" id=\"style-css-av-hfbn0e-3b309ba06a5f332cc79bb32e099a3e21\">\n.avia-section.av-hfbn0e-3b309ba06a5f332cc79bb32e099a3e21{\nbackground-repeat:no-repeat;\nbackground-image:url(https:\/\/genesalenergy.com\/fr\/wp-content\/uploads\/sites\/4\/2020\/03\/banner-contacto-19.png);\nbackground-position:0% 0%;\nbackground-attachment:scroll;\n}\n<\/style>\n<div id='titular-principal'  class='avia-section av-hfbn0e-3b309ba06a5f332cc79bb32e099a3e21 main_color avia-section-large avia-no-border-styling  avia-builder-el-3  el_after_av_section  el_before_av_section  avia-full-stretch avia-bg-style-scroll container_wrap sidebar_right'  data-section-bg-repeat='stretch'><div class=\"av-section-color-overlay-wrap\"><a href='#next-section' title='' class='scroll-down-link  avia-svg-icon avia-font-svg_entypo-fontello' data-av_svg_icon='down-open-mini' data-av_iconset='svg_entypo-fontello'><svg version=\"1.1\" xmlns=\"http:\/\/www.w3.org\/2000\/svg\" width=\"15\" height=\"32\" viewBox=\"0 0 15 32\" preserveAspectRatio=\"xMidYMid meet\" aria-labelledby='av-svg-title-1' aria-describedby='av-svg-desc-1' role=\"graphics-symbol\" aria-hidden=\"true\">\n<title id='av-svg-title-1'>Scroller vers la prochaine section<\/title>\n<desc id='av-svg-desc-1'>Scroller vers la prochaine section<\/desc>\n<path d=\"M12.96 12.16q0.704-0.832 1.536 0 0.832 0.704 0 1.536l-6.272 6.144q-0.704 0.704-1.536 0l-6.272-6.144q-0.832-0.832 0-1.536 0.768-0.768 1.6 0l5.44 4.992z\"><\/path>\n<\/svg><\/a><div class='container av-section-cont-open' ><div class='template-page content  av-content-small alpha units'><div class='post-entry post-entry-type-page post-entry-34882'><div class='entry-content-wrapper clearfix'>\n\n<style type=\"text\/css\" data-created_by=\"avia_inline_auto\" id=\"style-css-av-fbo366-341117fc6b3b673ecdc59fe627036ffb\">\n.flex_column.av-fbo366-341117fc6b3b673ecdc59fe627036ffb{\nborder-radius:0px 0px 0px 0px;\npadding:0px 0px 0px 0px;\n}\n<\/style>\n<div  class='flex_column av-fbo366-341117fc6b3b673ecdc59fe627036ffb av_one_full  avia-builder-el-4  avia-builder-el-no-sibling  first flex_column_div av-zero-column-padding  '     ><section  class='av_textblock_section av-muaisz-995cc1c003708c55fd646cf021dedfa3 '   itemscope=\"itemscope\" itemtype=\"https:\/\/schema.org\/CreativeWork\" ><div class='av-desktop-hide avia_textblock'  itemprop=\"text\" ><h1 class=\"seo2020\" style=\"margin-bottom:20px;\">PYL\u00d4NES<br \/>\nD\u2019\u00c9CLAIRAGE<\/h1>\n<\/div><\/section><br \/>\n\n<style type=\"text\/css\" data-created_by=\"avia_inline_auto\" id=\"style-css-av-ekxq3y-08ceba606a24776a043b2cbf7d1d3f10\">\n#top .av_textblock_section.av-ekxq3y-08ceba606a24776a043b2cbf7d1d3f10 .avia_textblock{\nfont-size:40px;\ncolor:#ffffff;\n}\n<\/style>\n<section  class='av_textblock_section av-ekxq3y-08ceba606a24776a043b2cbf7d1d3f10 '   itemscope=\"itemscope\" itemtype=\"https:\/\/schema.org\/CreativeWork\" ><div class='avia_textblock av_inherit_color'  itemprop=\"text\" ><h2 class=\"seo2020\" style=\"margin-bottom:20px;\">La gamme de pyl\u00f4nes d\u2019\u00e9clairage GENESAL ENERGY a \u00e9t\u00e9 <strong>con\u00e7ue pour travailler sous les conditions environnementales et climatologiques les plus adverses.<\/strong><\/h2>\n<\/div><\/section><\/p><\/div>\n\n<\/div><\/div><\/div><!-- close content main div --><\/div><\/div><\/div><div id='av_section_3'  class='avia-section av-2ho50w7-810d814b7e545d2cf288f791021fc694 main_color avia-section-large avia-no-border-styling  avia-builder-el-7  el_after_av_section  el_before_av_section  avia-bg-style-scroll container_wrap sidebar_right'  ><div class='container av-section-cont-open' ><div class='template-page content  av-content-small alpha units'><div class='post-entry post-entry-type-page post-entry-34882'><div class='entry-content-wrapper clearfix'>\n\n<style type=\"text\/css\" data-created_by=\"avia_inline_auto\" id=\"style-css-av-16mnnt3-5a2e3810fbff4f59e7d1e2bde1ababa4\">\n.flex_column.av-16mnnt3-5a2e3810fbff4f59e7d1e2bde1ababa4{\nborder-radius:0px 0px 0px 0px;\npadding:0px 0px 0px 0px;\n}\n<\/style>\n<div  class='flex_column av-16mnnt3-5a2e3810fbff4f59e7d1e2bde1ababa4 av_three_fourth  avia-builder-el-8  el_before_av_one_fourth  avia-builder-el-first  first flex_column_div av-zero-column-padding  '     ><section  class='av_textblock_section av-k8wrjz2f-96cc820c01f37b7c74e024fd78d983f1 '   itemscope=\"itemscope\" itemtype=\"https:\/\/schema.org\/CreativeWork\" ><div class='avia_textblock'  itemprop=\"text\" ><h2 class=\"titular-general\" style=\"font-size: 36px !important;\">QUE LA LUMIERE SOIT<\/h2>\n<\/div><\/section><br \/>\n<section  class='av_textblock_section av-k8wrlvui-7df99b451619598d7822afe6daa96ebc '   itemscope=\"itemscope\" itemtype=\"https:\/\/schema.org\/CreativeWork\" ><div class='avia_textblock'  itemprop=\"text\" ><h3 class=\"general\">Gr\u00e2ce \u00e0 leur structure compacte et transportable, nos pyl\u00f4nes d\u2019\u00e9clairage sont parfaits pour toute utilisation, telle que l\u2019\u00e9clairage de chantiers, travaux de construction ou exploitations mini\u00e8res, ou pour \u00e9clairer des terrains, tels que d\u00e9p\u00f4ts ou parkings.<\/h3>\n<\/div><\/section><br \/>\n\n<style type=\"text\/css\" data-created_by=\"avia_inline_auto\" id=\"style-css-av-k8ws2rt0-52a5968707dab85b918e8a8bd88ce908\">\n#top .hr.hr-invisible.av-k8ws2rt0-52a5968707dab85b918e8a8bd88ce908{\nmargin-top:-30px;\nheight:1px;\n}\n<\/style>\n<div  class='hr av-k8ws2rt0-52a5968707dab85b918e8a8bd88ce908 hr-invisible  avia-builder-el-11  el_after_av_textblock  avia-builder-el-last  av-desktop-hide'><span class='hr-inner '><span class=\"hr-inner-style\"><\/span><\/span><\/div><\/p><\/div>\n<style type=\"text\/css\" data-created_by=\"avia_inline_auto\" id=\"style-css-av-16mnnt3-7d415c715a2d8b0a664a74ef26049750\">\n.flex_column.av-16mnnt3-7d415c715a2d8b0a664a74ef26049750{\nborder-radius:0px 0px 0px 0px;\npadding:0px 0px 0px 0px;\n}\n<\/style>\n<div  class='flex_column av-16mnnt3-7d415c715a2d8b0a664a74ef26049750 av_one_fourth  avia-builder-el-12  el_after_av_three_fourth  el_before_av_hr  flex_column_div av-zero-column-padding  '     ><\/div>\n<style type=\"text\/css\" data-created_by=\"avia_inline_auto\" id=\"style-css-av-k8ws2rt0-5462b69b87b4516cfa2fd8b7ea4b5650\">\n#top .hr.hr-invisible.av-k8ws2rt0-5462b69b87b4516cfa2fd8b7ea4b5650{\nmargin-top:0px;\nheight:1px;\n}\n<\/style>\n<div  class='hr av-k8ws2rt0-5462b69b87b4516cfa2fd8b7ea4b5650 hr-invisible  avia-builder-el-13  el_after_av_one_fourth  el_before_av_three_fourth  av-medium-hide av-small-hide av-mini-hide'><span class='hr-inner '><span class=\"hr-inner-style\"><\/span><\/span><\/div>\n\n<style type=\"text\/css\" data-created_by=\"avia_inline_auto\" id=\"style-css-av-1nj6t7r-134811d7a9d715d63146875f475d03f7\">\n.flex_column.av-1nj6t7r-134811d7a9d715d63146875f475d03f7{\nborder-radius:0px 0px 0px 0px;\npadding:0px 0px 0px 0px;\n}\n<\/style>\n<div  class='flex_column av-1nj6t7r-134811d7a9d715d63146875f475d03f7 av_three_fourth  avia-builder-el-14  el_after_av_hr  el_before_av_one_fourth  first flex_column_div av-zero-column-padding  '     ><p>\n<style type=\"text\/css\" data-created_by=\"avia_inline_auto\" id=\"style-css-av-1weyvi-4f0b1dc9a832d6c8b23a4ff1699b1b18\">\n#top .av_textblock_section.av-1weyvi-4f0b1dc9a832d6c8b23a4ff1699b1b18 .avia_textblock{\nfont-size:14px;\ncolor:#555555;\n}\n<\/style>\n<section  class='av_textblock_section av-1weyvi-4f0b1dc9a832d6c8b23a4ff1699b1b18 '   itemscope=\"itemscope\" itemtype=\"https:\/\/schema.org\/CreativeWork\" ><div class='avia_textblock genesal-list av_inherit_color'  itemprop=\"text\" ><p>Ils sont notamment utiles pour l\u2019\u00e9clairage d\u2019\u00e9v\u00e9nements ou actes publiques \u00e0 l\u2019ext\u00e9rieur gr\u00e2ce \u00e0 leur bas niveau de bruit.<\/p>\n<ul>\n<li><b>Tige de jusqu\u2019\u00e0 9 m\u00e8tres de long, (&gt; 29 pieds),<\/b>\u00a0verticales ou rabattables. Disponible avec levage hydraulique ou m\u00e9canique.<b>\u00a0<\/b><\/li>\n<li><b>Personnalisables:\u00a0<\/b>4 ou 6 projecteurs, (en quartz-iode \/ halog\u00e9nure m\u00e9tallique \/ led), jusqu\u2019\u00e0 plus 9.000 W et 180.000 lumens.<\/li>\n<li>Ils peuvent \u00eatre plac\u00e9s sur<strong> remorque homologu\u00e9<\/strong> pour la route.<\/li>\n<li><b>Une grande autonomie, <\/b>gr\u00e2ce \u00e0 leur d\u00e9p\u00f4t interne.<\/li>\n<li><b>Syst\u00e8me de rotation \u00e9lectrique ou manuel.<\/b><\/li>\n<\/ul>\n<p>En autre, de mani\u00e8re optionnelle, une armoire pour les prises de puissance peut \u00eatre incluse adapt\u00e9e aux besoins du client.<\/p>\n<\/div><\/section><br \/>\n\n<style type=\"text\/css\" data-created_by=\"avia_inline_auto\" id=\"style-css-av-k8ws2rt0-52a5968707dab85b918e8a8bd88ce908\">\n#top .hr.hr-invisible.av-k8ws2rt0-52a5968707dab85b918e8a8bd88ce908{\nmargin-top:-30px;\nheight:1px;\n}\n<\/style>\n<div  class='hr av-k8ws2rt0-52a5968707dab85b918e8a8bd88ce908 hr-invisible  avia-builder-el-16  el_after_av_textblock  avia-builder-el-last  av-desktop-hide'><span class='hr-inner '><span class=\"hr-inner-style\"><\/span><\/span><\/div><\/p><\/div>\n<style type=\"text\/css\" data-created_by=\"avia_inline_auto\" id=\"style-css-av-1nj6t7r-935ae6c0275352ede1c5dfabc7b42a3d\">\n.flex_column.av-1nj6t7r-935ae6c0275352ede1c5dfabc7b42a3d{\nborder-radius:0px 0px 0px 0px;\npadding:0px 0px 0px 0px;\n}\n<\/style>\n<div  class='flex_column av-1nj6t7r-935ae6c0275352ede1c5dfabc7b42a3d av_one_fourth  avia-builder-el-17  el_after_av_three_fourth  avia-builder-el-last  flex_column_div av-zero-column-padding  '     ><\/div><\/div><\/div><\/div><!-- close content main div --><\/div><\/div>\n<style type=\"text\/css\" data-created_by=\"avia_inline_auto\" id=\"style-css-av-3kivi-28156f1a08208114e44dfa92cdad25de\">\n.avia-section.av-3kivi-28156f1a08208114e44dfa92cdad25de{\nbackground-color:#f3f3f3;\nbackground-image:unset;\n}\n<\/style>\n<div id='av_section_4'  class='avia-section av-3kivi-28156f1a08208114e44dfa92cdad25de main_color avia-section-large avia-no-border-styling  avia-builder-el-18  el_after_av_section  avia-builder-el-last  avia-bg-style-scroll container_wrap sidebar_right'  ><div class='container av-section-cont-open' ><div class='template-page content  av-content-small alpha units'><div class='post-entry post-entry-type-page post-entry-34882'><div class='entry-content-wrapper clearfix'>\n<div class='flex_column_table av-1phwu-410ab40a6f4bbbb01dde68a5c906f1a3 sc-av_one_third av-equal-height-column-flextable'>\n<style type=\"text\/css\" data-created_by=\"avia_inline_auto\" id=\"style-css-av-1phwu-410ab40a6f4bbbb01dde68a5c906f1a3\">\n.flex_column.av-1phwu-410ab40a6f4bbbb01dde68a5c906f1a3{\nborder-radius:0px 0px 0px 0px;\npadding:0px 0px 0px 0px;\n}\n<\/style>\n<div  class='flex_column av-1phwu-410ab40a6f4bbbb01dde68a5c906f1a3 av_one_third  avia-builder-el-19  el_before_av_two_third  avia-builder-el-first  first flex_column_table_cell av-equal-height-column av-align-top av-zero-column-padding  '     ><style type=\"text\/css\" data-created_by=\"avia_inline_auto\" id=\"style-css-av-5bywi-ff2837670d1e081e095dcb00469de923\">\n#top .av_textblock_section.av-5bywi-ff2837670d1e081e095dcb00469de923 .avia_textblock{\nfont-size:15px;\n}\n<\/style>\n<section  class='av_textblock_section av-5bywi-ff2837670d1e081e095dcb00469de923 '   itemscope=\"itemscope\" itemtype=\"https:\/\/schema.org\/CreativeWork\" ><div class='avia_textblock abril-contact-info'  itemprop=\"text\" ><h5 style=\"color: #999999; font-size: 18px !important; margin-bottom: 20px !important;\">CONTACT<\/h5>\n<h2 style=\"font-size: 40px; line-height: 1.1 !important;\">Avez-vous<br \/>\nbesoin de<br \/>\nm\u00e2ts d\u2019eclairage ?<\/h2>\n<\/div><\/section><br \/>\n\n<style type=\"text\/css\" data-created_by=\"avia_inline_auto\" id=\"style-css-av-k5m8z8gh-16a7d7f118a0186a0249f9440e1157ec\">\n#top .hr.hr-invisible.av-k5m8z8gh-16a7d7f118a0186a0249f9440e1157ec{\nheight:30px;\n}\n<\/style>\n<div  class='hr av-k5m8z8gh-16a7d7f118a0186a0249f9440e1157ec hr-invisible  avia-builder-el-21  el_after_av_textblock  el_before_av_textblock '><span class='hr-inner '><span class=\"hr-inner-style\"><\/span><\/span><\/div><br \/>\n<section  class='av_textblock_section av-k5m8xfzn-e1334dc0aad19ca90ff10ed2be3547c7 '   itemscope=\"itemscope\" itemtype=\"https:\/\/schema.org\/CreativeWork\" ><div class='avia_textblock abril-contact-info'  itemprop=\"text\" ><h4>T\u00e9l\u00e9phone du service client\u00e8le:<\/h4>\n<h3 class=\"telefono\">+34 900 730 124<\/h3>\n<\/div><\/section><br \/>\n<section  class='av_textblock_section av-k5m8xfzn-e1334dc0aad19ca90ff10ed2be3547c7 '   itemscope=\"itemscope\" itemtype=\"https:\/\/schema.org\/CreativeWork\" ><div class='avia_textblock abril-contact-info'  itemprop=\"text\" ><h4>Email du service client:<\/h4>\n<h3 class=\"mail-contacto\"><a href=\"mailto:consultas@genesal.com\">consultas@genesal.com<\/a><\/h3>\n<\/div><\/section><\/p><\/div><div class='av-flex-placeholder'><\/div>\n<style type=\"text\/css\" data-created_by=\"avia_inline_auto\" id=\"style-css-av-1phwu-07cd392ef9192cc5c8df7e8d44012e75\">\n.flex_column.av-1phwu-07cd392ef9192cc5c8df7e8d44012e75{\nborder-radius:0px 0px 0px 0px;\npadding:0px 0px 0px 0px;\n}\n<\/style>\n<div  class='flex_column av-1phwu-07cd392ef9192cc5c8df7e8d44012e75 av_two_third  avia-builder-el-24  el_after_av_one_third  avia-builder-el-last  flex_column_table_cell av-equal-height-column av-align-top av-zero-column-padding  '     ><style type=\"text\/css\" data-created_by=\"avia_inline_auto\" id=\"style-css-av-1yp32-301310ba2b48f1b66dcb3e3ba6ea3ec3\">\n#top .av_textblock_section.av-1yp32-301310ba2b48f1b66dcb3e3ba6ea3ec3 .avia_textblock{\ncolor:#000000;\n}\n<\/style>\n<section  class='av_textblock_section av-1yp32-301310ba2b48f1b66dcb3e3ba6ea3ec3 '   itemscope=\"itemscope\" itemtype=\"https:\/\/schema.org\/CreativeWork\" ><div class='avia_textblock av_inherit_color'  itemprop=\"text\" ><h3 style=\"width: 90%;\"><span style=\"font-weight: 400;\"><strong>Compl\u00e9tez le formulaire avec vos donn\u00e9es si vous avez des questions ou bien si vous souhaitez acheter un de nos m\u00e2ts d\u2019\u00e9clairage.<\/strong> Nous vous communiquerons ses caract\u00e9ristiques et vous recevrez un budget cr\u00e9\u00e9 sp\u00e9cifiquement pour votre projet.<\/span><\/h3>\n<\/div><\/section><br \/>\n<\/p><\/div><\/div><!--close column table wrapper. Autoclose: 1 -->\n<\/div><\/div><\/div><!-- close content main div --><\/div><\/div><div id='after_section_4'  class='main_color av_default_container_wrap container_wrap sidebar_right'  ><div class='container av-section-cont-open' ><div class='template-page content  av-content-small alpha units'><div class='post-entry post-entry-type-page post-entry-34882'><div class='entry-content-wrapper clearfix'>\n","protected":false},"excerpt":{"rendered":"","protected":false},"author":1,"featured_media":0,"parent":0,"menu_order":0,"comment_status":"open","ping_status":"open","template":"","meta":{"_acf_changed":false,"footnotes":""},"class_list":["post-34882","page","type-page","status-publish","hentry"],"acf":[],"_links":{"self":[{"href":"https:\/\/genesalenergy.com\/fr\/wp-json\/wp\/v2\/pages\/34882","targetHints":{"allow":["GET"]}}],"collection":[{"href":"https:\/\/genesalenergy.com\/fr\/wp-json\/wp\/v2\/pages"}],"about":[{"href":"https:\/\/genesalenergy.com\/fr\/wp-json\/wp\/v2\/types\/page"}],"author":[{"embeddable":true,"href":"https:\/\/genesalenergy.com\/fr\/wp-json\/wp\/v2\/users\/1"}],"replies":[{"embeddable":true,"href":"https:\/\/genesalenergy.com\/fr\/wp-json\/wp\/v2\/comments?post=34882"}],"version-history":[{"count":0,"href":"https:\/\/genesalenergy.com\/fr\/wp-json\/wp\/v2\/pages\/34882\/revisions"}],"wp:attachment":[{"href":"https:\/\/genesalenergy.com\/fr\/wp-json\/wp\/v2\/media?parent=34882"}],"curies":[{"name":"wp","href":"https:\/\/api.w.org\/{rel}","templated":true}]}}