{"id":34881,"date":"2018-01-18T16:48:04","date_gmt":"2018-01-18T16:48:04","guid":{"rendered":"http:\/\/master.genesalenergy.com\/fr\/asistencia-tecnica\/"},"modified":"2020-03-27T13:32:25","modified_gmt":"2020-03-27T13:32:25","slug":"asistencia-tecnica","status":"publish","type":"page","link":"https:\/\/genesalenergy.com\/fr\/asistencia-tecnica\/","title":{"rendered":"Asistencia T\u00e9cnica"},"content":{"rendered":"<div id='full_slider_1'  class='avia-fullwidth-slider main_color avia-shadow   avia-builder-el-0  el_before_av_section  avia-builder-el-first  homeslider  container_wrap sidebar_right'  >\n<style type=\"text\/css\" data-created_by=\"avia_inline_auto\" id=\"style-css-av-vqt61j-12b8d4275b48cf3078e9e206c2bea99d\">\n#top #wrap_all .avia-slideshow .av-slideshow-caption.av-vqt61j-12b8d4275b48cf3078e9e206c2bea99d__0 .avia-caption-title{\nfont-size:50px;\ncolor:#ffffff;\n}\n#top .avia-slideshow .av-slideshow-caption.av-vqt61j-12b8d4275b48cf3078e9e206c2bea99d__0 .avia-caption-content{\nfont-size:26px;\ncolor:#ffffff;\n}\n#top .avia-slideshow .av-slideshow-caption.av-vqt61j-12b8d4275b48cf3078e9e206c2bea99d__0 .avia-caption-content p{\nfont-size:26px;\n}\n<\/style>\n<div  class='avia-slideshow av-vqt61j-12b8d4275b48cf3078e9e206c2bea99d avia-slideshow-featured_large av_slideshow_full avia-fade-slider homeslider av-slideshow-ui av-control-default av-slideshow-manual av-loop-once av-loop-manual-endless av-default-height-applied   avia-slideshow-1' data-slideshow-options=\"{&quot;animation&quot;:&quot;fade&quot;,&quot;autoplay&quot;:false,&quot;loop_autoplay&quot;:&quot;once&quot;,&quot;interval&quot;:5,&quot;loop_manual&quot;:&quot;manual-endless&quot;,&quot;autoplay_stopper&quot;:false,&quot;noNavigation&quot;:false,&quot;bg_slider&quot;:false,&quot;keep_padding&quot;:false,&quot;hoverpause&quot;:false,&quot;show_slide_delay&quot;:0}\"  itemprop=\"image\" itemscope=\"itemscope\" itemtype=\"https:\/\/schema.org\/ImageObject\" ><ul class='avia-slideshow-inner ' style='padding-bottom: 42%;'><\/ul><\/div><\/div>\n\n<style type=\"text\/css\" data-created_by=\"avia_inline_auto\" id=\"style-css-av-se1lp3-83cfd961709c1078de343fdbaec57d3e\">\n.avia-section.av-se1lp3-83cfd961709c1078de343fdbaec57d3e{\nbackground-color:#ffffff;\nbackground-image:url(https:\/\/genesalenergy.com\/fr\/wp-content\/uploads\/sites\/4\/2020\/03\/banner-contacto-20.png);\nbackground-repeat:no-repeat;\nbackground-position:0% 0%;\nbackground-attachment:scroll;\n}\n<\/style>\n<div id='titular-principal'  class='avia-section av-se1lp3-83cfd961709c1078de343fdbaec57d3e main_color avia-section-large avia-no-border-styling  avia-builder-el-1  el_after_av_slideshow_full  el_before_av_section  avia-full-stretch avia-bg-style-scroll container_wrap sidebar_right'  data-section-bg-repeat='stretch'><div class='container av-section-cont-open' ><div class='template-page content  av-content-small alpha units'><div class='post-entry post-entry-type-page post-entry-34881'><div class='entry-content-wrapper clearfix'>\n\n<style type=\"text\/css\" data-created_by=\"avia_inline_auto\" id=\"style-css-av-roc3sn-653f669a359f36851ab64a23bae024ce\">\n.flex_column.av-roc3sn-653f669a359f36851ab64a23bae024ce{\nborder-radius:0px 0px 0px 0px;\npadding:0px 0px 0px 0px;\n}\n<\/style>\n<div  class='flex_column av-roc3sn-653f669a359f36851ab64a23bae024ce av_one_full  avia-builder-el-2  avia-builder-el-no-sibling  first flex_column_div av-zero-column-padding  '     ><style type=\"text\/css\" data-created_by=\"avia_inline_auto\" id=\"style-css-av-qfwqmv-7011cb13056fe360dbb81ef312e4921f\">\n#top .av_textblock_section.av-qfwqmv-7011cb13056fe360dbb81ef312e4921f .avia_textblock{\nfont-size:40px;\ncolor:#ffffff;\n}\n<\/style>\n<section  class='av_textblock_section av-qfwqmv-7011cb13056fe360dbb81ef312e4921f '   itemscope=\"itemscope\" itemtype=\"https:\/\/schema.org\/CreativeWork\" ><div class='avia_textblock av_inherit_color'  itemprop=\"text\" ><h2 class=\"titular\"><span class=\"bold\">Servicios de asistencia t\u00e9cnica oficiales para atender al cliente con la m\u00e1xima eficiencia y rapidez en todo el mundo<\/span>. Atendemos el mantenimiento preventivo a nivel nacional desde nuestra sede central con profesionales especialistas.<\/h2>\n<\/div><\/section><\/div>\n\n<\/div><\/div><\/div><!-- close content main div --><\/div><\/div>\n<style type=\"text\/css\" data-created_by=\"avia_inline_auto\" id=\"style-css-av-njm0vr-d1b1981f3cdafb13fbc2004a5ea4fe0f\">\n.avia-section.av-njm0vr-d1b1981f3cdafb13fbc2004a5ea4fe0f{\nbackground-color:#ffffff;\nbackground-image:unset;\n}\n<\/style>\n<div id='av_section_2'  class='avia-section av-njm0vr-d1b1981f3cdafb13fbc2004a5ea4fe0f main_color avia-section-large avia-no-border-styling  avia-builder-el-4  el_after_av_section  el_before_av_section  avia-bg-style-scroll container_wrap sidebar_right'  ><div class='container av-section-cont-open' ><div class='template-page content  av-content-small alpha units'><div class='post-entry post-entry-type-page post-entry-34881'><div class='entry-content-wrapper clearfix'>\n<div class='flex_column_table av-iudk6f-4f4037e6c0f42bcee6336bc0299bdf61 sc-av_three_fifth av-equal-height-column-flextable'>\n<style type=\"text\/css\" data-created_by=\"avia_inline_auto\" id=\"style-css-av-iudk6f-4f4037e6c0f42bcee6336bc0299bdf61\">\n.flex_column.av-iudk6f-4f4037e6c0f42bcee6336bc0299bdf61{\nborder-radius:0px 0px 0px 0px;\npadding:0px 0px 0px 0px;\nbackground-color:#ffffff;\n}\n<\/style>\n<div  class='flex_column av-iudk6f-4f4037e6c0f42bcee6336bc0299bdf61 av_three_fifth  avia-builder-el-5  el_before_av_two_fifth  avia-builder-el-first  first flex_column_table_cell av-equal-height-column av-align-top av-zero-column-padding  '     ><style type=\"text\/css\" data-created_by=\"avia_inline_auto\" id=\"style-css-av-kwp3mf-090d02b56533af06717eae2cc0a660f3\">\n#top .av_textblock_section.av-kwp3mf-090d02b56533af06717eae2cc0a660f3 .avia_textblock{\ncolor:#ffffff;\n}\n<\/style>\n<section  class='av_textblock_section av-kwp3mf-090d02b56533af06717eae2cc0a660f3 '   itemscope=\"itemscope\" itemtype=\"https:\/\/schema.org\/CreativeWork\" ><div class='avia_textblock av_inherit_color'  itemprop=\"text\" ><h2 class=\"titular-general\" style=\"font-size: 24px !important;\">SERVICIO T\u00c9CNICO NACIONAL<\/h2>\n<\/div><\/section><br \/>\n<section  class='av_textblock_section av-i5scw7-e8c49a7ac64000d5137c9c5f163725a7 '   itemscope=\"itemscope\" itemtype=\"https:\/\/schema.org\/CreativeWork\" ><div class='avia_textblock'  itemprop=\"text\" ><h3 class=\"general\">Conseguimos dar una asistencia efectiva y lo m\u00e1s r\u00e1pida posible en situaciones de mantenimiento correctivo.<\/h3>\n<h1 class=\"titular-seo\">Contamos con <a href=\"https:\/\/genesalenergy.com\/el-sat-nuestro-servicio-de-asistencia-tecnica-crece-un-40-en-mantenimiento-de-flota-en-solo-un-ano\/\">una amplia red de asistencia<\/a>\u00a0t\u00e9cnica repartida a lo largo de todo el pa\u00eds, compuesta por m\u00e1s de 15 puntos de servicios oficiales homologados en todo el territorio nacional.<\/h1>\n<\/div><\/section><br \/>\n<section  class='av_textblock_section av-fpkch3-e0ffd4442c94869bfc5585e3651390e2 '   itemscope=\"itemscope\" itemtype=\"https:\/\/schema.org\/CreativeWork\" ><div class='avia_textblock av_inherit_color'  itemprop=\"text\" ><p>Conseguimos el mejor feedback en el an\u00e1lisis de situaciones cliente-empresa, y podemos ofrecer el mejor servicio disponible en el mercado.<\/p>\n<\/div><\/section><\/p><\/div><div class='av-flex-placeholder'><\/div>\n<style type=\"text\/css\" data-created_by=\"avia_inline_auto\" id=\"style-css-av-3kee47-9b2e43f65e3d7f06b189c664b0c74268\">\n.flex_column.av-3kee47-9b2e43f65e3d7f06b189c664b0c74268{\nborder-radius:0px 0px 0px 0px;\npadding:0px 0px 0px 0px;\n}\n<\/style>\n<div  class='flex_column av-3kee47-9b2e43f65e3d7f06b189c664b0c74268 av_two_fifth  avia-builder-el-9  el_after_av_three_fifth  avia-builder-el-last  flex_column_table_cell av-equal-height-column av-align-top av-zero-column-padding  '     ><section  class='av_textblock_section av-d78gkn-7a286f5b71d1ca005fb982e4f6278ada '   itemscope=\"itemscope\" itemtype=\"https:\/\/schema.org\/CreativeWork\" ><div class='avia_textblock'  itemprop=\"text\" ><p>[show-map id=&#8217;1&#8242;]<\/p>\n<\/div><\/section><\/div><\/div><!--close column table wrapper. Autoclose: 1 -->\n\n<\/div><\/div><\/div><!-- close content main div --><\/div><\/div>\n<style type=\"text\/css\" data-created_by=\"avia_inline_auto\" id=\"style-css-av-jyekzkma-b9db63ffe899891fc132a363e5d9030b\">\n.avia-section.av-jyekzkma-b9db63ffe899891fc132a363e5d9030b{\nbackground-color:#ededed;\nbackground-image:unset;\n}\n<\/style>\n<div id='av_section_3'  class='avia-section av-jyekzkma-b9db63ffe899891fc132a363e5d9030b main_color avia-section-large avia-no-border-styling  avia-builder-el-11  el_after_av_section  el_before_av_section  avia-bg-style-scroll container_wrap sidebar_right'  ><div class='container av-section-cont-open' ><div class='template-page content  av-content-small alpha units'><div class='post-entry post-entry-type-page post-entry-34881'><div class='entry-content-wrapper clearfix'>\n\n<style type=\"text\/css\" data-created_by=\"avia_inline_auto\" id=\"style-css-av-69y9l3-96dd44d6e94d4deaa98aadcd8629bcbe\">\n.flex_column.av-69y9l3-96dd44d6e94d4deaa98aadcd8629bcbe{\nborder-radius:0px 0px 0px 0px;\npadding:0px 0px 0px 0px;\n}\n<\/style>\n<div  class='flex_column av-69y9l3-96dd44d6e94d4deaa98aadcd8629bcbe av_three_fourth  avia-builder-el-12  el_before_av_one_fourth  avia-builder-el-first  first flex_column_div av-zero-column-padding  '     ><style type=\"text\/css\" data-created_by=\"avia_inline_auto\" id=\"style-css-av-77ajgn-b4116bd1de293573bcf23547098f15e2\">\n#top .av_textblock_section.av-77ajgn-b4116bd1de293573bcf23547098f15e2 .avia_textblock{\ncolor:#ffffff;\n}\n<\/style>\n<section  class='av_textblock_section av-77ajgn-b4116bd1de293573bcf23547098f15e2 '   itemscope=\"itemscope\" itemtype=\"https:\/\/schema.org\/CreativeWork\" ><div class='avia_textblock av_inherit_color'  itemprop=\"text\" ><h2 class=\"titular-general\">SERVICIO T\u00c9CNICO INTERNACIONAL<\/h2>\n<\/div><\/section><br \/>\n<section  class='av_textblock_section av-4fzfrb-147f3f1e3e2b0dd4297f526becbc070b '   itemscope=\"itemscope\" itemtype=\"https:\/\/schema.org\/CreativeWork\" ><div class='avia_textblock'  itemprop=\"text\" ><h3 class=\"general\">Fuera de nuestras fronteras, en el \u00e1mbito internacional, disponemos de una amplia red de asistencia t\u00e9cnica. A trav\u00e9s de acuerdos con los principales fabricantes de motores y alternadores ofrecemos soluciones para: facilitar la puesta en marcha, mantener el equipo o la realizaci\u00f3n de intervenciones correctivas en el mismo.<\/h3>\n<\/div><\/section><br \/>\n<section  class='av_textblock_section av-bnxjb-f1612c43b96db74eb56e96255f9764ec '   itemscope=\"itemscope\" itemtype=\"https:\/\/schema.org\/CreativeWork\" ><div class='avia_textblock'  itemprop=\"text\" ><p>Cubrimos el mercado latinoamericano a trav\u00e9s de nuestras filiales y de distribuidores locales, siempre en comunicaci\u00f3n con nuestra sede central. Con el fin de conseguir los mejores resultados y alargar la vida \u00fatil de sus equipos, disponemos de recambios y piezas para realizar los mantenimientos programados. Tambi\u00e9n, podemos solventar todo tipo de operaciones de mantenimiento, o de la naturaleza que sea, en cualquier parte del mundo.<\/p>\n<\/div><\/section><\/p><\/div>\n<style type=\"text\/css\" data-created_by=\"avia_inline_auto\" id=\"style-css-av-2jgg13-d999189fd93e2bb7fafcbe5ac38ca8de\">\n.flex_column.av-2jgg13-d999189fd93e2bb7fafcbe5ac38ca8de{\nborder-radius:0px 0px 0px 0px;\npadding:0px 0px 0px 0px;\n}\n<\/style>\n<div  class='flex_column av-2jgg13-d999189fd93e2bb7fafcbe5ac38ca8de av_one_fourth  avia-builder-el-16  el_after_av_three_fourth  avia-builder-el-last  flex_column_div av-zero-column-padding  '     ><\/div>\n\n<\/div><\/div><\/div><!-- close content main div --><\/div><\/div>\n<style type=\"text\/css\" data-created_by=\"avia_inline_auto\" id=\"style-css-av-jukyp10t-9987d8a3d1a329f36d86c3485631a3e2\">\n.avia-section.av-jukyp10t-9987d8a3d1a329f36d86c3485631a3e2{\nbackground-color:#f3f3f3;\nbackground-image:unset;\n}\n<\/style>\n<div id='contacto'  class='avia-section av-jukyp10t-9987d8a3d1a329f36d86c3485631a3e2 main_color avia-section-large avia-no-border-styling  avia-builder-el-17  el_after_av_section  avia-builder-el-last  avia-bg-style-scroll container_wrap sidebar_right'  ><div class='container av-section-cont-open' ><div class='template-page content  av-content-small alpha units'><div class='post-entry post-entry-type-page post-entry-34881'><div class='entry-content-wrapper clearfix'>\n<div class='flex_column_table av-yvpyqj-8c328c6ccab03df85ded6877c0a2e35c sc-av_two_fifth av-equal-height-column-flextable'>\n<style type=\"text\/css\" data-created_by=\"avia_inline_auto\" id=\"style-css-av-yvpyqj-8c328c6ccab03df85ded6877c0a2e35c\">\n.flex_column.av-yvpyqj-8c328c6ccab03df85ded6877c0a2e35c{\nborder-radius:0px 0px 0px 0px;\npadding:0px 0px 0px 0px;\n}\n<\/style>\n<div  class='flex_column av-yvpyqj-8c328c6ccab03df85ded6877c0a2e35c av_two_fifth  avia-builder-el-18  el_before_av_three_fifth  avia-builder-el-first  first flex_column_table_cell av-equal-height-column av-align-top av-zero-column-padding  '     ><style type=\"text\/css\" data-created_by=\"avia_inline_auto\" id=\"style-css-av-jukxsfkx-0dca6efddc0b5ab9acb08e72693020a1\">\n#top .av_textblock_section.av-jukxsfkx-0dca6efddc0b5ab9acb08e72693020a1 .avia_textblock{\nfont-size:15px;\n}\n<\/style>\n<section  class='av_textblock_section av-jukxsfkx-0dca6efddc0b5ab9acb08e72693020a1 '   itemscope=\"itemscope\" itemtype=\"https:\/\/schema.org\/CreativeWork\" ><div class='avia_textblock abril-contact-info'  itemprop=\"text\" ><h2 class=\"abril-titular\">Contacto<\/h2>\n<p>CONTACTA CON NOSOTROS PARA OBTENER MA\u0301S INFORMACIO\u0301N O SOLICITAR UNA OFERTA DE PRODUCTO.<\/p>\n<p>Tele\u0301fono de atencio\u0301n al cliente:<br \/>\n<strong>+34 900 730 124<\/strong><\/p>\n<p>Mail de atencio\u0301n al cliente:<br \/>\n<a href=\"mailto:consultas@genesal.com\">consultas@genesal.com<\/a><\/p>\n<\/div><\/section><br \/>\n\n<style type=\"text\/css\" data-created_by=\"avia_inline_auto\" id=\"style-css-av-juky5gjb-a8dd8385757b2865fc1da4c95d80e9b9\">\n#top .hr.hr-invisible.av-juky5gjb-a8dd8385757b2865fc1da4c95d80e9b9{\nheight:60px;\n}\n<\/style>\n<div  class='hr av-juky5gjb-a8dd8385757b2865fc1da4c95d80e9b9 hr-invisible  avia-builder-el-20  el_after_av_textblock  avia-builder-el-last '><span class='hr-inner '><span class=\"hr-inner-style\"><\/span><\/span><\/div><\/p><\/div><div class='av-flex-placeholder'><\/div>\n<style type=\"text\/css\" data-created_by=\"avia_inline_auto\" id=\"style-css-av-28xfvf-75ff517ced6c9a527ca171f2f05d170f\">\n.flex_column.av-28xfvf-75ff517ced6c9a527ca171f2f05d170f{\nborder-radius:0px 0px 0px 0px;\npadding:0px 0px 0px 0px;\n}\n<\/style>\n<div  class='flex_column av-28xfvf-75ff517ced6c9a527ca171f2f05d170f av_three_fifth  avia-builder-el-21  el_after_av_two_fifth  avia-builder-el-last  flex_column_table_cell av-equal-height-column av-align-top av-zero-column-padding  '     ><style type=\"text\/css\" data-created_by=\"avia_inline_auto\" id=\"style-css-av-jukxsfkx-38160fbbd29333a099b74bdb549503b7\">\n#top .av_textblock_section.av-jukxsfkx-38160fbbd29333a099b74bdb549503b7 .avia_textblock{\nfont-size:15px;\n}\n<\/style>\n<section  class='av_textblock_section av-jukxsfkx-38160fbbd29333a099b74bdb549503b7 '   itemscope=\"itemscope\" itemtype=\"https:\/\/schema.org\/CreativeWork\" ><div class='avia_textblock new-home-contact-form'  itemprop=\"text\" ><h4>Introduce tus datos<\/h4>\n<p>[contact-form-7 id=&#8221;12754&#8243; title=&#8221;Contacto General&#8221;]<\/p>\n<\/div><\/section><\/div><\/div><!--close column table wrapper. Autoclose: 1 -->\n<\/div><\/div><\/div><!-- close content main div --><\/div><\/div><div id='after_section_4'  class='main_color av_default_container_wrap container_wrap sidebar_right'  ><div class='container av-section-cont-open' ><div class='template-page content  av-content-small alpha units'><div class='post-entry post-entry-type-page post-entry-34881'><div class='entry-content-wrapper clearfix'>\n","protected":false},"excerpt":{"rendered":"","protected":false},"author":1,"featured_media":0,"parent":0,"menu_order":0,"comment_status":"open","ping_status":"open","template":"","meta":{"_acf_changed":false,"footnotes":""},"class_list":["post-34881","page","type-page","status-publish","hentry"],"acf":[],"_links":{"self":[{"href":"https:\/\/genesalenergy.com\/fr\/wp-json\/wp\/v2\/pages\/34881","targetHints":{"allow":["GET"]}}],"collection":[{"href":"https:\/\/genesalenergy.com\/fr\/wp-json\/wp\/v2\/pages"}],"about":[{"href":"https:\/\/genesalenergy.com\/fr\/wp-json\/wp\/v2\/types\/page"}],"author":[{"embeddable":true,"href":"https:\/\/genesalenergy.com\/fr\/wp-json\/wp\/v2\/users\/1"}],"replies":[{"embeddable":true,"href":"https:\/\/genesalenergy.com\/fr\/wp-json\/wp\/v2\/comments?post=34881"}],"version-history":[{"count":0,"href":"https:\/\/genesalenergy.com\/fr\/wp-json\/wp\/v2\/pages\/34881\/revisions"}],"wp:attachment":[{"href":"https:\/\/genesalenergy.com\/fr\/wp-json\/wp\/v2\/media?parent=34881"}],"curies":[{"name":"wp","href":"https:\/\/api.w.org\/{rel}","templated":true}]}}