{"id":34880,"date":"2018-01-19T09:10:48","date_gmt":"2018-01-19T09:10:48","guid":{"rendered":"http:\/\/master.genesalenergy.com\/fr\/mantenimiento-de-grupos-electrogenos\/"},"modified":"2020-03-27T15:25:44","modified_gmt":"2020-03-27T15:25:44","slug":"mantenimiento","status":"publish","type":"page","link":"https:\/\/genesalenergy.com\/fr\/mantenimiento\/","title":{"rendered":"Mantenimiento de grupos electr\u00f3genos"},"content":{"rendered":"<div id='full_slider_1'  class='avia-fullwidth-slider main_color avia-shadow   avia-builder-el-0  el_before_av_section  avia-builder-el-first  homeslider  container_wrap sidebar_right'  >\n<style type=\"text\/css\" data-created_by=\"avia_inline_auto\" id=\"style-css-av-1pf0nv1-232790890d1a71d613b41240f6cccfb4\">\n#top #wrap_all .avia-slideshow .av-slideshow-caption.av-1pf0nv1-232790890d1a71d613b41240f6cccfb4__0 .avia-caption-title{\ncolor:#ffffff;\n}\n#top .avia-slideshow .av-slideshow-caption.av-1pf0nv1-232790890d1a71d613b41240f6cccfb4__0 .avia-caption-content{\nfont-size:24px;\ncolor:#ffffff;\n}\n#top .avia-slideshow .av-slideshow-caption.av-1pf0nv1-232790890d1a71d613b41240f6cccfb4__0 .avia-caption-content p{\nfont-size:24px;\n}\n<\/style>\n<div  class='avia-slideshow av-1pf0nv1-232790890d1a71d613b41240f6cccfb4 avia-slideshow-featured_large av_slideshow_full avia-fade-slider homeslider av-slideshow-ui av-control-default av-slideshow-manual av-loop-once av-loop-manual-endless av-default-height-applied   avia-slideshow-1' data-slideshow-options=\"{&quot;animation&quot;:&quot;fade&quot;,&quot;autoplay&quot;:false,&quot;loop_autoplay&quot;:&quot;once&quot;,&quot;interval&quot;:5,&quot;loop_manual&quot;:&quot;manual-endless&quot;,&quot;autoplay_stopper&quot;:false,&quot;noNavigation&quot;:false,&quot;bg_slider&quot;:false,&quot;keep_padding&quot;:false,&quot;hoverpause&quot;:false,&quot;show_slide_delay&quot;:0}\"  itemprop=\"image\" itemscope=\"itemscope\" itemtype=\"https:\/\/schema.org\/ImageObject\" ><ul class='avia-slideshow-inner ' style='padding-bottom: 42%;'><\/ul><\/div><\/div>\n\n<style type=\"text\/css\" data-created_by=\"avia_inline_auto\" id=\"style-css-av-pvmi2d-e6c665cd3d81d32e296c5e87413bf33d\">\n.avia-section.av-pvmi2d-e6c665cd3d81d32e296c5e87413bf33d{\nbackground-color:#ffffff;\nbackground-image:url(https:\/\/genesalenergy.com\/fr\/wp-content\/uploads\/sites\/4\/2020\/03\/banner-contacto-21.png);\nbackground-repeat:no-repeat;\nbackground-position:0% 0%;\nbackground-attachment:scroll;\n}\n<\/style>\n<div id='titular-principal'  class='avia-section av-pvmi2d-e6c665cd3d81d32e296c5e87413bf33d main_color avia-section-large avia-no-border-styling  avia-builder-el-1  el_after_av_slideshow_full  el_before_av_section  avia-full-stretch avia-bg-style-scroll container_wrap sidebar_right'  data-section-bg-repeat='stretch'><div class='container av-section-cont-open' ><div class='template-page content  av-content-small alpha units'><div class='post-entry post-entry-type-page post-entry-34880'><div class='entry-content-wrapper clearfix'>\n\n<style type=\"text\/css\" data-created_by=\"avia_inline_auto\" id=\"style-css-av-nubm2d-7fa570b57071bfd2af546f23a71868cf\">\n.flex_column.av-nubm2d-7fa570b57071bfd2af546f23a71868cf{\nborder-radius:0px 0px 0px 0px;\npadding:0px 0px 0px 0px;\n}\n<\/style>\n<div  class='flex_column av-nubm2d-7fa570b57071bfd2af546f23a71868cf av_one_full  avia-builder-el-2  avia-builder-el-no-sibling  first flex_column_div av-zero-column-padding  '     ><style type=\"text\/css\" data-created_by=\"avia_inline_auto\" id=\"style-css-av-mzc011-2448a0d0a118c20de87f4b0e4d378fd2\">\n#top .av_textblock_section.av-mzc011-2448a0d0a118c20de87f4b0e4d378fd2 .avia_textblock{\nfont-size:40px;\ncolor:#ffffff;\n}\n<\/style>\n<section  class='av_textblock_section av-mzc011-2448a0d0a118c20de87f4b0e4d378fd2 '   itemscope=\"itemscope\" itemtype=\"https:\/\/schema.org\/CreativeWork\" ><div class='avia_textblock av_inherit_color'  itemprop=\"text\" ><h1 class=\"titular\"><strong>GENESAL ENERGY SAT<\/strong> define y dise\u00f1a planes de mantenimiento espec\u00edficos de grupos electr\u00f3genos que se ajustan a tus necesidades, <strong>tanto para grandes flotas de generadores como para unidades individuales.<\/strong><\/h1>\n<\/div><\/section><\/div><\/div><\/div><\/div><!-- close content main div --><\/div><\/div>\n<style type=\"text\/css\" data-created_by=\"avia_inline_auto\" id=\"style-css-av-l1jcs5-b9825ce3c2ca22526ccf4c62f5cbeaac\">\n.avia-section.av-l1jcs5-b9825ce3c2ca22526ccf4c62f5cbeaac{\nbackground-color:#ffffff;\nbackground-image:unset;\n}\n<\/style>\n<div id='av_section_2'  class='avia-section av-l1jcs5-b9825ce3c2ca22526ccf4c62f5cbeaac main_color avia-section-large avia-no-border-styling  avia-builder-el-4  el_after_av_section  avia-builder-el-last  avia-bg-style-scroll container_wrap sidebar_right'  ><div class='container av-section-cont-open' ><div class='template-page content  av-content-small alpha units'><div class='post-entry post-entry-type-page post-entry-34880'><div class='entry-content-wrapper clearfix'>\n<div class='flex_column_table av-jceco5-d568a8fed502f457ed4830c13201ef5b sc-av_one_full av-equal-height-column-flextable'>\n<style type=\"text\/css\" data-created_by=\"avia_inline_auto\" id=\"style-css-av-jceco5-d568a8fed502f457ed4830c13201ef5b\">\n.flex_column.av-jceco5-d568a8fed502f457ed4830c13201ef5b{\nborder-radius:0px 0px 0px 0px;\npadding:0px 0px 0px 0px;\n}\n<\/style>\n<div  class='flex_column av-jceco5-d568a8fed502f457ed4830c13201ef5b av_one_full  avia-builder-el-5  el_before_av_one_half  avia-builder-el-first  first flex_column_table_cell av-equal-height-column av-align-top av-zero-column-padding  '     ><style type=\"text\/css\" data-created_by=\"avia_inline_auto\" id=\"style-css-av-hnczqd-74dbc108eac577120113829fb05294ed\">\n#top .av_textblock_section.av-hnczqd-74dbc108eac577120113829fb05294ed .avia_textblock{\ncolor:#000000;\n}\n<\/style>\n<section  class='av_textblock_section av-hnczqd-74dbc108eac577120113829fb05294ed '   itemscope=\"itemscope\" itemtype=\"https:\/\/schema.org\/CreativeWork\" ><div class='avia_textblock av_inherit_color'  itemprop=\"text\" ><h2>Mantenimiento de grupos electr\u00f3genos a tu medida<\/h2>\n<\/div><\/section><\/div><\/div><!--close column table wrapper. Autoclose: 1 -->\n<style type=\"text\/css\" data-created_by=\"avia_inline_auto\" id=\"style-css-av-fhczrp-1277e580b8d8c93e3998d9792f16eb46\">\n.flex_column.av-fhczrp-1277e580b8d8c93e3998d9792f16eb46{\nborder-radius:0px 0px 0px 0px;\npadding:0px 0px 0px 30px;\nbackground-color:#ffffff;\n}\n<\/style>\n<div  class='flex_column av-fhczrp-1277e580b8d8c93e3998d9792f16eb46 av_one_half  avia-builder-el-7  el_after_av_one_full  el_before_av_one_half  first flex_column_div  column-top-margin'     ><section  class='av_textblock_section av-e0uk7p-9500f4a5897124ef096cfb2d4e92406e '   itemscope=\"itemscope\" itemtype=\"https:\/\/schema.org\/CreativeWork\" ><div class='avia_textblock'  itemprop=\"text\" ><h2 class=\"titular-general\">\n<style type=\"text\/css\" data-created_by=\"avia_inline_auto\" id=\"style-css-av-c9t6ol-8d4bec1fff4b7478b92b22526908b720\">\n.av_font_icon.av-c9t6ol-8d4bec1fff4b7478b92b22526908b720{\ncolor:#333333;\nborder-color:#333333;\n}\n.avia-svg-icon.av-c9t6ol-8d4bec1fff4b7478b92b22526908b720 svg:first-child{\nstroke:#333333;\nfill:#333333;\n}\n.av_font_icon.av-c9t6ol-8d4bec1fff4b7478b92b22526908b720 .av-icon-char{\nfont-size:40px;\nline-height:40px;\n}\n<\/style>\n<span  class='av_font_icon av-c9t6ol-8d4bec1fff4b7478b92b22526908b720 avia_animate_when_visible av-icon-style- avia-icon-pos-left avia-iconfont avia-font-fontawesome avia-icon-animate'><span class='av-icon-char' data-av_icon='\uf0ad' data-av_iconfont='fontawesome' aria-hidden=\"true\" ><\/span><\/span> Mantenimientos correctivos<\/h2>\n<p>GENESAL ENERGY SAT aporta soluci\u00f3n de aver\u00edas que dependiendo de su naturaleza: mec\u00e1nica, el\u00e9ctrica o electr\u00f3nica, ocasionan un deficiente funcionamiento del equipo llegando a dejarlo fuera de servicio, lo que supondr\u00eda un grave perjuicio para el usuario.<\/p>\n<\/div><\/section><br \/>\n\n<style type=\"text\/css\" data-created_by=\"avia_inline_auto\" id=\"style-css-av-b0t12d-eb8244d0338c9588966694bd8f61e5a6\">\n#top .hr.hr-invisible.av-b0t12d-eb8244d0338c9588966694bd8f61e5a6{\nheight:30px;\n}\n<\/style>\n<div  class='hr av-b0t12d-eb8244d0338c9588966694bd8f61e5a6 hr-invisible  avia-builder-el-10  el_after_av_textblock  el_before_av_textblock '><span class='hr-inner '><span class=\"hr-inner-style\"><\/span><\/span><\/div><br \/>\n<section  class='av_textblock_section av-3yjngl-f794f72dd23a14f0fc27b4fea3a505d4 '   itemscope=\"itemscope\" itemtype=\"https:\/\/schema.org\/CreativeWork\" ><div class='avia_textblock'  itemprop=\"text\" ><h2 class=\"titular-general\">\n<style type=\"text\/css\" data-created_by=\"avia_inline_auto\" id=\"style-css-av-1uullx-07beed9d65d44033fe2c39be4566e62b\">\n.av_font_icon.av-1uullx-07beed9d65d44033fe2c39be4566e62b .av-icon-char{\nfont-size:40px;\nline-height:40px;\n}\n<\/style>\n<span  class='av_font_icon av-1uullx-07beed9d65d44033fe2c39be4566e62b avia_animate_when_visible av-icon-style- avia-icon-pos-left avia-iconfont avia-font-entypo-fontello av-no-color avia-icon-animate'><span class='av-icon-char' data-av_icon='\ue890' data-av_iconfont='entypo-fontello' aria-hidden=\"true\" ><\/span><\/span> Mantenimientos de actualizaci\u00f3n o mejora<\/h2>\n<p>Adaptamos el equipo a las nuevas necesidades del usuario (nuevas alarmas necesarias, configuraciones cuadros de control, cambio de cuadros de control,\u00a0telegesti\u00f3n, dep\u00f3sitos auxiliares de combustible\u2026) y con el fin de ofrecer un servicio \u00f3ptimo, GENESAL ENERGY <a href=\"https:\/\/genesalenergy.com\/genesal-energy-sat\/\" target=\"_blank\" rel=\"noopener noreferrer\">SAT<\/a> pone a disposici\u00f3n del cliente todas las herramientas necesarias para ofrecer los mejores resultados en cuanto a la prevenci\u00f3n de aver\u00edas:<\/p>\n<ul>\n<li>In situ, realizando las pruebas con bancos de carga port\u00e1tiles.<\/li>\n<li>En f\u00e1brica, banco est\u00e1tico de carga con cos \u03d5 variable de 3.300 kVA.<\/li>\n<\/ul>\n<h6><em>*Adaptable el n\u00famero de visitas en funci\u00f3n de las necesidades de cada m\u00e1quina.<\/em><\/h6>\n<\/div><\/section><\/p><\/div>\n<style type=\"text\/css\" data-created_by=\"avia_inline_auto\" id=\"style-css-av-fhczrp-ddcdacc81b2ae40ab5f5c3252225b166\">\n.flex_column.av-fhczrp-ddcdacc81b2ae40ab5f5c3252225b166{\nborder-radius:0px 0px 0px 0px;\npadding:0px 0px 0px 30px;\nbackground-color:#ffffff;\n}\n<\/style>\n<div  class='flex_column av-fhczrp-ddcdacc81b2ae40ab5f5c3252225b166 av_one_half  avia-builder-el-13  el_after_av_one_half  avia-builder-el-last  flex_column_div  column-top-margin'     ><section  class='av_textblock_section av-93xe39-145f9354c1a57c21d0191e372c2fb96b '   itemscope=\"itemscope\" itemtype=\"https:\/\/schema.org\/CreativeWork\" ><div class='avia_textblock'  itemprop=\"text\" ><h2 class=\"titular-general\">\n<style type=\"text\/css\" data-created_by=\"avia_inline_auto\" id=\"style-css-av-7lqilx-b28cfdd62444a1d5e7d11d7d4b4cad83\">\n.av_font_icon.av-7lqilx-b28cfdd62444a1d5e7d11d7d4b4cad83 .av-icon-char{\nfont-size:40px;\nline-height:40px;\n}\n<\/style>\n<span  class='av_font_icon av-7lqilx-b28cfdd62444a1d5e7d11d7d4b4cad83 avia_animate_when_visible av-icon-style- avia-icon-pos-left avia-iconfont avia-font-fontawesome av-no-color avia-icon-animate'><span class='av-icon-char' data-av_icon='\uf085' data-av_iconfont='fontawesome' aria-hidden=\"true\" ><\/span><\/span> Mantenimientos preventivos<\/h2>\n<p>Mantenimiento acorde al r\u00e9gimen de trabajo. Adaptamos los servicios al r\u00e9gimen de operaci\u00f3n del equipo:<br \/>\n<strong>EMERGENCY STANDBY POWER (ESP)<\/strong><\/p>\n<ul>\n<li>Inspecci\u00f3n t\u00e9cnica anual para cambio de filtros, aceite\u2026 seg\u00fan protocolo de actuaci\u00f3n acorde a los elementos integrantes de la m\u00e1quina.<\/li>\n<li>Dos inspecciones t\u00e9cnicas anuales: cambios de consumibles, revisi\u00f3n de niveles, comprobaci\u00f3n y realizaci\u00f3n de pruebas del correcto funcionamiento del equipo, comunicaci\u00f3n de anomal\u00edas detectables visualmente por el t\u00e9cnico y evaluaci\u00f3n de incidencias en caso de existir.<\/li>\n<li>Hasta 12 inspecciones t\u00e9cnicas anuales (cambio de consumibles, once inspecciones t\u00e9cnicas de revisi\u00f3n y comprobaci\u00f3n)*.<\/li>\n<li>Supervisi\u00f3n y controles virtuales sobre los grupos electr\u00f3genos a trav\u00e9s del sistema de telegesti\u00f3n.<\/li>\n<\/ul>\n<p><strong>PRIME POWER (PRP)<\/strong><\/p>\n<ul>\n<li>Frecuencia ajustada de mantenimientos con cambios de consumibles y comprobaciones ajustados en funci\u00f3n de las horas trabajadas al d\u00eda.<\/li>\n<\/ul>\n<\/div><\/section><\/div><\/div><\/div><\/div><!-- close content main div --><\/div><\/div><div id='after_section_2'  class='main_color av_default_container_wrap container_wrap sidebar_right'  ><div class='container av-section-cont-open' ><div class='template-page content  av-content-small alpha units'><div class='post-entry post-entry-type-page post-entry-34880'><div class='entry-content-wrapper clearfix'>\n","protected":false},"excerpt":{"rendered":"","protected":false},"author":1,"featured_media":0,"parent":0,"menu_order":0,"comment_status":"open","ping_status":"open","template":"","meta":{"_acf_changed":false,"footnotes":""},"class_list":["post-34880","page","type-page","status-publish","hentry"],"acf":[],"_links":{"self":[{"href":"https:\/\/genesalenergy.com\/fr\/wp-json\/wp\/v2\/pages\/34880","targetHints":{"allow":["GET"]}}],"collection":[{"href":"https:\/\/genesalenergy.com\/fr\/wp-json\/wp\/v2\/pages"}],"about":[{"href":"https:\/\/genesalenergy.com\/fr\/wp-json\/wp\/v2\/types\/page"}],"author":[{"embeddable":true,"href":"https:\/\/genesalenergy.com\/fr\/wp-json\/wp\/v2\/users\/1"}],"replies":[{"embeddable":true,"href":"https:\/\/genesalenergy.com\/fr\/wp-json\/wp\/v2\/comments?post=34880"}],"version-history":[{"count":0,"href":"https:\/\/genesalenergy.com\/fr\/wp-json\/wp\/v2\/pages\/34880\/revisions"}],"wp:attachment":[{"href":"https:\/\/genesalenergy.com\/fr\/wp-json\/wp\/v2\/media?parent=34880"}],"curies":[{"name":"wp","href":"https:\/\/api.w.org\/{rel}","templated":true}]}}