{"id":34874,"date":"2018-01-22T11:07:36","date_gmt":"2018-01-22T11:07:36","guid":{"rendered":"http:\/\/master.genesalenergy.com\/fr\/ingenieria-y-fabricacion\/"},"modified":"2023-04-17T08:21:52","modified_gmt":"2023-04-17T08:21:52","slug":"ingenierie-et-fabrication","status":"publish","type":"page","link":"https:\/\/genesalenergy.com\/fr\/ingenierie-et-fabrication\/","title":{"rendered":"Ing\u00e9nierie et fabrication"},"content":{"rendered":"\n<style type=\"text\/css\" data-created_by=\"avia_inline_auto\" id=\"style-css-av-l9szm8c9-224fa1308036d59e2ba36a3224094520\">\n.avia-section.av-l9szm8c9-224fa1308036d59e2ba36a3224094520{\nbackground-repeat:no-repeat;\nbackground-image:url(https:\/\/genesalenergy.com\/fr\/wp-content\/uploads\/sites\/4\/2023\/02\/Genesal-Energy-Empresa-ingenieria-fabricacion-1030x300.jpg);\nbackground-position:100% 50%;\nbackground-attachment:scroll;\n}\n<\/style>\n<div id='av_section_1'  class='avia-section av-l9szm8c9-224fa1308036d59e2ba36a3224094520 main_color avia-section-no-padding avia-no-border-styling  avia-builder-el-0  el_before_av_section  avia-builder-el-first  header-align-top-margin-50 avia-full-stretch avia-bg-style-scroll av-minimum-height av-minimum-height-custom av-height-custom  container_wrap sidebar_right'  data-section-bg-repeat='stretch' data-av_minimum_height_px='560'><div class='container av-section-cont-open' style='height:560px'><main  role=\"main\" itemprop=\"mainContentOfPage\"  class='template-page content  av-content-small alpha units'><div class='post-entry post-entry-type-page post-entry-34874'><div class='entry-content-wrapper clearfix'>\n<div class='flex_column_table av-dgxgol6-b1e6fad3bdf294477ab6784ea588da9e sc-av_one_full av-equal-height-column-flextable'><div  class='flex_column av-dgxgol6-b1e6fad3bdf294477ab6784ea588da9e av_one_full  avia-builder-el-1  avia-builder-el-no-sibling  first no_margin flex_column_table_cell av-equal-height-column av-align-top  '     ><section  class='av_textblock_section av-l9sznv6k-6ef07c627b06315217b23ff94f95d54d '   itemscope=\"itemscope\" itemtype=\"https:\/\/schema.org\/CreativeWork\" ><div class='avia_textblock'  itemprop=\"text\" ><h1 class=\"ge-antetitulo\">Ing\u00e9nierie et fabrication<\/h1>\n<h2 class=\"ge-encabezado-principal ancho300\">Une technologie et une \u00e9quipe qui font la diff\u00e9rence<\/h2>\n<\/div><\/section><\/div><\/div><!--close column table wrapper. Autoclose: 1 -->\n\n<\/div><\/div><\/main><!-- close content main element --><\/div><\/div>\n<style type=\"text\/css\" data-created_by=\"avia_inline_auto\" id=\"style-css-av-d0uvmwq-d82c70866d97553108d0f0f00132dd03\">\n.avia-section.av-d0uvmwq-d82c70866d97553108d0f0f00132dd03{\nbackground-color:#b8012d;\nbackground-image:unset;\n}\n<\/style>\n<div id='av_section_2'  class='avia-section av-d0uvmwq-d82c70866d97553108d0f0f00132dd03 main_color avia-section-default avia-no-border-styling  avia-builder-el-3  el_after_av_section  el_before_av_section  avia-bg-style-scroll container_wrap sidebar_right'  ><div class='container av-section-cont-open' ><div class='template-page content  av-content-small alpha units'><div class='post-entry post-entry-type-page post-entry-34874'><div class='entry-content-wrapper clearfix'>\n\n<style type=\"text\/css\" data-created_by=\"avia_inline_auto\" id=\"style-css-av-cujv1y2-345339beea92212d8c0d0ff47cf5f7f8\">\n.flex_column.av-cujv1y2-345339beea92212d8c0d0ff47cf5f7f8{\nbackground-color:#b8012d;\n}\n<\/style>\n<div  class='flex_column av-cujv1y2-345339beea92212d8c0d0ff47cf5f7f8 av_one_full  avia-builder-el-4  avia-builder-el-no-sibling  first flex_column_div  '     ><section  class='av_textblock_section av-l9szoamr-e8fcbc57bcd9934a555d7a7ddf167c9a '   itemscope=\"itemscope\" itemtype=\"https:\/\/schema.org\/CreativeWork\" ><div class='avia_textblock'  itemprop=\"text\" ><p class=\"ge-texto-grande-bloque-rojo\"><span style=\"font-weight: 400;\">Nous sommes une alliance de technologie de pointe, de connaissances et de processus qui permet de satisfaire les normes les plus rigoureuses en mati\u00e8re de qualit\u00e9 de nos groupes \u00e9lectrog\u00e8nes.<\/span><\/p>\n<\/div><\/section><\/div>\n\n<\/div><\/div><\/div><!-- close content main div --><\/div><\/div><div id='av_section_3'  class='avia-section av-18lkdy2-2af296345abffd85f92fb3f0cf199929 main_color avia-section-large avia-no-border-styling  avia-builder-el-6  el_after_av_section  el_before_av_section  posventa-iconos avia-bg-style-scroll container_wrap sidebar_right'  ><div class='container av-section-cont-open' ><div class='template-page content  av-content-small alpha units'><div class='post-entry post-entry-type-page post-entry-34874'><div class='entry-content-wrapper clearfix'>\n<div  class='flex_column av-47ykhm-3f11b13b8169e37fe234cc79a09d5114 av_one_half  avia-builder-el-7  el_before_av_one_half  avia-builder-el-first  first flex_column_div  '     ><section  class='av_textblock_section av-b9r1ssa-0f9820e7d120ef40a509166599184e64 '   itemscope=\"itemscope\" itemtype=\"https:\/\/schema.org\/CreativeWork\" ><div class='avia_textblock'  itemprop=\"text\" ><h3 class=\"ge-subtitulo-grande ancho600\">Nous apportons de la valeur ajout\u00e9e \u00e0 votre produit d\u00e8s la premi\u00e8re \u00e9tape du processus de production.<\/h3>\n<\/div><\/section><\/div><div  class='flex_column av-ay432e2-dfb2d90179de9ea9f64011f48a0a8fda av_one_half  avia-builder-el-9  el_after_av_one_half  el_before_av_one_third  flex_column_div  '     ><\/div>\n<style type=\"text\/css\" data-created_by=\"avia_inline_auto\" id=\"style-css-av-a8gd1bu-83b54c4bfff82f79e54ea2c54ba38e40\">\n.flex_column.av-a8gd1bu-83b54c4bfff82f79e54ea2c54ba38e40{\nwidth:31.333333333333%;\nborder-radius:0px 0px 0px 0px;\npadding:0px 0px 0px 0px;\n}\n<\/style>\n<div  class='flex_column av-a8gd1bu-83b54c4bfff82f79e54ea2c54ba38e40 av_one_third  avia-builder-el-10  el_after_av_one_half  el_before_av_one_third  first flex_column_div av-zero-column-padding  column-top-margin'     ><style type=\"text\/css\" data-created_by=\"avia_inline_auto\" id=\"style-css-av-9u31hsq-638404b3ab682f1140333e8ba8dd160c\">\n#top .av_textblock_section.av-9u31hsq-638404b3ab682f1140333e8ba8dd160c .avia_textblock{\nfont-size:14px;\n}\n<\/style>\n<section  class='av_textblock_section av-9u31hsq-638404b3ab682f1140333e8ba8dd160c '   itemscope=\"itemscope\" itemtype=\"https:\/\/schema.org\/CreativeWork\" ><div class='avia_textblock genesal-list'  itemprop=\"text\" ><p><img loading=\"lazy\" decoding=\"async\" class=\"wp-image-46174 aligncenter\" src=\"https:\/\/genesalenergy.com\/wp-content\/uploads\/2022\/10\/Genesal-Energy-ingenieria-fabricacion-icon-knowhow.png\" alt=\"\" width=\"97\" height=\"149\" \/><\/p>\n<h5 class=\"ge-subtitulo-mediano-inline\">Un savoir-faire qui s&#8217;est accumul\u00e9 tout au long d&#8217;un parcours de plus de 27 ans dans le secteur<\/h5>\n<p class=\"ancho500\">Au cours de ces ann\u00e9es sur le march\u00e9, nous avons toujours su r\u00e9pondre avec succ\u00e8s aux diff\u00e9rents d\u00e9fis techniques pos\u00e9s.<\/p>\n<p class=\"ancho500\">Les sp\u00e9cifications particuli\u00e8res des diff\u00e9rents projets constituent l&#8217;une de nos sp\u00e9cialit\u00e9s.<\/p>\n<\/div><\/section><\/div>\n<style type=\"text\/css\" data-created_by=\"avia_inline_auto\" id=\"style-css-av-9jvc6l6-9cc8c2c05a456ea0580a38b51da5d015\">\n.flex_column.av-9jvc6l6-9cc8c2c05a456ea0580a38b51da5d015{\nwidth:31.333333333333%;\nmargin-left:3%;\nborder-radius:0px 0px 0px 0px;\npadding:0px 0px 0px 0px;\n}\n<\/style>\n<div  class='flex_column av-9jvc6l6-9cc8c2c05a456ea0580a38b51da5d015 av_one_third  avia-builder-el-12  el_after_av_one_third  el_before_av_one_third  flex_column_div av-zero-column-padding  column-top-margin'     ><style type=\"text\/css\" data-created_by=\"avia_inline_auto\" id=\"style-css-av-8v8j116-8ffb19ccc27536ce24c08dd312258f35\">\n#top .av_textblock_section.av-8v8j116-8ffb19ccc27536ce24c08dd312258f35 .avia_textblock{\nfont-size:14px;\n}\n<\/style>\n<section  class='av_textblock_section av-8v8j116-8ffb19ccc27536ce24c08dd312258f35 '   itemscope=\"itemscope\" itemtype=\"https:\/\/schema.org\/CreativeWork\" ><div class='avia_textblock genesal-list'  itemprop=\"text\" ><p><img loading=\"lazy\" decoding=\"async\" class=\"wp-image-46173 aligncenter\" src=\"https:\/\/genesalenergy.com\/wp-content\/uploads\/2022\/10\/Genesal-Energy-ingenieria-fabricacion-icon-respuesta.png\" alt=\"\" width=\"129\" height=\"149\" \/><\/p>\n<h5 class=\"ge-subtitulo-mediano-inline\">La r\u00e9ponse la plus agile du march\u00e9. Nous nous impliquons.<\/h5>\n<p class=\"ancho500\">Notre service d&#8217;ing\u00e9nierie technique et notre service commercial vous soutiennent pendant la totalit\u00e9 du projet : de la phase de conception jusqu&#8217;\u00e0 l&#8217;installation sur site, en passant bien s\u00fbr, par le service apr\u00e8s-vente.<\/p>\n<p class=\"ancho500\">Avec nous, vous n&#8217;\u00eates jamais seul(e), nous nous impliquons dans vos pr\u00e9occupations et vos questions. En cons\u00e9quence, notre r\u00e9ponse est toujours rapide (formation, conseil et information).<\/p>\n<\/div><\/section><\/div>\n<style type=\"text\/css\" data-created_by=\"avia_inline_auto\" id=\"style-css-av-8maq8ka-2a0dfad6e5c58aa1de009e488ac5c460\">\n.flex_column.av-8maq8ka-2a0dfad6e5c58aa1de009e488ac5c460{\nwidth:31.333333333333%;\nmargin-left:3%;\nborder-radius:0px 0px 0px 0px;\npadding:0px 0px 0px 0px;\n}\n<\/style>\n<div  class='flex_column av-8maq8ka-2a0dfad6e5c58aa1de009e488ac5c460 av_one_third  avia-builder-el-14  el_after_av_one_third  el_before_av_one_third  flex_column_div av-zero-column-padding  column-top-margin'     ><style type=\"text\/css\" data-created_by=\"avia_inline_auto\" id=\"style-css-av-82vzx0a-80de48062189c25f5ab36e676c3657e3\">\n#top .av_textblock_section.av-82vzx0a-80de48062189c25f5ab36e676c3657e3 .avia_textblock{\nfont-size:14px;\n}\n<\/style>\n<section  class='av_textblock_section av-82vzx0a-80de48062189c25f5ab36e676c3657e3 '   itemscope=\"itemscope\" itemtype=\"https:\/\/schema.org\/CreativeWork\" ><div class='avia_textblock genesal-list'  itemprop=\"text\" ><p><img loading=\"lazy\" decoding=\"async\" class=\"wp-image-46169 aligncenter\" src=\"https:\/\/genesalenergy.com\/wp-content\/uploads\/2022\/10\/Genesal-Energy-ingenieria-fabricacion-icon-diseno.png\" alt=\"\" width=\"149\" height=\"149\" \/><\/p>\n<h5 class=\"ge-subtitulo-mediano-inline\">Conception et fabrication de projets sur mesure<\/h5>\n<p class=\"ancho500\">Nous nous sommes toujours distingu\u00e9s par notre grande capacit\u00e9 d&#8217;adaptation aux exigences de chaque projet.<\/p>\n<p class=\"ancho500\">Face \u00e0 ce d\u00e9fi, notre \u00e9quipe d&#8217;ing\u00e9nieurs utilise tout le savoir-faire et les outils disponibles pour toujours proposer des solutions de haute qualit\u00e9 adapt\u00e9es \u00e0 vos besoins.<\/p>\n<\/div><\/section><\/div>\n<style type=\"text\/css\" data-created_by=\"avia_inline_auto\" id=\"style-css-av-7klkn3u-90bcf33a1d668b2585745f5aeb9e92a7\">\n.flex_column.av-7klkn3u-90bcf33a1d668b2585745f5aeb9e92a7{\nborder-radius:0px 0px 0px 0px;\npadding:0px 0px 0px 0px;\n}\n<\/style>\n<div  class='flex_column av-7klkn3u-90bcf33a1d668b2585745f5aeb9e92a7 av_one_third  avia-builder-el-16  el_after_av_one_third  el_before_av_one_third  first flex_column_div av-zero-column-padding  column-top-margin'     ><style type=\"text\/css\" data-created_by=\"avia_inline_auto\" id=\"style-css-av-72weji2-6485d465557532871b5cd32b735e3d11\">\n#top .av_textblock_section.av-72weji2-6485d465557532871b5cd32b735e3d11 .avia_textblock{\nfont-size:14px;\n}\n<\/style>\n<section  class='av_textblock_section av-72weji2-6485d465557532871b5cd32b735e3d11 '   itemscope=\"itemscope\" itemtype=\"https:\/\/schema.org\/CreativeWork\" ><div class='avia_textblock genesal-list'  itemprop=\"text\" ><p><img loading=\"lazy\" decoding=\"async\" class=\"aligncenter wp-image-46177 \" src=\"https:\/\/genesalenergy.com\/wp-content\/uploads\/2022\/10\/Genesal-Energy-ingenieria-fabricacion-icon-imasd.png\" alt=\"\" width=\"95\" height=\"148\" \/><\/p>\n<h5 class=\"ge-subtitulo-mediano-inline\">Recherche, d\u00e9veloppement et innovation : la haute innovation<\/h5>\n<p class=\"ancho500\">La recherche, le d\u00e9veloppement et l&#8217;innovation sont nos activit\u00e9s quotidiennes. Avec l&#8217;aide du CETED dans nos installations, le d\u00e9veloppement conceptuel de nouvelles solutions \u00e9nerg\u00e9tiques a augment\u00e9. En plus de l&#8217;am\u00e9lioration constante du produit, nos techniciens recherchent de nouvelles solutions \u00e9nerg\u00e9tiques.<\/p>\n<p class=\"ancho500\">Le CETED est le premier centre technologique d&#8217;\u00e9nergie distribu\u00e9e du secteur, une r\u00e9f\u00e9rence technologique..<\/p>\n<\/div><\/section><\/div>\n<style type=\"text\/css\" data-created_by=\"avia_inline_auto\" id=\"style-css-av-6kjpti2-4488c62285e7ae5963530bc96b3a53ea\">\n.flex_column.av-6kjpti2-4488c62285e7ae5963530bc96b3a53ea{\nborder-radius:0px 0px 0px 0px;\npadding:0px 0px 0px 0px;\n}\n<\/style>\n<div  class='flex_column av-6kjpti2-4488c62285e7ae5963530bc96b3a53ea av_one_third  avia-builder-el-18  el_after_av_one_third  el_before_av_one_third  flex_column_div av-zero-column-padding  column-top-margin'     ><style type=\"text\/css\" data-created_by=\"avia_inline_auto\" id=\"style-css-av-67jge7u-1eeb45530ff0bace61252e3f8f86d754\">\n#top .av_textblock_section.av-67jge7u-1eeb45530ff0bace61252e3f8f86d754 .avia_textblock{\nfont-size:14px;\n}\n<\/style>\n<section  class='av_textblock_section av-67jge7u-1eeb45530ff0bace61252e3f8f86d754 '   itemscope=\"itemscope\" itemtype=\"https:\/\/schema.org\/CreativeWork\" ><div class='avia_textblock genesal-list'  itemprop=\"text\" ><p><img loading=\"lazy\" decoding=\"async\" class=\"aligncenter wp-image-46178 \" src=\"https:\/\/genesalenergy.com\/wp-content\/uploads\/2022\/10\/Genesal-Energy-ingenieria-fabricacion-icon-precision.png\" alt=\"\" width=\"171\" height=\"149\" \/><\/p>\n<h5 class=\"ge-subtitulo-mediano-inline\">Une pr\u00e9cision maximale : la conception 3D<\/h5>\n<p class=\"ancho500\">Nos ing\u00e9nieurs emploient les technologies de pointe pour mettre au point et concevoir les groupes \u00e9lectrog\u00e8nes. Gr\u00e2ce aux diff\u00e9rentes applications 3D dont nous disposons, la pr\u00e9cision lors de la conception et de la fabrication du g\u00e9n\u00e9rateur est maximale, ce qui minimise les d\u00e9fauts et am\u00e9liore les d\u00e9lais dans notre syst\u00e8me de production, tout en accroissant notre comp\u00e9titivit\u00e9.<\/p>\n<p class=\"ancho500\">Ces outils sont \u00e9galement \u00e0 votre disposition, car vous pouvez voir la conception avant la fabrication, simuler la disposition finale du g\u00e9n\u00e9rateur ou intervenir directement sur la conception pour l&#8217;adapter \u00e0 vos besoins. D&#8217;autre part, nous avons int\u00e9gr\u00e9 des technologies de prototypage rapide (imprimantes 3D) qui nous permettent de visualiser des \u00e9l\u00e9ments \u00e0 l&#8217;\u00e9chelle, de r\u00e9aliser des prototypes et de voir comment ils se comporteront avant la fabrication.<\/p>\n<\/div><\/section><\/div>\n<style type=\"text\/css\" data-created_by=\"avia_inline_auto\" id=\"style-css-av-5kmx6je-ad110ce27b756213af61117488b88ea7\">\n.flex_column.av-5kmx6je-ad110ce27b756213af61117488b88ea7{\nborder-radius:0px 0px 0px 0px;\npadding:0px 0px 0px 0px;\n}\n<\/style>\n<div  class='flex_column av-5kmx6je-ad110ce27b756213af61117488b88ea7 av_one_third  avia-builder-el-20  el_after_av_one_third  avia-builder-el-last  flex_column_div av-zero-column-padding  column-top-margin'     ><\/div><\/div><\/div><\/div><!-- close content main div --><\/div><\/div>\n<style type=\"text\/css\" data-created_by=\"avia_inline_auto\" id=\"style-css-av-l9t0pk5r-8185fe653d80b75070db842f04f43f54\">\n.avia-section.av-l9t0pk5r-8185fe653d80b75070db842f04f43f54{\nbackground-repeat:no-repeat;\nbackground-image:url(https:\/\/genesalenergy.com\/fr\/wp-content\/uploads\/sites\/4\/2023\/02\/ingenieria-fabricacion-genesal-energy-scaled-1-1030x295.jpg);\nbackground-position:50% 50%;\nbackground-attachment:scroll;\nmargin-top:96px;\nmargin-bottom:0px;\n}\n<\/style>\n<div id='imagen-cierre'  class='avia-section av-l9t0pk5r-8185fe653d80b75070db842f04f43f54 main_color avia-section-no-padding avia-no-border-styling  avia-builder-el-21  el_after_av_section  avia-builder-el-last  margin-bot12 avia-full-stretch avia-bg-style-scroll av-minimum-height av-minimum-height-custom av-height-custom  container_wrap sidebar_right'  data-section-bg-repeat='stretch' data-av_minimum_height_px='550'><div class='container av-section-cont-open' style='height:550px'><div class='template-page content  av-content-small alpha units'><div class='post-entry post-entry-type-page post-entry-34874'><div class='entry-content-wrapper clearfix'>\n\n<style type=\"text\/css\" data-created_by=\"avia_inline_auto\" id=\"style-css-av-la6of0lx-37f10c3509bd614a1bc4f52a3f06d12c\">\n#top .av_textblock_section.av-la6of0lx-37f10c3509bd614a1bc4f52a3f06d12c .avia_textblock{\nfont-size:14px;\ncolor:#ffffff;\n}\n<\/style>\n<section  class='av_textblock_section av-la6of0lx-37f10c3509bd614a1bc4f52a3f06d12c '   itemscope=\"itemscope\" itemtype=\"https:\/\/schema.org\/CreativeWork\" ><div class='avia_textblock genesal-list av_inherit_color'  itemprop=\"text\" ><h3 class=\"ge-encabezado-secundario\">Vous avez besoin d&#8217;un groupe \u00e9lectrog\u00e8ne ?<\/h3>\n<p>Trouvez celui qui s\u2019adapte le mieux \u00e0 votre projet.<br \/>\nDe 5 kVA jusqu\u2019\u00e0 3 900 kVA.<\/p>\n<p><a class=\"ge-link-flecha\" href=\"https:\/\/genesalenergy.com\/fr\/catalogue-des-groupes-electrogenes-diesel\/\">Acc\u00e9der au catalogue<\/a><\/p>\n<\/div><\/section>\n<\/div><\/div><\/div><!-- close content main div --><\/div><\/div><div id='after_section_4'  class='main_color av_default_container_wrap container_wrap sidebar_right'  ><div class='container av-section-cont-open' ><div class='template-page content  av-content-small alpha units'><div class='post-entry post-entry-type-page post-entry-34874'><div class='entry-content-wrapper clearfix'>\n","protected":false},"excerpt":{"rendered":"","protected":false},"author":1,"featured_media":0,"parent":0,"menu_order":0,"comment_status":"open","ping_status":"open","template":"","meta":{"_acf_changed":false,"footnotes":""},"class_list":["post-34874","page","type-page","status-publish","hentry"],"acf":[],"_links":{"self":[{"href":"https:\/\/genesalenergy.com\/fr\/wp-json\/wp\/v2\/pages\/34874","targetHints":{"allow":["GET"]}}],"collection":[{"href":"https:\/\/genesalenergy.com\/fr\/wp-json\/wp\/v2\/pages"}],"about":[{"href":"https:\/\/genesalenergy.com\/fr\/wp-json\/wp\/v2\/types\/page"}],"author":[{"embeddable":true,"href":"https:\/\/genesalenergy.com\/fr\/wp-json\/wp\/v2\/users\/1"}],"replies":[{"embeddable":true,"href":"https:\/\/genesalenergy.com\/fr\/wp-json\/wp\/v2\/comments?post=34874"}],"version-history":[{"count":0,"href":"https:\/\/genesalenergy.com\/fr\/wp-json\/wp\/v2\/pages\/34874\/revisions"}],"wp:attachment":[{"href":"https:\/\/genesalenergy.com\/fr\/wp-json\/wp\/v2\/media?parent=34874"}],"curies":[{"name":"wp","href":"https:\/\/api.w.org\/{rel}","templated":true}]}}