{"id":34873,"date":"2018-01-22T15:16:39","date_gmt":"2018-01-22T15:16:39","guid":{"rendered":"http:\/\/master.genesalenergy.com\/fr\/telegestion\/"},"modified":"2021-04-20T12:24:15","modified_gmt":"2021-04-20T12:24:15","slug":"telegestion","status":"publish","type":"page","link":"https:\/\/genesalenergy.com\/fr\/telegestion\/","title":{"rendered":"T\u00c9L\u00c9GESTION ET SUPERVISION \u00c0 DISTANCE DE GROUPE \u00c9LECTROG\u00c8NE"},"content":{"rendered":"\n<style type=\"text\/css\" data-created_by=\"avia_inline_auto\" id=\"style-css-av-1044qzi-71e701aa853ba389256a939787be3fa4\">\n.avia-section.av-1044qzi-71e701aa853ba389256a939787be3fa4{\nbackground-repeat:no-repeat;\nbackground-image:url(https:\/\/genesalenergy.com\/fr\/wp-content\/uploads\/sites\/4\/2020\/08\/Genesal-Energy-Servicio-atencion-cliente-Telegestion.jpg);\nbackground-position:50% 50%;\nbackground-attachment:scroll;\n}\n.avia-section.av-1044qzi-71e701aa853ba389256a939787be3fa4 .av-section-color-overlay{\nopacity:0.8;\nbackground-color:#ffffff;\n}\n<\/style>\n<div id='av_section_1'  class='avia-section av-1044qzi-71e701aa853ba389256a939787be3fa4 main_color avia-section-default avia-no-border-styling  avia-builder-el-0  el_before_av_section  avia-builder-el-first  av-medium-hide av-small-hide av-mini-hide avia-full-stretch avia-bg-style-scroll av-section-color-overlay-active av-minimum-height av-minimum-height-custom av-height-custom  container_wrap sidebar_right'  data-section-bg-repeat='stretch' data-av_minimum_height_px='600'><div class=\"av-section-color-overlay-wrap\"><div class=\"av-section-color-overlay\"><\/div><div class='container av-section-cont-open' style='height:600px'><main  role=\"main\" itemprop=\"mainContentOfPage\"  class='template-page content  av-content-small alpha units'><div class='post-entry post-entry-type-page post-entry-34873'><div class='entry-content-wrapper clearfix'>\n<div  class='flex_column av-3efez2-d1ac7e56f6df2a4ffeb3055c17dc4f12 av_one_full  avia-builder-el-1  avia-builder-el-no-sibling  first no_margin flex_column_div  '     ><section  class='av_textblock_section av-wynj32-0853f22f5e36fffaf45b4e0de912bd3b '   itemscope=\"itemscope\" itemtype=\"https:\/\/schema.org\/CreativeWork\" ><div class='avia_textblock'  itemprop=\"text\" ><h1 class=\"hseo2020\">T\u00e9l\u00e9gestion et supervision<br \/>\n\u00e0 distance de groupe \u00e9lectrog\u00e8ne<\/h1>\n<h4 class=\"hseo2020\">La distance n&#8217;est pas<br \/>\nun probl\u00e8me<\/h4>\n<\/div><\/section><\/div>\n\n<\/div><\/div><\/main><!-- close content main element --><\/div><\/div><\/div>\n<style type=\"text\/css\" data-created_by=\"avia_inline_auto\" id=\"style-css-av-n3aqzo-c72cc8a9e8b9455619051c3e527214b1\">\n.avia-section.av-n3aqzo-c72cc8a9e8b9455619051c3e527214b1{\nbackground-color:#ffffff;\nbackground-image:url(https:\/\/genesalenergy.com\/fr\/wp-content\/uploads\/sites\/4\/2020\/03\/banner-contacto-23.png);\nbackground-repeat:no-repeat;\nbackground-position:0% 0%;\nbackground-attachment:scroll;\n}\n<\/style>\n<div id='titular-principal'  class='avia-section av-n3aqzo-c72cc8a9e8b9455619051c3e527214b1 main_color avia-section-large avia-no-border-styling  avia-builder-el-3  el_after_av_section  el_before_av_section  avia-full-stretch avia-bg-style-scroll container_wrap sidebar_right'  data-section-bg-repeat='stretch'><div class=\"av-section-color-overlay-wrap\"><a href='#next-section' title='' class='scroll-down-link  avia-svg-icon avia-font-svg_entypo-fontello' data-av_svg_icon='down-open-mini' data-av_iconset='svg_entypo-fontello'><svg version=\"1.1\" xmlns=\"http:\/\/www.w3.org\/2000\/svg\" width=\"15\" height=\"32\" viewBox=\"0 0 15 32\" preserveAspectRatio=\"xMidYMid meet\" aria-labelledby='av-svg-title-1' aria-describedby='av-svg-desc-1' role=\"graphics-symbol\" aria-hidden=\"true\">\n<title id='av-svg-title-1'>Scroller vers la prochaine section<\/title>\n<desc id='av-svg-desc-1'>Scroller vers la prochaine section<\/desc>\n<path d=\"M12.96 12.16q0.704-0.832 1.536 0 0.832 0.704 0 1.536l-6.272 6.144q-0.704 0.704-1.536 0l-6.272-6.144q-0.832-0.832 0-1.536 0.768-0.768 1.6 0l5.44 4.992z\"><\/path>\n<\/svg><\/a><div class='container av-section-cont-open' ><div class='template-page content  av-content-small alpha units'><div class='post-entry post-entry-type-page post-entry-34873'><div class='entry-content-wrapper clearfix'>\n\n<style type=\"text\/css\" data-created_by=\"avia_inline_auto\" id=\"style-css-av-kai29w-52f32409c2dace57eb3ec00002ff18ac\">\n.flex_column.av-kai29w-52f32409c2dace57eb3ec00002ff18ac{\nborder-radius:0px 0px 0px 0px;\npadding:0px 0px 0px 0px;\n}\n<\/style>\n<div  class='flex_column av-kai29w-52f32409c2dace57eb3ec00002ff18ac av_one_full  avia-builder-el-4  avia-builder-el-no-sibling  first flex_column_div av-zero-column-padding  '     ><style type=\"text\/css\" data-created_by=\"avia_inline_auto\" id=\"style-css-av-wynj32-8bf3b2e3d5cb34a475c28f28728c91fc\">\n#top .av_textblock_section.av-wynj32-8bf3b2e3d5cb34a475c28f28728c91fc .avia_textblock{\ncolor:#ffffff;\n}\n<\/style>\n<section  class='av_textblock_section av-wynj32-8bf3b2e3d5cb34a475c28f28728c91fc '   itemscope=\"itemscope\" itemtype=\"https:\/\/schema.org\/CreativeWork\" ><div class='av-desktop-hide avia_textblock av_inherit_color'  itemprop=\"text\" ><h1 class=\"hseo2020\">T\u00e9l\u00e9gestion et supervision<br \/>\n\u00e0 distance de groupe \u00e9lectrog\u00e8ne<\/h1>\n<h4 class=\"hseo2020\">La distance n&#8217;est pas<br \/>\nun probl\u00e8me<\/h4>\n<\/div><\/section><br \/>\n\n<style type=\"text\/css\" data-created_by=\"avia_inline_auto\" id=\"style-css-av-ij6m38-9b60ebbea814f4996930fc7ed9386d28\">\n#top .av_textblock_section.av-ij6m38-9b60ebbea814f4996930fc7ed9386d28 .avia_textblock{\nfont-size:40px;\ncolor:#ffffff;\n}\n<\/style>\n<section  class='av_textblock_section av-ij6m38-9b60ebbea814f4996930fc7ed9386d28 '   itemscope=\"itemscope\" itemtype=\"https:\/\/schema.org\/CreativeWork\" ><div class='avia_textblock av_inherit_color'  itemprop=\"text\" ><h2 class=\"seo2020\" style=\"margin-bottom:20px;\">Nous r\u00e9pondons aux besoins de <strong>gestion \u00e0 distance de vos centres avec notre syst\u00e8me de gestion et de surveillance \u00e0 distance, contr\u00f4lant les groupes \u00e9lectrog\u00e8nes via des syst\u00e8mes Ethernet.<\/strong><\/h2>\n<\/div><\/section><br \/>\n\n<style type=\"text\/css\" data-created_by=\"avia_inline_auto\" id=\"style-css-av-hxuv78-45d1037de2a1d6dfbcd90cbadb822c95\">\n#top .hr.hr-invisible.av-hxuv78-45d1037de2a1d6dfbcd90cbadb822c95{\nheight:20px;\n}\n<\/style>\n<div  class='hr av-hxuv78-45d1037de2a1d6dfbcd90cbadb822c95 hr-invisible  avia-builder-el-7  el_after_av_textblock  el_before_av_textblock '><span class='hr-inner '><span class=\"hr-inner-style\"><\/span><\/span><\/div><br \/>\n\n<style type=\"text\/css\" data-created_by=\"avia_inline_auto\" id=\"style-css-av-1k8890-6f028f712224f8e39b8fbe4a10de67c5\">\n#top .av_textblock_section.av-1k8890-6f028f712224f8e39b8fbe4a10de67c5 .avia_textblock{\ncolor:#ffffff;\n}\n<\/style>\n<section  class='av_textblock_section av-1k8890-6f028f712224f8e39b8fbe4a10de67c5 '   itemscope=\"itemscope\" itemtype=\"https:\/\/schema.org\/CreativeWork\" ><div class='avia_textblock av_inherit_color'  itemprop=\"text\" ><h5>Dossier t\u00e9l\u00e9gestion<\/h5>\n<\/div><\/section><br \/>\n\n<style type=\"text\/css\" data-created_by=\"avia_inline_auto\" id=\"style-css-av-dfp15w-e52513766735b447d5056821a0b3b56e\">\n#top .hr.hr-invisible.av-dfp15w-e52513766735b447d5056821a0b3b56e{\nheight:20px;\n}\n<\/style>\n<div  class='hr av-dfp15w-e52513766735b447d5056821a0b3b56e hr-invisible  avia-builder-el-9  el_after_av_textblock  el_before_av_button '><span class='hr-inner '><span class=\"hr-inner-style\"><\/span><\/span><\/div><br \/>\n<div  class='avia-button-wrap av-czetro-0db4a53adeb222bba949d4282aa97145-wrap avia-button-left  avia-builder-el-10  el_after_av_hr  avia-builder-el-last '><a href='https:\/\/genesalenergy.com\/fr\/wp-content\/uploads\/sites\/4\/2020\/03\/Telegesti\u00f3n-2018-1.pdf'  class='avia-button av-czetro-0db4a53adeb222bba949d4282aa97145 av-link-btn avia-icon_select-yes-left-icon avia-size-large avia-position-left av-icon-on-hover avia-color-black'  target=\"_blank\"  rel=\"noopener noreferrer\"  aria-label=\"T\u00e9l\u00e9charger le dossier PDF\"><span class='avia_button_icon avia_button_icon_left avia-iconfont avia-font-entypo-fontello' data-av_icon='\ue82d' data-av_iconfont='entypo-fontello' ><\/span><span class='avia_iconbox_title' >T\u00e9l\u00e9charger le dossier PDF<\/span><\/a><\/div><\/p><\/div><\/div><\/div><\/div><!-- close content main div --><\/div><\/div><\/div>\n<style type=\"text\/css\" data-created_by=\"avia_inline_auto\" id=\"style-css-av-b2lbyc-5753840c89357fa2cd578d46fec55bca\">\n.avia-section.av-b2lbyc-5753840c89357fa2cd578d46fec55bca{\nbackground-color:#ffffff;\nbackground-image:unset;\n}\n<\/style>\n<div id='av_section_3'  class='avia-section av-b2lbyc-5753840c89357fa2cd578d46fec55bca main_color avia-section-huge avia-no-border-styling  avia-builder-el-11  el_after_av_section  el_before_av_section  avia-bg-style-scroll container_wrap sidebar_right'  ><div class='container av-section-cont-open' ><div class='template-page content  av-content-small alpha units'><div class='post-entry post-entry-type-page post-entry-34873'><div class='entry-content-wrapper clearfix'>\n<div class='flex_column_table av-8mhlus-90fead10acfd7da64192e9a9b0e0405a sc-av_one_half av-equal-height-column-flextable'>\n<style type=\"text\/css\" data-created_by=\"avia_inline_auto\" id=\"style-css-av-8mhlus-90fead10acfd7da64192e9a9b0e0405a\">\n.flex_column.av-8mhlus-90fead10acfd7da64192e9a9b0e0405a{\nborder-radius:0px 0px 0px 0px;\npadding:0px 0px 0px 0px;\n}\n<\/style>\n<div  class='flex_column av-8mhlus-90fead10acfd7da64192e9a9b0e0405a av_one_half  avia-builder-el-12  el_before_av_one_half  avia-builder-el-first  first flex_column_table_cell av-equal-height-column av-align-top av-zero-column-padding  '     ><section  class='av_textblock_section av-gywmc-692a47f56b8410c8b6086275af7eeee2 '   itemscope=\"itemscope\" itemtype=\"https:\/\/schema.org\/CreativeWork\" ><div class='avia_textblock'  itemprop=\"text\" ><h2 class=\"titular-general\">NOTRE SYST\u00c8ME<\/h2>\n<h3 class=\"general\">Notre syst\u00e8me de t\u00e9l\u00e9gestion et supervision \u00e0 distance, li\u00e9 aux technologies pointes en mati\u00e8re de groupes \u00e9lectrog\u00e8nes, nous place comme une des r\u00e9f\u00e9rences au niveau global.<\/h3>\n<p class=\"general\">Tant par rapport au temps de d\u00e9tection des \u00e9ventuelles pannes que par rapport \u00e0 l\u2019\u00e9tat de tout groupe \u00e9lectrog\u00e8ne \u00e0 niveau mondial avec la seule aide d\u2019une connexion internet fixe ou portable.<\/p>\n<p>En outre, l\u2019affichage des pannes et des r\u00e9glages peut \u00eatre r\u00e9alis\u00e9 \u00e0 distance et en temps r\u00e9el, en r\u00e9percutant directement sur le temps d\u2019action.<\/p>\n<\/div><\/section><\/div><div class='av-flex-placeholder'><\/div>\n<style type=\"text\/css\" data-created_by=\"avia_inline_auto\" id=\"style-css-av-5lwctw-b92434d925b799559ab59eb3172b78ae\">\n.flex_column.av-5lwctw-b92434d925b799559ab59eb3172b78ae{\nborder-radius:0px 0px 0px 0px;\npadding:0px 0px 0px 0px;\nbackground-color:#ffffff;\n}\n<\/style>\n<div  class='flex_column av-5lwctw-b92434d925b799559ab59eb3172b78ae av_one_half  avia-builder-el-14  el_after_av_one_half  avia-builder-el-last  flex_column_table_cell av-equal-height-column av-align-top av-zero-column-padding  '     ><section  class='av_textblock_section av-25behw-d496fb31f40b9f1e412391b62fb7c2f7 '   itemscope=\"itemscope\" itemtype=\"https:\/\/schema.org\/CreativeWork\" ><div class='avia_textblock'  itemprop=\"text\" ><h2 class=\"titular-general\">SUPERVISION ET CONTR\u00d4LE DE GROUPES \u00c9LECTROG\u00c8NES<\/h2>\n<ul>\n<li lang=\"es-ES\">Une <strong>r\u00e9vision pr\u00e9sentielle<\/strong> r\u00e9alis\u00e9e par les techniciens sp\u00e9cialistes, pendant l\u2019installation de l\u2019automatisme.<\/li>\n<li lang=\"es-ES\">Possibilit\u00e9 de<strong> surveillance et contr\u00f4le<\/strong> depuis un environnement Apple ou Android avec notifications des alarmes programm\u00e9es.<\/li>\n<li lang=\"es-ES\">Possibilit\u00e9 d&#8217; <strong>\u00e9valuation d\u2019\u00e9tat <\/strong>\u00e0 travers les historiques du groupe \u00e9lectrog\u00e8ne.<\/li>\n<li lang=\"es-ES\"><strong>Diminution des co\u00fbts<\/strong> de service par la diminution des interventions et tours de supervision requises pour le contr\u00f4le des \u00e9quipes.<\/li>\n<li lang=\"es-ES\"><strong>Diminution des notifications inesp\u00e9r\u00e9es<\/strong> et \u00e9limination de l\u2019\u00e9tat r\u00e9actif d\u2019entretien.<\/li>\n<li lang=\"es-ES\">Possibilit\u00e9 de r\u00e9aliser <strong>les examens \u00e0 distance<\/strong> du groupe \u00e9lectrog\u00e8ne par la v\u00e9rification de toutes les mesures et la r\u00e9initialisation des alarmes \u00e0 distance.<\/li>\n<\/ul>\n<\/div><\/section><\/div><\/div><!--close column table wrapper. Autoclose: 1 --><\/div><\/div><\/div><!-- close content main div --><\/div><\/div>\n<style type=\"text\/css\" data-created_by=\"avia_inline_auto\" id=\"style-css-av-3kivi-28156f1a08208114e44dfa92cdad25de\">\n.avia-section.av-3kivi-28156f1a08208114e44dfa92cdad25de{\nbackground-color:#f3f3f3;\nbackground-image:unset;\n}\n<\/style>\n<div id='av_section_4'  class='avia-section av-3kivi-28156f1a08208114e44dfa92cdad25de main_color avia-section-large avia-no-border-styling  avia-builder-el-16  el_after_av_section  avia-builder-el-last  avia-bg-style-scroll container_wrap sidebar_right'  ><div class='container av-section-cont-open' ><div class='template-page content  av-content-small alpha units'><div class='post-entry post-entry-type-page post-entry-34873'><div class='entry-content-wrapper clearfix'>\n<div class='flex_column_table av-1phwu-410ab40a6f4bbbb01dde68a5c906f1a3 sc-av_one_third av-equal-height-column-flextable'>\n<style type=\"text\/css\" data-created_by=\"avia_inline_auto\" id=\"style-css-av-1phwu-410ab40a6f4bbbb01dde68a5c906f1a3\">\n.flex_column.av-1phwu-410ab40a6f4bbbb01dde68a5c906f1a3{\nborder-radius:0px 0px 0px 0px;\npadding:0px 0px 0px 0px;\n}\n<\/style>\n<div  class='flex_column av-1phwu-410ab40a6f4bbbb01dde68a5c906f1a3 av_one_third  avia-builder-el-17  el_before_av_two_third  avia-builder-el-first  first flex_column_table_cell av-equal-height-column av-align-top av-zero-column-padding  '     ><style type=\"text\/css\" data-created_by=\"avia_inline_auto\" id=\"style-css-av-5bywi-ff2837670d1e081e095dcb00469de923\">\n#top .av_textblock_section.av-5bywi-ff2837670d1e081e095dcb00469de923 .avia_textblock{\nfont-size:15px;\n}\n<\/style>\n<section  class='av_textblock_section av-5bywi-ff2837670d1e081e095dcb00469de923 '   itemscope=\"itemscope\" itemtype=\"https:\/\/schema.org\/CreativeWork\" ><div class='avia_textblock abril-contact-info'  itemprop=\"text\" ><h5 style=\"color: #999999; font-size: 18px !important; margin-bottom: 20px !important;\">CONTACTEZ-NOUS<\/h5>\n<h2 style=\"font-size: 40px; line-height: 1.1 !important;\">\u00caTES-VOUS INT\u00c9RESS\u00c9 PAR LA SURVEILLANCE \u00c0 DISTANCE?<\/h2>\n<\/div><\/section><br \/>\n\n<style type=\"text\/css\" data-created_by=\"avia_inline_auto\" id=\"style-css-av-k5m8z8gh-16a7d7f118a0186a0249f9440e1157ec\">\n#top .hr.hr-invisible.av-k5m8z8gh-16a7d7f118a0186a0249f9440e1157ec{\nheight:30px;\n}\n<\/style>\n<div  class='hr av-k5m8z8gh-16a7d7f118a0186a0249f9440e1157ec hr-invisible  avia-builder-el-19  el_after_av_textblock  el_before_av_textblock '><span class='hr-inner '><span class=\"hr-inner-style\"><\/span><\/span><\/div><br \/>\n<section  class='av_textblock_section av-k5m8xfzn-e1334dc0aad19ca90ff10ed2be3547c7 '   itemscope=\"itemscope\" itemtype=\"https:\/\/schema.org\/CreativeWork\" ><div class='avia_textblock abril-contact-info'  itemprop=\"text\" ><h4>T\u00e9l\u00e9phone du service client\u00e8le:<\/h4>\n<h3 class=\"telefono\">+34 900 730 124<\/h3>\n<\/div><\/section><br \/>\n<section  class='av_textblock_section av-k5m8xfzn-6467ef99b7903463b3778e2ee91988f8 '   itemscope=\"itemscope\" itemtype=\"https:\/\/schema.org\/CreativeWork\" ><div class='avia_textblock'  itemprop=\"text\" ><h6 style=\"color: #b8002e !important; text-decoration: underline;\"><strong>Important:<\/strong><\/h6>\n\n<style type=\"text\/css\" data-created_by=\"avia_inline_auto\" id=\"style-css-av-vfvx31-f134d3bbbff46ca6c1f17d3f12deed39\">\n#top .hr.hr-invisible.av-vfvx31-f134d3bbbff46ca6c1f17d3f12deed39{\nmargin-top:-10px;\nheight:1px;\n}\n<\/style>\n<div  class='hr av-vfvx31-f134d3bbbff46ca6c1f17d3f12deed39 hr-invisible  avia-builder-el-22  avia-builder-el-no-sibling '><span class='hr-inner '><span class=\"hr-inner-style\"><\/span><\/span><\/div>\n<p>Veuillez avoir votre num\u00e9ro d\u2019identification de groupe \u00e9lectrog\u00e8ne disponible lorsque vous appelez.<\/p>\n<\/div><\/section><br \/>\n\n<style type=\"text\/css\" data-created_by=\"avia_inline_auto\" id=\"style-css-av-k5m8z8gh-119fa610c94cffde4f9c3e23c8f0d014\">\n#top .hr.av-k5m8z8gh-119fa610c94cffde4f9c3e23c8f0d014{\nmargin-top:20px;\nmargin-bottom:30px;\n}\n.hr.av-k5m8z8gh-119fa610c94cffde4f9c3e23c8f0d014 .hr-inner{\nwidth:100%;\nborder-color:#d8d8d8;\n}\n<\/style>\n<div  class='hr av-k5m8z8gh-119fa610c94cffde4f9c3e23c8f0d014 hr-custom  avia-builder-el-23  el_after_av_textblock  el_before_av_textblock  hr-left hr-icon-no'><span class='hr-inner inner-border-av-border-thin'><span class=\"hr-inner-style\"><\/span><\/span><\/div><br \/>\n<section  class='av_textblock_section av-k5m8xfzn-e1334dc0aad19ca90ff10ed2be3547c7 '   itemscope=\"itemscope\" itemtype=\"https:\/\/schema.org\/CreativeWork\" ><div class='avia_textblock abril-contact-info'  itemprop=\"text\" ><h4>Email du service client:<\/h4>\n<h3 class=\"mail-contacto\"><a href=\"mailto:consultas@genesal.com\">consultas@genesal.com<\/a><\/h3>\n<\/div><\/section><\/p><\/div><div class='av-flex-placeholder'><\/div>\n<style type=\"text\/css\" data-created_by=\"avia_inline_auto\" id=\"style-css-av-1phwu-07cd392ef9192cc5c8df7e8d44012e75\">\n.flex_column.av-1phwu-07cd392ef9192cc5c8df7e8d44012e75{\nborder-radius:0px 0px 0px 0px;\npadding:0px 0px 0px 0px;\n}\n<\/style>\n<div  class='flex_column av-1phwu-07cd392ef9192cc5c8df7e8d44012e75 av_two_third  avia-builder-el-25  el_after_av_one_third  avia-builder-el-last  flex_column_table_cell av-equal-height-column av-align-top av-zero-column-padding  '     ><style type=\"text\/css\" data-created_by=\"avia_inline_auto\" id=\"style-css-av-1yp32-301310ba2b48f1b66dcb3e3ba6ea3ec3\">\n#top .av_textblock_section.av-1yp32-301310ba2b48f1b66dcb3e3ba6ea3ec3 .avia_textblock{\ncolor:#000000;\n}\n<\/style>\n<section  class='av_textblock_section av-1yp32-301310ba2b48f1b66dcb3e3ba6ea3ec3 '   itemscope=\"itemscope\" itemtype=\"https:\/\/schema.org\/CreativeWork\" ><div class='avia_textblock av_inherit_color'  itemprop=\"text\" ><h3 style=\"width: 90%;\"><span style=\"font-weight: 400;\"><strong>Contactez-nous tous les jours \u00e0 l&#8217;heure que vous souhaitez<\/strong>, notre service de t\u00e9l\u00e9gestion sera pr\u00eat \u00e0 vous aider.<\/span><\/h3>\n<\/div><\/section><br \/>\n<\/p><\/div><\/div><!--close column table wrapper. Autoclose: 1 --><\/div><\/div><\/div><!-- close content main div --><\/div><\/div><div id='after_section_4'  class='main_color av_default_container_wrap container_wrap sidebar_right'  ><div class='container av-section-cont-open' ><div class='template-page content  av-content-small alpha units'><div class='post-entry post-entry-type-page post-entry-34873'><div class='entry-content-wrapper clearfix'>\n","protected":false},"excerpt":{"rendered":"","protected":false},"author":1,"featured_media":38253,"parent":0,"menu_order":0,"comment_status":"open","ping_status":"open","template":"","meta":{"_acf_changed":false,"footnotes":""},"class_list":["post-34873","page","type-page","status-publish","has-post-thumbnail","hentry"],"acf":[],"_links":{"self":[{"href":"https:\/\/genesalenergy.com\/fr\/wp-json\/wp\/v2\/pages\/34873","targetHints":{"allow":["GET"]}}],"collection":[{"href":"https:\/\/genesalenergy.com\/fr\/wp-json\/wp\/v2\/pages"}],"about":[{"href":"https:\/\/genesalenergy.com\/fr\/wp-json\/wp\/v2\/types\/page"}],"author":[{"embeddable":true,"href":"https:\/\/genesalenergy.com\/fr\/wp-json\/wp\/v2\/users\/1"}],"replies":[{"embeddable":true,"href":"https:\/\/genesalenergy.com\/fr\/wp-json\/wp\/v2\/comments?post=34873"}],"version-history":[{"count":0,"href":"https:\/\/genesalenergy.com\/fr\/wp-json\/wp\/v2\/pages\/34873\/revisions"}],"wp:featuredmedia":[{"embeddable":true,"href":"https:\/\/genesalenergy.com\/fr\/wp-json\/wp\/v2\/media\/38253"}],"wp:attachment":[{"href":"https:\/\/genesalenergy.com\/fr\/wp-json\/wp\/v2\/media?parent=34873"}],"curies":[{"name":"wp","href":"https:\/\/api.w.org\/{rel}","templated":true}]}}