{"id":34872,"date":"2018-01-22T15:40:55","date_gmt":"2018-01-22T15:40:55","guid":{"rendered":"http:\/\/master.genesalenergy.com\/fr\/servicio-tecnico-24h\/"},"modified":"2020-03-27T15:55:22","modified_gmt":"2020-03-27T15:55:22","slug":"servicio-tecnico-24h","status":"publish","type":"page","link":"https:\/\/genesalenergy.com\/fr\/servicio-tecnico-24h\/","title":{"rendered":"Servicio t\u00e9cnico 24h"},"content":{"rendered":"<div id='full_slider_1'  class='avia-fullwidth-slider main_color avia-shadow   avia-builder-el-0  el_before_av_section  avia-builder-el-first  homeslider  container_wrap sidebar_right'  >\n<style type=\"text\/css\" data-created_by=\"avia_inline_auto\" id=\"style-css-av-l6peee-837b208acb49390b798aebfac04cb7d5\">\n#top #wrap_all .avia-slideshow .av-slideshow-caption.av-l6peee-837b208acb49390b798aebfac04cb7d5__0 .avia-caption-title{\ncolor:#ffffff;\n}\n#top .avia-slideshow .av-slideshow-caption.av-l6peee-837b208acb49390b798aebfac04cb7d5__0 .avia-caption-content{\nfont-size:24px;\ncolor:#ffffff;\n}\n#top .avia-slideshow .av-slideshow-caption.av-l6peee-837b208acb49390b798aebfac04cb7d5__0 .avia-caption-content p{\nfont-size:24px;\n}\n<\/style>\n<div  class='avia-slideshow av-l6peee-837b208acb49390b798aebfac04cb7d5 avia-slideshow-featured_large av_slideshow_full avia-fade-slider homeslider av-slideshow-ui av-control-default av-slideshow-manual av-loop-once av-loop-manual-endless av-default-height-applied   avia-slideshow-1' data-slideshow-options=\"{&quot;animation&quot;:&quot;fade&quot;,&quot;autoplay&quot;:false,&quot;loop_autoplay&quot;:&quot;once&quot;,&quot;interval&quot;:5,&quot;loop_manual&quot;:&quot;manual-endless&quot;,&quot;autoplay_stopper&quot;:false,&quot;noNavigation&quot;:false,&quot;bg_slider&quot;:false,&quot;keep_padding&quot;:false,&quot;hoverpause&quot;:false,&quot;show_slide_delay&quot;:0}\"  itemprop=\"image\" itemscope=\"itemscope\" itemtype=\"https:\/\/schema.org\/ImageObject\" ><ul class='avia-slideshow-inner ' style='padding-bottom: 42%;'><\/ul><\/div><\/div>\n\n<style type=\"text\/css\" data-created_by=\"avia_inline_auto\" id=\"style-css-av-i02tau-40e6a7144a84b345984146bc9657b3d9\">\n.avia-section.av-i02tau-40e6a7144a84b345984146bc9657b3d9{\nbackground-color:#ffffff;\nbackground-image:url(https:\/\/genesalenergy.com\/fr\/wp-content\/uploads\/sites\/4\/2020\/03\/banner-contacto-24.png);\nbackground-repeat:no-repeat;\nbackground-position:0% 0%;\nbackground-attachment:scroll;\n}\n<\/style>\n<div id='titular-principal'  class='avia-section av-i02tau-40e6a7144a84b345984146bc9657b3d9 main_color avia-section-large avia-no-border-styling  avia-builder-el-1  el_after_av_slideshow_full  el_before_av_section  avia-full-stretch avia-bg-style-scroll container_wrap sidebar_right'  data-section-bg-repeat='stretch'><div class='container av-section-cont-open' ><div class='template-page content  av-content-small alpha units'><div class='post-entry post-entry-type-page post-entry-34872'><div class='entry-content-wrapper clearfix'>\n\n<style type=\"text\/css\" data-created_by=\"avia_inline_auto\" id=\"style-css-av-gc48yu-e67466d9e028c595bf07be2c85703dfc\">\n.flex_column.av-gc48yu-e67466d9e028c595bf07be2c85703dfc{\nborder-radius:0px 0px 0px 0px;\npadding:0px 0px 0px 0px;\n}\n<\/style>\n<div  class='flex_column av-gc48yu-e67466d9e028c595bf07be2c85703dfc av_one_full  avia-builder-el-2  avia-builder-el-no-sibling  first flex_column_div av-zero-column-padding  '     ><style type=\"text\/css\" data-created_by=\"avia_inline_auto\" id=\"style-css-av-eecgl2-f0aff4f84a2e937eb28b6389f8498585\">\n#top .av_textblock_section.av-eecgl2-f0aff4f84a2e937eb28b6389f8498585 .avia_textblock{\nfont-size:40px;\ncolor:#ffffff;\n}\n<\/style>\n<section  class='av_textblock_section av-eecgl2-f0aff4f84a2e937eb28b6389f8498585 '   itemscope=\"itemscope\" itemtype=\"https:\/\/schema.org\/CreativeWork\" ><div class='avia_textblock av_inherit_color'  itemprop=\"text\" ><h2 class=\"titular\">Servicio t\u00e9cnico 24h los 7 d\u00edas a la semana para grupos electr\u00f3genos y generadores el\u00e9ctricos: asistencia t\u00e9cnica de manera permanente durante los\u00a0365 d\u00edas del a\u00f1o mediante un\u00a0<span class=\"bold\">servicio continuo\u00a0de\u00a0m\u00e1xima calidad.<\/span><\/h2>\n<\/div><\/section><\/div><\/div><\/div><\/div><!-- close content main div --><\/div><\/div><div id='av_section_2'  class='avia-section av-chlbna-050d7e6faaa2019557c1be0702a1cb4c main_color avia-section-large avia-no-border-styling  avia-builder-el-4  el_after_av_section  avia-builder-el-last  avia-bg-style-scroll container_wrap sidebar_right'  ><div class='container av-section-cont-open' ><div class='template-page content  av-content-small alpha units'><div class='post-entry post-entry-type-page post-entry-34872'><div class='entry-content-wrapper clearfix'>\n<div class='flex_column_table av-bcvx0m-d0ab11552227a1c404b7e59da19ed808 sc-av_one_full av-equal-height-column-flextable'>\n<style type=\"text\/css\" data-created_by=\"avia_inline_auto\" id=\"style-css-av-bcvx0m-d0ab11552227a1c404b7e59da19ed808\">\n.flex_column.av-bcvx0m-d0ab11552227a1c404b7e59da19ed808{\nborder-radius:0px 0px 0px 0px;\npadding:0px 0px 0px 0px;\n}\n<\/style>\n<div  class='flex_column av-bcvx0m-d0ab11552227a1c404b7e59da19ed808 av_one_full  avia-builder-el-5  el_before_av_one_half  avia-builder-el-first  first flex_column_table_cell av-equal-height-column av-align-top av-zero-column-padding  '     ><style type=\"text\/css\" data-created_by=\"avia_inline_auto\" id=\"style-css-av-8unoae-8029f52786e5afe3db9f1828cb58ffcf\">\n#top .av_textblock_section.av-8unoae-8029f52786e5afe3db9f1828cb58ffcf .avia_textblock{\ncolor:#000000;\n}\n<\/style>\n<section  class='av_textblock_section av-8unoae-8029f52786e5afe3db9f1828cb58ffcf '   itemscope=\"itemscope\" itemtype=\"https:\/\/schema.org\/CreativeWork\" ><div class='avia_textblock av_inherit_color'  itemprop=\"text\" ><h2>Seguimiento y atenci\u00f3n inmediata<\/h2>\n<\/div><\/section><\/div><\/div><!--close column table wrapper. Autoclose: 1 -->\n<style type=\"text\/css\" data-created_by=\"avia_inline_auto\" id=\"style-css-av-7ygc6e-f837c799fc42a82eb179af864b4afc7b\">\n.flex_column.av-7ygc6e-f837c799fc42a82eb179af864b4afc7b{\nborder-radius:0px 0px 0px 0px;\npadding:0px 0px 0px 0px;\n}\n<\/style>\n<div  class='flex_column av-7ygc6e-f837c799fc42a82eb179af864b4afc7b av_one_half  avia-builder-el-7  el_after_av_one_full  el_before_av_one_half  first flex_column_div av-zero-column-padding  column-top-margin'     ><section  class='av_textblock_section av-k4xkm-872d6369e7b84154961557db4940baad '   itemscope=\"itemscope\" itemtype=\"https:\/\/schema.org\/CreativeWork\" ><div class='avia_textblock'  itemprop=\"text\" ><h3 class=\"general\"><img loading=\"lazy\" decoding=\"async\" class=\"alignleft size-thumbnail wp-image-12292\" src=\"https:\/\/genesalenergy.com\/fr\/wp-content\/uploads\/sites\/4\/2020\/03\/Servicio-de-atencio\u0301n-telefo\u0301nica-24h-80x80.png\" alt=\"\" width=\"40\" height=\"40\" \/> Servicio de atenci\u00f3n telef\u00f3nica 24h<\/h3>\n<p><span class=\"bold\">Servicio dise\u00f1ado para atender telef\u00f3nicamente e intentar resolver anomal\u00edas o aver\u00edas que pudieran surgir en horarios fuera de jornada laboral.<\/span> De esta manera, se facilitar\u00e1 a la persona responsable de los grupos electr\u00f3genos designada por el cliente un n\u00famero de tel\u00e9fono m\u00f3vil especial y una clave para acceder al servicio.<\/p>\n<p>Este servicio se encuentra dise\u00f1ado para aquellos grupos electr\u00f3genos que:<\/p>\n<ul>\n<li>Requieren estar operativos 24\/7<\/li>\n<li>Tienen t\u00e9cnicos in situ 24\/7<\/li>\n<li>Requieren soporte telef\u00f3nico de t\u00e9cnicos especialistas en grupos electr\u00f3genos<\/li>\n<\/ul>\n<\/div><\/section><\/div>\n<style type=\"text\/css\" data-created_by=\"avia_inline_auto\" id=\"style-css-av-3n0wzq-31ded8a55c94b5816d71250ec3935c0d\">\n.flex_column.av-3n0wzq-31ded8a55c94b5816d71250ec3935c0d{\nborder-radius:0px 0px 0px 0px;\npadding:0px 0px 0px 0px;\n}\n<\/style>\n<div  class='flex_column av-3n0wzq-31ded8a55c94b5816d71250ec3935c0d av_one_half  avia-builder-el-9  el_after_av_one_half  avia-builder-el-last  flex_column_div av-zero-column-padding  column-top-margin'     ><section  class='av_textblock_section av-2h4uva-62373a127291c367f16cb29036d27317 '   itemscope=\"itemscope\" itemtype=\"https:\/\/schema.org\/CreativeWork\" ><div class='avia_textblock'  itemprop=\"text\" ><h3 class=\"general\"><img loading=\"lazy\" decoding=\"async\" class=\"alignleft wp-image-12291\" src=\"https:\/\/genesalenergy.com\/fr\/wp-content\/uploads\/sites\/4\/2020\/03\/Servicio-asistencia-24-80x80.png\" alt=\"\" width=\"40\" height=\"40\" \/>Servicio de asistencia 24h<\/h3>\n<p>En caso de que la aver\u00eda fuera imposible solucionar con los medios del usuario y\/o el servicio de atenci\u00f3n telef\u00f3nica, con la contrataci\u00f3n de este servicio de asistencia 24 horas, <span class=\"bold\">GENESAL ENERGY SAT garantiza el desplazamiento de un t\u00e9cnico a la instalaci\u00f3n para intentar reparar la aver\u00eda del grupo electr\u00f3geno en un plazo m\u00e1ximo de 24 horas<\/span> (tiempos inferiores de intervenci\u00f3n se podr\u00e1n estudiar seg\u00fan contrato), si esto fuera posible con los repuestos existentes en stock de nuestros talleres y los medios humanos lo permitieran.<\/p>\n<p>Servicio dise\u00f1ado para aquellos grupos que:<\/p>\n<ul>\n<li>Atienden un servicio cr\u00edtico<\/li>\n<li>Requieren estar operativos 24\/7<\/li>\n<li>Requieren soporte presencial de t\u00e9cnicos especialistas en grupos electr\u00f3genos<\/li>\n<\/ul>\n<\/div><\/section><\/div>\n<\/div><\/div><\/div><!-- close content main div --><\/div><\/div><div id='after_section_2'  class='main_color av_default_container_wrap container_wrap sidebar_right'  ><div class='container av-section-cont-open' ><div class='template-page content  av-content-small alpha units'><div class='post-entry post-entry-type-page post-entry-34872'><div class='entry-content-wrapper clearfix'>\n","protected":false},"excerpt":{"rendered":"","protected":false},"author":1,"featured_media":0,"parent":0,"menu_order":0,"comment_status":"open","ping_status":"open","template":"","meta":{"_acf_changed":false,"footnotes":""},"class_list":["post-34872","page","type-page","status-publish","hentry"],"acf":[],"_links":{"self":[{"href":"https:\/\/genesalenergy.com\/fr\/wp-json\/wp\/v2\/pages\/34872","targetHints":{"allow":["GET"]}}],"collection":[{"href":"https:\/\/genesalenergy.com\/fr\/wp-json\/wp\/v2\/pages"}],"about":[{"href":"https:\/\/genesalenergy.com\/fr\/wp-json\/wp\/v2\/types\/page"}],"author":[{"embeddable":true,"href":"https:\/\/genesalenergy.com\/fr\/wp-json\/wp\/v2\/users\/1"}],"replies":[{"embeddable":true,"href":"https:\/\/genesalenergy.com\/fr\/wp-json\/wp\/v2\/comments?post=34872"}],"version-history":[{"count":0,"href":"https:\/\/genesalenergy.com\/fr\/wp-json\/wp\/v2\/pages\/34872\/revisions"}],"wp:attachment":[{"href":"https:\/\/genesalenergy.com\/fr\/wp-json\/wp\/v2\/media?parent=34872"}],"curies":[{"name":"wp","href":"https:\/\/api.w.org\/{rel}","templated":true}]}}