{"id":34860,"date":"2018-01-30T09:59:09","date_gmt":"2018-01-30T09:59:09","guid":{"rendered":"http:\/\/master.genesalenergy.com\/fr\/presupuesto-grupos-electrogenos-genesal-energy\/"},"modified":"2023-03-01T10:33:23","modified_gmt":"2023-03-01T10:33:23","slug":"devis","status":"publish","type":"page","link":"https:\/\/genesalenergy.com\/fr\/devis\/","title":{"rendered":"Devis sur mesure Groupes \u00c9lectrog\u00e8nes"},"content":{"rendered":"<div id='titular-principal'  class='avia-section av-55uu36x-8ef0c44853e1446e3d1bb1c684689e94 main_color avia-section-default avia-no-border-styling  avia-builder-el-0  avia-builder-el-no-sibling  avia-bg-style-scroll container_wrap sidebar_right'  ><div class='container av-section-cont-open' ><main  role=\"main\" itemprop=\"mainContentOfPage\"  class='template-page content  av-content-small alpha units'><div class='post-entry post-entry-type-page post-entry-34860'><div class='entry-content-wrapper clearfix'>\n\n<style type=\"text\/css\" data-created_by=\"avia_inline_auto\" id=\"style-css-av-4p11j61-85437e088ee418a1290f9ae4abd28b57\">\n.flex_column.av-4p11j61-85437e088ee418a1290f9ae4abd28b57{\nborder-radius:0px 0px 0px 0px;\npadding:0px 0px 0px 0px;\n}\n<\/style>\n<div  class='flex_column av-4p11j61-85437e088ee418a1290f9ae4abd28b57 av_one_full  avia-builder-el-1  avia-builder-el-no-sibling  first flex_column_div av-zero-column-padding  '     ><style type=\"text\/css\" data-created_by=\"avia_inline_auto\" id=\"style-css-av-gbrvah-8d770d0e2820d9e650ab9171c12a5ff4\">\n#top .av_textblock_section.av-gbrvah-8d770d0e2820d9e650ab9171c12a5ff4 .avia_textblock{\nfont-size:40px;\ncolor:#222222;\n}\n<\/style>\n<section  class='av_textblock_section av-gbrvah-8d770d0e2820d9e650ab9171c12a5ff4 '   itemscope=\"itemscope\" itemtype=\"https:\/\/schema.org\/CreativeWork\" ><div class='avia_textblock av_inherit_color'  itemprop=\"text\" ><h1 class=\"ge-antetitulo\"><span style=\"color: #b8012d;\">Devis pour groupes \u00e9lectrog\u00e8nes<\/span><\/h1>\n<p class=\"ge-subtitulo-grande\">Avez-vous besoin d&#8217;un groupe \u00e9lectrog\u00e8ne\u00a0?<br \/>\nDemandez un devis<\/p>\n<p class=\"ge-subtitulo-pequeno\">Les groupes \u00e9lectrog\u00e8nes diesel GENESAL ENERGY sont fabriqu\u00e9s selon les r\u00e9glementations les plus exigeantes et sont assembl\u00e9s avec des moteurs et des alternateurs de la plus haute qualit\u00e9, ce qui donne des g\u00e9n\u00e9rateurs silencieux, \u00e0 faible consommation et 100 % fiables.<\/p>\n<\/div><\/section><\/div><\/div><\/div><\/main><!-- close content main element --><\/div><\/div><div id='after_section_1'  class='main_color av_default_container_wrap container_wrap sidebar_right'  ><div class='container av-section-cont-open' ><div class='template-page content  av-content-small alpha units'><div class='post-entry post-entry-type-page post-entry-34860'><div class='entry-content-wrapper clearfix'>\n","protected":false},"excerpt":{"rendered":"","protected":false},"author":1,"featured_media":0,"parent":0,"menu_order":0,"comment_status":"open","ping_status":"open","template":"","meta":{"_acf_changed":false,"footnotes":""},"class_list":["post-34860","page","type-page","status-publish","hentry"],"acf":[],"_links":{"self":[{"href":"https:\/\/genesalenergy.com\/fr\/wp-json\/wp\/v2\/pages\/34860","targetHints":{"allow":["GET"]}}],"collection":[{"href":"https:\/\/genesalenergy.com\/fr\/wp-json\/wp\/v2\/pages"}],"about":[{"href":"https:\/\/genesalenergy.com\/fr\/wp-json\/wp\/v2\/types\/page"}],"author":[{"embeddable":true,"href":"https:\/\/genesalenergy.com\/fr\/wp-json\/wp\/v2\/users\/1"}],"replies":[{"embeddable":true,"href":"https:\/\/genesalenergy.com\/fr\/wp-json\/wp\/v2\/comments?post=34860"}],"version-history":[{"count":0,"href":"https:\/\/genesalenergy.com\/fr\/wp-json\/wp\/v2\/pages\/34860\/revisions"}],"wp:attachment":[{"href":"https:\/\/genesalenergy.com\/fr\/wp-json\/wp\/v2\/media?parent=34860"}],"curies":[{"name":"wp","href":"https:\/\/api.w.org\/{rel}","templated":true}]}}