{"id":34856,"date":"2018-04-10T15:26:47","date_gmt":"2018-04-10T15:26:47","guid":{"rendered":"http:\/\/master.genesalenergy.com\/fr\/genesal-energy-landing-sat-sem\/"},"modified":"2020-03-27T15:12:19","modified_gmt":"2020-03-27T15:12:19","slug":"genesal-energy-landing-sat","status":"publish","type":"page","link":"https:\/\/genesalenergy.com\/fr\/genesal-energy-landing-sat\/","title":{"rendered":"Genesal Energy Landing SAT (SEM)"},"content":{"rendered":"<div id='av-layout-grid-1'  class='av-layout-grid-container av-10767hy-089f7266cd8fe3d6d1693bd8c21b2214 entry-content-wrapper main_color av-flex-cells  avia-builder-el-0  avia-builder-el-no-sibling  av-cell-min-height av-cell-min-height-75  container_wrap sidebar_right'   data-av_minimum_height_pc='75'>\n\n<style type=\"text\/css\" data-created_by=\"avia_inline_auto\" id=\"style-css-av-kd7y3a-7b2c360e2bd7d57fa13bc27d5af4dfff\">\n.flex_cell.av-kd7y3a-7b2c360e2bd7d57fa13bc27d5af4dfff{\nvertical-align:top;\n}\n.responsive #top #wrap_all .flex_cell.av-kd7y3a-7b2c360e2bd7d57fa13bc27d5af4dfff{\npadding:0 5% 0 5% !important;\n}\n<\/style>\n<div class='flex_cell av-kd7y3a-7b2c360e2bd7d57fa13bc27d5af4dfff av-gridrow-cell av_one_half no_margin  avia-builder-el-1  el_before_av_cell_one_half  avia-builder-el-first  landing-grupos-estandar-form-new content-align-top'  ><div class='flex_cell_inner'>\n<style type=\"text\/css\" data-created_by=\"avia_inline_auto\" id=\"style-css-av-1ci4pkm-8c0baace1ed4332d74fb5a33bd27eb53\">\n.flex_column.av-1ci4pkm-8c0baace1ed4332d74fb5a33bd27eb53{\nborder-radius:0px 0px 0px 0px;\npadding:0px 0px 0px 0px;\n}\n<\/style>\n<div  class='flex_column av-1ci4pkm-8c0baace1ed4332d74fb5a33bd27eb53 av_one_full  avia-builder-el-2  avia-builder-el-no-sibling  first flex_column_div av-zero-column-padding  '     ><p>\n<style type=\"text\/css\" data-created_by=\"avia_inline_auto\" id=\"style-css-av-jtjx2h5m-2e3926d1b01643a6f19ce423f8df98bd\">\n#top .av_textblock_section.av-jtjx2h5m-2e3926d1b01643a6f19ce423f8df98bd .avia_textblock{\nfont-size:22px;\ncolor:#ffffff;\n}\n<\/style>\n<section  class='av_textblock_section av-jtjx2h5m-2e3926d1b01643a6f19ce423f8df98bd '   itemscope=\"itemscope\" itemtype=\"https:\/\/schema.org\/CreativeWork\" ><div class='avia_textblock av_inherit_color'  itemprop=\"text\" ><p><a href=\"https:\/\/genesalenergy.com\/\" target=\"_blank\" rel=\"noopener noreferrer\"><img loading=\"lazy\" decoding=\"async\" class=\"alignnone wp-image-29360\" src=\"https:\/\/genesalenergy.com\/fr\/wp-content\/uploads\/sites\/4\/2020\/03\/genesal-energy-logo-new.png\" alt=\"\" width=\"231\" height=\"104\" \/><\/a><\/p>\n<h1>Servicio de atenci\u00f3n al cliente<\/h1>\n<h2 style=\"font-size: 3vw !important;\">\u00bfTienes alguna consulta t\u00e9cnica?\u00bfNecesitas un presupuesto de mantenimiento?<\/h2>\n<p><strong>Contacta con nosotros rellenando el formulario*.<\/strong><\/p>\n<\/div><\/section><br \/>\n\n<style type=\"text\/css\" data-created_by=\"avia_inline_auto\" id=\"style-css-av-1rbin1j-26a9b63964867ab98678882f167bdef8\">\n#top .av_textblock_section.av-1rbin1j-26a9b63964867ab98678882f167bdef8 .avia_textblock{\nfont-size:15px;\ncolor:#ffffff;\n}\n<\/style>\n<section  class='av_textblock_section av-1rbin1j-26a9b63964867ab98678882f167bdef8 '   itemscope=\"itemscope\" itemtype=\"https:\/\/schema.org\/CreativeWork\" ><div class='avia_textblock av_inherit_color'  itemprop=\"text\" ><p style=\"color: #9c9c9c;\"><em>* Si la consulta es sobre un grupo electr\u00f3geno GENESAL ENERGY, antes de llamar por favor aseg\u00farate de conocer su n\u00famero de grupo. Lo puedes encontrar en la chapa negra que tiene cada grupo electr\u00f3geno con los datos t\u00e9cnicos.<\/em><\/p>\n<\/div><\/section><\/p><\/div>\n<\/div><\/div>\n<style type=\"text\/css\" data-created_by=\"avia_inline_auto\" id=\"style-css-av-kd7y3a-2644d26e14ba18563894e2f747779ea7\">\n.flex_cell.av-kd7y3a-2644d26e14ba18563894e2f747779ea7{\nvertical-align:middle;\nbackground-color:#ffffff;\n}\n.responsive #top #wrap_all .flex_cell.av-kd7y3a-2644d26e14ba18563894e2f747779ea7{\npadding:5% 2% 5% 2% !important;\n}\n<\/style>\n<div class='flex_cell av-kd7y3a-2644d26e14ba18563894e2f747779ea7 av-gridrow-cell av_one_half no_margin  avia-builder-el-5  el_after_av_cell_one_half  avia-builder-el-last  content-align-middle'  ><div class='flex_cell_inner'><div class='flex_column_table av-kttxva-de42b36c84f3a504e79af5b750eb5d75 sc-av_one_full av-equal-height-column-flextable'>\n<style type=\"text\/css\" data-created_by=\"avia_inline_auto\" id=\"style-css-av-kttxva-de42b36c84f3a504e79af5b750eb5d75\">\n.flex_column.av-kttxva-de42b36c84f3a504e79af5b750eb5d75{\nborder-radius:0px 0px 0px 0px;\npadding:0px 0px 0px 0px;\n}\n<\/style>\n<div  class='flex_column av-kttxva-de42b36c84f3a504e79af5b750eb5d75 av_one_full  avia-builder-el-6  avia-builder-el-no-sibling  sat-landing-form first flex_column_table_cell av-equal-height-column av-align-top av-zero-column-padding  '     ><p>\n<style type=\"text\/css\" data-created_by=\"avia_inline_auto\" id=\"style-css-av-k1lw8top-bf38d9cfb6c019a1de21c42671f63849\">\n#top .hr.hr-invisible.av-k1lw8top-bf38d9cfb6c019a1de21c42671f63849{\nheight:60px;\n}\n<\/style>\n<div  class='hr av-k1lw8top-bf38d9cfb6c019a1de21c42671f63849 hr-invisible  avia-builder-el-7  el_before_av_textblock  avia-builder-el-first '><span class='hr-inner '><span class=\"hr-inner-style\"><\/span><\/span><\/div><br \/>\n<section  class='av_textblock_section av-uh81yf-b41f8a8aed19702dc97b85e8fd27214b '   itemscope=\"itemscope\" itemtype=\"https:\/\/schema.org\/CreativeWork\" ><div class='avia_textblock av_inherit_color'  itemprop=\"text\" ><p>[contact-form-7 id=&#8221;14534&#8243;]<\/p>\n<\/div><\/section><\/p><\/div><\/div><!--close column table wrapper. Autoclose: 1 -->\n<\/div><\/div><\/div>\n","protected":false},"excerpt":{"rendered":"","protected":false},"author":1,"featured_media":0,"parent":0,"menu_order":0,"comment_status":"open","ping_status":"open","template":"","meta":{"_acf_changed":false,"footnotes":""},"class_list":["post-34856","page","type-page","status-publish","hentry"],"acf":[],"_links":{"self":[{"href":"https:\/\/genesalenergy.com\/fr\/wp-json\/wp\/v2\/pages\/34856","targetHints":{"allow":["GET"]}}],"collection":[{"href":"https:\/\/genesalenergy.com\/fr\/wp-json\/wp\/v2\/pages"}],"about":[{"href":"https:\/\/genesalenergy.com\/fr\/wp-json\/wp\/v2\/types\/page"}],"author":[{"embeddable":true,"href":"https:\/\/genesalenergy.com\/fr\/wp-json\/wp\/v2\/users\/1"}],"replies":[{"embeddable":true,"href":"https:\/\/genesalenergy.com\/fr\/wp-json\/wp\/v2\/comments?post=34856"}],"version-history":[{"count":0,"href":"https:\/\/genesalenergy.com\/fr\/wp-json\/wp\/v2\/pages\/34856\/revisions"}],"wp:attachment":[{"href":"https:\/\/genesalenergy.com\/fr\/wp-json\/wp\/v2\/media?parent=34856"}],"curies":[{"name":"wp","href":"https:\/\/api.w.org\/{rel}","templated":true}]}}