{"id":34853,"date":"2018-09-27T10:04:12","date_gmt":"2018-09-27T10:04:12","guid":{"rendered":"http:\/\/master.genesalenergy.com\/fr\/campana-espana-estandar\/"},"modified":"2020-03-27T15:05:15","modified_gmt":"2020-03-27T15:05:15","slug":"campana-espana-estandar","status":"publish","type":"page","link":"https:\/\/genesalenergy.com\/fr\/campana-espana-estandar\/","title":{"rendered":"Campa\u00f1a Espa\u00f1a Est\u00e1ndar"},"content":{"rendered":"<div id='av-layout-grid-1'  class='av-layout-grid-container av-jmiuxqw1-d86acd798176c0a840ea06d056c8ef38 entry-content-wrapper main_color av-flex-cells av-break-at-tablet  avia-builder-el-0  el_before_av_layout_row  avia-builder-el-first  campana-espana-sat campana-espana-estandar  container_wrap sidebar_right'  >\n\n<style type=\"text\/css\" data-created_by=\"avia_inline_auto\" id=\"style-css-av-jmiuxdr0-dfecf1f2bda882aa989522e3006ca679\">\n.flex_cell.av-jmiuxdr0-dfecf1f2bda882aa989522e3006ca679{\nvertical-align:top;\n}\n.responsive #top #wrap_all .flex_cell.av-jmiuxdr0-dfecf1f2bda882aa989522e3006ca679{\npadding:0px 0px 0px 0px !important;\n}\n<\/style>\n<div class='flex_cell av-jmiuxdr0-dfecf1f2bda882aa989522e3006ca679 av-gridrow-cell av_one_fifth no_margin av-hide-on-mobile  avia-builder-el-1  el_before_av_cell_two_fifth  avia-builder-el-first  no-marg-cell no-resp-cell content-align-top av-zero-padding avia-full-contain'  ><div class='flex_cell_inner'><\/div><\/div>\n<style type=\"text\/css\" data-created_by=\"avia_inline_auto\" id=\"style-css-av-rb3g64-0d63950e2aca4bf8026c7e9a370950fc\">\n.flex_cell.av-rb3g64-0d63950e2aca4bf8026c7e9a370950fc{\nvertical-align:middle;\n}\n.responsive #top #wrap_all .flex_cell.av-rb3g64-0d63950e2aca4bf8026c7e9a370950fc{\npadding:40px 0 0 0 !important;\n}\n<\/style>\n<div class='flex_cell av-rb3g64-0d63950e2aca4bf8026c7e9a370950fc av-gridrow-cell av_two_fifth no_margin  avia-builder-el-2  el_after_av_cell_one_fifth  el_before_av_cell_two_fifth  multiply no-marg-cell content-align-middle avia-full-stretch'  ><div class='flex_cell_inner'><p>\n<style type=\"text\/css\" data-created_by=\"avia_inline_auto\" id=\"style-css-av-jmj1wufj-7e67f3e7821f99a16fa6d31be10c22e0\">\n.avia-image-container.av-jmj1wufj-7e67f3e7821f99a16fa6d31be10c22e0 img.avia_image{\nbox-shadow:none;\n}\n.avia-image-container.av-jmj1wufj-7e67f3e7821f99a16fa6d31be10c22e0 .av-image-caption-overlay-center{\ncolor:#ffffff;\n}\n<\/style>\n<div  class='avia-image-container av-jmj1wufj-7e67f3e7821f99a16fa6d31be10c22e0 av-styling-no-styling av-img-linked avia-align-left  avia-builder-el-3  el_before_av_textblock  avia-builder-el-first '   itemprop=\"image\" itemscope=\"itemscope\" itemtype=\"https:\/\/schema.org\/ImageObject\" ><div class=\"avia-image-container-inner\"><div class=\"avia-image-overlay-wrap\"><img decoding=\"async\" fetchpriority=\"high\" class='wp-image-35047 avia-img-lazy-loading-not-35047 avia_image ' src=\"https:\/\/genesalenergy.com\/fr\/wp-content\/uploads\/sites\/4\/2020\/03\/genesal-energy-logo-300x135-2.png\" alt='' title='genesal-energy-logo-300x135'  height=\"135\" width=\"300\"  itemprop=\"thumbnailUrl\"  \/><\/div><\/div><\/div><br \/>\n\n<style type=\"text\/css\" data-created_by=\"avia_inline_auto\" id=\"style-css-av-jmiv9hr7-5f6892c82d2bc23b169046a58d58311f\">\n#top .av_textblock_section.av-jmiv9hr7-5f6892c82d2bc23b169046a58d58311f .avia_textblock{\ncolor:#ffffff;\n}\n<\/style>\n<section  class='av_textblock_section av-jmiv9hr7-5f6892c82d2bc23b169046a58d58311f '   itemscope=\"itemscope\" itemtype=\"https:\/\/schema.org\/CreativeWork\" ><div class='avia_textblock campana-espana-texto av_inherit_color'  itemprop=\"text\" ><h2>Por quienes<br \/>\nlo dan todo,<br \/>\ndamos ma\u0301s<\/h2>\n<h3>A quienes lo dan todo, no podemos fallarles.<\/h3>\n<h3><strong>Por eso somos los primeros en exigirnos al ma\u0301ximo<\/strong>. Una prueba de lo que decimos: antes de que salgan de fa\u0301brica, <strong>sometemos a nuestros grupos electro\u0301genos a un ensayo final en el banco de carga al 110% de potencia<\/strong>.<\/h3>\n<h3>Asi\u0301 nos aseguramos que van a rendir siempre como tienen que hacerlo.<\/h3>\n<h4>Nuestro est\u00e1ndar es el 110%<\/h4>\n<\/div><\/section><br \/>\n\n<style type=\"text\/css\" data-created_by=\"avia_inline_auto\" id=\"style-css-av-jmiv9hr7-5f6892c82d2bc23b169046a58d58311f\">\n#top .av_textblock_section.av-jmiv9hr7-5f6892c82d2bc23b169046a58d58311f .avia_textblock{\ncolor:#ffffff;\n}\n<\/style>\n<section  class='av_textblock_section av-jmiv9hr7-5f6892c82d2bc23b169046a58d58311f '   itemscope=\"itemscope\" itemtype=\"https:\/\/schema.org\/CreativeWork\" ><div class='avia_textblock campana-espana-texto av_inherit_color'  itemprop=\"text\" ><h3><strong>\u00bfQuieres m\u00e1s informaci\u00f3n?<\/strong><br \/>\nRellena este formulario y nos pondremos en contacto contigo.<\/h3>\n<\/div><\/section><br \/>\n\n<style type=\"text\/css\" data-created_by=\"avia_inline_auto\" id=\"style-css-av-jmj30jkq-deb6e68423e1ffaec454c75283da27f4\">\n#top .av_textblock_section.av-jmj30jkq-deb6e68423e1ffaec454c75283da27f4 .avia_textblock{\ncolor:#ffffff;\n}\n<\/style>\n<section  class='av_textblock_section av-jmj30jkq-deb6e68423e1ffaec454c75283da27f4 '   itemscope=\"itemscope\" itemtype=\"https:\/\/schema.org\/CreativeWork\" ><div class='avia_textblock av_inherit_color'  itemprop=\"text\" ><p>[contact-form-7 id=&#8221;23574&#8243; title=&#8221;Campa\u00f1a Espa\u00f1a&#8221;]<\/p>\n<\/div><\/section><br \/>\n\n<style type=\"text\/css\" data-created_by=\"avia_inline_auto\" id=\"style-css-av-jmltmjvo-2f6325fead33e9a1e8f8f9dceb80a0f0\">\n.avia-image-container.av-jmltmjvo-2f6325fead33e9a1e8f8f9dceb80a0f0 img.avia_image{\nbox-shadow:none;\n}\n.avia-image-container.av-jmltmjvo-2f6325fead33e9a1e8f8f9dceb80a0f0 .av-image-caption-overlay-center{\ncolor:#ffffff;\n}\n<\/style>\n<div  class='avia-image-container av-jmltmjvo-2f6325fead33e9a1e8f8f9dceb80a0f0 av-styling-no-styling avia-align-right  avia-builder-el-7  el_after_av_textblock  avia-builder-el-last  imagenes-campana'   itemprop=\"image\" itemscope=\"itemscope\" itemtype=\"https:\/\/schema.org\/ImageObject\" ><div class=\"avia-image-container-inner\"><div class=\"avia-image-overlay-wrap\"><img decoding=\"async\" fetchpriority=\"high\" class='wp-image-35048 avia-img-lazy-loading-not-35048 avia_image ' src=\"https:\/\/genesalenergy.com\/fr\/wp-content\/uploads\/sites\/4\/2020\/03\/grupos-estandar-300x200-1.png\" alt='' title='grupos-estandar-300x200'  height=\"200\" width=\"300\"  itemprop=\"thumbnailUrl\"  \/><\/div><\/div><\/div><\/p>\n<\/div><\/div>\n<style type=\"text\/css\" data-created_by=\"avia_inline_auto\" id=\"style-css-av-kj1vb0-99173ac09fffa3534164c8234e72f76a\">\n.flex_cell.av-kj1vb0-99173ac09fffa3534164c8234e72f76a{\nvertical-align:top;\n}\n.responsive #top #wrap_all .flex_cell.av-kj1vb0-99173ac09fffa3534164c8234e72f76a{\npadding:30px 30px 30px 30px !important;\n}\n<\/style>\n<div class='flex_cell av-kj1vb0-99173ac09fffa3534164c8234e72f76a av-gridrow-cell av_two_fifth no_margin  avia-builder-el-8  el_after_av_cell_two_fifth  avia-builder-el-last  no-marg-cell no-resp-cell content-align-top'  ><div class='flex_cell_inner'><\/div><\/div><\/div><div id='av-layout-grid-2'  class='av-layout-grid-container av-jmiuxqw1-d73a0ab4fc63840f3098f8a84d454255 entry-content-wrapper main_color av-flex-cells av-break-at-tablet  avia-builder-el-9  el_after_av_layout_row  el_before_av_layout_row  campana-espana-sat grid-row-not-first  container_wrap sidebar_right'  >\n\n<style type=\"text\/css\" data-created_by=\"avia_inline_auto\" id=\"style-css-av-jmiuxdr0-fb430a7ee9b8f8e88d94a89c94f94d13\">\n.flex_cell.av-jmiuxdr0-fb430a7ee9b8f8e88d94a89c94f94d13{\nvertical-align:top;\nbackground-color:#000000;\n}\n.responsive #top #wrap_all .flex_cell.av-jmiuxdr0-fb430a7ee9b8f8e88d94a89c94f94d13{\npadding:0px 0px 0px 0px !important;\n}\n<\/style>\n<div class='flex_cell av-jmiuxdr0-fb430a7ee9b8f8e88d94a89c94f94d13 av-gridrow-cell av_one_fifth no_margin  avia-builder-el-10  el_before_av_cell_two_fifth  avia-builder-el-first  no-marg-cell no-resp-cell content-align-top av-zero-padding avia-full-contain'  ><div class='flex_cell_inner'><\/div><\/div>\n<style type=\"text\/css\" data-created_by=\"avia_inline_auto\" id=\"style-css-av-rb3g64-86f66c8eee87440f3a310dfe4fb0038e\">\n.flex_cell.av-rb3g64-86f66c8eee87440f3a310dfe4fb0038e{\nvertical-align:top;\nbackground-color:#000000;\n}\n.responsive #top #wrap_all .flex_cell.av-rb3g64-86f66c8eee87440f3a310dfe4fb0038e{\npadding:0 40px 0 40px !important;\n}\n<\/style>\n<div class='flex_cell av-rb3g64-86f66c8eee87440f3a310dfe4fb0038e av-gridrow-cell av_two_fifth no_margin  avia-builder-el-11  el_after_av_cell_one_fifth  el_before_av_cell_two_fifth  no-marg-cell content-align-top avia-full-stretch'  ><div class='flex_cell_inner'>\n<style type=\"text\/css\" data-created_by=\"avia_inline_auto\" id=\"style-css-av-jmiv9hr7-31813ea8dd0b580eb40eb864e36eecb2\">\n#top .av_textblock_section.av-jmiv9hr7-31813ea8dd0b580eb40eb864e36eecb2 .avia_textblock{\nfont-size:20px;\ncolor:#ffffff;\n}\n<\/style>\n<section  class='av_textblock_section av-jmiv9hr7-31813ea8dd0b580eb40eb864e36eecb2 '   itemscope=\"itemscope\" itemtype=\"https:\/\/schema.org\/CreativeWork\" ><div class='avia_textblock no-marg-cell-text av_inherit_color'  itemprop=\"text\" ><div class=\"page\" title=\"Page 1\">\n<div class=\"section\">\n<div class=\"layoutArea\">\n<div class=\"column\">\n<p>Grupos electr\u00f3genos est\u00e1ndar<\/p>\n<\/div>\n<\/div>\n<\/div>\n<\/div>\n<\/div><\/section>\n<\/div><\/div>\n<style type=\"text\/css\" data-created_by=\"avia_inline_auto\" id=\"style-css-av-kj1vb0-36a960918c903eb85ffeffa0105052a6\">\n.flex_cell.av-kj1vb0-36a960918c903eb85ffeffa0105052a6{\nvertical-align:top;\nbackground-color:#000000;\n}\n.responsive #top #wrap_all .flex_cell.av-kj1vb0-36a960918c903eb85ffeffa0105052a6{\npadding:0px 0px 0px 0px !important;\n}\n<\/style>\n<div class='flex_cell av-kj1vb0-36a960918c903eb85ffeffa0105052a6 av-gridrow-cell av_two_fifth no_margin  avia-builder-el-13  el_after_av_cell_two_fifth  avia-builder-el-last  no-resp-cell no-marg-cell content-align-top av-zero-padding'  ><div class='flex_cell_inner'><\/div><\/div>\n<\/div>\n<div id='av-layout-grid-3'  class='av-layout-grid-container av-jmiuxqw1-061ad97cc4c50e9fcd72187fa4151609 entry-content-wrapper main_color av-flex-cells av-break-at-tablet  avia-builder-el-14  el_after_av_layout_row  avia-builder-el-last  campana-espana-sat-footer grid-row-not-first  container_wrap sidebar_right'  >\n\n<style type=\"text\/css\" data-created_by=\"avia_inline_auto\" id=\"style-css-av-jmiuxdr0-a0516bcac02a6d99dee3fb25806af6dd\">\n.flex_cell.av-jmiuxdr0-a0516bcac02a6d99dee3fb25806af6dd{\nvertical-align:middle;\n}\n.responsive #top #wrap_all .flex_cell.av-jmiuxdr0-a0516bcac02a6d99dee3fb25806af6dd{\npadding:30px 30px 30px 30px !important;\n}\n<\/style>\n<div class='flex_cell av-jmiuxdr0-a0516bcac02a6d99dee3fb25806af6dd av-gridrow-cell av_one_fifth no_margin  avia-builder-el-15  el_before_av_cell_one_fifth  avia-builder-el-first  no-marg-cell no-resp-cell content-align-middle avia-full-contain'  ><div class='flex_cell_inner'><\/div><\/div>\n<style type=\"text\/css\" data-created_by=\"avia_inline_auto\" id=\"style-css-av-jmiuxdr0-bde5ef7e2a93ebbe4091aaa8d7e39158\">\n.flex_cell.av-jmiuxdr0-bde5ef7e2a93ebbe4091aaa8d7e39158{\nvertical-align:middle;\n}\n.responsive #top #wrap_all .flex_cell.av-jmiuxdr0-bde5ef7e2a93ebbe4091aaa8d7e39158{\npadding:10px 30px 10px 40px !important;\n}\n<\/style>\n<div class='flex_cell av-jmiuxdr0-bde5ef7e2a93ebbe4091aaa8d7e39158 av-gridrow-cell av_one_fifth no_margin  avia-builder-el-16  el_after_av_cell_one_fifth  el_before_av_cell_three_fifth  no-marg-cell ciento-cell content-align-middle avia-full-contain'  ><div class='flex_cell_inner'>\n<style type=\"text\/css\" data-created_by=\"avia_inline_auto\" id=\"style-css-av-jmiv9hr7-37abf85e6849400788a463b476d4f23b\">\n#top .av_textblock_section.av-jmiv9hr7-37abf85e6849400788a463b476d4f23b .avia_textblock{\nfont-size:19px;\ncolor:#ffffff;\n}\n<\/style>\n<section  class='av_textblock_section av-jmiv9hr7-37abf85e6849400788a463b476d4f23b '   itemscope=\"itemscope\" itemtype=\"https:\/\/schema.org\/CreativeWork\" ><div class='avia_textblock cientodiez av_inherit_color'  itemprop=\"text\" ><div class=\"page\" title=\"Page 1\">\n<div class=\"section\">\n<div class=\"layoutArea\">\n<div class=\"column\">\n<p style=\"text-align: right;\">110%<\/p>\n<\/div>\n<\/div>\n<\/div>\n<\/div>\n<\/div><\/section>\n<\/div><\/div>\n<style type=\"text\/css\" data-created_by=\"avia_inline_auto\" id=\"style-css-av-1bw5ou4-e18ab09a4aa026928f5b38c244af35aa\">\n.flex_cell.av-1bw5ou4-e18ab09a4aa026928f5b38c244af35aa{\nvertical-align:middle;\n}\n.responsive #top #wrap_all .flex_cell.av-1bw5ou4-e18ab09a4aa026928f5b38c244af35aa{\npadding:10px 10px 10px 40px !important;\n}\n<\/style>\n<div class='flex_cell av-1bw5ou4-e18ab09a4aa026928f5b38c244af35aa av-gridrow-cell av_three_fifth no_margin  avia-builder-el-18  el_after_av_cell_one_fifth  avia-builder-el-last  no-marg-cell ciento-cell content-align-middle'  ><div class='flex_cell_inner'>\n<style type=\"text\/css\" data-created_by=\"avia_inline_auto\" id=\"style-css-av-jmj2opu5-f1baf7ba47ade9ed033c44111f8f2232\">\n#top .avia-icon-list-container.av-jmj2opu5-f1baf7ba47ade9ed033c44111f8f2232 .iconlist_icon{\ncolor:#ffffff;\nbackground-color:transparent;\nborder:1px solid transparent;\nfont-size:18px;\n}\n#top .avia-icon-list-container.av-jmj2opu5-f1baf7ba47ade9ed033c44111f8f2232 .iconlist_icon svg:first-child{\nstroke:#ffffff;\nfill:#ffffff;\nheight:18px;\nwidth:18px;\n}\n#top #wrap_all .avia-icon-list-container.av-jmj2opu5-f1baf7ba47ade9ed033c44111f8f2232 .av_iconlist_title{\nfont-size:18px;\ncolor:#ffffff;\n}\n.avia-icon-list-container.av-jmj2opu5-f1baf7ba47ade9ed033c44111f8f2232 .iconlist_content{\ncolor:#ffffff;\n}\n<\/style>\n<div  class='avia-icon-list-container av-jmj2opu5-f1baf7ba47ade9ed033c44111f8f2232  avia-builder-el-19  avia-builder-el-no-sibling '><ul class='avia-icon-list avia_animate_when_almost_visible avia-icon-list-left av-iconlist-small av-jmj2opu5-f1baf7ba47ade9ed033c44111f8f2232 avia-iconlist-animate'>\n<li><div class='iconlist_icon av-1onwm9l-d2234ab6952c61ddb41fd55672797798 avia-font-entypo-fontello avia-iconfont avia-font-entypo-fontello'><span class='av-icon-char' data-av_icon='\ue812' data-av_iconfont='entypo-fontello' aria-hidden=\"true\"><\/span><\/div><article class=\"article-icon-entry av-iconlist-empty\"  itemscope=\"itemscope\" itemtype=\"https:\/\/schema.org\/CreativeWork\" ><div class=\"iconlist_content_wrap\"><header class=\"entry-content-header\" aria-label=\"Ic\u00f4ne : Tranquilidad\"><div class='av_iconlist_title iconlist_title_small  av_inherit_color'  itemprop=\"headline\" >Tranquilidad<\/div><\/header><div class='iconlist_content av_inherit_color'  itemprop=\"text\" ><\/div><\/div><footer class=\"entry-footer\"><\/footer><\/article><div class=\"iconlist-timeline\"><\/div><\/li>\n<li><div class='iconlist_icon av-18qi1jt-874b0fcd158f940ebbbceaefc4df49ec avia-font-entypo-fontello avia-iconfont avia-font-entypo-fontello'><span class='av-icon-char' data-av_icon='\ue812' data-av_iconfont='entypo-fontello' aria-hidden=\"true\"><\/span><\/div><article class=\"article-icon-entry av-iconlist-empty\"  itemscope=\"itemscope\" itemtype=\"https:\/\/schema.org\/CreativeWork\" ><div class=\"iconlist_content_wrap\"><header class=\"entry-content-header\" aria-label=\"Ic\u00f4ne : Funcionalidad\"><div class='av_iconlist_title iconlist_title_small  av_inherit_color'  itemprop=\"headline\" >Funcionalidad<\/div><\/header><div class='iconlist_content av_inherit_color'  itemprop=\"text\" ><\/div><\/div><footer class=\"entry-footer\"><\/footer><\/article><div class=\"iconlist-timeline\"><\/div><\/li>\n<li><div class='iconlist_icon av-tjajg9-7d29d1e949082b3aea8e2cbc846d7453 avia-font-entypo-fontello avia-iconfont avia-font-entypo-fontello'><span class='av-icon-char' data-av_icon='\ue812' data-av_iconfont='entypo-fontello' aria-hidden=\"true\"><\/span><\/div><article class=\"article-icon-entry av-iconlist-empty\"  itemscope=\"itemscope\" itemtype=\"https:\/\/schema.org\/CreativeWork\" ><div class=\"iconlist_content_wrap\"><header class=\"entry-content-header\" aria-label=\"Ic\u00f4ne : Fiabilidad\"><div class='av_iconlist_title iconlist_title_small  av_inherit_color'  itemprop=\"headline\" >Fiabilidad<\/div><\/header><div class='iconlist_content av_inherit_color'  itemprop=\"text\" ><\/div><\/div><footer class=\"entry-footer\"><\/footer><\/article><div class=\"iconlist-timeline\"><\/div><\/li>\n<\/ul><\/div>\n<\/div><\/div>\n<\/div>\n","protected":false},"excerpt":{"rendered":"","protected":false},"author":1,"featured_media":0,"parent":0,"menu_order":0,"comment_status":"open","ping_status":"open","template":"","meta":{"_acf_changed":false,"footnotes":""},"class_list":["post-34853","page","type-page","status-publish","hentry"],"acf":[],"_links":{"self":[{"href":"https:\/\/genesalenergy.com\/fr\/wp-json\/wp\/v2\/pages\/34853","targetHints":{"allow":["GET"]}}],"collection":[{"href":"https:\/\/genesalenergy.com\/fr\/wp-json\/wp\/v2\/pages"}],"about":[{"href":"https:\/\/genesalenergy.com\/fr\/wp-json\/wp\/v2\/types\/page"}],"author":[{"embeddable":true,"href":"https:\/\/genesalenergy.com\/fr\/wp-json\/wp\/v2\/users\/1"}],"replies":[{"embeddable":true,"href":"https:\/\/genesalenergy.com\/fr\/wp-json\/wp\/v2\/comments?post=34853"}],"version-history":[{"count":0,"href":"https:\/\/genesalenergy.com\/fr\/wp-json\/wp\/v2\/pages\/34853\/revisions"}],"wp:attachment":[{"href":"https:\/\/genesalenergy.com\/fr\/wp-json\/wp\/v2\/media?parent=34853"}],"curies":[{"name":"wp","href":"https:\/\/api.w.org\/{rel}","templated":true}]}}