{"id":34849,"date":"2018-10-24T08:44:56","date_gmt":"2018-10-24T08:44:56","guid":{"rendered":"http:\/\/master.genesalenergy.com\/fr\/landing-marca\/"},"modified":"2020-03-27T15:24:41","modified_gmt":"2020-03-27T15:24:41","slug":"landing-marca","status":"publish","type":"page","link":"https:\/\/genesalenergy.com\/fr\/landing-marca\/","title":{"rendered":"Landing Marca"},"content":{"rendered":"<div id='av_section_1'  class='avia-section av-13revkm-fdd18e2ad2d4fcf12f08192ee83c9726 main_color avia-section-large avia-no-border-styling  avia-builder-el-0  el_before_av_section  avia-builder-el-first  avia-bg-style-scroll container_wrap sidebar_right'  ><div class='container av-section-cont-open' ><main  role=\"main\" itemprop=\"mainContentOfPage\"  class='template-page content  av-content-small alpha units'><div class='post-entry post-entry-type-page post-entry-34849'><div class='entry-content-wrapper clearfix'>\n\n<style type=\"text\/css\" data-created_by=\"avia_inline_auto\" id=\"style-css-av-jifqhi-698ccbd91deee343329f8b743849e1d5\">\n.flex_column.av-jifqhi-698ccbd91deee343329f8b743849e1d5{\nborder-radius:0px 0px 0px 0px;\npadding:0px 0px 0px 0px;\n}\n<\/style>\n<div  class='flex_column av-jifqhi-698ccbd91deee343329f8b743849e1d5 av_one_full  avia-builder-el-1  el_before_av_hr  avia-builder-el-first  first flex_column_div av-zero-column-padding  '     ><section  class='av_textblock_section av-jnbmdnjv-58d4a73495a0756960bf178aa28f2274 '   itemscope=\"itemscope\" itemtype=\"https:\/\/schema.org\/CreativeWork\" ><div class='avia_textblock'  itemprop=\"text\" ><h2 style=\"text-align: center; max-width: 800px; margin: 0 auto 10px; text-transform: none !important; line-height: 1.15 !important;\"><span class=\"bold\" style=\"font-size: 46px; text-transform: none !important;\">Bienvenido a Genesal Energy.<\/span><br \/>\n<span style=\"font-size: 32px; text-transform: none !important; font-weight: 300;\">Rellena este formulario o ll\u00e1manos gratuitamente al<br \/>\n<strong><span style=\"color: #b8002d; font-size: 1.6em;\">+34 900 730 124<\/span><\/strong><br \/>\ny nos pondremos en contacto contigo.<\/span><\/h2>\n<\/div><\/section><\/div>\n<style type=\"text\/css\" data-created_by=\"avia_inline_auto\" id=\"style-css-av-jnbmehom-7d2399dff7a5b5d569c9dd28e0b8edad\">\n#top .hr.hr-invisible.av-jnbmehom-7d2399dff7a5b5d569c9dd28e0b8edad{\nheight:20px;\n}\n<\/style>\n<div  class='hr av-jnbmehom-7d2399dff7a5b5d569c9dd28e0b8edad hr-invisible  avia-builder-el-3  el_after_av_one_full  el_before_av_textblock '><span class='hr-inner '><span class=\"hr-inner-style\"><\/span><\/span><\/div>\n<section  class='av_textblock_section av-k5qi9r7u-074efd3dfdebcf80ff722e20e6c7a170 '   itemscope=\"itemscope\" itemtype=\"https:\/\/schema.org\/CreativeWork\" ><div class='avia_textblock'  itemprop=\"text\" ><p><span style=\"font-size: 12px;\">*Campos obligatorios.<\/span><\/p>\n<\/div><\/section>\n<section  class='av_textblock_section av-jnbmdnjv-58d4a73495a0756960bf178aa28f2274 '   itemscope=\"itemscope\" itemtype=\"https:\/\/schema.org\/CreativeWork\" ><div class='avia_textblock'  itemprop=\"text\" ><p style=\"text-align: center;\">[contact-form-7 id=&#8221;24635&#8243; title=&#8221;Contacto Landing Octubre 2018&#8243;]<\/p>\n<\/div><\/section>\n<\/div><\/div><\/main><!-- close content main element --><\/div><\/div>\n<style type=\"text\/css\" data-created_by=\"avia_inline_auto\" id=\"style-css-av-jozincub-36cda8416182e5f9465f9c435745fd8d\">\n.avia-section.av-jozincub-36cda8416182e5f9465f9c435745fd8d{\nbackground-color:#fcfcfc;\nbackground-image:unset;\n}\n<\/style>\n<div id='titular-principal'  class='avia-section av-jozincub-36cda8416182e5f9465f9c435745fd8d main_color avia-section-default avia-no-border-styling  avia-builder-el-6  el_after_av_section  el_before_av_button_big  avia-bg-style-scroll container_wrap sidebar_right'  ><div class='container av-section-cont-open' ><div class='template-page content  av-content-small alpha units'><div class='post-entry post-entry-type-page post-entry-34849'><div class='entry-content-wrapper clearfix'>\n\n<style type=\"text\/css\" data-created_by=\"avia_inline_auto\" id=\"style-css-av-joziqrfy-2a74d711dacc46afc1ae284b8ce02dbd\">\n.flex_column.av-joziqrfy-2a74d711dacc46afc1ae284b8ce02dbd{\nborder-radius:0px 0px 0px 0px;\npadding:0px 0px 0px 0px;\n}\n<\/style>\n<div  class='flex_column av-joziqrfy-2a74d711dacc46afc1ae284b8ce02dbd av_one_full  avia-builder-el-7  avia-builder-el-no-sibling  first flex_column_div av-zero-column-padding  '     ><style type=\"text\/css\" data-created_by=\"avia_inline_auto\" id=\"style-css-av-jozio48f-1667d1bc0afe3ebbdc58dbc9b9e4a6c5\">\n#top .av_textblock_section.av-jozio48f-1667d1bc0afe3ebbdc58dbc9b9e4a6c5 .avia_textblock{\nfont-size:40px;\ncolor:#000000;\n}\n<\/style>\n<section  class='av_textblock_section av-jozio48f-1667d1bc0afe3ebbdc58dbc9b9e4a6c5 '   itemscope=\"itemscope\" itemtype=\"https:\/\/schema.org\/CreativeWork\" ><div class='avia_textblock av_inherit_color'  itemprop=\"text\" ><h2 class=\"titular\" style=\"text-align: center;\">Somos una empresa <strong><span style=\"color: #000000;\">fabricante de grupos electr\u00f3genos<\/span><\/strong>. Desde nuestras instalaciones, situadas en Bergondo, A Coru\u00f1a (Espa\u00f1a), exportamos nuestros productos a m\u00e1s de <span class=\"bold\">30 pa\u00edses de 5 continentes<\/span>.<\/h2>\n<\/div><\/section><\/div>\n\n<div  class='avia-button-wrap avia-button-center  avia-builder-el-9  el_after_av_section  avia-builder-el-last '>\n<style type=\"text\/css\" data-created_by=\"avia_inline_auto\" id=\"style-css-av-k35ot6c0-ec6f2f08a331908425deeccef809f4ca\">\n#top #wrap_all .avia-button.av-k35ot6c0-ec6f2f08a331908425deeccef809f4ca{\ncolor:#ffffff;\ntransition:all 0.4s ease-in-out;\n}\n#top #wrap_all .avia-button.av-k35ot6c0-ec6f2f08a331908425deeccef809f4ca:hover{\ncolor:#ffffff;\ntransition:all 0.4s ease-in-out;\n}\n#top #wrap_all .avia-button.av-k35ot6c0-ec6f2f08a331908425deeccef809f4ca .avia-svg-icon svg:first-child{\nfill:#ffffff;\nstroke:#ffffff;\n}\n#top #wrap_all .avia-button.av-k35ot6c0-ec6f2f08a331908425deeccef809f4ca:hover .avia-svg-icon svg:first-child{\nfill:#ffffff;\nstroke:#ffffff;\n}\n<\/style>\n<a href='https:\/\/genesalenergy.com\/fr\/wp-content\/uploads\/sites\/4\/2020\/03\/es-catalogo-producto-2018-1.pdf' class='avia-color-theme-color avia-button avia-button-fullwidth av-k35ot6c0-ec6f2f08a331908425deeccef809f4ca avia-icon_select-yes-left-icon avia-color-theme-color'  target=\"_blank\"  rel=\"noopener noreferrer\"  aria-label=\"DESCARGA EL CAT\u00c1LOGO &lt;strong&gt;PDF&lt;\/strong&gt;\"><span class='avia_button_icon avia_button_icon_left avia-iconfont avia-font-entypo-fontello' data-av_icon='\ue82d' data-av_iconfont='entypo-fontello' ><\/span><span class='avia_iconbox_title' >DESCARGA EL CAT\u00c1LOGO <strong>PDF<\/strong><\/span><span class='avia_button_background avia-button avia-button-fullwidth avia-color-theme-color'><\/span><\/a><\/div>\n","protected":false},"excerpt":{"rendered":"","protected":false},"author":1,"featured_media":0,"parent":0,"menu_order":0,"comment_status":"open","ping_status":"open","template":"","meta":{"_acf_changed":false,"footnotes":""},"class_list":["post-34849","page","type-page","status-publish","hentry"],"acf":[],"_links":{"self":[{"href":"https:\/\/genesalenergy.com\/fr\/wp-json\/wp\/v2\/pages\/34849","targetHints":{"allow":["GET"]}}],"collection":[{"href":"https:\/\/genesalenergy.com\/fr\/wp-json\/wp\/v2\/pages"}],"about":[{"href":"https:\/\/genesalenergy.com\/fr\/wp-json\/wp\/v2\/types\/page"}],"author":[{"embeddable":true,"href":"https:\/\/genesalenergy.com\/fr\/wp-json\/wp\/v2\/users\/1"}],"replies":[{"embeddable":true,"href":"https:\/\/genesalenergy.com\/fr\/wp-json\/wp\/v2\/comments?post=34849"}],"version-history":[{"count":0,"href":"https:\/\/genesalenergy.com\/fr\/wp-json\/wp\/v2\/pages\/34849\/revisions"}],"wp:attachment":[{"href":"https:\/\/genesalenergy.com\/fr\/wp-json\/wp\/v2\/media?parent=34849"}],"curies":[{"name":"wp","href":"https:\/\/api.w.org\/{rel}","templated":true}]}}