{"id":34820,"date":"2018-11-28T10:18:55","date_gmt":"2018-11-28T10:18:55","guid":{"rendered":"http:\/\/master.genesalenergy.com\/fr\/training-center\/"},"modified":"2020-03-27T15:56:31","modified_gmt":"2020-03-27T15:56:31","slug":"training-center","status":"publish","type":"page","link":"https:\/\/genesalenergy.com\/fr\/training-center\/","title":{"rendered":"Training Center"},"content":{"rendered":"\n<style type=\"text\/css\" data-created_by=\"avia_inline_auto\" id=\"style-css-av-1044qzi-065ad106139dbb5c02638cabfb5ab749\">\n.avia-section.av-1044qzi-065ad106139dbb5c02638cabfb5ab749{\nbackground-repeat:no-repeat;\nbackground-image:url(https:\/\/genesalenergy.com\/fr\/wp-content\/uploads\/sites\/4\/2020\/03\/CETED24171544-scaled.jpg);\nbackground-position:50% 0%;\nbackground-attachment:scroll;\n}\n<\/style>\n<div id='av_section_1'  class='avia-section av-1044qzi-065ad106139dbb5c02638cabfb5ab749 main_color avia-section-default avia-no-border-styling  avia-builder-el-0  el_before_av_section  avia-builder-el-first  avia-full-stretch avia-bg-style-scroll av-minimum-height av-minimum-height-custom av-height-custom  container_wrap sidebar_right'  data-section-bg-repeat='stretch' data-av_minimum_height_px='560'><div class='container av-section-cont-open' style='height:560px'><main  role=\"main\" itemprop=\"mainContentOfPage\"  class='template-page content  av-content-small alpha units'><div class='post-entry post-entry-type-page post-entry-34820'><div class='entry-content-wrapper clearfix'>\n<div  class='flex_column av-3efez2-d1ac7e56f6df2a4ffeb3055c17dc4f12 av_one_third  avia-builder-el-1  el_before_av_two_third  avia-builder-el-first  first no_margin flex_column_div  '     ><style type=\"text\/css\" data-created_by=\"avia_inline_auto\" id=\"style-css-av-wynj32-071376e03b6cb60be4a3fd93370e66fa\">\n#top .av_textblock_section.av-wynj32-071376e03b6cb60be4a3fd93370e66fa .avia_textblock{\ncolor:#ffffff;\n}\n<\/style>\n<section  class='av_textblock_section av-wynj32-071376e03b6cb60be4a3fd93370e66fa '   itemscope=\"itemscope\" itemtype=\"https:\/\/schema.org\/CreativeWork\" ><div class='avia_textblock shadow av_inherit_color'  itemprop=\"text\" ><h2 class=\"titulares-slide\">Training Center<\/h2>\n<\/div><\/section><\/div><div  class='flex_column av-30dl3i-7ccda969a0337f43ca73564f87bb8753 av_two_third  avia-builder-el-3  el_after_av_one_third  avia-builder-el-last  no_margin flex_column_div  '     ><\/div>\n\n<\/div><\/div><\/main><!-- close content main element --><\/div><\/div>\n<style type=\"text\/css\" data-created_by=\"avia_inline_auto\" id=\"style-css-av-2xbcy-86cb08afba8a1b420079e17b25308904\">\n.avia-section.av-2xbcy-86cb08afba8a1b420079e17b25308904 .av-parallax .av-parallax-inner{\nbackground-repeat:no-repeat;\nbackground-image:url(https:\/\/genesalenergy.com\/fr\/wp-content\/uploads\/sites\/4\/2020\/03\/banner-contacto-29.png);\nbackground-position:100% 100%;\nbackground-attachment:scroll;\n}\n<\/style>\n<div id='titular-principal'  class='avia-section av-2xbcy-86cb08afba8a1b420079e17b25308904 main_color avia-section-huge avia-no-border-styling  avia-builder-el-4  el_after_av_section  el_before_av_three_fourth  avia-full-stretch av-parallax-section avia-bg-style-parallax container_wrap sidebar_right'  data-section-bg-repeat='stretch'><div class='av-parallax' data-avia-parallax-ratio='0.3' ><div class='av-parallax-inner main_color avia-full-stretch'><\/div><\/div><div class='container av-section-cont-open' ><div class='template-page content  av-content-small alpha units'><div class='post-entry post-entry-type-page post-entry-34820'><div class='entry-content-wrapper clearfix'>\n\n<style type=\"text\/css\" data-created_by=\"avia_inline_auto\" id=\"style-css-av-2wcoc-b3268727ecf7930501d32fc4964d3556\">\n.flex_column.av-2wcoc-b3268727ecf7930501d32fc4964d3556{\nborder-radius:0px 0px 0px 0px;\npadding:0px 0px 0px 0px;\n}\n<\/style>\n<div  class='flex_column av-2wcoc-b3268727ecf7930501d32fc4964d3556 av_one_full  avia-builder-el-5  avia-builder-el-no-sibling  first flex_column_div av-animated-generic fade-in av-zero-column-padding  '     ><style type=\"text\/css\" data-created_by=\"avia_inline_auto\" id=\"style-css-av-a9nk-eca980316782b222a11069ca31e5c374\">\n#top .av_textblock_section.av-a9nk-eca980316782b222a11069ca31e5c374 .avia_textblock{\nfont-size:40px;\ncolor:#ffffff;\n}\n<\/style>\n<section  class='av_textblock_section av-a9nk-eca980316782b222a11069ca31e5c374 '   itemscope=\"itemscope\" itemtype=\"https:\/\/schema.org\/CreativeWork\" ><div class='avia_textblock av_inherit_color'  itemprop=\"text\" ><h1 class=\"titular\"><strong>Nuestro personal se encuentra siempre en permanente formaci\u00f3n<\/strong> ya que disponemos de un TRAINING CENTER en nuestras instalaciones.<\/h1>\n<\/div><\/section><\/div><\/div><\/div><\/div><!-- close content main div --><\/div><\/div><div id='after_section_2'  class='main_color av_default_container_wrap container_wrap sidebar_right'  ><div class='container av-section-cont-open' ><div class='template-page content  av-content-small alpha units'><div class='post-entry post-entry-type-page post-entry-34820'><div class='entry-content-wrapper clearfix'>\n<style type=\"text\/css\" data-created_by=\"avia_inline_auto\" id=\"style-css-av-jaef7v-f5a4970339a054f51d8287048419b317\">\n.flex_column.av-jaef7v-f5a4970339a054f51d8287048419b317{\nborder-radius:0px 0px 0px 0px;\npadding:0px 0px 0px 0px;\n}\n<\/style>\n<div  class='flex_column av-jaef7v-f5a4970339a054f51d8287048419b317 av_three_fourth  avia-builder-el-7  el_after_av_section  el_before_av_section  avia-builder-el-no-sibling  first flex_column_div av-zero-column-padding  '     ><section  class='av_textblock_section av-ynsoon-743962968dd38d333b19b777c31e02a2 '   itemscope=\"itemscope\" itemtype=\"https:\/\/schema.org\/CreativeWork\" ><div class='avia_textblock'  itemprop=\"text\" ><h2 class=\"titular-general\">Formaci\u00f3n<\/h2>\n<h3 class=\"general\">El CETED gestiona la formaci\u00f3n que brinda GENESAL ENERGY, tanto en su aula t\u00e9cnica, como en otras instalaciones, en las que nuestros profesionales <strong>comparten su conocimiento y experiencia en el \u00e1mbito de la energ\u00eda distribuida.<\/strong><\/h3>\n<p>Nuestro personal se encuentra siempre en <strong>constante formaci\u00f3n<\/strong> ya que en nuestras instalaciones disponemos de un aula destinada a la impartici\u00f3n de cursos de capacitaci\u00f3n t\u00e9cnica, tanto para t\u00e9cnicos propios como para t\u00e9cnicos de nuestros servicios oficiales y clientes que necesiten <strong>formaci\u00f3n en el mantenimiento y manejo del grupo electr\u00f3geno.<\/strong><\/p>\n<\/div><\/section><\/div>\n<\/div><\/div><\/div><!-- close content main div --><\/div><\/div>\n<style type=\"text\/css\" data-created_by=\"avia_inline_auto\" id=\"style-css-av-jukyp10t-9987d8a3d1a329f36d86c3485631a3e2\">\n.avia-section.av-jukyp10t-9987d8a3d1a329f36d86c3485631a3e2{\nbackground-color:#f3f3f3;\nbackground-image:unset;\n}\n<\/style>\n<div id='contacto'  class='avia-section av-jukyp10t-9987d8a3d1a329f36d86c3485631a3e2 main_color avia-section-large avia-no-border-styling  avia-builder-el-9  el_after_av_three_fourth  avia-builder-el-last  avia-bg-style-scroll container_wrap sidebar_right'  ><div class='container av-section-cont-open' ><div class='template-page content  av-content-small alpha units'><div class='post-entry post-entry-type-page post-entry-34820'><div class='entry-content-wrapper clearfix'>\n<div class='flex_column_table av-yvpyqj-8c328c6ccab03df85ded6877c0a2e35c sc-av_two_fifth av-equal-height-column-flextable'>\n<style type=\"text\/css\" data-created_by=\"avia_inline_auto\" id=\"style-css-av-yvpyqj-8c328c6ccab03df85ded6877c0a2e35c\">\n.flex_column.av-yvpyqj-8c328c6ccab03df85ded6877c0a2e35c{\nborder-radius:0px 0px 0px 0px;\npadding:0px 0px 0px 0px;\n}\n<\/style>\n<div  class='flex_column av-yvpyqj-8c328c6ccab03df85ded6877c0a2e35c av_two_fifth  avia-builder-el-10  el_before_av_three_fifth  avia-builder-el-first  first flex_column_table_cell av-equal-height-column av-align-top av-zero-column-padding  '     ><style type=\"text\/css\" data-created_by=\"avia_inline_auto\" id=\"style-css-av-jukxsfkx-0dca6efddc0b5ab9acb08e72693020a1\">\n#top .av_textblock_section.av-jukxsfkx-0dca6efddc0b5ab9acb08e72693020a1 .avia_textblock{\nfont-size:15px;\n}\n<\/style>\n<section  class='av_textblock_section av-jukxsfkx-0dca6efddc0b5ab9acb08e72693020a1 '   itemscope=\"itemscope\" itemtype=\"https:\/\/schema.org\/CreativeWork\" ><div class='avia_textblock abril-contact-info'  itemprop=\"text\" ><h2 class=\"abril-titular\">Contacto<\/h2>\n<p>CONTACTA CON NOSOTROS PARA OBTENER MA\u0301S INFORMACIO\u0301N O SOLICITAR UNA OFERTA DE PRODUCTO.<\/p>\n<p>Tele\u0301fono de atencio\u0301n al cliente:<br \/>\n<strong>+34 900 730 124<\/strong><\/p>\n<p>Mail de atencio\u0301n al cliente:<br \/>\n<a href=\"mailto:consultas@genesal.com\">consultas@genesal.com<\/a><\/p>\n<\/div><\/section><br \/>\n\n<style type=\"text\/css\" data-created_by=\"avia_inline_auto\" id=\"style-css-av-juky5gjb-a8dd8385757b2865fc1da4c95d80e9b9\">\n#top .hr.hr-invisible.av-juky5gjb-a8dd8385757b2865fc1da4c95d80e9b9{\nheight:60px;\n}\n<\/style>\n<div  class='hr av-juky5gjb-a8dd8385757b2865fc1da4c95d80e9b9 hr-invisible  avia-builder-el-12  el_after_av_textblock  avia-builder-el-last '><span class='hr-inner '><span class=\"hr-inner-style\"><\/span><\/span><\/div><\/p><\/div><div class='av-flex-placeholder'><\/div>\n<style type=\"text\/css\" data-created_by=\"avia_inline_auto\" id=\"style-css-av-28xfvf-75ff517ced6c9a527ca171f2f05d170f\">\n.flex_column.av-28xfvf-75ff517ced6c9a527ca171f2f05d170f{\nborder-radius:0px 0px 0px 0px;\npadding:0px 0px 0px 0px;\n}\n<\/style>\n<div  class='flex_column av-28xfvf-75ff517ced6c9a527ca171f2f05d170f av_three_fifth  avia-builder-el-13  el_after_av_two_fifth  avia-builder-el-last  flex_column_table_cell av-equal-height-column av-align-top av-zero-column-padding  '     ><style type=\"text\/css\" data-created_by=\"avia_inline_auto\" id=\"style-css-av-jukxsfkx-38160fbbd29333a099b74bdb549503b7\">\n#top .av_textblock_section.av-jukxsfkx-38160fbbd29333a099b74bdb549503b7 .avia_textblock{\nfont-size:15px;\n}\n<\/style>\n<section  class='av_textblock_section av-jukxsfkx-38160fbbd29333a099b74bdb549503b7 '   itemscope=\"itemscope\" itemtype=\"https:\/\/schema.org\/CreativeWork\" ><div class='avia_textblock new-home-contact-form'  itemprop=\"text\" ><h4>Introduce tus datos<\/h4>\n<p>[contact-form-7 id=&#8221;12754&#8243; title=&#8221;Contacto General&#8221;]<\/p>\n<\/div><\/section><\/div><\/div><!--close column table wrapper. Autoclose: 1 -->\n<\/div><\/div><\/div><!-- close content main div --><\/div><\/div><div id='after_section_3'  class='main_color av_default_container_wrap container_wrap sidebar_right'  ><div class='container av-section-cont-open' ><div class='template-page content  av-content-small alpha units'><div class='post-entry post-entry-type-page post-entry-34820'><div class='entry-content-wrapper clearfix'>\n","protected":false},"excerpt":{"rendered":"","protected":false},"author":1,"featured_media":0,"parent":0,"menu_order":0,"comment_status":"open","ping_status":"open","template":"","meta":{"_acf_changed":false,"footnotes":""},"class_list":["post-34820","page","type-page","status-publish","hentry"],"acf":[],"_links":{"self":[{"href":"https:\/\/genesalenergy.com\/fr\/wp-json\/wp\/v2\/pages\/34820","targetHints":{"allow":["GET"]}}],"collection":[{"href":"https:\/\/genesalenergy.com\/fr\/wp-json\/wp\/v2\/pages"}],"about":[{"href":"https:\/\/genesalenergy.com\/fr\/wp-json\/wp\/v2\/types\/page"}],"author":[{"embeddable":true,"href":"https:\/\/genesalenergy.com\/fr\/wp-json\/wp\/v2\/users\/1"}],"replies":[{"embeddable":true,"href":"https:\/\/genesalenergy.com\/fr\/wp-json\/wp\/v2\/comments?post=34820"}],"version-history":[{"count":0,"href":"https:\/\/genesalenergy.com\/fr\/wp-json\/wp\/v2\/pages\/34820\/revisions"}],"wp:attachment":[{"href":"https:\/\/genesalenergy.com\/fr\/wp-json\/wp\/v2\/media?parent=34820"}],"curies":[{"name":"wp","href":"https:\/\/api.w.org\/{rel}","templated":true}]}}