{"id":34819,"date":"2018-11-28T10:23:36","date_gmt":"2018-11-28T10:23:36","guid":{"rendered":"http:\/\/master.genesalenergy.com\/fr\/certificaciones\/"},"modified":"2025-04-17T07:16:29","modified_gmt":"2025-04-17T07:16:29","slug":"certifications","status":"publish","type":"page","link":"https:\/\/genesalenergy.com\/fr\/certifications\/","title":{"rendered":"Certifications"},"content":{"rendered":"<div id='av_section_1'  class='avia-section av-1demjxj-546046443359a99e8ab64115c97daa33 main_color avia-section-default avia-no-border-styling  avia-builder-el-0  el_before_av_section  avia-builder-el-first  avia-bg-style-scroll container_wrap sidebar_right'  ><div class='container av-section-cont-open' ><main  role=\"main\" itemprop=\"mainContentOfPage\"  class='template-page content  av-content-small alpha units'><div class='post-entry post-entry-type-page post-entry-34819'><div class='entry-content-wrapper clearfix'>\n<div  class='flex_column av-w8vq6b-409e2a622c3f21708addc074b34e9056 av_one_full  avia-builder-el-1  el_before_av_one_half  avia-builder-el-first  first flex_column_div  '     ><section  class='av_textblock_section av-la8epc5g-ebc11714e56003f770199526ed41022f '   itemscope=\"itemscope\" itemtype=\"https:\/\/schema.org\/CreativeWork\" ><div class='avia_textblock'  itemprop=\"text\" ><h1 class=\"ge-antetitulo\">Certifications<\/h1>\n<h2 class=\"ge-encabezado-principal ancho365\">Les r\u00e9sultats de la poursuite d\u2019une id\u00e9e<\/h2>\n<p class=\"ge-subtitulo-pequeno\">Nous b\u00e9n\u00e9ficions des certifications les plus importantes en mati\u00e8re de qualit\u00e9, de processus, d\u2019innovation et de durabilit\u00e9. Pouvoir garantir que vos solutions seront toujours optimales fait partie de nos caract\u00e9ristiques.<\/p>\n<\/div><\/section><\/div><div class='flex_column_table av-2a9ttyb-278056c826862530b50a30eb7a3a55bb sc-av_one_half av-equal-height-column-flextable'>\n<style type=\"text\/css\" data-created_by=\"avia_inline_auto\" id=\"style-css-av-2a9ttyb-278056c826862530b50a30eb7a3a55bb\">\n#top .flex_column_table.av-equal-height-column-flextable.av-2a9ttyb-278056c826862530b50a30eb7a3a55bb{\nmargin-top:36px;\nmargin-bottom:36px;\n}\n.flex_column.av-2a9ttyb-278056c826862530b50a30eb7a3a55bb{\nborder-radius:0px 0px 0px 0px;\npadding:24px 24px 24px 24px;\nbackground-color:#fafcf8;\n}\n<\/style>\n<div  class='flex_column av-2a9ttyb-278056c826862530b50a30eb7a3a55bb av_one_half  avia-builder-el-3  el_after_av_one_full  el_before_av_one_half  first flex_column_table_cell av-equal-height-column av-align-top  column-top-margin'     ><section  class='av_textblock_section av-k8y9iad4-341698ad864a240abce0cbb568c67f6f '   itemscope=\"itemscope\" itemtype=\"https:\/\/schema.org\/CreativeWork\" ><div class='avia_textblock'  itemprop=\"text\" ><p><a style=\"font-size: 1.5em !important;\" href=\"https:\/\/genesalenergy.com\/wp-content\/uploads\/2023\/11\/2023-a1846-CERTIFICADO-INSCRIPCION_2022_CR.pdf\" target=\"_blank\" rel=\"noopener noreferrer\"><img loading=\"lazy\" decoding=\"async\" class=\"alignleft size-medium\" style=\"margin-right: 20px;\" src=\"https:\/\/genesalenergy.com\/wp-content\/uploads\/2023\/11\/calculo-y-reduzco-huella-de-carbono.jpg\" alt=\"Calculo y Reduzco Huella de Carbono\" width=\"212\" height=\"300\" \/><\/a><\/p>\n<h2 class=\"ge-titulo-certificados\">CERTIFICAT D&#8217;ENREGISTREMENT.<\/h2>\n<p class=\"ge-subtitulo-certificados\">EMPREINTE CARBONE<\/p>\n<p>Nous mesurons et r\u00e9duisons notre empreinte carbone afin d&#8217;\u00e9voluer vers une \u00e9nergie plus propre, renfor\u00e7ant ainsi notre engagement en faveur du d\u00e9veloppement durable et la lutte contre le changement climatique.<\/p>\n<\/div><\/section><\/div><div class='av-flex-placeholder'><\/div>\n<style type=\"text\/css\" data-created_by=\"avia_inline_auto\" id=\"style-css-av-av_one_half-f554e5ef64959d58117aa55b5a437bff\">\n#top .flex_column_table.av-equal-height-column-flextable.av-av_one_half-f554e5ef64959d58117aa55b5a437bff{\nmargin-top:36px;\nmargin-bottom:36px;\n}\n.flex_column.av-av_one_half-f554e5ef64959d58117aa55b5a437bff{\nborder-radius:0px 0px 0px 0px;\npadding:24px 24px 24px 24px;\nbackground-color:#fafcf8;\n}\n<\/style>\n<div  class='flex_column av-av_one_half-f554e5ef64959d58117aa55b5a437bff av_one_half  avia-builder-el-5  el_after_av_one_half  el_before_av_one_half  flex_column_table_cell av-equal-height-column av-align-top  column-top-margin'     ><section  class='av_textblock_section av-m9l0v8sj-68b5125188b971516c9d4388f5cc6e54 '   itemscope=\"itemscope\" itemtype=\"https:\/\/schema.org\/CreativeWork\" ><div class='avia_textblock'  itemprop=\"text\" ><p><a style=\"font-size: 1.5em !important;\" href=\"https:\/\/genesalenergy.com\/fr\/wp-content\/uploads\/sites\/4\/2023\/04\/ISO-9001-10000443348-MSC-ENAC-ESP-2-fr-FR-20230331-20230331134923.pdf\" target=\"_blank\" rel=\"noopener noreferrer\"><img loading=\"lazy\" decoding=\"async\" class=\"alignleft wp-image-42025 size-medium\" style=\"margin-right: 20px;\" src=\"https:\/\/genesalenergy.com\/fr\/wp-content\/uploads\/sites\/4\/2023\/04\/ISO-9001-10000443348-MSC-ENAC-ESP-2-fr-FR-20230331-20230331134923.jpg\" alt=\"\" width=\"212\" height=\"300\" \/><\/a><\/p>\n<h2 class=\"ge-titulo-certificados\">Certificat de syst\u00e8me de gestion de la qualit\u00e9.<\/h2>\n<p class=\"ge-subtitulo-certificados\">ISO 9001:2015<\/p>\n<p>L&#8217;excellence n&#8217;est pas un objectif, c&#8217;est notre point de d\u00e9part : ce certificat confirme notre engagement en faveur de l&#8217;am\u00e9lioration continue, la fiabilit\u00e9 et la satisfaction totale du client.<\/p>\n<\/div><\/section><\/div><\/div><!--close column table wrapper. Autoclose: 1 --><div class='flex_column_table av-ovp9c3-b89193ad8f188699ca4dd2157f0a359e sc-av_one_half av-equal-height-column-flextable'>\n<style type=\"text\/css\" data-created_by=\"avia_inline_auto\" id=\"style-css-av-ovp9c3-b89193ad8f188699ca4dd2157f0a359e\">\n.flex_column.av-ovp9c3-b89193ad8f188699ca4dd2157f0a359e{\nborder-radius:0px 0px 0px 0px;\npadding:24px 24px 24px 24px;\nbackground-color:#fafcf8;\n}\n<\/style>\n<div  class='flex_column av-ovp9c3-b89193ad8f188699ca4dd2157f0a359e av_one_half  avia-builder-el-7  el_after_av_one_half  el_before_av_one_half  first flex_column_table_cell av-equal-height-column av-align-top  column-top-margin'     ><section  class='av_textblock_section av-k8y9iad4-4-6623ab0aeaa8e9af71da63160332a859 '   itemscope=\"itemscope\" itemtype=\"https:\/\/schema.org\/CreativeWork\" ><div class='avia_textblock'  itemprop=\"text\" ><p style=\"text-align: center;\"><a href=\"https:\/\/genesalenergy.com\/fr\/wp-content\/uploads\/sites\/4\/2023\/04\/ISO-14001-10000443347-MSC-ENAC-ESP-2-fr-FR-20230331-20230331135334.pdf\" target=\"_blank\" rel=\"noopener\"><img loading=\"lazy\" decoding=\"async\" class=\"alignleft wp-image-42028 size-medium\" style=\"margin-right: 20px;\" src=\"https:\/\/genesalenergy.com\/fr\/wp-content\/uploads\/sites\/4\/2023\/04\/ISO-14001-10000443347-MSC-ENAC-ESP-2-fr-FR-20230331-20230331135334.jpg\" alt=\"\" width=\"212\" height=\"300\" \/><\/a><\/p>\n<h2 class=\"ge-titulo-certificados\">Certificat du syst\u00e8me de gestion environnementale.<\/h2>\n<p class=\"ge-subtitulo-certificados\">ISO 14001:2015<\/p>\n<p>Dans un secteur industriel en transformation, nous donnons l&#8217;exemple gr\u00e2ce \u00e0 une gestion environnementale solide et rigoureuse, reconnue pour son efficacit\u00e9 et son engagement.<\/p>\n<\/div><\/section><\/div><div class='av-flex-placeholder'><\/div>\n<style type=\"text\/css\" data-created_by=\"avia_inline_auto\" id=\"style-css-av-sbpun7-1e17fe588da740a47759ac42159ff1cf\">\n.flex_column.av-sbpun7-1e17fe588da740a47759ac42159ff1cf{\nborder-radius:0px 0px 0px 0px;\npadding:24px 24px 24px 24px;\nbackground-color:#fafcf8;\n}\n<\/style>\n<div  class='flex_column av-sbpun7-1e17fe588da740a47759ac42159ff1cf av_one_half  avia-builder-el-9  el_after_av_one_half  el_before_av_one_half  flex_column_table_cell av-equal-height-column av-align-top  column-top-margin'     ><section  class='av_textblock_section av-k8y9iad4-3-24c2f05a0d0ab8034f2e8c6bdff264ff '   itemscope=\"itemscope\" itemtype=\"https:\/\/schema.org\/CreativeWork\" ><div class='avia_textblock'  itemprop=\"text\" ><p style=\"text-align: center;\"><a href=\"https:\/\/genesalenergy.com\/fr\/wp-content\/uploads\/sites\/4\/2023\/04\/ISO-45001-10000443346-MSC-ENAC-ESP-3-fr-FR-20230331-20230331135603.pdf\" target=\"_blank\" rel=\"noopener\"><img loading=\"lazy\" decoding=\"async\" class=\"alignleft wp-image-42032 size-medium\" style=\"margin-right: 20px;\" src=\"https:\/\/genesalenergy.com\/fr\/wp-content\/uploads\/sites\/4\/2023\/04\/ISO-45001-10000443346-MSC-ENAC-ESP-3-fr-FR-20230331-20230331135603.jpg\" alt=\"45001:2018 Certificado del Sistema de Gesti\u00f3n de Seguridad y Salud en el Trabajo.\" width=\"212\" height=\"300\" \/><\/a><\/p>\n<h2 class=\"ge-titulo-certificados\">CERTIFICAT DE SYST\u00c8ME DE MANAGEMENT DE LA SANT\u00c9 ET DE LA S\u00c9CURIT\u00c9 AU TRAVAIL.<\/h2>\n<p class=\"ge-subtitulo-certificados\">ISO 45001:2018<\/p>\n<p>En tant qu&#8217;entreprise engag\u00e9e, nous partons d&#8217;une id\u00e9e claire pour d\u00e9velopper nos activit\u00e9s : la protection des personnes.<br \/>\nCe certificat reconna\u00eet nos efforts pour cr\u00e9er un environnement de travail s\u00fbr, sain et responsable.<\/p>\n<\/div><\/section><\/div><\/div><!--close column table wrapper. Autoclose: 1 --><div class='flex_column_table av-u9huqr-d35d9ce18d60b979a761638eb349eb8f sc-av_one_half av-equal-height-column-flextable'>\n<style type=\"text\/css\" data-created_by=\"avia_inline_auto\" id=\"style-css-av-u9huqr-d35d9ce18d60b979a761638eb349eb8f\">\n.flex_column.av-u9huqr-d35d9ce18d60b979a761638eb349eb8f{\nborder-radius:0px 0px 0px 0px;\npadding:24px 24px 24px 24px;\nbackground-color:#fafcf8;\n}\n<\/style>\n<div  class='flex_column av-u9huqr-d35d9ce18d60b979a761638eb349eb8f av_one_half  avia-builder-el-11  el_after_av_one_half  el_before_av_one_half  first flex_column_table_cell av-equal-height-column av-align-top  column-top-margin'     ><section  class='av_textblock_section av-k8y9iad4-2-2fc01972cc2f040b72bd15e8b7645c3c '   itemscope=\"itemscope\" itemtype=\"https:\/\/schema.org\/CreativeWork\" ><div class='avia_textblock'  itemprop=\"text\" ><p style=\"text-align: center;\"><a href=\"https:\/\/genesalenergy.com\/fr\/wp-content\/uploads\/sites\/4\/2023\/04\/DNV_Certificate-20230331-20230331135907-fr.pdf\" target=\"_blank\" rel=\"noopener\"><img loading=\"lazy\" decoding=\"async\" class=\"alignleft wp-image-42030 size-medium\" style=\"margin-right: 20px;\" src=\"https:\/\/genesalenergy.com\/fr\/wp-content\/uploads\/sites\/4\/2023\/04\/DNV_Certificate-20230331-20230331135907-fr.jpg\" alt=\"\" width=\"212\" height=\"300\" \/><\/a><\/p>\n<h2 class=\"ge-titulo-certificados\">CERTIFICAT DE SYST\u00c8ME DE GESTION R&amp;D+I EN GESTION DE PROJET R&amp;D+I POUR LE D\u00c9VELOPPEMENT DE GROUPES \u00c9LECTROG\u00c8NES.<\/h2>\n<p class=\"ge-subtitulo-certificados\">UNE 166002:2021<\/p>\n<p>L&#8217;innovation est dans notre ADN. Cette certification renforce notre capacit\u00e9 \u00e0 mener l&#8217;avenir de l&#8217;\u00e9nergie distribu\u00e9e avec des solutions personnalis\u00e9es, efficaces et \u00e0 la pointe de la technologie.<\/p>\n<\/div><\/section><\/div><div class='av-flex-placeholder'><\/div>\n<style type=\"text\/css\" data-created_by=\"avia_inline_auto\" id=\"style-css-av-av_one_half-fb244799b0c60af64976360d8c2a95d8\">\n.flex_column.av-av_one_half-fb244799b0c60af64976360d8c2a95d8{\nborder-radius:0px 0px 0px 0px;\npadding:24px 24px 24px 24px;\nbackground-color:#fafcf8;\n}\n<\/style>\n<div  class='flex_column av-av_one_half-fb244799b0c60af64976360d8c2a95d8 av_one_half  avia-builder-el-13  el_after_av_one_half  avia-builder-el-last  flex_column_table_cell av-equal-height-column av-align-top  column-top-margin'     ><section  class='av_textblock_section av-m9l117w7-e61fdaa4bd8e1d29551ce059bd87f29f '   itemscope=\"itemscope\" itemtype=\"https:\/\/schema.org\/CreativeWork\" ><div class='avia_textblock'  itemprop=\"text\" ><p><a href=\"https:\/\/genesalenergy.com\/wp-content\/uploads\/2025\/02\/Grupo-Genesal-14006-2025-02.pdf\" target=\"_blank\" rel=\"noopener\"><img loading=\"lazy\" decoding=\"async\" class=\"wp-image-42032 size-medium alignleft\" style=\"margin-right: 20px;\" src=\"https:\/\/genesalenergy.com\/wp-content\/uploads\/2025\/02\/es-iso-14006-2020-genesal-498x705.jpg\" alt=\"ISO 14006 2020 Sistema de Gesti\u00f3n de Ecodise\u00f1o\" width=\"212\" height=\"300\" \/><\/a><\/p>\n<h2 class=\"ge-titulo-certificados\" style=\"text-align: left;\">SYST\u00c8ME DE GESTION DE L&#8217;\u00c9CO-CONCEPTION<\/h2>\n<p class=\"ge-subtitulo-certificados\" style=\"text-align: left;\">ISO 14006:2020<\/p>\n<p>Nous sommes la premi\u00e8re entreprise de groupes \u00e9lectrog\u00e8nes \u00e0 obtenir la certification ISO 14006.<br \/>\nNous concevons avec conscience : l&#8217;\u00e9co-conception nous permet de cr\u00e9er des \u00e9quipements \u00e0 haut rendement \u00e9nerg\u00e9tique, de r\u00e9duire leur impact sur l&#8217;environnement et de conduire le changement vers une industrie plus durable.<\/p>\n<\/div><\/section><\/div><\/div><!--close column table wrapper. Autoclose: 1 --><\/div><\/div><\/main><!-- close content main element --><\/div><\/div><div id='av_section_2'  class='avia-section av-2p9cucj-6291cd8122d79554e81a537b2442bdf7 main_color avia-section-default avia-no-border-styling  avia-builder-el-15  el_after_av_section  avia-builder-el-last  avia-bg-style-scroll container_wrap sidebar_right'  ><div class='container av-section-cont-open' ><div class='template-page content  av-content-small alpha units'><div class='post-entry post-entry-type-page post-entry-34819'><div class='entry-content-wrapper clearfix'>\n<div class='flex_column_table av-1ntlw8z-9d67818eb18b466238a745bbebabc784 sc-av_one_half av-equal-height-column-flextable'>\n<style type=\"text\/css\" data-created_by=\"avia_inline_auto\" id=\"style-css-av-1ntlw8z-9d67818eb18b466238a745bbebabc784\">\n.flex_column.av-1ntlw8z-9d67818eb18b466238a745bbebabc784{\nwidth:48.5%;\nmargin-left:0;\n}\n#top .flex_column_table.av-equal-height-column-flextable.av-1ntlw8z-9d67818eb18b466238a745bbebabc784 .av-flex-placeholder{\nwidth:3%;\n}\n<\/style>\n<div  class='flex_column av-1ntlw8z-9d67818eb18b466238a745bbebabc784 av_one_half  avia-builder-el-16  el_before_av_one_half  avia-builder-el-first  first flex_column_table_cell av-equal-height-column av-align-top  '     ><section  class='av_textblock_section av-la8lbtse-02aa4127d4053d9b7d003f92b8807de8 '   itemscope=\"itemscope\" itemtype=\"https:\/\/schema.org\/CreativeWork\" ><div class='avia_textblock'  itemprop=\"text\" ><h3 class=\"ge-subtitulo-grande ancho600\">Autres certifications<\/h3>\n<\/div><\/section><br \/>\n<section  class='av_textblock_section av-1363s03-86443ae74c692fdbb758804bc893e215 '   itemscope=\"itemscope\" itemtype=\"https:\/\/schema.org\/CreativeWork\" ><div class='avia_textblock ancho636'  itemprop=\"text\" ><ul class=\"ge-listado-caracteristicas\">\n<li>Certification de projet de recherche, de d\u00e9veloppement et d\u2019innovation pour le projet<strong> \u00ab Tactical Power Generators \u00bb<\/strong>, approuv\u00e9 par EQA.<\/li>\n<li>Label <a href=\"http:\/\/www.ciencia.gob.es\/portal\/site\/MICINN\/menuitem.6f2062042f6a5bc43b3f6810d14041a0\/?vgnextoid=45cc94d74dd4a410VgnVCM1000001d04140aRCRD\" target=\"_blank\" rel=\"noopener\"><strong>PME innovante<\/strong><\/a> innovante, d\u00e9cern\u00e9 par le minist\u00e8re de l\u2019\u00c9conomie, de l\u2019Industrie et de la Comp\u00e9titivit\u00e9, conform\u00e9ment \u00e0 la r\u00e9solution du 23 avril 2019, qui reconna\u00eet notre travail en mati\u00e8re d\u2019innovation, en se basant sur la certification du syst\u00e8me de gestion de recherche, d\u00e9veloppement et d\u2019innovation, conform\u00e9ment \u00e0 la norme UNE 166002:2014, et le financement re\u00e7u par le CDTI. <img loading=\"lazy\" decoding=\"async\" class=\"\" style=\"display: block; margin: 20px 0;\" src=\"https:\/\/genesalenergy.com\/fr\/wp-content\/uploads\/sites\/4\/2023\/06\/pyme_innovadora_meic-EN_web.png\" alt=\"\" width=\"230\" height=\"300\" \/><\/li>\n<li>Certification de projet d\u2019IT pour le projet <strong>\u00ab Conception et d\u00e9veloppement de groupes \u00e9lectrog\u00e8nes innovants ayant des caract\u00e9ristiques sp\u00e9cifiques \u00bb<\/strong>, approuv\u00e9 par ACIE.<\/li>\n<li>Certification de projet de recherche et d\u00e9veloppement pour le projet <strong>\u00ab Syst\u00e8me avanc\u00e9 de g\u00e9n\u00e9ration d\u2019\u00e9nergie offgrid plug and play et enti\u00e8rement renouvelable \u00bb<\/strong>, approuv\u00e9 par AENOR<\/li>\n<\/ul>\n<\/div><\/section><\/p><\/div><div class='av-flex-placeholder'><\/div>\n<style type=\"text\/css\" data-created_by=\"avia_inline_auto\" id=\"style-css-av-2vsllv-1b0e9012ab6ee04a7f480165c17a8c92\">\n.flex_column.av-2vsllv-1b0e9012ab6ee04a7f480165c17a8c92{\nwidth:48.5%;\nmargin-left:0;\n}\n#top .flex_column_table.av-equal-height-column-flextable.av-2vsllv-1b0e9012ab6ee04a7f480165c17a8c92 .av-flex-placeholder{\nwidth:3%;\n}\n<\/style>\n<div  class='flex_column av-2vsllv-1b0e9012ab6ee04a7f480165c17a8c92 av_one_half  avia-builder-el-19  el_after_av_one_half  avia-builder-el-last  flex_column_table_cell av-equal-height-column av-align-top  '     ><style type=\"text\/css\" data-created_by=\"avia_inline_auto\" id=\"style-css-av-la8ll4z2-04f486146a997c70b4ece44e3ac8f516\">\n.avia-image-container.av-la8ll4z2-04f486146a997c70b4ece44e3ac8f516 img.avia_image{\nbox-shadow:none;\n}\n.avia-image-container.av-la8ll4z2-04f486146a997c70b4ece44e3ac8f516 .av-image-caption-overlay-center{\ncolor:#ffffff;\n}\n<\/style>\n<div  class='avia-image-container av-la8ll4z2-04f486146a997c70b4ece44e3ac8f516 av-styling-no-styling avia-align-right  avia-builder-el-20  avia-builder-el-no-sibling '   itemprop=\"image\" itemscope=\"itemscope\" itemtype=\"https:\/\/schema.org\/ImageObject\" ><div class=\"avia-image-container-inner\"><div class=\"avia-image-overlay-wrap\"><img decoding=\"async\" fetchpriority=\"high\" class='wp-image-39534 avia-img-lazy-loading-not-39534 avia_image ' src=\"https:\/\/genesalenergy.com\/fr\/wp-content\/uploads\/sites\/4\/2023\/02\/Genesal-Energy-Empresa-Experiencia-cercania-1.jpg\" alt='' title='Genesal-Energy-Empresa-Experiencia-cercania'  height=\"752\" width=\"497\"  itemprop=\"thumbnailUrl\" srcset=\"https:\/\/genesalenergy.com\/fr\/wp-content\/uploads\/sites\/4\/2023\/02\/Genesal-Energy-Empresa-Experiencia-cercania-1.jpg 497w, https:\/\/genesalenergy.com\/fr\/wp-content\/uploads\/sites\/4\/2023\/02\/Genesal-Energy-Empresa-Experiencia-cercania-1-198x300.jpg 198w, https:\/\/genesalenergy.com\/fr\/wp-content\/uploads\/sites\/4\/2023\/02\/Genesal-Energy-Empresa-Experiencia-cercania-1-466x705.jpg 466w\" sizes=\"(max-width: 497px) 100vw, 497px\" \/><\/div><\/div><\/div><\/div><\/div><!--close column table wrapper. Autoclose: 1 -->\n<\/div><\/div><\/div><!-- close content main div --><\/div><\/div><div id='after_section_2'  class='main_color av_default_container_wrap container_wrap sidebar_right'  ><div class='container av-section-cont-open' ><div class='template-page content  av-content-small alpha units'><div class='post-entry post-entry-type-page post-entry-34819'><div class='entry-content-wrapper clearfix'>\n","protected":false},"excerpt":{"rendered":"","protected":false},"author":1,"featured_media":0,"parent":0,"menu_order":0,"comment_status":"open","ping_status":"open","template":"","meta":{"_acf_changed":false,"footnotes":""},"class_list":["post-34819","page","type-page","status-publish","hentry"],"acf":[],"_links":{"self":[{"href":"https:\/\/genesalenergy.com\/fr\/wp-json\/wp\/v2\/pages\/34819","targetHints":{"allow":["GET"]}}],"collection":[{"href":"https:\/\/genesalenergy.com\/fr\/wp-json\/wp\/v2\/pages"}],"about":[{"href":"https:\/\/genesalenergy.com\/fr\/wp-json\/wp\/v2\/types\/page"}],"author":[{"embeddable":true,"href":"https:\/\/genesalenergy.com\/fr\/wp-json\/wp\/v2\/users\/1"}],"replies":[{"embeddable":true,"href":"https:\/\/genesalenergy.com\/fr\/wp-json\/wp\/v2\/comments?post=34819"}],"version-history":[{"count":0,"href":"https:\/\/genesalenergy.com\/fr\/wp-json\/wp\/v2\/pages\/34819\/revisions"}],"wp:attachment":[{"href":"https:\/\/genesalenergy.com\/fr\/wp-json\/wp\/v2\/media?parent=34819"}],"curies":[{"name":"wp","href":"https:\/\/api.w.org\/{rel}","templated":true}]}}