{"id":34812,"date":"2019-05-22T12:17:15","date_gmt":"2019-05-22T12:17:15","guid":{"rendered":"http:\/\/master.genesalenergy.com\/fr\/landing-corporativa\/"},"modified":"2020-03-27T15:22:06","modified_gmt":"2020-03-27T15:22:06","slug":"landing-corporativa","status":"publish","type":"page","link":"https:\/\/genesalenergy.com\/fr\/landing-corporativa\/","title":{"rendered":"Landing corporativa"},"content":{"rendered":"<div id='av-layout-grid-1'  class='av-layout-grid-container av-10767hy-089f7266cd8fe3d6d1693bd8c21b2214 entry-content-wrapper main_color av-flex-cells  avia-builder-el-0  el_before_av_section  avia-builder-el-first  av-cell-min-height av-cell-min-height-75  container_wrap sidebar_right'   data-av_minimum_height_pc='75'>\n\n<style type=\"text\/css\" data-created_by=\"avia_inline_auto\" id=\"style-css-av-kd7y3a-7b5be1d41c161c67af9febb8c03c001a\">\n.flex_cell.av-kd7y3a-7b5be1d41c161c67af9febb8c03c001a{\nvertical-align:top;\n}\n.responsive #top #wrap_all .flex_cell.av-kd7y3a-7b5be1d41c161c67af9febb8c03c001a{\npadding:10px 20px 30px 5px !important;\n}\n<\/style>\n<div class='flex_cell av-kd7y3a-7b5be1d41c161c67af9febb8c03c001a av-gridrow-cell av_one_half no_margin  avia-builder-el-1  el_before_av_cell_one_half  avia-builder-el-first  landing-grupos-estandar-form-new content-align-top'  ><div class='flex_cell_inner'><p>\n<style type=\"text\/css\" data-created_by=\"avia_inline_auto\" id=\"style-css-av-kttxva-76efca8992fa95e419de8314013fe77f\">\n.flex_column.av-kttxva-76efca8992fa95e419de8314013fe77f{\nborder-radius:0px 0px 0px 0px;\npadding:0px 0px 0px 0px;\n}\n<\/style>\n<div  class='flex_column av-kttxva-76efca8992fa95e419de8314013fe77f av_one_fifth  avia-builder-el-2  el_before_av_four_fifth  avia-builder-el-first  first flex_column_div av-zero-column-padding  '     ><\/div>\n<style type=\"text\/css\" data-created_by=\"avia_inline_auto\" id=\"style-css-av-1ci4pkm-21c355ddc2cf46d74cf45eec98599c48\">\n.flex_column.av-1ci4pkm-21c355ddc2cf46d74cf45eec98599c48{\nborder-radius:0px 0px 0px 0px;\npadding:0px 0px 0px 0px;\n}\n<\/style>\n<div  class='flex_column av-1ci4pkm-21c355ddc2cf46d74cf45eec98599c48 av_four_fifth  avia-builder-el-3  el_after_av_one_fifth  avia-builder-el-last  flex_column_div av-zero-column-padding  '     ><p>\n<style type=\"text\/css\" data-created_by=\"avia_inline_auto\" id=\"style-css-av-jtjx2h5m-def8a23936405500e5312eea756d3231\">\n#top .av_textblock_section.av-jtjx2h5m-def8a23936405500e5312eea756d3231 .avia_textblock{\ncolor:#ffffff;\n}\n<\/style>\n<section  class='av_textblock_section av-jtjx2h5m-def8a23936405500e5312eea756d3231 '   itemscope=\"itemscope\" itemtype=\"https:\/\/schema.org\/CreativeWork\" ><div class='avia_textblock av_inherit_color'  itemprop=\"text\" ><p><a href=\"https:\/\/genesalenergy.com\/grupos-electrogenos\/grupos-electrogenos\/\" target=\"_blank\" rel=\"noopener noreferrer\"><img loading=\"lazy\" decoding=\"async\" class=\"alignnone wp-image-29360\" src=\"https:\/\/genesalenergy.com\/fr\/wp-content\/uploads\/sites\/4\/2020\/03\/genesal-energy-logo-new.png\" alt=\"\" width=\"231\" height=\"104\" \/><\/a><\/p>\n<h1>Soluciones personalizadas a retos energ\u00e9ticos<\/h1>\n<h2>Ponemos el alma<br \/>\nen todo lo que hacemos<\/h2>\n<\/div><\/section><br \/>\n\n<style type=\"text\/css\" data-created_by=\"avia_inline_auto\" id=\"style-css-av-jtjyzojw-7cc1893e5d65107089bb335388f17c38\">\n#top .av_textblock_section.av-jtjyzojw-7cc1893e5d65107089bb335388f17c38 .avia_textblock{\nfont-size:22px;\ncolor:#d8d8d8;\n}\n<\/style>\n<section  class='av_textblock_section av-jtjyzojw-7cc1893e5d65107089bb335388f17c38 '   itemscope=\"itemscope\" itemtype=\"https:\/\/schema.org\/CreativeWork\" ><div class='avia_textblock av_inherit_color'  itemprop=\"text\" ><h4><strong>\u00bfQuieres ma\u0301s informacio\u0301n?<\/strong><\/h4>\n<h5>Rellena este formulario y nos pondremos en contacto contigo.<\/h5>\n<p>[contact-form-7 id=&#8221;29368&#8243; title=&#8221;Landing Grupos Electr\u00f3genos Est\u00e1ndar&#8221;]<\/p>\n<\/div><\/section><\/p><\/div><\/p>\n<\/div><\/div>\n<style type=\"text\/css\" data-created_by=\"avia_inline_auto\" id=\"style-css-av-jtr0u5b7-c3a795bacd9a80fd8c563aa8a99dafe4\">\n.flex_cell.av-jtr0u5b7-c3a795bacd9a80fd8c563aa8a99dafe4{\nvertical-align:bottom;\n}\n.responsive #top #wrap_all .flex_cell.av-jtr0u5b7-c3a795bacd9a80fd8c563aa8a99dafe4{\npadding:0px 0px 0px 0px !important;\n}\n<\/style>\n<div class='flex_cell av-jtr0u5b7-c3a795bacd9a80fd8c563aa8a99dafe4 av-gridrow-cell av_one_half no_margin  avia-builder-el-6  el_after_av_cell_one_half  avia-builder-el-last  landing-fifty-image content-align-bottom av-zero-padding avia-full-contain'  ><div class='flex_cell_inner'>\n<style type=\"text\/css\" data-created_by=\"avia_inline_auto\" id=\"style-css-av-jtr2dawa-73cd7e7f3eb236c9ec47508dc09ffb71\">\n.avia-image-container.av-jtr2dawa-73cd7e7f3eb236c9ec47508dc09ffb71 img.avia_image{\nbox-shadow:none;\n}\n.avia-image-container.av-jtr2dawa-73cd7e7f3eb236c9ec47508dc09ffb71 .av-image-caption-overlay-center{\ncolor:#ffffff;\n}\n<\/style>\n<div  class='avia-image-container av-jtr2dawa-73cd7e7f3eb236c9ec47508dc09ffb71 av-styling-no-styling avia-align-center  avia-builder-el-7  avia-builder-el-no-sibling '   itemprop=\"image\" itemscope=\"itemscope\" itemtype=\"https:\/\/schema.org\/ImageObject\" ><div class=\"avia-image-container-inner\"><div class=\"avia-image-overlay-wrap\"><img decoding=\"async\" fetchpriority=\"high\" class='wp-image-35100 avia-img-lazy-loading-not-35100 avia_image ' src=\"https:\/\/genesalenergy.com\/fr\/wp-content\/uploads\/sites\/4\/2020\/03\/GE-imagen-corp.jpg\" alt='' title='GE-imagen-corp'  height=\"2000\" width=\"1600\"  itemprop=\"thumbnailUrl\" srcset=\"https:\/\/genesalenergy.com\/fr\/wp-content\/uploads\/sites\/4\/2020\/03\/GE-imagen-corp.jpg 1600w, https:\/\/genesalenergy.com\/fr\/wp-content\/uploads\/sites\/4\/2020\/03\/GE-imagen-corp-240x300.jpg 240w, https:\/\/genesalenergy.com\/fr\/wp-content\/uploads\/sites\/4\/2020\/03\/GE-imagen-corp-824x1030.jpg 824w, https:\/\/genesalenergy.com\/fr\/wp-content\/uploads\/sites\/4\/2020\/03\/GE-imagen-corp-768x960.jpg 768w, https:\/\/genesalenergy.com\/fr\/wp-content\/uploads\/sites\/4\/2020\/03\/GE-imagen-corp-1229x1536.jpg 1229w, https:\/\/genesalenergy.com\/fr\/wp-content\/uploads\/sites\/4\/2020\/03\/GE-imagen-corp-1200x1500.jpg 1200w, https:\/\/genesalenergy.com\/fr\/wp-content\/uploads\/sites\/4\/2020\/03\/GE-imagen-corp-564x705.jpg 564w\" sizes=\"(max-width: 1600px) 100vw, 1600px\" \/><\/div><\/div><\/div>\n<\/div><\/div>\n<\/div>\n\n<style type=\"text\/css\" data-created_by=\"avia_inline_auto\" id=\"style-css-av-5m35bq-7b55089a1af3af9953e6ab760211db90\">\n.avia-section.av-5m35bq-7b55089a1af3af9953e6ab760211db90{\nbackground-color:#e4e4e4;\nbackground-image:unset;\n}\n<\/style>\n<div id='landing-grupos-estandar-text'  class='avia-section av-5m35bq-7b55089a1af3af9953e6ab760211db90 main_color avia-section-huge avia-no-border-styling  avia-builder-el-8  el_after_av_layout_row  avia-builder-el-last  landing-grupos-estandar-text avia-bg-style-scroll container_wrap sidebar_right'  ><div class='container av-section-cont-open' ><div class='template-page content  av-content-small alpha units'><div class='post-entry post-entry-type-page post-entry-34812'><div class='entry-content-wrapper clearfix'>\n\n<style type=\"text\/css\" data-created_by=\"avia_inline_auto\" id=\"style-css-av-mk3vqu-b6427c60a352e1cb1047ecf20c09e88d\">\n.flex_column.av-mk3vqu-b6427c60a352e1cb1047ecf20c09e88d{\nborder-radius:0px 0px 0px 0px;\npadding:0px 0px 0px 0px;\n}\n<\/style>\n<div  class='flex_column av-mk3vqu-b6427c60a352e1cb1047ecf20c09e88d av_one_half  avia-builder-el-9  el_before_av_one_half  avia-builder-el-first  first flex_column_div av-zero-column-padding  '     ><style type=\"text\/css\" data-created_by=\"avia_inline_auto\" id=\"style-css-av-jtjzesoe-eccbb55f77cd5e003587ba62f03fc28f\">\n.avia-image-container.av-jtjzesoe-eccbb55f77cd5e003587ba62f03fc28f img.avia_image{\nbox-shadow:none;\n}\n.avia-image-container.av-jtjzesoe-eccbb55f77cd5e003587ba62f03fc28f .av-image-caption-overlay-center{\ncolor:#ffffff;\n}\n<\/style>\n<div  class='avia-image-container av-jtjzesoe-eccbb55f77cd5e003587ba62f03fc28f av-styling-no-styling avia-align-center  avia-builder-el-10  avia-builder-el-no-sibling '   itemprop=\"image\" itemscope=\"itemscope\" itemtype=\"https:\/\/schema.org\/ImageObject\" ><div class=\"avia-image-container-inner\"><div class=\"avia-image-overlay-wrap\"><img decoding=\"async\" fetchpriority=\"high\" class='wp-image-35101 avia-img-lazy-loading-not-35101 avia_image ' src=\"https:\/\/genesalenergy.com\/fr\/wp-content\/uploads\/sites\/4\/2020\/03\/generadores-corp.png\" alt='' title='generadores-corp'  height=\"529\" width=\"750\"  itemprop=\"thumbnailUrl\" srcset=\"https:\/\/genesalenergy.com\/fr\/wp-content\/uploads\/sites\/4\/2020\/03\/generadores-corp.png 750w, https:\/\/genesalenergy.com\/fr\/wp-content\/uploads\/sites\/4\/2020\/03\/generadores-corp-300x212.png 300w, https:\/\/genesalenergy.com\/fr\/wp-content\/uploads\/sites\/4\/2020\/03\/generadores-corp-705x497.png 705w\" sizes=\"(max-width: 750px) 100vw, 750px\" \/><\/div><\/div><\/div><\/div>\n<style type=\"text\/css\" data-created_by=\"avia_inline_auto\" id=\"style-css-av-190x91y-fa831914b5f9b6b4505a0be645c4b0f8\">\n.flex_column.av-190x91y-fa831914b5f9b6b4505a0be645c4b0f8{\nborder-radius:0px 0px 0px 0px;\npadding:0px 0px 0px 0px;\n}\n<\/style>\n<div  class='flex_column av-190x91y-fa831914b5f9b6b4505a0be645c4b0f8 av_one_half  avia-builder-el-11  el_after_av_one_half  avia-builder-el-last  flex_column_div av-zero-column-padding  '     ><style type=\"text\/css\" data-created_by=\"avia_inline_auto\" id=\"style-css-av-jtjyzojw-3339f4da6f255c22c156ce85c88195bb\">\n#top .av_textblock_section.av-jtjyzojw-3339f4da6f255c22c156ce85c88195bb .avia_textblock{\nfont-size:21px;\ncolor:#000000;\n}\n<\/style>\n<section  class='av_textblock_section av-jtjyzojw-3339f4da6f255c22c156ce85c88195bb '   itemscope=\"itemscope\" itemtype=\"https:\/\/schema.org\/CreativeWork\" ><div class='avia_textblock av_inherit_color'  itemprop=\"text\" ><p>Partir del folio en blanco y crear un proyecto personalizado. Servirnos de la innovaci\u00f3n puntera para alcanzar la m\u00e1xima fiabilidad en nuestros grupos electr\u00f3genos. Llevar nuestro Servicio de Asistencia T\u00e9cnica all\u00ed donde nos necesites. Este es el resultado de la experiencia y el talento de nuestro equipo pero, sobre todo, es el fruto de una actitud.<\/p>\n<p><strong>Porque llevamos dentro dar lo mejor.<\/strong><\/p>\n<a href=\"https:\/\/genesalenergy.com\/\" class=\"su-button su-button-style-default su-button-wide\" style=\"color:#FFFFFF;background-color:#a2142a;border-color:#821022;border-radius:8px\" target=\"_blank\" rel=\"noopener noreferrer\"><span style=\"color:#FFFFFF;padding:0px 22px;font-size:17px;line-height:34px;border-color:#be5b6a;border-radius:8px;text-shadow:none\"> <\/p>\n<h2 style=\"text-align: left !important\">DESCUBRE TODOS NUESTROS <strong>GRUPOS ELECTRO\u0301GENOS<\/strong><\/h2>\n<p><\/span><\/a>\n<\/div><\/section><\/div><\/div><\/div><\/div><!-- close content main div --><\/div><\/div><div id='after_section_1'  class='main_color av_default_container_wrap container_wrap sidebar_right'  ><div class='container av-section-cont-open' ><div class='template-page content  av-content-small alpha units'><div class='post-entry post-entry-type-page post-entry-34812'><div class='entry-content-wrapper clearfix'>\n","protected":false},"excerpt":{"rendered":"","protected":false},"author":1,"featured_media":0,"parent":0,"menu_order":0,"comment_status":"open","ping_status":"open","template":"","meta":{"_acf_changed":false,"footnotes":""},"class_list":["post-34812","page","type-page","status-publish","hentry"],"acf":[],"_links":{"self":[{"href":"https:\/\/genesalenergy.com\/fr\/wp-json\/wp\/v2\/pages\/34812","targetHints":{"allow":["GET"]}}],"collection":[{"href":"https:\/\/genesalenergy.com\/fr\/wp-json\/wp\/v2\/pages"}],"about":[{"href":"https:\/\/genesalenergy.com\/fr\/wp-json\/wp\/v2\/types\/page"}],"author":[{"embeddable":true,"href":"https:\/\/genesalenergy.com\/fr\/wp-json\/wp\/v2\/users\/1"}],"replies":[{"embeddable":true,"href":"https:\/\/genesalenergy.com\/fr\/wp-json\/wp\/v2\/comments?post=34812"}],"version-history":[{"count":0,"href":"https:\/\/genesalenergy.com\/fr\/wp-json\/wp\/v2\/pages\/34812\/revisions"}],"wp:attachment":[{"href":"https:\/\/genesalenergy.com\/fr\/wp-json\/wp\/v2\/media?parent=34812"}],"curies":[{"name":"wp","href":"https:\/\/api.w.org\/{rel}","templated":true}]}}