{"id":34797,"date":"2020-01-18T13:48:50","date_gmt":"2020-01-18T13:48:50","guid":{"rendered":"http:\/\/master.genesalenergy.com\/fr\/sat-mantenimiento-multimarca-de-grupos-electrogenos\/"},"modified":"2025-10-20T08:36:38","modified_gmt":"2025-10-20T08:36:38","slug":"assistance-technique-et-entretien-24h","status":"publish","type":"page","link":"https:\/\/genesalenergy.com\/fr\/assistance-technique-et-entretien-24h\/","title":{"rendered":"Assistance Technique et Entretien 24h"},"content":{"rendered":"\n<style type=\"text\/css\" data-created_by=\"avia_inline_auto\" id=\"style-css-av-1o68dcn-f3d5669aacc368a26024839c49168249\">\n.avia-section.av-1o68dcn-f3d5669aacc368a26024839c49168249{\nbackground-color:#dee1d8;\nbackground-image:url(https:\/\/genesalenergy.com\/fr\/wp-content\/uploads\/sites\/4\/2023\/02\/Genesal-Energy-asistencia-tecnica-mantenimiento-grupos-electrogenos-1-1030x300.jpg);\nbackground-repeat:no-repeat;\nbackground-position:100% 50%;\nbackground-attachment:scroll;\n}\n<\/style>\n<div id='av_section_1'  class='avia-section av-1o68dcn-f3d5669aacc368a26024839c49168249 main_color avia-section-no-padding avia-no-border-styling  avia-builder-el-0  el_before_av_section  avia-builder-el-first  header-align-top-margin-50 avia-full-stretch avia-bg-style-scroll av-minimum-height av-minimum-height-custom av-height-custom  container_wrap sidebar_right'  data-section-bg-repeat='stretch' data-av_minimum_height_px='560'><div class='container av-section-cont-open' style='height:560px'><main  role=\"main\" itemprop=\"mainContentOfPage\"  class='template-page content  av-content-small alpha units'><div class='post-entry post-entry-type-page post-entry-34797'><div class='entry-content-wrapper clearfix'>\n<div class='flex_column_table av-142wuif-1555532642c4a0d55cebbc5400f21f63 sc-av_one_full av-equal-height-column-flextable'><div  class='flex_column av-142wuif-1555532642c4a0d55cebbc5400f21f63 av_one_full  avia-builder-el-1  avia-builder-el-no-sibling  first no_margin flex_column_table_cell av-equal-height-column av-align-top  '     ><section  class='av_textblock_section av-l8spjvml-f930c4733ede71336018afbd0a21ce7b '   itemscope=\"itemscope\" itemtype=\"https:\/\/schema.org\/CreativeWork\" ><div class='avia_textblock'  itemprop=\"text\" ><p class=\"ge-antetitulo\">ASSISTANCE TECHNIQUE ET MAINTENANCE 24H\/24<\/p>\n<h1 class=\"ge-encabezado-principal\">COMME S&#8217;ILS NOUS<br \/>\nAPPARTENAIENT<\/h1>\n<\/div><\/section><\/div><\/div><!--close column table wrapper. Autoclose: 1 -->\n\n<\/div><\/div><\/main><!-- close content main element --><\/div><\/div>\n<style type=\"text\/css\" data-created_by=\"avia_inline_auto\" id=\"style-css-av-l8txhlo9-556090df1a01f8242cca19c4841f6df5\">\n.avia-section.av-l8txhlo9-556090df1a01f8242cca19c4841f6df5{\nbackground-color:#b8012d;\nbackground-image:unset;\n}\n<\/style>\n<div id='av_section_2'  class='avia-section av-l8txhlo9-556090df1a01f8242cca19c4841f6df5 main_color avia-section-default avia-no-border-styling  avia-builder-el-3  el_after_av_section  el_before_av_section  avia-bg-style-scroll container_wrap sidebar_right'  ><div class='container av-section-cont-open' ><div class='template-page content  av-content-small alpha units'><div class='post-entry post-entry-type-page post-entry-34797'><div class='entry-content-wrapper clearfix'>\n\n<style type=\"text\/css\" data-created_by=\"avia_inline_auto\" id=\"style-css-av-15a726v-5281e5112049a873528b33a933053c36\">\n.flex_column.av-15a726v-5281e5112049a873528b33a933053c36{\nbackground-color:#b8012d;\n}\n<\/style>\n<div  class='flex_column av-15a726v-5281e5112049a873528b33a933053c36 av_one_full  avia-builder-el-4  avia-builder-el-no-sibling  first flex_column_div  '     ><section  class='av_textblock_section av-2kylh3-c5f1dedd04c2a98992e5499c19354273 '   itemscope=\"itemscope\" itemtype=\"https:\/\/schema.org\/CreativeWork\" ><div class='avia_textblock'  itemprop=\"text\" ><p class=\"ge-texto-grande-bloque-rojo\">Nous d\u00e9finissons et nous concevons des plans de maintenance de groupes \u00e9lectrog\u00e8nes sp\u00e9cifiques pour r\u00e9pondre \u00e0 vos besoins, qu&#8217;il s&#8217;agisse de grands parcs de g\u00e9n\u00e9rateurs ou d&#8217;unit\u00e9s individuelles.<\/p>\n<p class=\"ge-link-bloque-rojo\"><a class=\"ge-link-flecha\" href=\"#contacto\">Demander des informations<\/a><\/p>\n<\/div><\/section><\/div>\n\n<\/div><\/div><\/div><!-- close content main div --><\/div><\/div><div id='av_section_3'  class='avia-section av-4vv1ua5-0d6fe8d4302628e983138750503bb3d5 main_color avia-section-large avia-no-border-styling  avia-builder-el-6  el_after_av_section  el_before_av_section  avia-bg-style-scroll container_wrap sidebar_right'  ><div class='container av-section-cont-open' ><div class='template-page content  av-content-small alpha units'><div class='post-entry post-entry-type-page post-entry-34797'><div class='entry-content-wrapper clearfix'>\n<div  class='flex_column av-oio3et-b3f63e90cd129a93c377e6b1c33ad86b av_one_full  avia-builder-el-7  el_before_av_one_third  avia-builder-el-first  first flex_column_div  '     ><section  class='av_textblock_section av-l9mmb6qc-2eacfb12075723d666c56d896d0cbf30 '   itemscope=\"itemscope\" itemtype=\"https:\/\/schema.org\/CreativeWork\" ><div class='avia_textblock'  itemprop=\"text\" ><h3 class=\"ge-subtitulo-grande\">Maintenance des groupes<br \/>\n\u00e9lectrog\u00e8nes sur mesure<\/h3>\n<\/div><\/section><\/div><div  class='flex_column av-1ioc6l-65c9595edd57ee5f4638e0cfb53e233f av_one_third  avia-builder-el-9  el_after_av_one_full  el_before_av_one_third  first flex_column_div  column-top-margin'     ><p>\n<style type=\"text\/css\" data-created_by=\"avia_inline_auto\" id=\"style-css-av-3doq2tp-08a5ba86dd68303458080940f383d137\">\n.avia-image-container.av-3doq2tp-08a5ba86dd68303458080940f383d137 img.avia_image{\nbox-shadow:none;\n}\n.avia-image-container.av-3doq2tp-08a5ba86dd68303458080940f383d137 .av-image-caption-overlay-center{\ncolor:#ffffff;\n}\n<\/style>\n<div  class='avia-image-container av-3doq2tp-08a5ba86dd68303458080940f383d137 av-styling-no-styling avia-align-center  avia-builder-el-10  el_before_av_textblock  avia-builder-el-first '   itemprop=\"image\" itemscope=\"itemscope\" itemtype=\"https:\/\/schema.org\/ImageObject\" ><div class=\"avia-image-container-inner\"><div class=\"avia-image-overlay-wrap\"><img decoding=\"async\" fetchpriority=\"high\" class='wp-image-39798 avia-img-lazy-loading-not-39798 avia_image ' src=\"https:\/\/genesalenergy.com\/fr\/wp-content\/uploads\/sites\/4\/2023\/02\/Genesal-Energy-SAT-servicio-mantenimientos-correctivos.jpg\" alt='' title='Genesal-Energy-SAT-servicio-mantenimientos-correctivos'  height=\"162\" width=\"400\"  itemprop=\"thumbnailUrl\" srcset=\"https:\/\/genesalenergy.com\/fr\/wp-content\/uploads\/sites\/4\/2023\/02\/Genesal-Energy-SAT-servicio-mantenimientos-correctivos.jpg 400w, https:\/\/genesalenergy.com\/fr\/wp-content\/uploads\/sites\/4\/2023\/02\/Genesal-Energy-SAT-servicio-mantenimientos-correctivos-300x122.jpg 300w\" sizes=\"(max-width: 400px) 100vw, 400px\" \/><\/div><\/div><\/div><br \/>\n<section  class='av_textblock_section av-416mr4d-7ac6045e93fbc0e767cc73177850387f '   itemscope=\"itemscope\" itemtype=\"https:\/\/schema.org\/CreativeWork\" ><div class='avia_textblock'  itemprop=\"text\" ><p class=\"ge-texto-grande-bloque-gris-nm\">Service de maintenance corrective<\/p>\n<p class=\"ge-texto-bloque-gris-nm\">Nous r\u00e9parons les pannes dont la nature m\u00e9canique, \u00e9lectrique ou \u00e9lectronique entra\u00eene un dysfonctionnement de l&#8217;\u00e9quipement, voire sa mise hors service, ce qui nuirait gravement au projet.<\/p>\n<p class=\"ge-link-bloque-blanco\"><a class=\"ge-link-flecha-red\" href=\"#contacto\">Demander des informations<\/a><\/p>\n<\/div><\/section><\/p><\/div><div  class='flex_column av-2upngh9-4ecd7399d1fabb649951d743d05b72e4 av_one_third  avia-builder-el-12  el_after_av_one_third  el_before_av_one_third  flex_column_div  column-top-margin'     ><p>\n<style type=\"text\/css\" data-created_by=\"avia_inline_auto\" id=\"style-css-av-2hm6aj1-1189229849f87cd16d4c8180286c86de\">\n.avia-image-container.av-2hm6aj1-1189229849f87cd16d4c8180286c86de img.avia_image{\nbox-shadow:none;\n}\n.avia-image-container.av-2hm6aj1-1189229849f87cd16d4c8180286c86de .av-image-caption-overlay-center{\ncolor:#ffffff;\n}\n<\/style>\n<div  class='avia-image-container av-2hm6aj1-1189229849f87cd16d4c8180286c86de av-styling-no-styling avia-align-center  avia-builder-el-13  el_before_av_textblock  avia-builder-el-first '   itemprop=\"image\" itemscope=\"itemscope\" itemtype=\"https:\/\/schema.org\/ImageObject\" ><div class=\"avia-image-container-inner\"><div class=\"avia-image-overlay-wrap\"><img decoding=\"async\" fetchpriority=\"high\" class='wp-image-39799 avia-img-lazy-loading-not-39799 avia_image ' src=\"https:\/\/genesalenergy.com\/fr\/wp-content\/uploads\/sites\/4\/2023\/02\/Genesal-Energy-SAT-servicio-mantenimientos-preventivos.jpg\" alt='' title='Genesal-Energy-SAT-servicio-mantenimientos-preventivos'  height=\"162\" width=\"400\"  itemprop=\"thumbnailUrl\" srcset=\"https:\/\/genesalenergy.com\/fr\/wp-content\/uploads\/sites\/4\/2023\/02\/Genesal-Energy-SAT-servicio-mantenimientos-preventivos.jpg 400w, https:\/\/genesalenergy.com\/fr\/wp-content\/uploads\/sites\/4\/2023\/02\/Genesal-Energy-SAT-servicio-mantenimientos-preventivos-300x122.jpg 300w\" sizes=\"(max-width: 400px) 100vw, 400px\" \/><\/div><\/div><\/div><br \/>\n<section  class='av_textblock_section av-29mhn0t-4c564a35ddb42256e93a3bd20a89c819 '   itemscope=\"itemscope\" itemtype=\"https:\/\/schema.org\/CreativeWork\" ><div class='avia_textblock'  itemprop=\"text\" ><p class=\"ge-texto-grande-bloque-gris-nm\">Service de maintenance pr\u00e9ventive<\/p>\n<p class=\"ge-texto-bloque-gris-nm\">Ce sont les interventions \u00e9lectriques et\/ou m\u00e9caniques pr\u00e9vues dans les groupes \u00e9lectrog\u00e8nes. Avec eux, nous parvenons \u00e0 maintenir votre \u00e9quipement dans un \u00e9tat optimal et pr\u00eat \u00e0 fonctionner correctement si n\u00e9cessaire.<\/p>\n<p class=\"ge-link-bloque-blanco\"><a class=\"ge-link-flecha-red\" href=\"#contacto\">Demander des informations<\/a><\/p>\n<\/div><\/section><\/p><\/div><div  class='flex_column av-1luzvvx-a45b4bb28d7ec6d08e740380a0bbead2 av_one_third  avia-builder-el-15  el_after_av_one_third  avia-builder-el-last  flex_column_div  column-top-margin'     ><p>\n<style type=\"text\/css\" data-created_by=\"avia_inline_auto\" id=\"style-css-av-1879zd9-00d896a90e96236d3d596ef44e521156\">\n.avia-image-container.av-1879zd9-00d896a90e96236d3d596ef44e521156 img.avia_image{\nbox-shadow:none;\n}\n.avia-image-container.av-1879zd9-00d896a90e96236d3d596ef44e521156 .av-image-caption-overlay-center{\ncolor:#ffffff;\n}\n<\/style>\n<div  class='avia-image-container av-1879zd9-00d896a90e96236d3d596ef44e521156 av-styling-no-styling avia-align-center  avia-builder-el-16  el_before_av_textblock  avia-builder-el-first '   itemprop=\"image\" itemscope=\"itemscope\" itemtype=\"https:\/\/schema.org\/ImageObject\" ><div class=\"avia-image-container-inner\"><div class=\"avia-image-overlay-wrap\"><img decoding=\"async\" fetchpriority=\"high\" class='wp-image-39800 avia-img-lazy-loading-not-39800 avia_image ' src=\"https:\/\/genesalenergy.com\/fr\/wp-content\/uploads\/sites\/4\/2023\/02\/Genesal-Energy-SAT-servicio-mantenimientos-actualizacion-mejora.jpg\" alt='' title='Genesal-Energy-SAT-servicio-mantenimientos-actualizacion-mejora'  height=\"162\" width=\"400\"  itemprop=\"thumbnailUrl\" srcset=\"https:\/\/genesalenergy.com\/fr\/wp-content\/uploads\/sites\/4\/2023\/02\/Genesal-Energy-SAT-servicio-mantenimientos-actualizacion-mejora.jpg 400w, https:\/\/genesalenergy.com\/fr\/wp-content\/uploads\/sites\/4\/2023\/02\/Genesal-Energy-SAT-servicio-mantenimientos-actualizacion-mejora-300x122.jpg 300w\" sizes=\"(max-width: 400px) 100vw, 400px\" \/><\/div><\/div><\/div><br \/>\n<section  class='av_textblock_section av-219299-e31836489c8856a747247fee18af768d '   itemscope=\"itemscope\" itemtype=\"https:\/\/schema.org\/CreativeWork\" ><div class='avia_textblock'  itemprop=\"text\" ><p class=\"ge-texto-grande-bloque-gris-nm\">Mise \u00e0 jour ou mise \u00e0 niveau de la maintenance<\/p>\n<p class=\"ge-texto-bloque-gris-nm\">Nous adaptons vos \u00e9quipements aux nouveaux besoins qui peuvent survenir (nouvelles alarmes n\u00e9cessaires, configurations des panneaux de commande, changement des panneaux de commande, t\u00e9l\u00e9gestion, r\u00e9servoirs auxiliaires de carburant, etc.) et, afin de vous offrir un service optimal, nous mettons \u00e0 votre enti\u00e8re disposition les outils n\u00e9cessaires sont disponibles pour vous offrir les meilleurs r\u00e9sultats en termes de pr\u00e9vention des pannes.<\/p>\n<p class=\"ge-link-bloque-blanco\"><a class=\"ge-link-flecha-red\" href=\"#contacto\">Demander des informations<\/a><\/p>\n<\/div><\/section><\/p><\/div>\n\n<\/div><\/div><\/div><!-- close content main div --><\/div><\/div><div id='av_section_4'  class='avia-section av-l76625-927d12631e687e1da3a86dd788f2a813 main_color avia-section-default avia-no-border-styling  avia-builder-el-18  el_after_av_section  el_before_av_section  avia-bg-style-scroll container_wrap sidebar_right'  ><div class='container av-section-cont-open' ><div class='template-page content  av-content-small alpha units'><div class='post-entry post-entry-type-page post-entry-34797'><div class='entry-content-wrapper clearfix'>\n\n<style type=\"text\/css\" data-created_by=\"avia_inline_auto\" id=\"style-css-av-1690tzh-3803e30776a7fe6d174635e910147cbb\">\n.flex_column.av-1690tzh-3803e30776a7fe6d174635e910147cbb{\npadding:50px 0 50px 0;\nbackground-color:#fafcf8;\n}\n<\/style>\n<div  class='flex_column av-1690tzh-3803e30776a7fe6d174635e910147cbb av_one_full  avia-builder-el-19  avia-builder-el-no-sibling  first flex_column_div  '     ><section  class='av_textblock_section av-ibvglp-4fc8b0853ba2129b212cb6fed723e0f1 '   itemscope=\"itemscope\" itemtype=\"https:\/\/schema.org\/CreativeWork\" ><div class='avia_textblock'  itemprop=\"text\" ><p class=\"ge-texto-grande-centrado ge-separador\" style=\"text-align: center;\">Nous disposons de services d&#8217;assistance technique officiels qui vous permettront d&#8217;atteindre une efficacit\u00e9 et une rapidit\u00e9 maximales dans le monde entier. Nous g\u00e9rons la maintenance pr\u00e9ventive au niveau national, depuis notre si\u00e8ge, avec des professionnels sp\u00e9cialis\u00e9s.<\/p>\n<\/div><\/section><\/div>\n\n<\/div><\/div><\/div><!-- close content main div --><\/div><\/div><div id='av_section_5'  class='avia-section av-17q72jp-3d3fcdcd606f380bd8062a4ef7016757 main_color avia-section-default avia-no-border-styling  avia-builder-el-21  el_after_av_section  el_before_av_section  avia-bg-style-scroll container_wrap sidebar_right'  ><div class='container av-section-cont-open' ><div class='template-page content  av-content-small alpha units'><div class='post-entry post-entry-type-page post-entry-34797'><div class='entry-content-wrapper clearfix'>\n<div  class='flex_column av-2iiduct-ccad6ed14dfbcdc224397c42ee2034fe av_one_full  avia-builder-el-22  el_before_av_one_half  avia-builder-el-first  first flex_column_div  '     ><section  class='av_textblock_section av-23wsdil-cb2b202524c2b37b0612caf9ad77d680 '   itemscope=\"itemscope\" itemtype=\"https:\/\/schema.org\/CreativeWork\" ><div class='avia_textblock'  itemprop=\"text\" ><h3 class=\"ge-subtitulo-grande\">Service technique<br \/>\nnational et international<\/h3>\n<\/div><\/section><\/div><div  class='flex_column av-1jgdbd9-b12364e11cbbe46fce0a4ab46b2852ee av_one_half  avia-builder-el-24  el_after_av_one_full  el_before_av_one_half  nmtop first flex_column_div  column-top-margin'     ><section  class='av_textblock_section av-zsl7f1-477565fb47c4dfc5457c7178933bbb67 '   itemscope=\"itemscope\" itemtype=\"https:\/\/schema.org\/CreativeWork\" ><div class='avia_textblock'  itemprop=\"text\" ><p class=\"ge-texto-grande-bloque-gris-nm2\">National<\/p>\n<p class=\"ge-subtitulo-pequeno\">Au niveau national, nous sommes en mesure de fournir une assistance efficace dans les plus brefs d\u00e9lais dans les situations de maintenance corrective.<\/p>\n<p class=\"ge-texto-bloque-gris-nm\">Nous disposons d&#8217;un vaste r\u00e9seau d&#8217;assistance technique r\u00e9parti dans tout le pays, compos\u00e9 de plus de 15 points de service officiels agr\u00e9\u00e9s sur tout le territoire. Nous obtenons le meilleur feedback dans l&#8217;analyse des situations client-entreprise, et nous pouvons offrir le meilleur service disponible sur le march\u00e9.<\/p>\n<\/div><\/section><\/div><div  class='flex_column av-6v8b1-efe6851f2db7576469e688d3265efb17 av_one_half  avia-builder-el-26  el_after_av_one_half  avia-builder-el-last  flex_column_div  column-top-margin'     ><section  class='av_textblock_section av-k1qect-3f50e3ed02526d91de00a40159296cbc '   itemscope=\"itemscope\" itemtype=\"https:\/\/schema.org\/CreativeWork\" ><div class='avia_textblock ml0'  itemprop=\"text\" ><p class=\"ge-texto-grande-bloque-gris-nm2\">International<\/p>\n<p class=\"ge-subtitulo-pequeno\">En dehors de nos fronti\u00e8res, nous disposons d&#8217;un vaste r\u00e9seau d&#8217;assistance technique.<\/p>\n<p class=\"ge-texto-bloque-gris-nm\">Gr\u00e2ce \u00e0 des accords pass\u00e9s avec les principaux fabricants de moteurs et d&#8217;alternateurs, nous proposons des solutions permettant de faciliter la mise en service, d&#8217;entretenir les \u00e9quipements ou d&#8217;effectuer des interventions correctives sur ceux-ci.<\/p>\n<p class=\"ge-texto-bloque-gris-nm\">Nous couvrons le march\u00e9 latino-am\u00e9ricain par le biais de nos filiales et de nos distributeurs locaux, toujours en communication avec notre si\u00e8ge.<\/p>\n<p class=\"ge-texto-bloque-gris-nm\">Afin d&#8217;obtenir les meilleurs r\u00e9sultats et de prolonger la dur\u00e9e de vie utile de votre \u00e9quipement, nous disposons de pi\u00e8ces de rechange pour la maintenance programm\u00e9e. Nous pouvons \u00e9galement solutionner tous les types d&#8217;op\u00e9rations de maintenance, quelle que soit leur nature, partout dans le monde.<\/p>\n<\/div><\/section><\/div>\n\n<\/div><\/div><\/div><!-- close content main div --><\/div><\/div><div id='av_section_6'  class='avia-section av-11tit0t-a2d8eb9ec555cfb1f88d5105d674c622 main_color avia-section-default avia-no-border-styling  avia-builder-el-28  el_after_av_section  el_before_av_section  avia-bg-style-scroll container_wrap sidebar_right'  ><div class='container av-section-cont-open' ><div class='template-page content  av-content-small alpha units'><div class='post-entry post-entry-type-page post-entry-34797'><div class='entry-content-wrapper clearfix'>\n\n<style type=\"text\/css\" data-created_by=\"avia_inline_auto\" id=\"style-css-av-r1im31-a2ccb78240f9fc669e3293207401c018\">\n#top .flex_column.av-r1im31-a2ccb78240f9fc669e3293207401c018{\nmargin-top:24px;\nmargin-bottom:0px;\n}\n.responsive #top #wrap_all .flex_column.av-r1im31-a2ccb78240f9fc669e3293207401c018{\nmargin-top:24px;\nmargin-bottom:0px;\n}\n<\/style>\n<div  class='flex_column av-r1im31-a2ccb78240f9fc669e3293207401c018 av_one_full  avia-builder-el-29  el_before_av_one_full  avia-builder-el-first  nmbottom first no_margin flex_column_div  '     ><style type=\"text\/css\" data-created_by=\"avia_inline_auto\" id=\"style-css-av-l9o49vu2-db9103b2e0d616f12ca76dae25414aa4\">\n.avia-image-container.av-l9o49vu2-db9103b2e0d616f12ca76dae25414aa4 img.avia_image{\nbox-shadow:none;\n}\n.avia-image-container.av-l9o49vu2-db9103b2e0d616f12ca76dae25414aa4 .av-image-caption-overlay-center{\ncolor:#ffffff;\n}\n<\/style>\n<div  class='avia-image-container av-l9o49vu2-db9103b2e0d616f12ca76dae25414aa4 av-styling-no-styling avia-align-center  avia-builder-el-30  avia-builder-el-no-sibling '   itemprop=\"image\" itemscope=\"itemscope\" itemtype=\"https:\/\/schema.org\/ImageObject\" ><div class=\"avia-image-container-inner\"><div class=\"avia-image-overlay-wrap\"><img decoding=\"async\" fetchpriority=\"high\" class='wp-image-39801 avia-img-lazy-loading-not-39801 avia_image ' src=\"https:\/\/genesalenergy.com\/fr\/wp-content\/uploads\/sites\/4\/2023\/02\/Genesal-energy-mantenimiento-equipo.jpg\" alt='' title='Genesal-energy-mantenimiento-equipo'  height=\"650\" width=\"1308\"  itemprop=\"thumbnailUrl\" srcset=\"https:\/\/genesalenergy.com\/fr\/wp-content\/uploads\/sites\/4\/2023\/02\/Genesal-energy-mantenimiento-equipo.jpg 1308w, https:\/\/genesalenergy.com\/fr\/wp-content\/uploads\/sites\/4\/2023\/02\/Genesal-energy-mantenimiento-equipo-300x149.jpg 300w, https:\/\/genesalenergy.com\/fr\/wp-content\/uploads\/sites\/4\/2023\/02\/Genesal-energy-mantenimiento-equipo-1030x512.jpg 1030w, https:\/\/genesalenergy.com\/fr\/wp-content\/uploads\/sites\/4\/2023\/02\/Genesal-energy-mantenimiento-equipo-768x382.jpg 768w, https:\/\/genesalenergy.com\/fr\/wp-content\/uploads\/sites\/4\/2023\/02\/Genesal-energy-mantenimiento-equipo-705x350.jpg 705w\" sizes=\"(max-width: 1308px) 100vw, 1308px\" \/><\/div><\/div><\/div><\/div>\n<style type=\"text\/css\" data-created_by=\"avia_inline_auto\" id=\"style-css-av-l9mxuuic-46b13ef0b123a8eb2971ae483b547a1a\">\n#top .flex_column.av-l9mxuuic-46b13ef0b123a8eb2971ae483b547a1a{\nmargin-top:0px;\nmargin-bottom:24px;\n}\n.flex_column.av-l9mxuuic-46b13ef0b123a8eb2971ae483b547a1a{\npadding:50px 0 50px 0;\nbackground-color:#fafcf8;\n}\n.responsive #top #wrap_all .flex_column.av-l9mxuuic-46b13ef0b123a8eb2971ae483b547a1a{\nmargin-top:0px;\nmargin-bottom:24px;\n}\n<\/style>\n<div  class='flex_column av-l9mxuuic-46b13ef0b123a8eb2971ae483b547a1a av_one_full  avia-builder-el-31  el_after_av_one_full  avia-builder-el-last  first no_margin flex_column_div  column-top-margin'     ><section  class='av_textblock_section av-l9mxvrvx-85710b3ea34eed83120a6084a7010b88 '   itemscope=\"itemscope\" itemtype=\"https:\/\/schema.org\/CreativeWork\" ><div class='avia_textblock'  itemprop=\"text\" ><p class=\"ge-texto-grande-centrado ge-separador\" style=\"text-align: center;\">Nous offrons un service technique 24h\/24, 7j\/7 pour les groupes \u00e9lectrog\u00e8nes et les g\u00e9n\u00e9rateurs \u00e9lectriques multimarques, une assistance technique permanente 365 jours par an avec un service continu de la plus haute qualit\u00e9.<\/p>\n<\/div><\/section><\/div><\/div><\/div><\/div><!-- close content main div --><\/div><\/div><div id='av_section_7'  class='avia-section av-2fkpeh9-d9182224ce289beb85b4054d6ebb2933 main_color avia-section-default avia-no-border-styling  avia-builder-el-33  el_after_av_section  avia-builder-el-last  avia-bg-style-scroll container_wrap sidebar_right'  ><div class='container av-section-cont-open' ><div class='template-page content  av-content-small alpha units'><div class='post-entry post-entry-type-page post-entry-34797'><div class='entry-content-wrapper clearfix'>\n<div  class='flex_column av-27j6azx-9f0b1e579a1ff2178111c7291c0e95ae av_one_full  avia-builder-el-34  el_before_av_one_half  avia-builder-el-first  first flex_column_div  '     ><section  class='av_textblock_section av-l9o4t0jo-9c2772477b4a615140d3275008c6ba86 '   itemscope=\"itemscope\" itemtype=\"https:\/\/schema.org\/CreativeWork\" ><div class='avia_textblock'  itemprop=\"text\" ><h3 class=\"ge-subtitulo-grande\">Suivi et \u00e9coute imm\u00e9diate<\/h3>\n<\/div><\/section><\/div><div  class='flex_column av-1rm2g31-8ba42881d490394c66bd03d3e44b1da3 av_one_half  avia-builder-el-36  el_after_av_one_full  el_before_av_one_half  nmtop first flex_column_div  column-top-margin'     ><section  class='av_textblock_section av-l9o4tqbr-decb4a705a3e1ff5cfc34ab358adffe1 '   itemscope=\"itemscope\" itemtype=\"https:\/\/schema.org\/CreativeWork\" ><div class='avia_textblock'  itemprop=\"text\" ><p class=\"ge-texto-grande-bloque-gris-nm2\">Service d&#8217;assistance t\u00e9l\u00e9phonique 24h\/24<\/p>\n<p class=\"ge-texto-bloque-gris-nm\">Nous disposons d&#8217;un service con\u00e7u pour vous assister par t\u00e9l\u00e9phone et tenter de trouver une solution aux anomalies ou pannes qui peuvent survenir en dehors des heures de travail. Ainsi, la personne que vous avez d\u00e9sign\u00e9e comme responsable des groupes \u00e9lectrog\u00e8nes recevra un num\u00e9ro de t\u00e9l\u00e9phone mobile sp\u00e9cial et un mot de passe pour acc\u00e9der au service.<\/p>\n<p>Ce service a \u00e9t\u00e9 con\u00e7u pour les groupes \u00e9lectrog\u00e8nes qui :<\/p>\n<p>Doivent \u00eatre op\u00e9rationnels 24h\/24, 7j\/7<br \/>\nOnt des techniciens sur place 24h\/24, 7j\/7<br \/>\nDemandent une assistance t\u00e9l\u00e9phonique r\u00e9alis\u00e9e par des techniciens sp\u00e9cialis\u00e9s en groupes \u00e9lectrog\u00e8nes<\/p>\n<\/div><\/section><\/div><div  class='flex_column av-19aovm5-616a2836774be3ba5305937bd651dc07 av_one_half  avia-builder-el-38  el_after_av_one_half  avia-builder-el-last  flex_column_div  column-top-margin'     ><section  class='av_textblock_section av-l9n8n7nu-9c4345123edcb98efa6a0ab041eb61c3 '   itemscope=\"itemscope\" itemtype=\"https:\/\/schema.org\/CreativeWork\" ><div class='avia_textblock ml0'  itemprop=\"text\" ><p class=\"ge-texto-grande-bloque-gris-nm2\">Service d&#8217;assistance 24h\/24<\/p>\n<p class=\"ge-texto-bloque-gris-nm\">Au cas o\u00f9 la panne serait impossible \u00e0 solutionner avec vos moyens et\/ou le service d&#8217;assistance t\u00e9l\u00e9phonique, lorsque vous souscrivez ce service d&#8217;assistance, nous garantissons qu&#8217;un technicien se rendra sur place afin de tenter de r\u00e9parer la panne du groupe \u00e9lectrog\u00e8ne dans un d\u00e9lai maximum de 24 heures (des d\u00e9lais d&#8217;intervention plus courts pourront \u00eatre \u00e9tudi\u00e9s selon le contrat), si possible avec les pi\u00e8ces de rechange en stock dans nos ateliers et si les ressources humaines le permettent.<\/p>\n<p>Un service con\u00e7u pour les groupes qui :<\/p>\n<p>R\u00e9pondent \u00e0 un service critique<br \/>\nDoivent \u00eatre op\u00e9rationnels 24h\/24, 7j\/7<br \/>\nExigent une assistance sur place des techniciens sp\u00e9cialis\u00e9s en groupes \u00e9lectrog\u00e8nes<\/p>\n<\/div><\/section><\/div>\n<\/div><\/div><\/div><!-- close content main div --><\/div><\/div><div id='after_section_7'  class='main_color av_default_container_wrap container_wrap sidebar_right'  ><div class='container av-section-cont-open' ><div class='template-page content  av-content-small alpha units'><div class='post-entry post-entry-type-page post-entry-34797'><div class='entry-content-wrapper clearfix'>\n","protected":false},"excerpt":{"rendered":"","protected":false},"author":1,"featured_media":39802,"parent":0,"menu_order":0,"comment_status":"open","ping_status":"open","template":"","meta":{"_acf_changed":false,"footnotes":""},"class_list":["post-34797","page","type-page","status-publish","has-post-thumbnail","hentry"],"acf":[],"_links":{"self":[{"href":"https:\/\/genesalenergy.com\/fr\/wp-json\/wp\/v2\/pages\/34797","targetHints":{"allow":["GET"]}}],"collection":[{"href":"https:\/\/genesalenergy.com\/fr\/wp-json\/wp\/v2\/pages"}],"about":[{"href":"https:\/\/genesalenergy.com\/fr\/wp-json\/wp\/v2\/types\/page"}],"author":[{"embeddable":true,"href":"https:\/\/genesalenergy.com\/fr\/wp-json\/wp\/v2\/users\/1"}],"replies":[{"embeddable":true,"href":"https:\/\/genesalenergy.com\/fr\/wp-json\/wp\/v2\/comments?post=34797"}],"version-history":[{"count":1,"href":"https:\/\/genesalenergy.com\/fr\/wp-json\/wp\/v2\/pages\/34797\/revisions"}],"predecessor-version":[{"id":49896,"href":"https:\/\/genesalenergy.com\/fr\/wp-json\/wp\/v2\/pages\/34797\/revisions\/49896"}],"wp:featuredmedia":[{"embeddable":true,"href":"https:\/\/genesalenergy.com\/fr\/wp-json\/wp\/v2\/media\/39802"}],"wp:attachment":[{"href":"https:\/\/genesalenergy.com\/fr\/wp-json\/wp\/v2\/media?parent=34797"}],"curies":[{"name":"wp","href":"https:\/\/api.w.org\/{rel}","templated":true}]}}