{"id":34795,"date":"2020-01-21T15:05:39","date_gmt":"2020-01-21T15:05:39","guid":{"rendered":"http:\/\/master.genesalenergy.com\/fr\/agradecimiento-telegestion\/"},"modified":"2020-03-27T13:16:04","modified_gmt":"2020-03-27T13:16:04","slug":"agradecimiento-telegestion","status":"publish","type":"page","link":"https:\/\/genesalenergy.com\/fr\/agradecimiento-telegestion\/","title":{"rendered":"Agradecimiento &#8211; Telegesti\u00f3n"},"content":{"rendered":"<div id='contacto'  class='avia-section av-jukyp10t-85b0cc3d97060744f3cb73b5a69a9541 main_color avia-section-huge avia-no-border-styling  avia-builder-el-0  avia-builder-el-no-sibling  avia-bg-style-scroll container_wrap sidebar_right'  ><div class='container av-section-cont-open' ><main  role=\"main\" itemprop=\"mainContentOfPage\"  class='template-page content  av-content-small alpha units'><div class='post-entry post-entry-type-page post-entry-34795'><div class='entry-content-wrapper clearfix'>\n\n<style type=\"text\/css\" data-created_by=\"avia_inline_auto\" id=\"style-css-av-1g16a-ad86c82ee4202112d664554c61609074\">\n.flex_column.av-1g16a-ad86c82ee4202112d664554c61609074{\nborder-radius:0px 0px 0px 0px;\npadding:0px 0px 0px 0px;\n}\n<\/style>\n<div  class='flex_column av-1g16a-ad86c82ee4202112d664554c61609074 av_three_fifth  avia-builder-el-1  el_before_av_two_fifth  avia-builder-el-first  first flex_column_div av-zero-column-padding  '     ><section  class='av_textblock_section av-jzh4aq2i-4a3777b63515f1740584f4db6cf4cc7e '   itemscope=\"itemscope\" itemtype=\"https:\/\/schema.org\/CreativeWork\" ><div class='avia_textblock'  itemprop=\"text\" ><h2>\u00a1Hemos recibido tu solicitud!<\/h2>\n<h3 class=\"general\">En breve nos pondremos en contacto contigo.<\/h3>\n<p>Entretanto puedes mantenerte informado de todo lo que generamos: noticias, art\u00edculos y casos de \u00e9xito.<\/p>\n<\/div><\/section><\/div>\n<style type=\"text\/css\" data-created_by=\"avia_inline_auto\" id=\"style-css-av-uwzm-bf367a228311252b1017566a4e692055\">\n.flex_column.av-uwzm-bf367a228311252b1017566a4e692055{\nborder-radius:0px 0px 0px 0px;\npadding:0px 0px 0px 0px;\n}\n<\/style>\n<div  class='flex_column av-uwzm-bf367a228311252b1017566a4e692055 av_two_fifth  avia-builder-el-3  el_after_av_three_fifth  el_before_av_hr  flex_column_div av-zero-column-padding  '     ><\/div>\n<style type=\"text\/css\" data-created_by=\"avia_inline_auto\" id=\"style-css-av-juky5gjb-13e454e78cb8226bbf4052bd64e35579\">\n#top .hr.hr-invisible.av-juky5gjb-13e454e78cb8226bbf4052bd64e35579{\nheight:30px;\n}\n<\/style>\n<div  class='hr av-juky5gjb-13e454e78cb8226bbf4052bd64e35579 hr-invisible  avia-builder-el-4  el_after_av_two_fifth  el_before_av_one_half '><span class='hr-inner '><span class=\"hr-inner-style\"><\/span><\/span><\/div>\n\n<style type=\"text\/css\" data-created_by=\"avia_inline_auto\" id=\"style-css-av-jh0eez-ca79579c0f594eddc1e40f8c9feac843\">\n.flex_column.av-jh0eez-ca79579c0f594eddc1e40f8c9feac843{\nborder-radius:0px 0px 0px 0px;\npadding:0px 0px 0px 0px;\n}\n<\/style>\n<div  class='flex_column av-jh0eez-ca79579c0f594eddc1e40f8c9feac843 av_one_half  avia-builder-el-5  el_after_av_hr  el_before_av_one_half  first flex_column_div av-zero-column-padding  '     ><section  class='av_textblock_section av-k0w8fnxn-e665f664c47be8964a4a9c36e931498e '   itemscope=\"itemscope\" itemtype=\"https:\/\/schema.org\/CreativeWork\" ><div class='avia_textblock'  itemprop=\"text\" ><h3 class=\"general\">NOTICIAS Y ART\u00cdCULOS<\/h3>\n<\/div><\/section><br \/>\n\n<style type=\"text\/css\" data-created_by=\"avia_inline_auto\" id=\"style-css-av-juky5gjb-13e454e78cb8226bbf4052bd64e35579\">\n#top .hr.hr-invisible.av-juky5gjb-13e454e78cb8226bbf4052bd64e35579{\nheight:30px;\n}\n<\/style>\n<div  class='hr av-juky5gjb-13e454e78cb8226bbf4052bd64e35579 hr-invisible  avia-builder-el-7  el_after_av_textblock  el_before_av_magazine '><span class='hr-inner '><span class=\"hr-inner-style\"><\/span><\/span><\/div><br \/>\n<\/p><\/div>\n<style type=\"text\/css\" data-created_by=\"avia_inline_auto\" id=\"style-css-av-jukxhi3l-1416b2dc753357df11251750dd9f6e8f\">\n.flex_column.av-jukxhi3l-1416b2dc753357df11251750dd9f6e8f{\nborder-radius:0px 0px 0px 0px;\npadding:0px 0px 0px 0px;\n}\n<\/style>\n<div  class='flex_column av-jukxhi3l-1416b2dc753357df11251750dd9f6e8f av_one_half  avia-builder-el-9  el_after_av_one_half  avia-builder-el-last  flex_column_div av-zero-column-padding  '     ><section  class='av_textblock_section av-k0w8fnxn-e665f664c47be8964a4a9c36e931498e '   itemscope=\"itemscope\" itemtype=\"https:\/\/schema.org\/CreativeWork\" ><div class='avia_textblock'  itemprop=\"text\" ><h3 class=\"general\">CASOS DE \u00c9XITO<\/h3>\n<\/div><\/section><br \/>\n\n<style type=\"text\/css\" data-created_by=\"avia_inline_auto\" id=\"style-css-av-juky5gjb-13e454e78cb8226bbf4052bd64e35579\">\n#top .hr.hr-invisible.av-juky5gjb-13e454e78cb8226bbf4052bd64e35579{\nheight:30px;\n}\n<\/style>\n<div  class='hr av-juky5gjb-13e454e78cb8226bbf4052bd64e35579 hr-invisible  avia-builder-el-11  el_after_av_textblock  el_before_av_magazine '><span class='hr-inner '><span class=\"hr-inner-style\"><\/span><\/span><\/div><br \/>\n<div  id=\"avia-magazine-2\"  class='av-magazine av-jukxw0xp-6bb9b4eb45f62fd77c04ef73dcf34a61  avia-builder-el-12  el_after_av_hr  avia-builder-el-last  magazine-no-excerpt  avia-builder-el-12  el_after_av_hr  avia-builder-el-last  magazine-no-excerpt' ><div class='av-magazine-group sort_all'><article class='av-magazine-entry av-magazine-entry-id-49978 av-magazine-format-standard av-magazine-type-post av-magazine-entry-1 av-magazine-entry-small '  itemscope=\"itemscope\" itemtype=\"https:\/\/schema.org\/CreativeWork\" ><div class=\"av-magazine-thumbnail\"><a href='https:\/\/genesalenergy.com\/fr\/applications\/securite-energetique-pour-des-projets-deau-potable-en-norvege-integration-dequipements-pour-un-fonctionnement-continu-dans-des-environnements-isoles\/' title='Lier vers : S\u00e9curit\u00e9 \u00e9nerg\u00e9tique pour des projets d\u2019eau potable en Norv\u00e8ge : int\u00e9gration d\u2019\u00e9quipements pour un fonctionnement continu dans des environnements isol\u00e9s' class='av-magazine-thumbnail-link'><img decoding=\"async\" fetchpriority=\"high\" width=\"80\" height=\"80\" src=\"https:\/\/genesalenergy.com\/fr\/wp-content\/uploads\/sites\/4\/2025\/12\/genesal-10043-noruega-tratamiento-aguas.jpg\" class=\"wp-image-49979 avia-img-lazy-loading-not-49979 attachment-thumbnail size-thumbnail wp-post-image\" alt=\"\" srcset=\"https:\/\/genesalenergy.com\/fr\/wp-content\/uploads\/sites\/4\/2025\/12\/genesal-10043-noruega-tratamiento-aguas.jpg 1500w, https:\/\/genesalenergy.com\/fr\/wp-content\/uploads\/sites\/4\/2025\/12\/genesal-10043-noruega-tratamiento-aguas-768x768.jpg 768w\" sizes=\"(max-width: 80px) 100vw, 80px\" \/><\/a><\/div><div class=\"av-magazine-content-wrap\"><header class=\"entry-content-header\" aria-label=\"Articles : S\u00e9curit\u00e9 \u00e9nerg\u00e9tique pour des projets d\u2019eau potable en Norv\u00e8ge : int\u00e9gration d\u2019\u00e9quipements pour un fonctionnement continu dans des environnements isol\u00e9s\"><time class='av-magazine-time updated'  itemprop=\"datePublished\" datetime=\"2025-12-29T08:36:57+00:00\" >29 d\u00e9cembre 2025<\/time><h3 class='av-magazine-title entry-title '  itemprop=\"headline\" ><a href='https:\/\/genesalenergy.com\/fr\/applications\/securite-energetique-pour-des-projets-deau-potable-en-norvege-integration-dequipements-pour-un-fonctionnement-continu-dans-des-environnements-isoles\/' title='Lier vers : S\u00e9curit\u00e9 \u00e9nerg\u00e9tique pour des projets d\u2019eau potable en Norv\u00e8ge : int\u00e9gration d\u2019\u00e9quipements pour un fonctionnement continu dans des environnements isol\u00e9s'>S\u00e9curit\u00e9 \u00e9nerg\u00e9tique pour des projets d\u2019eau potable en Norv\u00e8ge : int\u00e9gration d\u2019\u00e9quipements pour un fonctionnement continu dans des environnements isol\u00e9s<\/a><\/h3><\/header><\/div><footer class=\"entry-footer\"><\/footer><\/article><article class='av-magazine-entry av-magazine-entry-id-49973 av-magazine-format-standard av-magazine-type-post av-magazine-entry-2 av-magazine-entry-small '  itemscope=\"itemscope\" itemtype=\"https:\/\/schema.org\/CreativeWork\" ><div class=\"av-magazine-thumbnail\"><a href='https:\/\/genesalenergy.com\/fr\/applications\/une-solution-dalimentation-sur-mesure-pour-un-centre-de-donnees-dune-entreprise-de-telecommunications-a-madrid\/' title='Lier vers : Une solution d\u2019alimentation sur mesure pour un centre de donn\u00e9es d\u2019une entreprise de t\u00e9l\u00e9communications \u00e0 Madrid' class='av-magazine-thumbnail-link'><img decoding=\"async\" fetchpriority=\"high\" width=\"80\" height=\"80\" src=\"https:\/\/genesalenergy.com\/fr\/wp-content\/uploads\/sites\/4\/2025\/12\/genesal-10226-espana-telecomunicaciones.jpg\" class=\"wp-image-49974 avia-img-lazy-loading-not-49974 attachment-thumbnail size-thumbnail wp-post-image\" alt=\"\" srcset=\"https:\/\/genesalenergy.com\/fr\/wp-content\/uploads\/sites\/4\/2025\/12\/genesal-10226-espana-telecomunicaciones.jpg 1500w, https:\/\/genesalenergy.com\/fr\/wp-content\/uploads\/sites\/4\/2025\/12\/genesal-10226-espana-telecomunicaciones-768x768.jpg 768w\" sizes=\"(max-width: 80px) 100vw, 80px\" \/><\/a><\/div><div class=\"av-magazine-content-wrap\"><header class=\"entry-content-header\" aria-label=\"Articles : Une solution d\u2019alimentation sur mesure pour un centre de donn\u00e9es d\u2019une entreprise de t\u00e9l\u00e9communications \u00e0 Madrid\"><time class='av-magazine-time updated'  itemprop=\"datePublished\" datetime=\"2025-12-29T08:34:27+00:00\" >29 d\u00e9cembre 2025<\/time><h3 class='av-magazine-title entry-title '  itemprop=\"headline\" ><a href='https:\/\/genesalenergy.com\/fr\/applications\/une-solution-dalimentation-sur-mesure-pour-un-centre-de-donnees-dune-entreprise-de-telecommunications-a-madrid\/' title='Lier vers : Une solution d\u2019alimentation sur mesure pour un centre de donn\u00e9es d\u2019une entreprise de t\u00e9l\u00e9communications \u00e0 Madrid'>Une solution d\u2019alimentation sur mesure pour un centre de donn\u00e9es d\u2019une entreprise de t\u00e9l\u00e9communications \u00e0 Madrid<\/a><\/h3><\/header><\/div><footer class=\"entry-footer\"><\/footer><\/article><article class='av-magazine-entry av-magazine-entry-id-49948 av-magazine-format-standard av-magazine-type-post av-magazine-entry-3 av-magazine-entry-small '  itemscope=\"itemscope\" itemtype=\"https:\/\/schema.org\/CreativeWork\" ><div class=\"av-magazine-thumbnail\"><a href='https:\/\/genesalenergy.com\/fr\/applications\/securite-et-continuite-energetique-un-nouveau-projet-dans-un-parking-public-en-france\/' title='Lier vers : S\u00e9curit\u00e9 et continuit\u00e9 \u00e9nerg\u00e9tique : un nouveau projet dans un parking public en France' class='av-magazine-thumbnail-link'><img decoding=\"async\" fetchpriority=\"high\" width=\"80\" height=\"80\" src=\"https:\/\/genesalenergy.com\/fr\/wp-content\/uploads\/sites\/4\/2025\/11\/genesal-10042-francia-parking.jpg\" class=\"wp-image-49949 avia-img-lazy-loading-not-49949 attachment-thumbnail size-thumbnail wp-post-image\" alt=\"\" srcset=\"https:\/\/genesalenergy.com\/fr\/wp-content\/uploads\/sites\/4\/2025\/11\/genesal-10042-francia-parking.jpg 1500w, https:\/\/genesalenergy.com\/fr\/wp-content\/uploads\/sites\/4\/2025\/11\/genesal-10042-francia-parking-768x768.jpg 768w\" sizes=\"(max-width: 80px) 100vw, 80px\" \/><\/a><\/div><div class=\"av-magazine-content-wrap\"><header class=\"entry-content-header\" aria-label=\"Articles : S\u00e9curit\u00e9 et continuit\u00e9 \u00e9nerg\u00e9tique : un nouveau projet dans un parking public en France\"><time class='av-magazine-time updated'  itemprop=\"datePublished\" datetime=\"2025-11-19T08:51:58+00:00\" >19 novembre 2025<\/time><h3 class='av-magazine-title entry-title '  itemprop=\"headline\" ><a href='https:\/\/genesalenergy.com\/fr\/applications\/securite-et-continuite-energetique-un-nouveau-projet-dans-un-parking-public-en-france\/' title='Lier vers : S\u00e9curit\u00e9 et continuit\u00e9 \u00e9nerg\u00e9tique : un nouveau projet dans un parking public en France'>S\u00e9curit\u00e9 et continuit\u00e9 \u00e9nerg\u00e9tique : un nouveau projet dans un parking public en France<\/a><\/h3><\/header><\/div><footer class=\"entry-footer\"><\/footer><\/article><article class='av-magazine-entry av-magazine-entry-id-49942 av-magazine-format-standard av-magazine-type-post av-magazine-entry-4 av-magazine-entry-small '  itemscope=\"itemscope\" itemtype=\"https:\/\/schema.org\/CreativeWork\" ><div class=\"av-magazine-thumbnail\"><a href='https:\/\/genesalenergy.com\/fr\/applications\/genesal-energy-concoit-des-groupes-electrogenes-sur-mesure-pour-les-grandes-surfaces\/' title='Lier vers : Genesal Energy con\u00e7oit des groupes \u00e9lectrog\u00e8nes sur mesure pour les grandes surfaces' class='av-magazine-thumbnail-link'><img decoding=\"async\" fetchpriority=\"high\" width=\"80\" height=\"80\" src=\"https:\/\/genesalenergy.com\/fr\/wp-content\/uploads\/sites\/4\/2025\/11\/genesal-9702-alemania-centrocomercial.jpg\" class=\"wp-image-49943 avia-img-lazy-loading-not-49943 attachment-thumbnail size-thumbnail wp-post-image\" alt=\"\" srcset=\"https:\/\/genesalenergy.com\/fr\/wp-content\/uploads\/sites\/4\/2025\/11\/genesal-9702-alemania-centrocomercial.jpg 1500w, https:\/\/genesalenergy.com\/fr\/wp-content\/uploads\/sites\/4\/2025\/11\/genesal-9702-alemania-centrocomercial-768x768.jpg 768w\" sizes=\"(max-width: 80px) 100vw, 80px\" \/><\/a><\/div><div class=\"av-magazine-content-wrap\"><header class=\"entry-content-header\" aria-label=\"Articles : Genesal Energy con\u00e7oit des groupes \u00e9lectrog\u00e8nes sur mesure pour les grandes surfaces\"><time class='av-magazine-time updated'  itemprop=\"datePublished\" datetime=\"2025-11-19T08:48:16+00:00\" >19 novembre 2025<\/time><h3 class='av-magazine-title entry-title '  itemprop=\"headline\" ><a href='https:\/\/genesalenergy.com\/fr\/applications\/genesal-energy-concoit-des-groupes-electrogenes-sur-mesure-pour-les-grandes-surfaces\/' title='Lier vers : Genesal Energy con\u00e7oit des groupes \u00e9lectrog\u00e8nes sur mesure pour les grandes surfaces'>Genesal Energy con\u00e7oit des groupes \u00e9lectrog\u00e8nes sur mesure pour les grandes surfaces<\/a><\/h3><\/header><\/div><footer class=\"entry-footer\"><\/footer><\/article><article class='av-magazine-entry av-magazine-entry-id-49864 av-magazine-format-standard av-magazine-type-post av-magazine-entry-5 av-magazine-entry-small '  itemscope=\"itemscope\" itemtype=\"https:\/\/schema.org\/CreativeWork\" ><div class=\"av-magazine-thumbnail\"><a href='https:\/\/genesalenergy.com\/fr\/applications\/energie-sur-mesure-pour-un-centre-commercial-en-allemagne\/' title='Lier vers : \u00c9nergie sur mesure pour un centre commercial en Allemagne' class='av-magazine-thumbnail-link'><img decoding=\"async\" fetchpriority=\"high\" width=\"80\" height=\"80\" src=\"https:\/\/genesalenergy.com\/fr\/wp-content\/uploads\/sites\/4\/2025\/10\/genesal-9817-alemania-centro-comercial.jpg\" class=\"wp-image-49865 avia-img-lazy-loading-not-49865 attachment-thumbnail size-thumbnail wp-post-image\" alt=\"\" srcset=\"https:\/\/genesalenergy.com\/fr\/wp-content\/uploads\/sites\/4\/2025\/10\/genesal-9817-alemania-centro-comercial.jpg 1500w, https:\/\/genesalenergy.com\/fr\/wp-content\/uploads\/sites\/4\/2025\/10\/genesal-9817-alemania-centro-comercial-768x768.jpg 768w\" sizes=\"(max-width: 80px) 100vw, 80px\" \/><\/a><\/div><div class=\"av-magazine-content-wrap\"><header class=\"entry-content-header\" aria-label=\"Articles : \u00c9nergie sur mesure pour un centre commercial en Allemagne\"><time class='av-magazine-time updated'  itemprop=\"datePublished\" datetime=\"2025-10-21T07:59:05+00:00\" >21 octobre 2025<\/time><h3 class='av-magazine-title entry-title '  itemprop=\"headline\" ><a href='https:\/\/genesalenergy.com\/fr\/applications\/energie-sur-mesure-pour-un-centre-commercial-en-allemagne\/' title='Lier vers : \u00c9nergie sur mesure pour un centre commercial en Allemagne'>\u00c9nergie sur mesure pour un centre commercial en Allemagne<\/a><\/h3><\/header><\/div><footer class=\"entry-footer\"><\/footer><\/article><article class='av-magazine-entry av-magazine-entry-id-49869 av-magazine-format-standard av-magazine-type-post av-magazine-entry-6 av-magazine-entry-small '  itemscope=\"itemscope\" itemtype=\"https:\/\/schema.org\/CreativeWork\" ><div class=\"av-magazine-thumbnail\"><a href='https:\/\/genesalenergy.com\/fr\/applications\/alimentation-de-secours-dans-les-environnements-hospitaliers-critiques-nous-avons-concu-une-solution-durgence-sur-mesure-pour-un-centre-de-protontherapie\/' title='Lier vers : Alimentation de secours dans les environnements hospitaliers critiques : nous avons con\u00e7u une solution d\u2019urgence sur mesure pour un centre de protonth\u00e9rapie' class='av-magazine-thumbnail-link'><img decoding=\"async\" fetchpriority=\"high\" width=\"80\" height=\"80\" src=\"https:\/\/genesalenergy.com\/fr\/wp-content\/uploads\/sites\/4\/2025\/10\/genesal-10052-espana-hospital.jpg\" class=\"wp-image-49870 avia-img-lazy-loading-not-49870 attachment-thumbnail size-thumbnail wp-post-image\" alt=\"\" srcset=\"https:\/\/genesalenergy.com\/fr\/wp-content\/uploads\/sites\/4\/2025\/10\/genesal-10052-espana-hospital.jpg 1500w, https:\/\/genesalenergy.com\/fr\/wp-content\/uploads\/sites\/4\/2025\/10\/genesal-10052-espana-hospital-768x768.jpg 768w\" sizes=\"(max-width: 80px) 100vw, 80px\" \/><\/a><\/div><div class=\"av-magazine-content-wrap\"><header class=\"entry-content-header\" aria-label=\"Articles : Alimentation de secours dans les environnements hospitaliers critiques : nous avons con\u00e7u une solution d\u2019urgence sur mesure pour un centre de protonth\u00e9rapie\"><time class='av-magazine-time updated'  itemprop=\"datePublished\" datetime=\"2025-10-21T07:50:21+00:00\" >21 octobre 2025<\/time><h3 class='av-magazine-title entry-title '  itemprop=\"headline\" ><a href='https:\/\/genesalenergy.com\/fr\/applications\/alimentation-de-secours-dans-les-environnements-hospitaliers-critiques-nous-avons-concu-une-solution-durgence-sur-mesure-pour-un-centre-de-protontherapie\/' title='Lier vers : Alimentation de secours dans les environnements hospitaliers critiques : nous avons con\u00e7u une solution d\u2019urgence sur mesure pour un centre de protonth\u00e9rapie'>Alimentation de secours dans les environnements hospitaliers critiques : nous avons con\u00e7u une solution d\u2019urgence sur mesure pour un centre de protonth\u00e9rapie<\/a><\/h3><\/header><\/div><footer class=\"entry-footer\"><\/footer><\/article><\/div><\/div><\/p><\/div><\/div><\/div><\/main><!-- close content main element --><\/div><\/div><div id='after_section_1'  class='main_color av_default_container_wrap container_wrap sidebar_right'  ><div class='container av-section-cont-open' ><div class='template-page content  av-content-small alpha units'><div class='post-entry post-entry-type-page post-entry-34795'><div class='entry-content-wrapper clearfix'>\n","protected":false},"excerpt":{"rendered":"","protected":false},"author":1,"featured_media":0,"parent":0,"menu_order":0,"comment_status":"open","ping_status":"open","template":"","meta":{"_acf_changed":false,"footnotes":""},"class_list":["post-34795","page","type-page","status-publish","hentry"],"acf":[],"_links":{"self":[{"href":"https:\/\/genesalenergy.com\/fr\/wp-json\/wp\/v2\/pages\/34795","targetHints":{"allow":["GET"]}}],"collection":[{"href":"https:\/\/genesalenergy.com\/fr\/wp-json\/wp\/v2\/pages"}],"about":[{"href":"https:\/\/genesalenergy.com\/fr\/wp-json\/wp\/v2\/types\/page"}],"author":[{"embeddable":true,"href":"https:\/\/genesalenergy.com\/fr\/wp-json\/wp\/v2\/users\/1"}],"replies":[{"embeddable":true,"href":"https:\/\/genesalenergy.com\/fr\/wp-json\/wp\/v2\/comments?post=34795"}],"version-history":[{"count":0,"href":"https:\/\/genesalenergy.com\/fr\/wp-json\/wp\/v2\/pages\/34795\/revisions"}],"wp:attachment":[{"href":"https:\/\/genesalenergy.com\/fr\/wp-json\/wp\/v2\/media?parent=34795"}],"curies":[{"name":"wp","href":"https:\/\/api.w.org\/{rel}","templated":true}]}}