{"id":52293,"date":"2025-06-03T12:37:14","date_gmt":"2025-06-03T10:37:14","guid":{"rendered":"https:\/\/genesalenergy.com\/en\/?page_id=52293"},"modified":"2025-06-05T17:50:49","modified_gmt":"2025-06-05T15:50:49","slug":"the-perfect-machine-custom","status":"publish","type":"page","link":"https:\/\/genesalenergy.com\/en\/the-perfect-machine-custom\/","title":{"rendered":"The law of the fittest"},"content":{"rendered":"<div id='av_section_1'  class='avia-section av-lto8puqv-c241b98fafd4385b713885c1f31f0d04 main_color avia-section-large avia-no-border-styling  avia-builder-el-0  el_before_av_section  avia-builder-el-first  pura-energia-landing-main animation-element dcdmadridhero ecodiseno-hero avia-bg-style-scroll av-minimum-height av-minimum-height-75 av-height-percent  container_wrap sidebar_right'   data-av_minimum_height_pc='75' data-av_min_height_opt='percent'><div class='container av-section-cont-open' ><main  role=\"main\" itemprop=\"mainContentOfPage\"  class='template-page content  av-content-small alpha units'><div class='post-entry post-entry-type-page post-entry-52293'><div class='entry-content-wrapper clearfix'>\n\n<style type=\"text\/css\" data-created_by=\"avia_inline_auto\" id=\"style-css-av-m9jo1c9v-7cc58e3bdeaa0a50a514f0ed358af8bf\">\n#top .av_textblock_section.av-m9jo1c9v-7cc58e3bdeaa0a50a514f0ed358af8bf .avia_textblock{\ncolor:#ffffff;\n}\n<\/style>\n<section  class='av_textblock_section av-m9jo1c9v-7cc58e3bdeaa0a50a514f0ed358af8bf '   itemscope=\"itemscope\" itemtype=\"https:\/\/schema.org\/CreativeWork\" ><div class='avia_textblock av_inherit_color'  itemprop=\"text\" ><h1 class=\"fade-in-one\">The law of the fittest<\/h1>\n<h2 class=\"fade-in-two\">100 % customised energy is unrivalled<\/h2>\n<\/div><\/section>\n\n<\/div><\/div><\/main><!-- close content main element --><\/div><\/div>\n<style type=\"text\/css\" data-created_by=\"avia_inline_auto\" id=\"style-css-av-m9v5rsle-fa4ddb0a6772161b51d7868dadb0b8d4\">\n.avia-section.av-m9v5rsle-fa4ddb0a6772161b51d7868dadb0b8d4{\nbackground-color:#BC053A;\nbackground-image:unset;\n}\n<\/style>\n<div id='av_section_2'  class='avia-section av-m9v5rsle-fa4ddb0a6772161b51d7868dadb0b8d4 main_color avia-section-small avia-no-border-styling  avia-builder-el-2  el_after_av_section  el_before_av_section  animation-element red-bg-main-section avia-bg-style-scroll container_wrap sidebar_right'  ><div class='container av-section-cont-open' ><div class='template-page content  av-content-small alpha units'><div class='post-entry post-entry-type-page post-entry-52293'><div class='entry-content-wrapper clearfix'>\n<section  class='av_textblock_section av-m9v5ta52-334942c4e1f1555c5256f655bef2bea5 '   itemscope=\"itemscope\" itemtype=\"https:\/\/schema.org\/CreativeWork\" ><div class='avia_textblock'  itemprop=\"text\" ><p class=\"ecodiseno-intro fade-in-one\">Your project is guaranteed to survive with generator sets that are perfectly adapted to the requirements and conditions of each environment. Tailor-made engineering, top brand components, a wide range of options: everything to ensure that your energy is always the most reliable and efficient.<\/p>\n<\/div><\/section>\n\n<\/div><\/div><\/div><!-- close content main div --><\/div><\/div><div id='av_section_3'  class='avia-section av-l0talu-fb9bffe1b66d41dbc564b648cc6c80aa main_color avia-section-default avia-no-border-styling  avia-builder-el-4  el_after_av_section  el_before_av_section  animation-element avia-bg-style-scroll container_wrap sidebar_right'  ><div class='container av-section-cont-open' ><div class='template-page content  av-content-small alpha units'><div class='post-entry post-entry-type-page post-entry-52293'><div class='entry-content-wrapper clearfix'>\n<section  class='av_textblock_section av-m9jqegen-3ea3db70d3dc2c9c4028c6dc19ac697c '   itemscope=\"itemscope\" itemtype=\"https:\/\/schema.org\/CreativeWork\" ><div class='avia_textblock'  itemprop=\"text\" ><h3 class=\"fade-in-one dektop-paragraph-medium-s big-fillet-prev\">DESIGN AND MANUFACTURE<\/h3>\n<p class=\"fade-in-one dektop-tittles-s\">Our extensive customisation process<\/p>\n<p class=\"fade-in-two desktop-paragraph-regular-m\">Each generator set is customised, following a rigorous production process that guarantees solutions adapted to each need:<\/p>\n<div class=\"gen-three-cols fade-in-three\">\n<div class=\"gen-three-cols-item\">\n<p><img decoding=\"async\" class=\"\" src=\"\/wp-content\/uploads\/2025\/05\/genesal-energy-personalizadosimg-0.jpg\" \/><\/p>\n<div class=\"\">\n<div class=\"big-fillet-prev desktop-subtittles-m\">Requirements\u2019 analysis<\/div>\n<div class=\"desktop-paragraph-regular-m\">We start with an active listening process to precisely define the technical and operational objectives of the project.<\/div>\n<\/div>\n<\/div>\n<div class=\"gen-three-cols-item\">\n<p><img decoding=\"async\" class=\"\" src=\"https:\/\/genesalenergy.com\/wp-content\/uploads\/2025\/06\/ingenieria-genesal-energy-personalizados.jpg\" \/><\/p>\n<div class=\"\">\n<div class=\"big-fillet-prev desktop-subtittles-m\">Tailor-made engineering<\/div>\n<div class=\"desktop-paragraph-regular-m\">Elaboramos un dise\u00f1o personalizado, tanto en el \u00e1mbito el\u00e9ctricocomo en el mec\u00e1nico, alineado con las especificaciones recopiladas.<\/div>\n<\/div>\n<\/div>\n<div class=\"gen-three-cols-item\">\n<p><img decoding=\"async\" class=\"\" src=\"\/wp-content\/uploads\/2025\/05\/genesal-energy-personalizadosimg-2.jpg\" \/><\/p>\n<div class=\"\">\n<div class=\"big-fillet-prev desktop-subtittles-m\">Component selection<\/div>\n<div class=\"desktop-paragraph-regular-m\">We choose high quality materials and elements, suitable for the conditions and particularities of the application environment.<\/div>\n<\/div>\n<\/div>\n<div class=\"gen-three-cols-item\">\n<p><img decoding=\"async\" class=\"\" src=\"\/wp-content\/uploads\/2025\/05\/genesal-energy-personalizadosimg-3.jpg\" \/><\/p>\n<div class=\"\">\n<div class=\"big-fillet-prev desktop-subtittles-m\">In-house production<\/div>\n<div class=\"desktop-paragraph-regular-m\">We manufacture several of the key elements of the equipment in-house, with total control over quality and finish.<\/div>\n<\/div>\n<\/div>\n<div class=\"gen-three-cols-item\">\n<p><img decoding=\"async\" class=\"\" src=\"\/wp-content\/uploads\/2025\/05\/genesal-energy-personalizadosimg-4.jpg\" \/><\/p>\n<div class=\"\">\n<div class=\"big-fillet-prev desktop-subtittles-m\">Validation test<\/div>\n<div class=\"desktop-paragraph-regular-m\">We carry out individual tests and exhaustive operational checks, guaranteeing the performance and safety of each unit before delivery.<\/div>\n<\/div>\n<\/div>\n<div class=\"gen-three-cols-item\">\n<p><img decoding=\"async\" class=\"\" src=\"\/wp-content\/uploads\/2025\/05\/genesal-energy-personalizadosimg-5.jpg\" \/><\/p>\n<div class=\"gen-three-cols-item-caption\">\n<div class=\"big-fillet-prev desktop-subtittles-m\">Final assembly<\/div>\n<div class=\"desktop-paragraph-regular-m\">We integrate all systems and configurations according to the intended use, adapting to the space, type of installation and technical requirements.<\/div>\n<\/div>\n<\/div>\n<\/div>\n<\/div><\/section>\n\n<\/div><\/div><\/div><!-- close content main div --><\/div><\/div><div id='av_section_4'  class='avia-section av-mbet7881-3410a1df141ba8692c2bb4e582b0eacd main_color avia-section-default avia-no-border-styling  avia-builder-el-6  el_after_av_section  el_before_av_section  animation-element avia-bg-style-scroll container_wrap sidebar_right'  ><div class='container av-section-cont-open' ><div class='template-page content  av-content-small alpha units'><div class='post-entry post-entry-type-page post-entry-52293'><div class='entry-content-wrapper clearfix'>\n<section  class='av_textblock_section av-mbet8f70-01fc1c17b96c12fbfc6300084fb432da '   itemscope=\"itemscope\" itemtype=\"https:\/\/schema.org\/CreativeWork\" ><div class='avia_textblock animation-element'  itemprop=\"text\" ><h3 class=\"fade-in-one dektop-paragraph-medium-s big-fillet-prev\">SPECIAL FEATURES<\/h3>\n<p class=\"fade-in-two dektop-tittles-s\">Solutions for every environment<\/p>\n<p class=\"fade-in-three desktop-paragraph-regular-m\">We offer various customisation options for different sectors and industries.<\/p>\n<\/div><\/section>\n\n\n\n<\/div><\/div><\/div><!-- close content main div --><\/div><\/div><div id='av_section_5'  class='avia-section av-mbewz79d-a9579cac3888f5d6dba0920b4b2a8345 main_color avia-section-large avia-no-border-styling  avia-builder-el-10  el_after_av_section  el_before_av_section  animation-element red-bg-section turn-to-red avia-bg-style-scroll container_wrap sidebar_right'  ><div class='container av-section-cont-open' ><div class='template-page content  av-content-small alpha units'><div class='post-entry post-entry-type-page post-entry-52293'><div class='entry-content-wrapper clearfix'>\n<section  class='av_textblock_section av-mbewznu9-1c26eac6aff51d34fd36d69517ad97ff '   itemscope=\"itemscope\" itemtype=\"https:\/\/schema.org\/CreativeWork\" ><div class='avia_textblock animation-element av_inherit_color'  itemprop=\"text\" ><h3 class=\"fade-in-one dektop-paragraph-medium-s big-fillet-prev centered-text\">ENGINES AND POWER<\/h3>\n<p class=\"fade-in-two dektop-tittles-s centered-text\">The most outstanding on the market<\/p>\n<p class=\"fade-in-three desktop-paragraph-regular-m centered-text\">We work with engines from leading brands in a wide range of power ratings to guarantee the performance required for each project.<\/p>\n<div class=\"grid-de-locos\">\n<div class=\"grid-de-locos-item fade-in-four\">MTU.<\/div>\n<div class=\"grid-de-locos-item fade-in-four\">DOOSAN.<\/div>\n<div class=\"grid-de-locos-item fade-in-four\">SCANIA.<\/div>\n<div class=\"grid-de-locos-item fade-in-four\">VOLVO.<\/div>\n<div class=\"grid-de-locos-item fade-in-four\">REHLKO.<\/div>\n<div class=\"grid-de-locos-item fade-in-six\">FPT.<\/div>\n<div class=\"grid-de-locos-item fade-in-six\">CUMMINS.<\/div>\n<div class=\"grid-de-locos-item fade-in-six\">PERKINS.<\/div>\n<div class=\"grid-de-locos-item fade-in-six\">MITSUBISHI.<\/div>\n<div class=\"grid-de-locos-item fade-in-six\">DEUTZ.<\/div>\n<div class=\"grid-de-locos-item fade-in-eight\">JOHN DEERE.<\/div>\n<div class=\"grid-de-locos-item fade-in-eight\">BAUDOUIN.<\/div>\n<\/div>\n<\/div><\/section>\n\n<\/div><\/div><\/div><!-- close content main div --><\/div><\/div><div id='av_section_6'  class='avia-section av-orb4h4-1c16846baa349be9e1ecee5302378409 main_color avia-section-default avia-no-border-styling  avia-builder-el-12  el_after_av_section  el_before_av_section  avia-bg-style-scroll container_wrap sidebar_right'  ><div class='container av-section-cont-open' ><div class='template-page content  av-content-small alpha units'><div class='post-entry post-entry-type-page post-entry-52293'><div class='entry-content-wrapper clearfix'>\n<section  class='av_textblock_section av-mbexzzv3-038dcf2eb53d6553cd9b68fdd1e0fbfb '   itemscope=\"itemscope\" itemtype=\"https:\/\/schema.org\/CreativeWork\" ><div class='avia_textblock animation-element'  itemprop=\"text\" ><h3 class=\"fade-in-one dektop-paragraph-medium-s big-fillet-prev\">INNOVATION AND SUSTAINABILITY<\/h3>\n<p class=\"fade-in-two dektop-tittles-s\">Energy that adapts. Energy that evolves.<\/p>\n<p class=\"fade-in-three desktop-paragraph-regular-m\">Genesal Energy takes customisation beyond just design: it is a way of rethinking energy to make it more efficient, intelligent and responsible with its environment. From R&amp;D to final validation, we integrate sustainability criteria throughout the process.<\/p>\n<div class=\"gen-three-cols fade-in-four\">\n<div class=\"gen-three-cols-item\">\n<p><img loading=\"lazy\" decoding=\"async\" class=\"gen-icon-72\" src=\"https:\/\/genesalenergy.com\/wp-content\/uploads\/2025\/06\/ico-content-56px-09.svg\" alt=\"\" width=\"73\" height=\"73\" \/><\/p>\n<div class=\"\">\n<div class=\"small-fillet-prev desktop-subtittles-m\">Engineering for the future<\/div>\n<div class=\"desktop-paragraph-regular-m\">We apply eco-design principles to develop energy solutions that are adapted, efficient and oriented towards the net-zero objective. Each unit is validated under demanding quality standards, taking into account the optimisation of materials and production processes.<\/div>\n<\/div>\n<\/div>\n<div class=\"gen-three-cols-item\">\n<p><img loading=\"lazy\" decoding=\"async\" class=\"gen-icon-72\" src=\"https:\/\/genesalenergy.com\/wp-content\/uploads\/2025\/06\/ico-content-56px-06.svg\" alt=\"\" width=\"65\" height=\"73\" \/><\/p>\n<div class=\"\">\n<div class=\"small-fillet-prev desktop-subtittles-m\">Responsible manufacturing<\/div>\n<div class=\"desktop-paragraph-regular-m\">Our equipment is prepared to operate with biofuels such as HVO.<\/div>\n<\/div>\n<\/div>\n<div class=\"gen-three-cols-item\">\n<p><img loading=\"lazy\" decoding=\"async\" class=\"gen-icon-72\" src=\"https:\/\/genesalenergy.com\/wp-content\/uploads\/2025\/06\/ico-content-56px-02.svg\" alt=\"\" width=\"73\" height=\"73\" \/><\/p>\n<div class=\"\">\n<div class=\"small-fillet-prev desktop-subtittles-m\">Expert support<\/div>\n<div class=\"desktop-paragraph-regular-m\">We support our customers in making key technical decisions, helping them to reduce their environmental impact and improve the operational efficiency of their facilities.<\/div>\n<\/div>\n<\/div>\n<\/div>\n<\/div><\/section>\n\n<\/div><\/div><\/div><!-- close content main div --><\/div><\/div><div id='av_section_7'  class='avia-section av-2uerkvq-679392b23118c7b58e69bf5309309545 main_color avia-section-large avia-no-border-styling  avia-builder-el-14  el_after_av_section  el_before_av_layout_row  invalid-custom-class-found animation-element avia-bg-style-scroll container_wrap sidebar_right'  ><div class='container av-section-cont-open' ><div class='template-page content  av-content-small alpha units'><div class='post-entry post-entry-type-page post-entry-52293'><div class='entry-content-wrapper clearfix'>\n<section  class='av_textblock_section av-mbeymk55-93e5820780beacfc25d3e32b8c01e83d '   itemscope=\"itemscope\" itemtype=\"https:\/\/schema.org\/CreativeWork\" ><div class='avia_textblock animation-element'  itemprop=\"text\" ><h3 class=\"fade-in-one dektop-paragraph-medium-s big-fillet-prev centered-text\" style=\"max-width: initial !important;\">COMPREHENSIVE SERVICE<\/h3>\n<p class=\"fade-in-two dektop-tittles-s centered-text\" style=\"max-width: initial !important;\">Adaptability beyond engineering<\/p>\n<p class=\"fade-in-three desktop-paragraph-regular-m centered-text\">A tailor-made generator set is not complete without support to match. That&#8217;s why we also design your customised service with advice, transport, installation, 24\/7 assistance, training, predictive and corrective maintenance, and much more.<\/p>\n<div style=\"width: 100% !important; max-width: 100% !important; display: block; margin-top: 48px !important;\"><video class=\"zoomin\" src=\"https:\/\/genesalenergy.com\/wp-content\/uploads\/2025\/06\/Genesal_procesos_cut.mp4\" autoplay=\"autoplay\" loop=\"loop\" muted=\"\" controls=\"controls\" width=\"300\" height=\"150\"><br \/>\n<\/video><\/div>\n<\/div><\/section>\n\n<style type=\"text\/css\" data-created_by=\"avia_inline_auto\" id=\"style-css-av-mbgfljph-5601caeb4bb3e6d655f2d614015685cf\">\n#top .hr.hr-invisible.av-mbgfljph-5601caeb4bb3e6d655f2d614015685cf{\nheight:96px;\n}\n<\/style>\n<div  class='hr av-mbgfljph-5601caeb4bb3e6d655f2d614015685cf hr-invisible  avia-builder-el-16  el_after_av_textblock  avia-builder-el-last  av-medium-hide av-small-hide av-mini-hide'><span class='hr-inner '><span class=\"hr-inner-style\"><\/span><\/span><\/div>\n<\/div><\/div><\/div><!-- close content main div --><\/div><\/div><div id='av-layout-grid-1'  class='av-layout-grid-container av-19hdemg-5f34f08943891c0871e7b00e9b9cea64 entry-content-wrapper main_color av-flex-cells  avia-builder-el-17  el_after_av_section  avia-builder-el-last  animation-element grid-row-not-first  container_wrap sidebar_right'  >\n\n<style type=\"text\/css\" data-created_by=\"avia_inline_auto\" id=\"style-css-av-mbf0xjg6-2c783484c09bce1a50c908abad2a817f\">\n.flex_cell.av-mbf0xjg6-2c783484c09bce1a50c908abad2a817f{\nvertical-align:top;\nbackground-color:#222222;\n}\n.responsive #top #wrap_all .flex_cell.av-mbf0xjg6-2c783484c09bce1a50c908abad2a817f{\npadding:0px 0px 0px 0px !important;\n}\n<\/style>\n<div class='flex_cell av-mbf0xjg6-2c783484c09bce1a50c908abad2a817f av-gridrow-cell av_one_half no_margin  avia-builder-el-18  el_before_av_cell_one_half  avia-builder-el-first  fifty-section-video-bg content-align-top av-zero-padding'  ><div class='flex_cell_inner'><section  class='av_textblock_section av-mbf0wvxw-c321b17a19431eb9aec29196971f88a1 '   itemscope=\"itemscope\" itemtype=\"https:\/\/schema.org\/CreativeWork\" ><div class='avia_textblock animation-element'  itemprop=\"text\" ><p class=\"fade-in-one dektop-tittles-s big-fillet-prev\">Do you want unrivalled energy?<\/p>\n<p class=\"fade-in-two desktop-paragraph-regular-m\">Contact us by filling in the form.<\/p>\n<\/div><\/section><br \/>\n<\/p>\n<\/div><\/div>\n<style type=\"text\/css\" data-created_by=\"avia_inline_auto\" id=\"style-css-av-rfvmso-2febe42b47048048fd07d7440209d059\">\n.flex_cell.av-rfvmso-2febe42b47048048fd07d7440209d059{\nvertical-align:middle;\nbackground-color:#fafcf8;\n}\n.responsive #top #wrap_all .flex_cell.av-rfvmso-2febe42b47048048fd07d7440209d059{\npadding:72px 72px 72px 72px !important;\n}\n<\/style>\n<div class='flex_cell av-rfvmso-2febe42b47048048fd07d7440209d059 av-gridrow-cell av_one_half no_margin  avia-builder-el-21  el_after_av_cell_one_half  avia-builder-el-last  content-align-middle'  ><div class='flex_cell_inner'><br \/>\n<\/p>\n<\/div><\/div>\n<\/div>\n","protected":false},"excerpt":{"rendered":"","protected":false},"author":1,"featured_media":52316,"parent":0,"menu_order":0,"comment_status":"closed","ping_status":"closed","template":"","meta":{"_acf_changed":false,"footnotes":""},"class_list":["post-52293","page","type-page","status-publish","has-post-thumbnail","hentry"],"acf":[],"_links":{"self":[{"href":"https:\/\/genesalenergy.com\/en\/wp-json\/wp\/v2\/pages\/52293","targetHints":{"allow":["GET"]}}],"collection":[{"href":"https:\/\/genesalenergy.com\/en\/wp-json\/wp\/v2\/pages"}],"about":[{"href":"https:\/\/genesalenergy.com\/en\/wp-json\/wp\/v2\/types\/page"}],"author":[{"embeddable":true,"href":"https:\/\/genesalenergy.com\/en\/wp-json\/wp\/v2\/users\/1"}],"replies":[{"embeddable":true,"href":"https:\/\/genesalenergy.com\/en\/wp-json\/wp\/v2\/comments?post=52293"}],"version-history":[{"count":3,"href":"https:\/\/genesalenergy.com\/en\/wp-json\/wp\/v2\/pages\/52293\/revisions"}],"predecessor-version":[{"id":52347,"href":"https:\/\/genesalenergy.com\/en\/wp-json\/wp\/v2\/pages\/52293\/revisions\/52347"}],"wp:featuredmedia":[{"embeddable":true,"href":"https:\/\/genesalenergy.com\/en\/wp-json\/wp\/v2\/media\/52316"}],"wp:attachment":[{"href":"https:\/\/genesalenergy.com\/en\/wp-json\/wp\/v2\/media?parent=52293"}],"curies":[{"name":"wp","href":"https:\/\/api.w.org\/{rel}","templated":true}]}}