{"id":34907,"date":"2017-10-25T14:45:53","date_gmt":"2017-10-25T14:45:53","guid":{"rendered":"http:\/\/master.genesalenergy.com\/en\/contacto\/"},"modified":"2025-02-27T09:18:37","modified_gmt":"2025-02-27T08:18:37","slug":"contact","status":"publish","type":"page","link":"https:\/\/genesalenergy.com\/en\/contact\/","title":{"rendered":"Contact"},"content":{"rendered":"<div id='contacto'  class='avia-section av-jukyp10t-888121e9667f36bf8a684036a6ecaeb8 main_color avia-section-large avia-no-border-styling  avia-builder-el-0  el_before_av_google_map  avia-builder-el-first  avia-bg-style-scroll container_wrap sidebar_right'  ><div class='container av-section-cont-open' ><main  role=\"main\" itemprop=\"mainContentOfPage\"  class='template-page content  av-content-small alpha units'><div class='post-entry post-entry-type-page post-entry-34907'><div class='entry-content-wrapper clearfix'>\n<div class='flex_column_table av-yvpyqj-8c328c6ccab03df85ded6877c0a2e35c sc-av_two_fifth av-equal-height-column-flextable'>\n<style type=\"text\/css\" data-created_by=\"avia_inline_auto\" id=\"style-css-av-yvpyqj-8c328c6ccab03df85ded6877c0a2e35c\">\n.flex_column.av-yvpyqj-8c328c6ccab03df85ded6877c0a2e35c{\nborder-radius:0px 0px 0px 0px;\npadding:0px 0px 0px 0px;\n}\n<\/style>\n<div  class='flex_column av-yvpyqj-8c328c6ccab03df85ded6877c0a2e35c av_two_fifth  avia-builder-el-1  el_before_av_three_fifth  avia-builder-el-first  first flex_column_table_cell av-equal-height-column av-align-top av-zero-column-padding  '     ><section  class='av_textblock_section av-k8r88zn2-a3175872476325be2489538c1e4d348e '   itemscope=\"itemscope\" itemtype=\"https:\/\/schema.org\/CreativeWork\" ><div class='avia_textblock'  itemprop=\"text\" ><h1 class=\"titular-general\">Contact<\/h1>\n<\/div><\/section><br \/>\n\n<style type=\"text\/css\" data-created_by=\"avia_inline_auto\" id=\"style-css-av-juky5gjb-b7666cc5b074e5b48c05214356042d8c\">\n#top .hr.hr-invisible.av-juky5gjb-b7666cc5b074e5b48c05214356042d8c{\nheight:30px;\n}\n<\/style>\n<div  class='hr av-juky5gjb-b7666cc5b074e5b48c05214356042d8c hr-invisible  avia-builder-el-3  el_after_av_textblock  el_before_av_textblock '><span class='hr-inner '><span class=\"hr-inner-style\"><\/span><\/span><\/div><br \/>\n\n<style type=\"text\/css\" data-created_by=\"avia_inline_auto\" id=\"style-css-av-jukxsfkx-d9be50c1573483f50378fa14a8257900\">\n#top .av_textblock_section.av-jukxsfkx-d9be50c1573483f50378fa14a8257900 .avia_textblock{\nfont-size:15px;\n}\n<\/style>\n<section  class='av_textblock_section av-jukxsfkx-d9be50c1573483f50378fa14a8257900 '   itemscope=\"itemscope\" itemtype=\"https:\/\/schema.org\/CreativeWork\" ><div class='avia_textblock'  itemprop=\"text\" ><h4>Free Customer Service Telephone:<\/h4>\n<h3 class=\"telefono\">+34 900 730 124<\/h3>\n<h4 style=\"margin-top: 20px;\">Customer Service Email:<\/h4>\n<h3 class=\"mail-contacto\"><a href=\"mailto:consultas@genesal.com\">consultas@genesal.com<\/a><\/h3>\n<\/div><\/section><br \/>\n\n<style type=\"text\/css\" data-created_by=\"avia_inline_auto\" id=\"style-css-av-juky5gjb-4-712534f882827525f56a4125e86bf44c\">\n#top .hr.av-juky5gjb-4-712534f882827525f56a4125e86bf44c{\nmargin-top:20px;\nmargin-bottom:20px;\n}\n.hr.av-juky5gjb-4-712534f882827525f56a4125e86bf44c .hr-inner{\nwidth:100%;\nborder-color:#ededed;\n}\n<\/style>\n<div  class='hr av-juky5gjb-4-712534f882827525f56a4125e86bf44c hr-custom  avia-builder-el-5  el_after_av_textblock  el_before_av_textblock  hr-left hr-icon-no'><span class='hr-inner inner-border-av-border-thin'><span class=\"hr-inner-style\"><\/span><\/span><\/div><br \/>\n<section  class='av_textblock_section av-jzh4hy2w-5ca4a527924cec996079e681019559ac '   itemscope=\"itemscope\" itemtype=\"https:\/\/schema.org\/CreativeWork\" ><div class='avia_textblock'  itemprop=\"text\" ><h4>SPAIN | Headquarters<\/h4>\n<p>Parroquia de Rois, B28<br \/>\nPol\u00edgono Industrial de Bergondo<br \/>\n15165 Bergondo, A Coru\u00f1a<\/p>\n<p>Tel. <strong>+34 900 730 124<\/strong><br \/>\n<strong><a style=\"text-decoration: underline !important;\" href=\"mailto:consultas@genesal.com\">consultas@genesal.com<\/a><\/strong><\/p>\n<h4>M\u00c9XICO subsidiary company<\/h4>\n<p>Calle Darwin, 74, Int. 301.<br \/>\nCol. Anzures C.P. 11590.<br \/>\nMiguel Hidalgo.<br \/>\nCiudad de M\u00e9xico<br \/>\nOficina: <strong>+52 55 8975 6922<\/strong><br \/>\nCel: <strong>+52 55 8975 6921<\/strong><br \/>\nWhatsApp: <strong>+52 55 2516 4497<\/strong><br \/>\n<strong><a href=\"mailto:genesalmexico@genesal.com\">genesalmexico@genesal.com<\/a><\/strong><br \/>\n<strong><a title=\"Web Genesal Energy M\u00e9xico\" href=\"http:\/\/www.genesalenergy.mx\" target=\"_blank\" rel=\"noopener\">www.genesalenergy.mx<\/a><\/strong><\/p>\n<h4>PER\u00da subsidiary company<\/h4>\n<p>Av\/ Los Faisanes 170, Int. C<br \/>\nUrb. La Campi\u00f1a, Chorrillos<br \/>\nLima<\/p>\n<p>Cel. <strong>+51 1 4003991<\/strong><br \/>\n<strong><a style=\"text-decoration: underline !important;\" href=\"mailto:genesalperu@genesal.com\">genesalperu@genesal.com<\/a><\/strong><br \/>\n<strong><a title=\"Genesal Energy Peru Website\" href=\"http:\/\/www.genesalenergy.pe\" target=\"_blank\" rel=\"noopener\">www.genesalenergy.pe<\/a><\/strong><\/p>\n<\/div><\/section><br \/>\n\n<style type=\"text\/css\" data-created_by=\"avia_inline_auto\" id=\"style-css-av-juky5gjb-3-1eff403c284b8a4ba71b0748b2ac0030\">\n#top .hr.av-juky5gjb-3-1eff403c284b8a4ba71b0748b2ac0030{\nmargin-top:20px;\nmargin-bottom:20px;\n}\n.hr.av-juky5gjb-3-1eff403c284b8a4ba71b0748b2ac0030 .hr-inner{\nwidth:100%;\nborder-color:#ededed;\n}\n<\/style>\n<div  class='hr av-juky5gjb-3-1eff403c284b8a4ba71b0748b2ac0030 hr-custom  avia-builder-el-7  el_after_av_textblock  el_before_av_textblock  hr-left hr-icon-no'><span class='hr-inner inner-border-av-border-thin'><span class=\"hr-inner-style\"><\/span><\/span><\/div><br \/>\n<section  class='av_textblock_section av-jzh4hy2w-2-5315c93f2bc57b108a12a74ad7538a24 '   itemscope=\"itemscope\" itemtype=\"https:\/\/schema.org\/CreativeWork\" ><div class='avia_textblock'  itemprop=\"text\" ><p>Identification number as producer of\u00a0<strong>AEE 7087<\/strong>.<\/p>\n<\/div><\/section><\/p><\/div><div class='av-flex-placeholder'><\/div>\n<style type=\"text\/css\" data-created_by=\"avia_inline_auto\" id=\"style-css-av-28xfvf-75ff517ced6c9a527ca171f2f05d170f\">\n.flex_column.av-28xfvf-75ff517ced6c9a527ca171f2f05d170f{\nborder-radius:0px 0px 0px 0px;\npadding:0px 0px 0px 0px;\n}\n<\/style>\n<div  class='flex_column av-28xfvf-75ff517ced6c9a527ca171f2f05d170f av_three_fifth  avia-builder-el-9  el_after_av_two_fifth  avia-builder-el-last  flex_column_table_cell av-equal-height-column av-align-top av-zero-column-padding  '     ><\/div><\/div><!--close column table wrapper. Autoclose: 1 --><div  class='av_gmaps_sc_main_wrap av_gmaps_main_wrap '><div id='av_gmap_0' class='avia-google-map-container avia-google-map-sc av_gmaps_show_unconditionally av-no-fallback-img ' data-mapid='av_gmap_0'  style='padding-bottom: 43.75%;'><a class=\"av_gmaps_browser_disabled av_text_confirm_link av_text_confirm_link_visible\" href=\"https:\/\/www.google.com\/maps\/search\/?api=1&#038;query=Parroquia%20de%20Rois,%20B28%20Pol\u00edgono%20Industrial%20de%20Bergondo%2015165%20Bergondo,%20A%20Coru\u00f1a%20%20A%20Coru\u00f1a%20%20%20Espa\u00f1a\" target=\"_blank\" rel=\"noopener\">Maps were disabled by the visitor on this site. Click to open the map in a new window.<\/a><\/div><\/div>\n","protected":false},"excerpt":{"rendered":"","protected":false},"author":1,"featured_media":0,"parent":0,"menu_order":0,"comment_status":"open","ping_status":"open","template":"","meta":{"_acf_changed":false,"footnotes":""},"class_list":["post-34907","page","type-page","status-publish","hentry"],"acf":[],"_links":{"self":[{"href":"https:\/\/genesalenergy.com\/en\/wp-json\/wp\/v2\/pages\/34907","targetHints":{"allow":["GET"]}}],"collection":[{"href":"https:\/\/genesalenergy.com\/en\/wp-json\/wp\/v2\/pages"}],"about":[{"href":"https:\/\/genesalenergy.com\/en\/wp-json\/wp\/v2\/types\/page"}],"author":[{"embeddable":true,"href":"https:\/\/genesalenergy.com\/en\/wp-json\/wp\/v2\/users\/1"}],"replies":[{"embeddable":true,"href":"https:\/\/genesalenergy.com\/en\/wp-json\/wp\/v2\/comments?post=34907"}],"version-history":[{"count":0,"href":"https:\/\/genesalenergy.com\/en\/wp-json\/wp\/v2\/pages\/34907\/revisions"}],"wp:attachment":[{"href":"https:\/\/genesalenergy.com\/en\/wp-json\/wp\/v2\/media?parent=34907"}],"curies":[{"name":"wp","href":"https:\/\/api.w.org\/{rel}","templated":true}]}}